{"id":106398,"date":"2026-03-20T16:13:38","date_gmt":"2026-03-20T16:13:38","guid":{"rendered":"https:\/\/soydeaqui.ddns.net\/pachuca\/index.php\/producto\/cmara-de-inspeccin-fiberinspector-con-sonda-para-probar-terminaciones-de-fibra-ptica-compatible-con-fibras-individuales-o-conectores-mpo\/"},"modified":"2026-03-20T16:13:50","modified_gmt":"2026-03-20T16:13:50","slug":"cmara-de-inspeccin-fiberinspector-con-sonda-para-probar-terminaciones-de-fibra-ptica-compatible-con-fibras-individuales-o-conectores-mpo","status":"publish","type":"product","link":"https:\/\/soydeaqui.ddns.net\/pachuca\/index.php\/producto\/cmara-de-inspeccin-fiberinspector-con-sonda-para-probar-terminaciones-de-fibra-ptica-compatible-con-fibras-individuales-o-conectores-mpo\/","title":{"rendered":"C?mara de Inspecci?n FiberInspector, con Sonda Para Probar Terminaciones de Fibra ?ptica, Compatible con Fibras Individuales o Conectores MPO"},"content":{"rendered":"<div style='width: 100%; max-width: 1200px; margin: 0 auto; font-family: sans-serif; line-height: 1.6; color: inherit; background-color: transparent;'>\n<div style='display: flex; flex-wrap: wrap; gap: 30px; margin-bottom: 30px;'>\n<div style='flex: 1 1 300px; min-width: 280px;'>\n<h3 style='font-size: 22px; border-bottom: 2px solid currentColor; padding-bottom: 5px; margin-top: 0; color: inherit; opacity: 0.8;'>Descripci\u00f3n<\/h3>\n<p style='font-size: 15px; margin-bottom: 15px;'>El FiberInspector\u2122 Ultra FI-3000 es la soluci\u00f3n de inspecci\u00f3n de fibra m\u00e1s completa del sector. Es la \u00fanica c\u00e1mara de inspecci\u00f3n que admite fibras individuales y conectores MPO&comma; permite hacer la inspecci\u00f3n de forma automatizada o manual en un instante&comma; y se puede usar con el sistema de certificaci\u00f3n de cableado Versiv\u2122&comma; LinkWare\u2122 o un smartphone. Obtenga en un instante una vista del extremo de la fibra mediante la funci\u00f3n de visi\u00f3n en vivo. A continuaci\u00f3n&comma; use la sencilla interfaz con control t\u00e1ctil para ampliar cada fibra o realizar un an\u00e1lisis opcional PASA\/FALLA automatizado en pocos segundos.<\/p>\n<\/p><\/div>\n<\/p><\/div>\n<div style='display: flex; flex-wrap: wrap; gap: 20px; margin-bottom: 30px;'>\n<div style='flex: 1 1 250px; border: 1px solid rgba(150&comma; 150&comma; 150&comma; 0.4); border-radius: 8px; overflow: hidden; display: flex; flex-direction: column;'>\n<div style='padding: 15px; border-bottom: 1px solid rgba(150&comma; 150&comma; 150&comma; 0.2); font-weight: bold; font-size: 18px; color: inherit;'>Especificaciones T\u00e9cnicas<\/div>\n<div style='padding: 15px; color: inherit;'>\n<ul style='padding-left: 20px; margin: 0; font-size: 14px; list-style-type: disc;'>\n<li style='margin-bottom: 5px;'><strong>Tipos de terminaciones admitidos:<\/strong> Fibra \u00fanica y MPO: 1 x 8 (8 fibras)&comma; 1 x 12 (8&comma; 10 o 12 fibras)&comma; 1 x 16 (16 fibras)&comma; 2 x 12 (16&comma; 20 o 24 fibras)&comma; 2 x 16 (32 fibras)<\/li>\n<li style='margin-bottom: 5px;'><strong>L\u00edmites de comprobaci\u00f3n:<\/strong> IEC 61300-3-35 ED. 2 MM&comma; IEC 61300-3-35 ED. 2 SM APC&comma; Solo para documentaci\u00f3n<\/li>\n<li style='margin-bottom: 5px;'><strong>Tipo de c\u00e1mara:<\/strong> Sensor CMOS de 1\/4 pulgadas y 5 megap\u00edxeles<\/li>\n<li style='margin-bottom: 5px;'><strong>Campo de visi\u00f3n:<\/strong> 610 \u00b5m x 460 \u00b5m<\/li>\n<li style='margin-bottom: 5px;'><strong>Resoluci\u00f3n:<\/strong> 1 \u00b5m<\/li>\n<li style='margin-bottom: 5px;'><strong>Fuente de luz:<\/strong> LED&comma; >100.000 horas de duraci\u00f3n<\/li>\n<li style='margin-bottom: 5px;'><strong>Iluminaci\u00f3n de extremos:<\/strong> LED azul coaxial<\/li>\n<li style='margin-bottom: 5px;'><strong>Iluminaci\u00f3n de puertos:<\/strong> LED blanco<\/li>\n<li style='margin-bottom: 5px;'><strong>Tipo de pila:<\/strong> Ion-litio; 10&comma;8 horas de vida \u00fatil<\/li>\n<li style='margin-bottom: 5px;'><strong>Adaptador de corriente:<\/strong> Entrada: de 100 a 240 V de CA \u00b1 10 %&comma; 50\/60 Hz. Salida: 15 V CC&comma; 2 A m\u00e1ximo. Clase II<\/li>\n<li style='margin-bottom: 5px;'><strong>Transmisi\u00f3n inal\u00e1mbrica*:<\/strong> Potencia de salida: < 100 mW. Intervalos de frecuencia: 2&comma;4 GHz (de 2412 MHz a 2462 MHz)<\/li>\n<li style='margin-bottom: 5px;'><strong>Dimensiones:<\/strong> 6&comma;625&#8242; x 5&comma;375&#8242; x 2&comma;125&#8242; (168 mm x 137 mm x 54 mm) (sin tap\u00f3n antipolvo ni punta adaptadora). Longitud con el tap\u00f3n antipolvo: 7&comma;5&#8242; (191 mm)<\/li>\n<li style='margin-bottom: 5px;'><strong>Peso:<\/strong> 11&comma;5 oz (326 g) (con tap\u00f3n antipolvo y sin punta adaptadora)<\/li>\n<\/ul><\/div>\n<\/p><\/div>\n<\/p><\/div>\n<hr style='border: 0; border-top: 1px solid rgba(150&comma; 150&comma; 150&comma; 0.3); margin: 30px 0;'> <\/div>\n","protected":false},"excerpt":{"rendered":"<p>C?mara de Inspecci?n FiberInspector, con Sonda Para Probar Terminaciones de Fibra ?ptica, Compatible con Fibras Individuales o Conectores MPO<\/p>\n","protected":false},"featured_media":106397,"comment_status":"open","ping_status":"closed","template":"","meta":[],"product_brand":[],"product_cat":[636],"product_tag":[611,730,25],"class_list":{"0":"post-106398","1":"product","2":"type-product","3":"status-publish","4":"has-post-thumbnail","6":"product_cat-herramientas-fibra-optica","7":"product_tag-fibra-optica","8":"product_tag-fluke-networks","9":"product_tag-herramientas","11":"first","12":"outofstock","13":"sale","14":"shipping-taxable","15":"purchasable","16":"product-type-simple"},"_links":{"self":[{"href":"https:\/\/soydeaqui.ddns.net\/pachuca\/index.php\/wp-json\/wp\/v2\/product\/106398","targetHints":{"allow":["GET"]}}],"collection":[{"href":"https:\/\/soydeaqui.ddns.net\/pachuca\/index.php\/wp-json\/wp\/v2\/product"}],"about":[{"href":"https:\/\/soydeaqui.ddns.net\/pachuca\/index.php\/wp-json\/wp\/v2\/types\/product"}],"replies":[{"embeddable":true,"href":"https:\/\/soydeaqui.ddns.net\/pachuca\/index.php\/wp-json\/wp\/v2\/comments?post=106398"}],"wp:featuredmedia":[{"embeddable":true,"href":"https:\/\/soydeaqui.ddns.net\/pachuca\/index.php\/wp-json\/wp\/v2\/media\/106397"}],"wp:attachment":[{"href":"https:\/\/soydeaqui.ddns.net\/pachuca\/index.php\/wp-json\/wp\/v2\/media?parent=106398"}],"wp:term":[{"taxonomy":"product_brand","embeddable":true,"href":"https:\/\/soydeaqui.ddns.net\/pachuca\/index.php\/wp-json\/wp\/v2\/product_brand?post=106398"},{"taxonomy":"product_cat","embeddable":true,"href":"https:\/\/soydeaqui.ddns.net\/pachuca\/index.php\/wp-json\/wp\/v2\/product_cat?post=106398"},{"taxonomy":"product_tag","embeddable":true,"href":"https:\/\/soydeaqui.ddns.net\/pachuca\/index.php\/wp-json\/wp\/v2\/product_tag?post=106398"}],"curies":[{"name":"wp","href":"https:\/\/api.w.org\/{rel}","templated":true}]}}