{"id":106392,"date":"2026-03-20T16:13:19","date_gmt":"2026-03-20T16:13:19","guid":{"rendered":"https:\/\/soydeaqui.ddns.net\/pachuca\/index.php\/producto\/herramienta-crimpadora-de-impacto-d914s-con-cuchilla-herramienta-de-impacto-d914s-con-dos-cuchillas-eversharp-110-66\/"},"modified":"2026-03-20T16:13:33","modified_gmt":"2026-03-20T16:13:33","slug":"herramienta-crimpadora-de-impacto-d914s-con-cuchilla-herramienta-de-impacto-d914s-con-dos-cuchillas-eversharp-110-66","status":"publish","type":"product","link":"https:\/\/soydeaqui.ddns.net\/pachuca\/index.php\/producto\/herramienta-crimpadora-de-impacto-d914s-con-cuchilla-herramienta-de-impacto-d914s-con-dos-cuchillas-eversharp-110-66\/","title":{"rendered":"Herramienta Crimpadora de Impacto D914S, Con Cuchilla Herramienta de Impacto D914S, Con Dos Cuchillas Eversharp 110\/66"},"content":{"rendered":"<div style='width: 100%; max-width: 1200px; margin: 0 auto; font-family: sans-serif; line-height: 1.6; color: inherit; background-color: transparent;'>\n<div style='display: flex; flex-wrap: wrap; gap: 30px; margin-bottom: 30px;'>\n<div style='flex: 1 1 300px; min-width: 280px;'>\n<h3 style='font-size: 22px; border-bottom: 2px solid currentColor; padding-bottom: 5px; margin-top: 0; color: inherit; opacity: 0.8;'>Descripci\u00f3n<\/h3>\n<p style='font-size: 15px; color: inherit; margin-bottom: 15px;'>Las herramientas crimpadoras de impacto de la serie D914\u2122 proporcionan las terminaciones de la calidad desde el inicio&comma; de tal manera que ayuda a alcanzar el nivel de calidad m\u00e1s alto posible en las instalaciones de la red. Son las \u00fanicas herramientas crimpadoras de impacto que combinan la torsi\u00f3n y el impacto en una sola herramienta.<\/p>\n<p style='font-size: 15px; color: inherit; margin-bottom: 15px;'>El modelo de la herramienta crimpadora de impacto D914S incluye todas estas fant\u00e1sticas caracter\u00edsticas adem\u00e1s de una manija con un dise\u00f1o ergon\u00f3mico fabricada de una goma especial para reducir el retroceso del impacto y la fatiga de la mano.<\/p>\n<p style='font-size: 15px; color: inherit; margin-bottom: 15px;'>Las vers\u00e1tiles herramientas de impacto de la serie D914\u2122 incluyen una herramienta probe pic\/perforador y capacidad de torsi\u00f3n integradas.<\/p>\n<\/p><\/div>\n<\/p><\/div>\n<div style='display: flex; flex-wrap: wrap; gap: 20px; margin-bottom: 30px;'>\n<div style='flex: 1 1 250px; border: 1px solid rgba(150&comma; 150&comma; 150&comma; 0.4); border-radius: 8px; overflow: hidden; display: flex; flex-direction: column;'>\n<div style='padding: 15px; border-bottom: 1px solid rgba(150&comma; 150&comma; 150&comma; 0.2); font-weight: bold; font-size: 18px; color: inherit;'>Caracter\u00edsticas<\/div>\n<div style='padding: 15px; color: inherit;'>\n<ul style='padding-left: 20px; margin: 0; font-size: 14px; list-style-type: disc;'>\n<li style='margin-bottom: 5px;'>Est\u00e1ndar industrial&comma; aceptado internacionalmente<\/li>\n<li style='margin-bottom: 5px;'>Las herramientas gancho y perforador est\u00e1n incorporadas a la manija<\/li>\n<li style='margin-bottom: 5px;'>Manija autom\u00e1tica de resorte: elija el impacto bajo para alambres de calibre 24\/26 o impacto alto para alambres de calibre 22<\/li>\n<li style='margin-bottom: 5px;'>Las herramientas crimpadoras de impacto D914 y D914S admiten un destornillador Philips o de cabeza plana<\/li>\n<li style='margin-bottom: 5px;'>C\u00f3modo almacenamiento de cuchillas integrado en el mango<\/li>\n<li style='margin-bottom: 5px;'>La cuchilla del adaptador permite que el t\u00e9cnico utilice una variedad de puntas y llaves para la herramienta de torsi\u00f3n<\/li>\n<li style='margin-bottom: 5px;'>Inserci\u00f3n f\u00e1cil de la cuchilla&comma; se sujeta en su lugar<\/li>\n<\/ul><\/div>\n<\/p><\/div>\n<\/p><\/div>\n<hr style='border: 0; border-top: 1px solid rgba(150&comma; 150&comma; 150&comma; 0.3); margin: 30px 0;'> <\/div>\n","protected":false},"excerpt":{"rendered":"<p>Herramienta Crimpadora de Impacto D914S, Con Cuchilla Herramienta de Impacto D914S, Con Dos Cuchillas Eversharp 110\/66<\/p>\n","protected":false},"featured_media":106391,"comment_status":"open","ping_status":"closed","template":"","meta":[],"product_brand":[],"product_cat":[608],"product_tag":[586,730,25],"class_list":{"0":"post-106392","1":"product","2":"type-product","3":"status-publish","4":"has-post-thumbnail","6":"product_cat-herramientas-cableado-de-cobre","7":"product_tag-cableado-de-cobre","8":"product_tag-fluke-networks","9":"product_tag-herramientas","11":"first","12":"instock","13":"sale","14":"shipping-taxable","15":"purchasable","16":"product-type-simple"},"_links":{"self":[{"href":"https:\/\/soydeaqui.ddns.net\/pachuca\/index.php\/wp-json\/wp\/v2\/product\/106392","targetHints":{"allow":["GET"]}}],"collection":[{"href":"https:\/\/soydeaqui.ddns.net\/pachuca\/index.php\/wp-json\/wp\/v2\/product"}],"about":[{"href":"https:\/\/soydeaqui.ddns.net\/pachuca\/index.php\/wp-json\/wp\/v2\/types\/product"}],"replies":[{"embeddable":true,"href":"https:\/\/soydeaqui.ddns.net\/pachuca\/index.php\/wp-json\/wp\/v2\/comments?post=106392"}],"wp:featuredmedia":[{"embeddable":true,"href":"https:\/\/soydeaqui.ddns.net\/pachuca\/index.php\/wp-json\/wp\/v2\/media\/106391"}],"wp:attachment":[{"href":"https:\/\/soydeaqui.ddns.net\/pachuca\/index.php\/wp-json\/wp\/v2\/media?parent=106392"}],"wp:term":[{"taxonomy":"product_brand","embeddable":true,"href":"https:\/\/soydeaqui.ddns.net\/pachuca\/index.php\/wp-json\/wp\/v2\/product_brand?post=106392"},{"taxonomy":"product_cat","embeddable":true,"href":"https:\/\/soydeaqui.ddns.net\/pachuca\/index.php\/wp-json\/wp\/v2\/product_cat?post=106392"},{"taxonomy":"product_tag","embeddable":true,"href":"https:\/\/soydeaqui.ddns.net\/pachuca\/index.php\/wp-json\/wp\/v2\/product_tag?post=106392"}],"curies":[{"name":"wp","href":"https:\/\/api.w.org\/{rel}","templated":true}]}}