{"id":106380,"date":"2026-03-20T16:12:45","date_gmt":"2026-03-20T16:12:45","guid":{"rendered":"https:\/\/soydeaqui.ddns.net\/pachuca\/index.php\/producto\/kit-avanzado-de-limpieza-de-fibra-ptica-para-2150-procesos-de-limpieza\/"},"modified":"2026-03-20T16:13:00","modified_gmt":"2026-03-20T16:13:00","slug":"kit-avanzado-de-limpieza-de-fibra-ptica-para-2150-procesos-de-limpieza","status":"publish","type":"product","link":"https:\/\/soydeaqui.ddns.net\/pachuca\/index.php\/producto\/kit-avanzado-de-limpieza-de-fibra-ptica-para-2150-procesos-de-limpieza\/","title":{"rendered":"Kit Avanzado de Limpieza de Fibra ?ptica, Para 2150 Procesos de Limpieza"},"content":{"rendered":"<div style='width: 100%; max-width: 1200px; margin: 0 auto; font-family: sans-serif; line-height: 1.6; color: inherit; background-color: transparent;'> <!-- Descripci\u00f3n general --> <\/p>\n<div style='margin-bottom: 30px; font-size: 15px; color: inherit;'>\n<p style='margin-bottom: 15px;'>Gracias a los limpiadores QuickClean\u2122 de Fluke Networks&comma; ser\u00e1 mucho m\u00e1s f\u00e1cil eliminar los contaminantes da\u00f1inos de una amplia variedad de tipos de conectores. Incluso los t\u00e9cnicos de campo y los instaladores de fibra sin formaci\u00f3n podr\u00e1n llevar a cabo una inserci\u00f3n y un movimiento de presi\u00f3n sencillos para eliminar los residuos&comma; la suciedad y el polvo que pueden afectar negativamente al rendimiento de la red.<\/p>\n<p style='margin-bottom: 15px;'>Estos limpiadores son los complementos ideales para los l\u00e1pices disolventes de fibra \u00f3ptica&comma; los cubos de limpieza y los kits de limpieza para todos los entornos de fibra de Fluke Networks.<\/p>\n<p style='margin-bottom: 15px;'><strong>Kit mejorado de limpieza de fibra \u00f3ptica incluye:<\/strong><\/p>\n<ul style='padding-left: 20px; margin-bottom: 15px; font-size: 15px; color: inherit;'>\n<li style='margin-bottom: 5px;'>Limpiador Quick Clean de 1.25 mm<\/li>\n<li style='margin-bottom: 5px;'>Limpiador Quick Clean de 2.5 mm<\/li>\n<li style='margin-bottom: 5px;'>Limpiador Quick Clean MPO<\/li>\n<li style='margin-bottom: 5px;'>L\u00e1piz disolvente<\/li>\n<li style='margin-bottom: 5px;'>Cubo de limpieza<\/li>\n<li style='margin-bottom: 5px;'>Estuche blando<\/li>\n<\/ul><\/div>\n<p> <!-- Tabla de compatibilidad --> <\/p>\n<div style='overflow-x: auto; margin-bottom: 30px; border: 1px solid rgba(150&comma;150&comma;150&comma;0.3); border-radius: 8px;'>\n<table style='width: 100%; border-collapse: collapse; color: inherit;'>\n<thead>\n<tr style='background-color: #a7a9ac; color: #ffffff;'>\n<th style='padding: 15px 10px; text-align: left; font-size: 16px; min-width: 120px;'>Tipo de conector<\/th>\n<th style='padding: 15px 10px; text-align: center; font-size: 16px; min-width: 120px;'>QuickClean-1.25<\/th>\n<th style='padding: 15px 10px; text-align: center; font-size: 16px; min-width: 120px;'>QuickClean-2.5<\/th>\n<th style='padding: 15px 10px; text-align: center; font-size: 16px; min-width: 120px;'>QuickClean-MPO<\/th>\n<th style='padding: 15px 10px; text-align: center; font-size: 16px; min-width: 120px;'>NFC-KIT-CASE-E<\/th>\n<th style='padding: 15px 10px; text-align: center; font-size: 16px; min-width: 120px;'>NFC-KIT-CASE*<\/th>\n<th style='padding: 15px 10px; text-align: center; font-size: 16px; min-width: 120px;'>NFC-KIT-BOX**<\/th>\n<\/tr>\n<\/thead>\n<tbody>\n<tr style='background-color: transparent;'>\n<td style='padding: 10px; text-align: center; border-top: 1px solid rgba(150&comma;150&comma;150&comma;0.2);'>SC<\/td>\n<td style='padding: 10px; text-align: center; border-top: 1px solid rgba(150&comma;150&comma;150&comma;0.2);'> <\/td>\n<td style='padding: 10px; text-align: center; border-top: 1px solid rgba(150&comma;150&comma;150&comma;0.2);'>\u2713<\/td>\n<td style='padding: 10px; text-align: center; border-top: 1px solid rgba(150&comma;150&comma;150&comma;0.2);'> <\/td>\n<td style='padding: 10px; text-align: center; border-top: 1px solid rgba(150&comma;150&comma;150&comma;0.2);'>\u2713<\/td>\n<td style='padding: 10px; text-align: center; border-top: 1px solid rgba(150&comma;150&comma;150&comma;0.2);'>\u2713<\/td>\n<td style='padding: 10px; text-align: center; border-top: 1px solid rgba(150&comma;150&comma;150&comma;0.2);'>\u2713<\/td>\n<\/tr>\n<tr style='background-color: #dee0e3; color: inherit;'>\n<td style='padding: 10px; text-align: center; border-top: 1px solid rgba(150&comma;150&comma;150&comma;0.2);'>ST<\/td>\n<td style='padding: 10px; text-align: center; border-top: 1px solid rgba(150&comma;150&comma;150&comma;0.2);'> <\/td>\n<td style='padding: 10px; text-align: center; border-top: 1px solid rgba(150&comma;150&comma;150&comma;0.2);'>\u2713<\/td>\n<td style='padding: 10px; text-align: center; border-top: 1px solid rgba(150&comma;150&comma;150&comma;0.2);'> <\/td>\n<td style='padding: 10px; text-align: center; border-top: 1px solid rgba(150&comma;150&comma;150&comma;0.2);'>\u2713<\/td>\n<td style='padding: 10px; text-align: center; border-top: 1px solid rgba(150&comma;150&comma;150&comma;0.2);'>\u2713<\/td>\n<td style='padding: 10px; text-align: center; border-top: 1px solid rgba(150&comma;150&comma;150&comma;0.2);'>\u2713<\/td>\n<\/tr>\n<tr>\n<td style='padding: 10px; text-align: center; border-top: 1px solid rgba(150&comma;150&comma;150&comma;0.2);'>FC<\/td>\n<td style='padding: 10px; text-align: center; border-top: 1px solid rgba(150&comma;150&comma;150&comma;0.2);'> <\/td>\n<td style='padding: 10px; text-align: center; border-top: 1px solid rgba(150&comma;150&comma;150&comma;0.2);'>\u2713<\/td>\n<td style='padding: 10px; text-align: center; border-top: 1px solid rgba(150&comma;150&comma;150&comma;0.2);'> <\/td>\n<td style='padding: 10px; text-align: center; border-top: 1px solid rgba(150&comma;150&comma;150&comma;0.2);'>\u2713<\/td>\n<td style='padding: 10px; text-align: center; border-top: 1px solid rgba(150&comma;150&comma;150&comma;0.2);'>\u2713<\/td>\n<td style='padding: 10px; text-align: center; border-top: 1px solid rgba(150&comma;150&comma;150&comma;0.2);'>\u2713<\/td>\n<\/tr>\n<tr style='background-color: #dee0e3; color: inherit;'>\n<td style='padding: 10px; text-align: center; border-top: 1px solid rgba(150&comma;150&comma;150&comma;0.2);'>LC<\/td>\n<td style='padding: 10px; text-align: center; border-top: 1px solid rgba(150&comma;150&comma;150&comma;0.2);'>\u2713<\/td>\n<td style='padding: 10px; text-align: center; border-top: 1px solid rgba(150&comma;150&comma;150&comma;0.2);'> <\/td>\n<td style='padding: 10px; text-align: center; border-top: 1px solid rgba(150&comma;150&comma;150&comma;0.2);'> <\/td>\n<td style='padding: 10px; text-align: center; border-top: 1px solid rgba(150&comma;150&comma;150&comma;0.2);'>\u2713<\/td>\n<td style='padding: 10px; text-align: center; border-top: 1px solid rgba(150&comma;150&comma;150&comma;0.2);'>\u2713<\/td>\n<td style='padding: 10px; text-align: center; border-top: 1px solid rgba(150&comma;150&comma;150&comma;0.2);'> <\/td>\n<\/tr>\n<tr>\n<td style='padding: 10px; text-align: center; border-top: 1px solid rgba(150&comma;150&comma;150&comma;0.2);'>MU<\/td>\n<td style='padding: 10px; text-align: center; border-top: 1px solid rgba(150&comma;150&comma;150&comma;0.2);'>\u2713<\/td>\n<td style='padding: 10px; text-align: center; border-top: 1px solid rgba(150&comma;150&comma;150&comma;0.2);'> <\/td>\n<td style='padding: 10px; text-align: center; border-top: 1px solid rgba(150&comma;150&comma;150&comma;0.2);'> <\/td>\n<td style='padding: 10px; text-align: center; border-top: 1px solid rgba(150&comma;150&comma;150&comma;0.2);'>\u2713<\/td>\n<td style='padding: 10px; text-align: center; border-top: 1px solid rgba(150&comma;150&comma;150&comma;0.2);'>\u2713<\/td>\n<td style='padding: 10px; text-align: center; border-top: 1px solid rgba(150&comma;150&comma;150&comma;0.2);'> <\/td>\n<\/tr>\n<tr style='background-color: #dee0e3; color: inherit;'>\n<td style='padding: 10px; text-align: center; border-top: 1px solid rgba(150&comma;150&comma;150&comma;0.2);'>MPO\/MTP<\/td>\n<td style='padding: 10px; text-align: center; border-top: 1px solid rgba(150&comma;150&comma;150&comma;0.2);'> <\/td>\n<td style='padding: 10px; text-align: center; border-top: 1px solid rgba(150&comma;150&comma;150&comma;0.2);'> <\/td>\n<td style='padding: 10px; text-align: center; border-top: 1px solid rgba(150&comma;150&comma;150&comma;0.2);'>\u2713<\/td>\n<td style='padding: 10px; text-align: center; border-top: 1px solid rgba(150&comma;150&comma;150&comma;0.2);'>\u2713<\/td>\n<td style='padding: 10px; text-align: center; border-top: 1px solid rgba(150&comma;150&comma;150&comma;0.2);'> <\/td>\n<td style='padding: 10px; text-align: center; border-top: 1px solid rgba(150&comma;150&comma;150&comma;0.2);'> <\/td>\n<\/tr>\n<tr>\n<td style='padding: 10px; text-align: center; border-top: 1px solid rgba(150&comma;150&comma;150&comma;0.2);'>E2000<\/td>\n<td style='padding: 10px; text-align: center; border-top: 1px solid rgba(150&comma;150&comma;150&comma;0.2);'> <\/td>\n<td style='padding: 10px; text-align: center; border-top: 1px solid rgba(150&comma;150&comma;150&comma;0.2);'>\u2713<\/td>\n<td style='padding: 10px; text-align: center; border-top: 1px solid rgba(150&comma;150&comma;150&comma;0.2);'> <\/td>\n<td style='padding: 10px; text-align: center; border-top: 1px solid rgba(150&comma;150&comma;150&comma;0.2);'>\u2713<\/td>\n<td style='padding: 10px; text-align: center; border-top: 1px solid rgba(150&comma;150&comma;150&comma;0.2);'>\u2713<\/td>\n<td style='padding: 10px; text-align: center; border-top: 1px solid rgba(150&comma;150&comma;150&comma;0.2);'>\u2713<\/td>\n<\/tr>\n<tr style='background-color: #dee0e3; color: inherit;'>\n<td style='padding: 10px; text-align: center; border-top: 1px solid rgba(150&comma;150&comma;150&comma;0.2); font-weight: bold;'>N\u00famero total de procesos de limpieza por modelo<\/td>\n<td style='padding: 10px; text-align: center; border-top: 1px solid rgba(150&comma;150&comma;150&comma;0.2);'>2500<\/td>\n<td style='padding: 10px; text-align: center; border-top: 1px solid rgba(150&comma;150&comma;150&comma;0.2);'>2500<\/td>\n<td style='padding: 10px; text-align: center; border-top: 1px solid rgba(150&comma;150&comma;150&comma;0.2);'>3000<\/td>\n<td style='padding: 10px; text-align: center; border-top: 1px solid rgba(150&comma;150&comma;150&comma;0.2);'>2150<\/td>\n<td style='padding: 10px; text-align: center; border-top: 1px solid rgba(150&comma;150&comma;150&comma;0.2);'>620<\/td>\n<td style='padding: 10px; text-align: center; border-top: 1px solid rgba(150&comma;150&comma;150&comma;0.2);'>260<\/td>\n<\/tr>\n<\/tbody>\n<\/table><\/div>\n<\/p><\/div>\n","protected":false},"excerpt":{"rendered":"<p>Kit Avanzado de Limpieza de Fibra ?ptica, Para 2150 Procesos de Limpieza<\/p>\n","protected":false},"featured_media":106379,"comment_status":"open","ping_status":"closed","template":"","meta":[],"product_brand":[],"product_cat":[636],"product_tag":[611,730,25],"class_list":{"0":"post-106380","1":"product","2":"type-product","3":"status-publish","4":"has-post-thumbnail","6":"product_cat-herramientas-fibra-optica","7":"product_tag-fibra-optica","8":"product_tag-fluke-networks","9":"product_tag-herramientas","11":"first","12":"instock","13":"sale","14":"shipping-taxable","15":"purchasable","16":"product-type-simple"},"_links":{"self":[{"href":"https:\/\/soydeaqui.ddns.net\/pachuca\/index.php\/wp-json\/wp\/v2\/product\/106380","targetHints":{"allow":["GET"]}}],"collection":[{"href":"https:\/\/soydeaqui.ddns.net\/pachuca\/index.php\/wp-json\/wp\/v2\/product"}],"about":[{"href":"https:\/\/soydeaqui.ddns.net\/pachuca\/index.php\/wp-json\/wp\/v2\/types\/product"}],"replies":[{"embeddable":true,"href":"https:\/\/soydeaqui.ddns.net\/pachuca\/index.php\/wp-json\/wp\/v2\/comments?post=106380"}],"wp:featuredmedia":[{"embeddable":true,"href":"https:\/\/soydeaqui.ddns.net\/pachuca\/index.php\/wp-json\/wp\/v2\/media\/106379"}],"wp:attachment":[{"href":"https:\/\/soydeaqui.ddns.net\/pachuca\/index.php\/wp-json\/wp\/v2\/media?parent=106380"}],"wp:term":[{"taxonomy":"product_brand","embeddable":true,"href":"https:\/\/soydeaqui.ddns.net\/pachuca\/index.php\/wp-json\/wp\/v2\/product_brand?post=106380"},{"taxonomy":"product_cat","embeddable":true,"href":"https:\/\/soydeaqui.ddns.net\/pachuca\/index.php\/wp-json\/wp\/v2\/product_cat?post=106380"},{"taxonomy":"product_tag","embeddable":true,"href":"https:\/\/soydeaqui.ddns.net\/pachuca\/index.php\/wp-json\/wp\/v2\/product_tag?post=106380"}],"curies":[{"name":"wp","href":"https:\/\/api.w.org\/{rel}","templated":true}]}}