{"id":106372,"date":"2026-03-20T16:12:20","date_gmt":"2026-03-20T16:12:20","guid":{"rendered":"https:\/\/soydeaqui.ddns.net\/pachuca\/index.php\/producto\/generador-y-sonda-detector-de-tonos-pro3000-para-identificacin-de-seales-analgicas-en-cableado-inactivo\/"},"modified":"2026-03-20T16:12:35","modified_gmt":"2026-03-20T16:12:35","slug":"generador-y-sonda-detector-de-tonos-pro3000-para-identificacin-de-seales-analgicas-en-cableado-inactivo","status":"publish","type":"product","link":"https:\/\/soydeaqui.ddns.net\/pachuca\/index.php\/producto\/generador-y-sonda-detector-de-tonos-pro3000-para-identificacin-de-seales-analgicas-en-cableado-inactivo\/","title":{"rendered":"Generador y Sonda (Detector) de Tonos PRO3000, Para Identificaci?n de Se?ales Anal?gicas en Cableado Inactivo"},"content":{"rendered":"<div style='width: 100%; max-width: 1200px; margin: 0 auto; font-family: sans-serif; line-height: 1.6; color: inherit; background-color: transparent;'>\n<div style='margin-bottom: 30px;'>\n<p style='font-size: 15px; color: inherit; margin-bottom: 20px;'>La serie de generador y sonda de tonos Pro3000\u2122 proporciona una localizaci\u00f3n clara y precisa del cableado de comunicaciones. La innovadora sonda con filtrado obstruye las interferencias de se\u00f1al en el entorno (causadas por cables de alimentaci\u00f3n y l\u00e1mparas) cuando se escucha un tono. El potente altavoz de la sonda hace que el rastreo de cables a trav\u00e9s de las paredes&comma; madera y otros materiales sea r\u00e1pido y sencillo.<\/p>\n<\/p><\/div>\n<p> <!-- Secci\u00f3n de especificaciones --> <\/p>\n<div style='display: flex; flex-wrap: wrap; gap: 20px; margin-bottom: 30px;'>\n<div style='flex: 1 1 400px; min-width: 300px;'>\n<div style='border: 1px solid rgba(150&comma; 150&comma; 150&comma; 0.4); border-radius: 8px; overflow: hidden; margin-bottom: 20px;'>\n<div style='padding: 15px; border-bottom: 1px solid rgba(150&comma; 150&comma; 150&comma; 0.2); font-weight: bold; font-size: 18px; color: inherit; background-color: #a7a9ac; color: #ffffff;'>Especificaciones del generador de tonos Pro3000<\/div>\n<div style='padding: 15px; color: inherit;'>\n<ul style='padding-left: 20px; margin: 0; font-size: 14px; list-style-type: disc;'>\n<li style='margin-bottom: 8px;'><strong>Interfaz de usuario:<\/strong> Un interruptor deslizante selecciona el modo continuo o de tonos. Un bot\u00f3n cambia entre SOLID (continuo)&comma; ALT (alterno) u OFF (apagado). LED para modo de tono. LED para continuidad\/polaridad<\/li>\n<li style='margin-bottom: 8px;'><strong>Frecuencia continua:<\/strong> 1000 Hz nominal<\/li>\n<li style='margin-bottom: 8px;'><strong>Frecuencia alterna:<\/strong> 1000\/1500 Hz nominal<\/li>\n<li style='margin-bottom: 8px;'><strong>Protecci\u00f3n contra el exceso de tensi\u00f3n:<\/strong> 60 V CC en modo Tonos\/Polaridad<\/li>\n<li style='margin-bottom: 8px;'><strong>Potencia de salida en modo Tonos:<\/strong> 8 dbm en 600 ohmios<\/li>\n<li style='margin-bottom: 8px;'><strong>Nivel de voltaje de salida en modo Continuidad:<\/strong> 8 V CC con pila cargada<\/li>\n<li style='margin-bottom: 8px;'><strong>Pilas:<\/strong> Alcalina de 9 V<\/li>\n<li style='margin-bottom: 8px;'><strong>Temperatura:<\/strong> En funcionamiento: de -20 \u00b0C a +60 \u00b0C&comma; almacenamiento: de -40 a 70 \u00b0C<\/li>\n<li style='margin-bottom: 8px;'><strong>Dimensiones:<\/strong> 2&comma;7 in x 2&comma;4 in x 1&comma;4 in (6&comma;9 cm x 6&comma;1 cm x 3&comma;6 cm)<\/li>\n<\/ul><\/div>\n<\/p><\/div>\n<\/p><\/div>\n<div style='flex: 1 1 400px; min-width: 300px;'>\n<div style='border: 1px solid rgba(150&comma; 150&comma; 150&comma; 0.4); border-radius: 8px; overflow: hidden; margin-bottom: 20px;'>\n<div style='padding: 15px; border-bottom: 1px solid rgba(150&comma; 150&comma; 150&comma; 0.2); font-weight: bold; font-size: 18px; color: inherit; background-color: #a7a9ac; color: #ffffff;'>Especificaciones de la sonda anal\u00f3gica sin filtrado Pro3000<\/div>\n<div style='padding: 15px; color: inherit;'>\n<ul style='padding-left: 20px; margin: 0; font-size: 14px; list-style-type: disc;'>\n<li style='margin-bottom: 8px;'><strong>Interfaz de usuario:<\/strong> Bot\u00f3n de encendido\/apagado (mantenga pulsado para encender&comma; suelte para apagar). Control de volumen. Tip reemplazable. Conector de auriculares de 3&comma;5 mm<\/li>\n<li style='margin-bottom: 8px;'><strong>Pilas:<\/strong> Alcalina de 9 V<\/li>\n<li style='margin-bottom: 8px;'><strong>Temperatura:<\/strong> En funcionamiento: De -20 \u00b0C a 60 \u00b0C&comma; almacenamiento: de -40 a 70 \u00b0C<\/li>\n<li style='margin-bottom: 8px;'><strong>Dimensiones:<\/strong> 9&comma;8 in x 1&comma;6 in x 1&comma;3 in (24&comma;9 cm x 4&comma;1 cm x 3&comma;3 cm)<\/li>\n<\/ul><\/div>\n<\/p><\/div>\n<\/p><\/div>\n<\/p><\/div>\n<p> <!-- Separador --> <\/p>\n<hr style='border: 0; border-top: 1px solid rgba(150&comma; 150&comma; 150&comma; 0.3); margin: 30px 0;'> <\/div>\n","protected":false},"excerpt":{"rendered":"<p>Generador y Sonda (Detector) de Tonos PRO3000, Para Identificaci?n de Se?ales Anal?gicas en Cableado Inactivo<\/p>\n","protected":false},"featured_media":106371,"comment_status":"open","ping_status":"closed","template":"","meta":[],"product_brand":[],"product_cat":[608],"product_tag":[586,730,25],"class_list":{"0":"post-106372","1":"product","2":"type-product","3":"status-publish","4":"has-post-thumbnail","6":"product_cat-herramientas-cableado-de-cobre","7":"product_tag-cableado-de-cobre","8":"product_tag-fluke-networks","9":"product_tag-herramientas","11":"first","12":"instock","13":"sale","14":"shipping-taxable","15":"purchasable","16":"product-type-simple"},"_links":{"self":[{"href":"https:\/\/soydeaqui.ddns.net\/pachuca\/index.php\/wp-json\/wp\/v2\/product\/106372","targetHints":{"allow":["GET"]}}],"collection":[{"href":"https:\/\/soydeaqui.ddns.net\/pachuca\/index.php\/wp-json\/wp\/v2\/product"}],"about":[{"href":"https:\/\/soydeaqui.ddns.net\/pachuca\/index.php\/wp-json\/wp\/v2\/types\/product"}],"replies":[{"embeddable":true,"href":"https:\/\/soydeaqui.ddns.net\/pachuca\/index.php\/wp-json\/wp\/v2\/comments?post=106372"}],"wp:featuredmedia":[{"embeddable":true,"href":"https:\/\/soydeaqui.ddns.net\/pachuca\/index.php\/wp-json\/wp\/v2\/media\/106371"}],"wp:attachment":[{"href":"https:\/\/soydeaqui.ddns.net\/pachuca\/index.php\/wp-json\/wp\/v2\/media?parent=106372"}],"wp:term":[{"taxonomy":"product_brand","embeddable":true,"href":"https:\/\/soydeaqui.ddns.net\/pachuca\/index.php\/wp-json\/wp\/v2\/product_brand?post=106372"},{"taxonomy":"product_cat","embeddable":true,"href":"https:\/\/soydeaqui.ddns.net\/pachuca\/index.php\/wp-json\/wp\/v2\/product_cat?post=106372"},{"taxonomy":"product_tag","embeddable":true,"href":"https:\/\/soydeaqui.ddns.net\/pachuca\/index.php\/wp-json\/wp\/v2\/product_tag?post=106372"}],"curies":[{"name":"wp","href":"https:\/\/api.w.org\/{rel}","templated":true}]}}