{"id":106349,"date":"2026-03-20T16:11:06","date_gmt":"2026-03-20T16:11:06","guid":{"rendered":"https:\/\/soydeaqui.ddns.net\/pachuca\/index.php\/producto\/kit-scout-pro-3-probador-de-cables-de-voz-rj11-12-de-datos-rj45-y-de-video-coaxial-con-conector-f\/"},"modified":"2026-03-20T16:11:25","modified_gmt":"2026-03-20T16:11:25","slug":"kit-scout-pro-3-probador-de-cables-de-voz-rj11-12-de-datos-rj45-y-de-video-coaxial-con-conector-f","status":"publish","type":"product","link":"https:\/\/soydeaqui.ddns.net\/pachuca\/index.php\/producto\/kit-scout-pro-3-probador-de-cables-de-voz-rj11-12-de-datos-rj45-y-de-video-coaxial-con-conector-f\/","title":{"rendered":"Kit Scout\u2122 Pro 3 Probador de Cables de Voz (RJ11\/12), de Datos (RJ45) y de Video (Coaxial con conector F),"},"content":{"rendered":"<div style='width: 100%; max-width: 1200px; margin: 0 auto; font-family: sans-serif; line-height: 1.6; color: inherit; background-color: transparent;'>\n<div style='display: flex; flex-wrap: wrap; gap: 30px; margin-bottom: 30px;'>\n<div style='flex: 1 1 300px; min-width: 280px;'>\n<h3 style='font-size: 22px; border-bottom: 2px solid currentColor; padding-bottom: 5px; margin-top: 0; color: inherit; opacity: 0.8;'>Caracter\u00edsticas<\/h3>\n<ul style='padding-left: 20px; font-size: 15px; color: inherit;'>\n<li style='margin-bottom: 5px;'>Probador de cables que prueba cables terminados de voz (RJ11\/12)&comma; de datos (RJ45) y de video (coaxial con conector F) con resultados claramente definidos.<\/li>\n<li style='margin-bottom: 5px;'>Mide longitudes de cable de hasta 610 m (2000&#8242;).<\/li>\n<li style='margin-bottom: 5px;'>Haga pruebas para identificar fallas de par abierto&comma; de cortocircuito&comma; de error de cableado o par dividido.<\/li>\n<li style='margin-bottom: 5px;'>Pantalla LCD retroiluminada que muestra la longitud de cable&comma; el mapa de cables&comma; la ID de cables y los resultados de la prueba.<\/li>\n<li style='margin-bottom: 5px;'>Rastree cables&comma; pares de cables y cables conductores individuales con un generador de tono de estilo m\u00faltiple (requiere una sonda anal\u00f3gica Cat. n.\u00ba VDV500-123; se vende por separado).<\/li>\n<li style='margin-bottom: 5px;'>Modo de parpadeo del concentrador para identificar la ubicaci\u00f3n del puerto en un concentrador o un conmutador.<\/li>\n<li style='margin-bottom: 5px;'>Transmisores remotos de ubicaci\u00f3n LanMap\u2122 y CoaxMap\u2122 (5 cada uno) que mapean e identifican m\u00faltiples tramos de cables en un solo paso.<\/li>\n<li style='margin-bottom: 5px;'>Entre otras funciones&comma; cuenta con advertencia de voltaje (No recomendado para equipos PoE)&comma; detecci\u00f3n de blindaje&comma; apagado autom\u00e1tico&comma; indicador de bater\u00eda baja y transmisor remoto con portatransmisor.<\/li>\n<li style='margin-bottom: 5px;'>Funci\u00f3n de apagado autom\u00e1tico para preservar la vida \u00fatil de la bater\u00eda (de 9 V incluida).<\/li>\n<li style='margin-bottom: 5px; font-weight: bold;'>El kit incluye: Probador Scout\u2122 Pro 3&comma; (1) transmisor remoto con portatransmisor&comma; (5) transmisores remotos de ubicaci\u00f3n RJ45 LanMap\u2122&comma; (5) transmisores remotos de ubicaci\u00f3n de conectores F CoaxMap\u2122&comma; (1) conectores F coaxial&comma; manual y bater\u00eda de 9 V.<\/li>\n<li style='margin-bottom: 5px;'>Para medici\u00f3n de cableado con alimentaci\u00f3n PoE&comma; se recomienda otro tipo de equipo como el: VDV501-829 o VDV501-853<\/li>\n<\/ul><\/div>\n<\/p><\/div>\n<hr style='border: 0; border-top: 1px solid rgba(150&comma; 150&comma; 150&comma; 0.3); margin: 30px 0;'>\n<div style='display: flex; flex-wrap: wrap; gap: 20px; margin-bottom: 30px;'>\n<div style='flex: 1 1 250px; border: 1px solid rgba(150&comma; 150&comma; 150&comma; 0.4); border-radius: 8px; overflow: hidden; display: flex; flex-direction: column;'>\n<div style='padding: 15px; border-bottom: 1px solid rgba(150&comma; 150&comma; 150&comma; 0.2); font-weight: bold; font-size: 18px; color: inherit;'>Especificaciones<\/div>\n<div style='padding: 15px; color: inherit;'>\n<ul style='padding-left: 20px; margin: 0; font-size: 14px; list-style-type: disc;'>\n<li style='margin-bottom: 5px;'><strong>Tipo de cables:<\/strong> Par trenzado&comma; de datos&comma; voz&comma; LAN y coaxial<\/li>\n<li style='margin-bottom: 5px;'><strong>Caracter\u00edsticas especiales:<\/strong> Mide la longitud de cables; LCD retroiluminada; parpadeo del concentrador<\/li>\n<li style='margin-bottom: 5px;'><strong>Fallas detectadas:<\/strong> Circuito abierto&comma; cortocircuito&comma; error de cableado<\/li>\n<li style='margin-bottom: 5px;'><strong>Tipos de cables:<\/strong> DATOS: blindado o no blindado; CAT3&comma; CAT5E&comma; CAT6&comma; CAT6A&comma; CAT7&comma; COAXIAL: RG59&comma; RG6\/6Q<\/li>\n<li style='margin-bottom: 5px;'><strong>Longitud total:<\/strong> 7&#8242; (17.8 cm)<\/li>\n<li style='margin-bottom: 5px;'><strong>Altura total:<\/strong> 3&#8242; (7.6 cm)<\/li>\n<li style='margin-bottom: 5px;'><strong>Ancho total:<\/strong> 1.25&#8242; (3.2 cm)<\/li>\n<li style='margin-bottom: 5px;'><strong>Material:<\/strong> Pl\u00e1stico y metal<\/li>\n<li style='margin-bottom: 5px;'><strong>Protecci\u00f3n antica\u00eddas:<\/strong> 2 m<\/li>\n<li style='margin-bottom: 5px;'><strong>Transmisores remotos compatibles:<\/strong> 18<\/li>\n<li style='margin-bottom: 5px;'><strong>Conexiones y adaptadores:<\/strong> RJ11&comma; RJ12&comma; RJ45 y cable coaxial F<\/li>\n<li style='margin-bottom: 5px;'><strong>Pantalla:<\/strong> LCD retroiluminada<\/li>\n<li style='margin-bottom: 5px;'><strong>Generador de tono:<\/strong> Estilo m\u00faltiple (requiere sonda anal\u00f3gica Cat. n.\u00ba VDV500-123; se vende por separado)<\/li>\n<li style='margin-bottom: 5px;'><strong>Tipos de prueba:<\/strong> Ethernet\/de datos y coaxiales<\/li>\n<li style='margin-bottom: 5px;'><strong>Est\u00e1ndar:<\/strong> CE<\/li>\n<li style='margin-bottom: 5px;'><strong>Peso:<\/strong> 0.5 kg (1.2 lb)<\/li>\n<\/ul><\/div>\n<\/p><\/div>\n<\/p><\/div>\n<\/p><\/div>\n","protected":false},"excerpt":{"rendered":"<p>Kit Scout\u2122 Pro 3 Probador de Cables de Voz (RJ11\/12), de Datos (RJ45) y de Video (Coaxial con conector F),<\/p>\n","protected":false},"featured_media":106348,"comment_status":"open","ping_status":"closed","template":"","meta":[],"product_brand":[],"product_cat":[24],"product_tag":[26,25,432],"class_list":{"0":"post-106349","1":"product","2":"type-product","3":"status-publish","4":"has-post-thumbnail","6":"product_cat-accesorios-de-instalacion","7":"product_tag-accesorios-de-instalacion","8":"product_tag-herramientas","9":"product_tag-klein-tools","11":"first","12":"instock","13":"sale","14":"shipping-taxable","15":"purchasable","16":"product-type-simple"},"_links":{"self":[{"href":"https:\/\/soydeaqui.ddns.net\/pachuca\/index.php\/wp-json\/wp\/v2\/product\/106349","targetHints":{"allow":["GET"]}}],"collection":[{"href":"https:\/\/soydeaqui.ddns.net\/pachuca\/index.php\/wp-json\/wp\/v2\/product"}],"about":[{"href":"https:\/\/soydeaqui.ddns.net\/pachuca\/index.php\/wp-json\/wp\/v2\/types\/product"}],"replies":[{"embeddable":true,"href":"https:\/\/soydeaqui.ddns.net\/pachuca\/index.php\/wp-json\/wp\/v2\/comments?post=106349"}],"wp:featuredmedia":[{"embeddable":true,"href":"https:\/\/soydeaqui.ddns.net\/pachuca\/index.php\/wp-json\/wp\/v2\/media\/106348"}],"wp:attachment":[{"href":"https:\/\/soydeaqui.ddns.net\/pachuca\/index.php\/wp-json\/wp\/v2\/media?parent=106349"}],"wp:term":[{"taxonomy":"product_brand","embeddable":true,"href":"https:\/\/soydeaqui.ddns.net\/pachuca\/index.php\/wp-json\/wp\/v2\/product_brand?post=106349"},{"taxonomy":"product_cat","embeddable":true,"href":"https:\/\/soydeaqui.ddns.net\/pachuca\/index.php\/wp-json\/wp\/v2\/product_cat?post=106349"},{"taxonomy":"product_tag","embeddable":true,"href":"https:\/\/soydeaqui.ddns.net\/pachuca\/index.php\/wp-json\/wp\/v2\/product_tag?post=106349"}],"curies":[{"name":"wp","href":"https:\/\/api.w.org\/{rel}","templated":true}]}}