{"id":106346,"date":"2026-03-20T16:10:58","date_gmt":"2026-03-20T16:10:58","guid":{"rendered":"https:\/\/soydeaqui.ddns.net\/pachuca\/index.php\/producto\/nvr-32-megapixel-8-canales-8-puertos-poe-h-265-wisestream-p2p-wisenet-entradas-y-salidas-de-alarma\/"},"modified":"2026-03-20T16:11:03","modified_gmt":"2026-03-20T16:11:03","slug":"nvr-32-megapixel-8-canales-8-puertos-poe-h-265-wisestream-p2p-wisenet-entradas-y-salidas-de-alarma","status":"publish","type":"product","link":"https:\/\/soydeaqui.ddns.net\/pachuca\/index.php\/producto\/nvr-32-megapixel-8-canales-8-puertos-poe-h-265-wisestream-p2p-wisenet-entradas-y-salidas-de-alarma\/","title":{"rendered":"NVR 32 Megap\u00edxel \/ 8 canales \/ 8 puertos PoE+ \/ H.265 &#038; WiseStream \/ P2P Wisenet \/ Entradas y Salidas de Alarma"},"content":{"rendered":"<div style='width: 100%; max-width: 1200px; margin: 0 auto; font-family: sans-serif; line-height: 1.6; color: inherit; background-color: transparent;'>\n<div style='display: flex; flex-wrap: wrap; gap: 30px; margin-bottom: 30px;'>\n<div style='flex: 1 1 300px; min-width: 280px;'>\n<h3 style='font-size: 22px; border-bottom: 2px solid currentColor; padding-bottom: 5px; margin-top: 0; color: inherit; opacity: 0.8;'>Caracter\u00edsticas Principales<\/h3>\n<ul style='padding-left: 20px; font-size: 15px; color: inherit;'>\n<li style='margin-bottom: 5px;'>NVR de 8CH&comma; Soporta c\u00e1maras de hasta 32 MP<\/li>\n<li style='margin-bottom: 5px;'>Soporta compresi\u00f3n H.265&comma; H.264&comma; MJPEG&comma; WiseStream support<\/li>\n<li style='margin-bottom: 5px;'><strong>Procesamiento en Grabaci\u00f3n (Troughput):<\/strong> 100Mbps<\/li>\n<li style='margin-bottom: 5px;'>Plug &#038; play en los 8 puertos PoE\/PoE+<\/li>\n<li style='margin-bottom: 5px;'>Soporta como m\u00e1ximo 2 HDD de 6TB (NO INCLUYE HDD)<\/li>\n<li style='margin-bottom: 5px;'>Salidas de video HDMI \/ VGA<\/li>\n<li style='margin-bottom: 5px;'>Soporta ARB<\/li>\n<li style='margin-bottom: 5px;'>Compatible con c\u00e1maras IA Wisenet<\/li>\n<\/ul><\/div>\n<\/p><\/div>\n<div style='display: flex; flex-wrap: wrap; gap: 20px; margin-bottom: 30px;'>\n<div style='flex: 1 1 250px; border: 1px solid rgba(150&comma; 150&comma; 150&comma; 0.4); border-radius: 8px; overflow: hidden; display: flex; flex-direction: column;'>\n<div style='padding: 15px; border-bottom: 1px solid rgba(150&comma; 150&comma; 150&comma; 0.2); font-weight: bold; font-size: 18px; color: inherit;'>3 A\u00f1os de garant\u00eda<\/div>\n<\/p><\/div>\n<\/p><\/div>\n<div style='display: flex; flex-wrap: wrap; gap: 20px; margin-bottom: 30px;'>\n<div style='flex: 1 1 250px; border: 1px solid rgba(150&comma; 150&comma; 150&comma; 0.4); border-radius: 8px; overflow: hidden; display: flex; flex-direction: column;'>\n<div style='padding: 15px; border-bottom: 1px solid rgba(150&comma; 150&comma; 150&comma; 0.2); font-weight: bold; font-size: 18px; color: inherit;'>Opciones con HDD incluido<\/div>\n<div style='padding: 15px; color: inherit;'>\n<ul style='padding-left: 20px; margin: 0; font-size: 14px; list-style-type: disc;'>\n<li style='margin-bottom: 5px;'><strong>2TB (XRN-820S-2TB)<\/strong><\/li>\n<li style='margin-bottom: 5px;'><strong>4TB (XRN-820S-4TB)<\/strong><\/li>\n<li style='margin-bottom: 5px;'><strong>6TB (XRN-820S-6TB)<\/strong><\/li>\n<li style='margin-bottom: 5px;'><strong>8TB (XRN-820S-8TB)<\/strong><\/li>\n<li style='margin-bottom: 5px;'><strong>12TB (XRN-820S-12TB)<\/strong><\/li>\n<\/ul><\/div>\n<\/p><\/div>\n<\/p><\/div>\n<div style='display: flex; flex-wrap: wrap; gap: 20px; margin-bottom: 30px;'>\n<div style='flex: 1 1 250px; border: 1px solid rgba(150&comma; 150&comma; 150&comma; 0.4); border-radius: 8px; overflow: hidden; display: flex; flex-direction: column;'>\n<div style='padding: 15px; border-bottom: 1px solid rgba(150&comma; 150&comma; 150&comma; 0.2); font-weight: bold; font-size: 18px; color: inherit;'>Nota<\/div>\n<div style='padding: 15px; color: inherit; font-size: 14px;'> El P2P es \u00fanicamente compatible con dispositivos m\u00f3viles a trav\u00e9s de la aplicaci\u00f3n Wisenet Mobile&comma; no es compatible con Smart Viewer&comma; SSM o Wisenet Wave <\/div>\n<\/p><\/div>\n<\/p><\/div>\n<div style='display: flex; flex-wrap: wrap; gap: 20px; margin-bottom: 30px;'>\n<div style='flex: 1 1 100%;'>\n<div style='position: relative; padding-bottom: 56.25%; height: 0; overflow: hidden; margin-bottom: 30px;'>   <\/div>\n<div style='position: relative; padding-bottom: 56.25%; height: 0; overflow: hidden; margin-bottom: 30px;'>   <\/div>\n<\/p><\/div>\n<\/p><\/div>\n<hr style='border: 0; border-top: 1px solid rgba(150&comma; 150&comma; 150&comma; 0.3); margin: 30px 0;'> <\/div>\n","protected":false},"excerpt":{"rendered":"<p>NVR 32 Megap\u00edxel \/ 8 canales \/ 8 puertos PoE+ \/ H.265 &#038; WiseStream \/ P2P Wisenet \/ Entradas y Salidas de Alarma<\/p>\n","protected":false},"featured_media":106345,"comment_status":"open","ping_status":"closed","template":"","meta":[],"product_brand":[],"product_cat":[2234],"product_tag":[122,1055,2235],"class_list":{"0":"post-106346","1":"product","2":"type-product","3":"status-publish","4":"has-post-thumbnail","6":"product_cat-nvrs-network-video-recorders","7":"product_tag-camaras-ip-y-nvrs","8":"product_tag-hanwha-vision","9":"product_tag-nvrs-network-video-recorders","11":"first","12":"outofstock","13":"sale","14":"shipping-taxable","15":"purchasable","16":"product-type-simple"},"_links":{"self":[{"href":"https:\/\/soydeaqui.ddns.net\/pachuca\/index.php\/wp-json\/wp\/v2\/product\/106346","targetHints":{"allow":["GET"]}}],"collection":[{"href":"https:\/\/soydeaqui.ddns.net\/pachuca\/index.php\/wp-json\/wp\/v2\/product"}],"about":[{"href":"https:\/\/soydeaqui.ddns.net\/pachuca\/index.php\/wp-json\/wp\/v2\/types\/product"}],"replies":[{"embeddable":true,"href":"https:\/\/soydeaqui.ddns.net\/pachuca\/index.php\/wp-json\/wp\/v2\/comments?post=106346"}],"wp:featuredmedia":[{"embeddable":true,"href":"https:\/\/soydeaqui.ddns.net\/pachuca\/index.php\/wp-json\/wp\/v2\/media\/106345"}],"wp:attachment":[{"href":"https:\/\/soydeaqui.ddns.net\/pachuca\/index.php\/wp-json\/wp\/v2\/media?parent=106346"}],"wp:term":[{"taxonomy":"product_brand","embeddable":true,"href":"https:\/\/soydeaqui.ddns.net\/pachuca\/index.php\/wp-json\/wp\/v2\/product_brand?post=106346"},{"taxonomy":"product_cat","embeddable":true,"href":"https:\/\/soydeaqui.ddns.net\/pachuca\/index.php\/wp-json\/wp\/v2\/product_cat?post=106346"},{"taxonomy":"product_tag","embeddable":true,"href":"https:\/\/soydeaqui.ddns.net\/pachuca\/index.php\/wp-json\/wp\/v2\/product_tag?post=106346"}],"curies":[{"name":"wp","href":"https:\/\/api.w.org\/{rel}","templated":true}]}}