{"id":106344,"date":"2026-03-20T16:10:54","date_gmt":"2026-03-20T16:10:54","guid":{"rendered":"https:\/\/soydeaqui.ddns.net\/pachuca\/index.php\/producto\/switch-reforzado-ethernet-de-4-puertos-sobre-fibra-poe\/"},"modified":"2026-03-20T16:10:55","modified_gmt":"2026-03-20T16:10:55","slug":"switch-reforzado-ethernet-de-4-puertos-sobre-fibra-poe","status":"publish","type":"product","link":"https:\/\/soydeaqui.ddns.net\/pachuca\/index.php\/producto\/switch-reforzado-ethernet-de-4-puertos-sobre-fibra-poe\/","title":{"rendered":"Switch Reforzado Ethernet de 4 puertos sobre fibra PoE+"},"content":{"rendered":"<div style='width: 100%; max-width: 1200px; margin: 0 auto; font-family: sans-serif; line-height: 1.6; color: inherit; background-color: transparent;'>\n<div style='width: 100%; text-align: center; margin-bottom: 30px;'>\n<h1 style='font-size: 28px; color: inherit; margin: 0 0 10px;'><strong>NetWay4EWP<\/strong><\/h1>\n<h3 style='font-size: 20px; color: inherit; margin: 0 0 20px;'>Switch Reforzado Ethernet de 4 puertos sobre fibra PoE+<\/h3>\n<p style='font-size: 15px; color: inherit; margin: 0 0 15px; max-width: 800px; margin-left: auto; margin-right: auto;'>El Switch reforzado PoE + para exteriores NetWay4EWP de Altronix proporciona un puerto SFP de 1 Gb y cuatro (4) puertos PoE + (30 W) o hasta dos (2) puertos Hi-PoE (60 W). Las c\u00e1maras \/ dispositivos perif\u00e9ricos pueden ubicarse hasta a 100 m de la unidad. La tecnolog\u00eda LINQ le permite monitorear&comma; controlar y reportar energ\u00eda y diagnosticar desde cualquier lugar.<\/p>\n<p style='font-size: 15px; color: inherit; margin: 20px 0; max-width: 800px; margin-left: auto; margin-right: auto; text-align: center;'>Sistemas de alimentaci\u00f3n para aplicaciones en sistemas de seguridad electr\u00f3nica y comunicaci\u00f3n.<\/p>\n<\/p><\/div>\n<div style='display: flex; flex-wrap: wrap; gap: 30px; margin-bottom: 30px;'>\n<div style='flex: 1 1 300px; min-width: 280px;'>\n<h3 style='font-size: 22px; border-bottom: 2px solid currentColor; padding-bottom: 5px; margin-top: 0; color: inherit; opacity: 0.8;'>Caracter\u00edsticas<\/h3>\n<ul style='padding-left: 20px; font-size: 15px; color: inherit;'>\n<li style='margin-bottom: 5px;'>Cuatro Puertos (4) PoE\/PoE+ (up to 30W) o dos puertos (2) Hi-PoE (60W)<\/li>\n<li style='margin-bottom: 5px;'>Compatible IEEE 802.3af (15W) e IEEE 802.3at (30W). 120W energ\u00eda total.<\/li>\n<li style='margin-bottom: 5px;'>Un Puerto (1) Gigabit SFP<\/li>\n<li style='margin-bottom: 5px;'>M\u00e1xima potencia por puerto 30W<\/li>\n<li style='margin-bottom: 5px;'>Gabinete NEMA4\/4X&comma; clasificaci\u00f3n IP66 uso exterior<\/li>\n<li style='margin-bottom: 5px;'>Cargador incluido para bater\u00edas selladas plomo \u00e1cido o gel.<\/li>\n<li style='margin-bottom: 5px;'>Led que indica actividad PoE<\/li>\n<\/ul><\/div>\n<div style='flex: 1 1 300px; min-width: 280px;'>\n<h3 style='font-size: 22px; border-bottom: 2px solid currentColor; padding-bottom: 5px; margin-top: 0; color: inherit; opacity: 0.8;'>Especificaciones F\u00edsicas<\/h3>\n<ul style='padding-left: 20px; font-size: 15px; color: inherit;'>\n<li style='margin-bottom: 5px;'>115VAC&comma; 60Hz&comma; 2.5A o 230VAC&comma; 50\/60Hz&comma; 1.3A.<\/li>\n<li style='margin-bottom: 5px;'>Potencia M\u00e1xima: Cuatro Puertos (4) PoE+ (30W) o dos puertos (2) Hi-PoE (60W).<\/li>\n<li style='margin-bottom: 5px;'>Compatible IEEE 802.3af (15W) y IEEE 802.3at (30W). 120W energ\u00eda total.<\/li>\n<li style='margin-bottom: 5px;'>Puerto de Fibra: Un Puerto (1) Gigabit SFP.<\/li>\n<li style='margin-bottom: 5px;'>Dimensiones del Gabinete (Largo x Ancho x Alto.): 13.31\u201d x 11.31\u201d x 5.59\u201d (338.1mm x 287.3mm x 142mm).<\/li>\n<li style='margin-bottom: 5px;'>Peso del producto 4.68 Kg<\/li>\n<\/ul><\/div>\n<div style='flex: 1 1 300px; min-width: 280px;'>\n<h3 style='font-size: 22px; border-bottom: 2px solid currentColor; padding-bottom: 5px; margin-top: 0; color: inherit; opacity: 0.8;'>Informaci\u00f3n Remota<\/h3>\n<ul style='padding-left: 20px; font-size: 15px; color: inherit;'>\n<li style='margin-bottom: 5px;'>Proporciona acceso local y\/o remoto a informaci\u00f3n cr\u00edtica a trav\u00e9s de LAN \/ WAN.<\/li>\n<li style='margin-bottom: 5px;'>Las notificaciones por correo electr\u00f3nico y alertas de panel de Windows informan diagn\u00f3sticos en tiempo real<\/li>\n<li style='margin-bottom: 5px;'>El registro de eventos rastrea el historial<\/li>\n<li style='margin-bottom: 5px;'>Indicadores LED para cada puerto PoE<\/li>\n<li style='margin-bottom: 5px;'>Las notificaciones de alerta por correo electr\u00f3nico y del panel de Windows informan diagn\u00f3sticos en tiempo real<\/li>\n<li style='margin-bottom: 5px;'>Registro de historial de eventos<\/li>\n<\/ul><\/div>\n<\/p><\/div>\n<\/p><\/div>\n","protected":false},"excerpt":{"rendered":"<p>Switch Reforzado Ethernet de 4 puertos sobre fibra PoE+<\/p>\n","protected":false},"featured_media":106343,"comment_status":"open","ping_status":"closed","template":"","meta":[],"product_brand":[],"product_cat":[2358],"product_tag":[495,142,1261],"class_list":{"0":"post-106344","1":"product","2":"type-product","3":"status-publish","4":"has-post-thumbnail","6":"product_cat-inyectores-poe-energia-videovigilancia","7":"product_tag-altronix","8":"product_tag-energia","9":"product_tag-inyectores-poe","11":"first","12":"instock","13":"sale","14":"shipping-taxable","15":"purchasable","16":"product-type-simple"},"_links":{"self":[{"href":"https:\/\/soydeaqui.ddns.net\/pachuca\/index.php\/wp-json\/wp\/v2\/product\/106344","targetHints":{"allow":["GET"]}}],"collection":[{"href":"https:\/\/soydeaqui.ddns.net\/pachuca\/index.php\/wp-json\/wp\/v2\/product"}],"about":[{"href":"https:\/\/soydeaqui.ddns.net\/pachuca\/index.php\/wp-json\/wp\/v2\/types\/product"}],"replies":[{"embeddable":true,"href":"https:\/\/soydeaqui.ddns.net\/pachuca\/index.php\/wp-json\/wp\/v2\/comments?post=106344"}],"wp:featuredmedia":[{"embeddable":true,"href":"https:\/\/soydeaqui.ddns.net\/pachuca\/index.php\/wp-json\/wp\/v2\/media\/106343"}],"wp:attachment":[{"href":"https:\/\/soydeaqui.ddns.net\/pachuca\/index.php\/wp-json\/wp\/v2\/media?parent=106344"}],"wp:term":[{"taxonomy":"product_brand","embeddable":true,"href":"https:\/\/soydeaqui.ddns.net\/pachuca\/index.php\/wp-json\/wp\/v2\/product_brand?post=106344"},{"taxonomy":"product_cat","embeddable":true,"href":"https:\/\/soydeaqui.ddns.net\/pachuca\/index.php\/wp-json\/wp\/v2\/product_cat?post=106344"},{"taxonomy":"product_tag","embeddable":true,"href":"https:\/\/soydeaqui.ddns.net\/pachuca\/index.php\/wp-json\/wp\/v2\/product_tag?post=106344"}],"curies":[{"name":"wp","href":"https:\/\/api.w.org\/{rel}","templated":true}]}}