{"id":106312,"date":"2026-03-20T16:09:08","date_gmt":"2026-03-20T16:09:08","guid":{"rendered":"https:\/\/soydeaqui.ddns.net\/pachuca\/index.php\/producto\/adaptador-de-pared-2-salidas-a-12-vcc-2-salidas-a-24-vcc\/"},"modified":"2026-03-20T16:09:13","modified_gmt":"2026-03-20T16:09:13","slug":"adaptador-de-pared-2-salidas-a-12-vcc-2-salidas-a-24-vcc","status":"publish","type":"product","link":"https:\/\/soydeaqui.ddns.net\/pachuca\/index.php\/producto\/adaptador-de-pared-2-salidas-a-12-vcc-2-salidas-a-24-vcc\/","title":{"rendered":"Adaptador de Pared 2 Salidas a 12 VCC \/ 2 Salidas a 24 VCC"},"content":{"rendered":"<div style='width: 100%; max-width: 1200px; margin: 0 auto; font-family: sans-serif; line-height: 1.6; color: inherit; background-color: transparent;'>\n<div style='display: flex; flex-wrap: wrap; gap: 30px; margin-bottom: 30px;'>\n<div style='flex: 1 1 300px; min-width: 280px;'>\n<h3 style='font-size: 22px; border-bottom: 2px solid currentColor; padding-bottom: 5px; margin-top: 0; color: inherit; opacity: 0.8;'>Caracter\u00edsticas<\/h3>\n<ul style='padding-left: 20px; font-size: 15px; color: inherit;'>\n<li style='margin-bottom: 5px;'><strong>Fuente de Alimentaci\u00f3n<\/strong> con inteligencia distribuida puede suministrar hasta 3 Amperes en una salida sin exceder la capacidad m\u00e1x de 5 Amperes.<\/li>\n<li style='margin-bottom: 5px;'>Soluci\u00f3n practica y sencilla para aplicaciones de c\u00e1maras de CCTV.<\/li>\n<li style='margin-bottom: 5px;'>2 canales de 12 Vcc @ 2 A<\/li>\n<li style='margin-bottom: 5px;'>2 canales de 24 Vcc @ 2 A<\/li>\n<li style='margin-bottom: 5px;'>Voltaje de entrada de 110 &#8211; 240 Vca.<\/li>\n<li style='margin-bottom: 5px;'>Voltaje de salida AJUSTABLE de 11- 15 Vcc<\/li>\n<li style='margin-bottom: 5px;'>Sistema de 5A inteligentes (Distribuidos en 4 salidas).<\/li>\n<li style='margin-bottom: 5px;'>Fusible t\u00e9rmico PTC integrado de 6A.<\/li>\n<li style='margin-bottom: 5px;'>Incluye cable de alimentaci\u00f3n.<\/li>\n<li style='margin-bottom: 5px;'>LED indicador de alimentaci\u00f3n.<\/li>\n<\/ul><\/div>\n<div style='flex: 1 1 300px; min-width: 280px;'>\n<h3 style='font-size: 22px; border-bottom: 2px solid currentColor; padding-bottom: 5px; margin-top: 0; color: inherit; opacity: 0.8;'>Caracter\u00edsticas f\u00edsicas y el\u00e9ctricas<\/h3>\n<ul style='padding-left: 20px; font-size: 15px; color: inherit;'>\n<li style='margin-bottom: 5px;'>Color externo: Negro.<\/li>\n<li style='margin-bottom: 5px;'>Dimensiones: 158 cms x 58 cms x 36.5 cms.<\/li>\n<li style='margin-bottom: 5px;'><strong>Temperatura de operaci\u00f3n:<\/strong> -10\u00b0C a 35 \u00b0C<\/li>\n<\/ul><\/div>\n<div style='flex: 1 1 300px; min-width: 280px;'>\n<h3 style='font-size: 22px; border-bottom: 2px solid currentColor; padding-bottom: 5px; margin-top: 0; color: inherit; opacity: 0.8;'>Est\u00e1ndares<\/h3>\n<ul style='padding-left: 20px; font-size: 15px; color: inherit;'>\n<li style='margin-bottom: 5px;'>CE<\/li>\n<li style='margin-bottom: 5px;'>ROHS<\/li>\n<\/ul><\/div>\n<\/p><\/div>\n<\/p><\/div>\n","protected":false},"excerpt":{"rendered":"<p>Adaptador de Pared 2 Salidas a 12 VCC \/ 2 Salidas a 24 VCC<\/p>\n","protected":false},"featured_media":106311,"comment_status":"open","ping_status":"closed","template":"","meta":[],"product_brand":[],"product_cat":[1103],"product_tag":[142,454,457],"class_list":{"0":"post-106312","1":"product","2":"type-product","3":"status-publish","4":"has-post-thumbnail","6":"product_cat-fuentes-de-alimentacion-energia-videovigilancia","7":"product_tag-energia","8":"product_tag-epcom-powerline","9":"product_tag-fuentes-de-alimentacion","11":"first","12":"outofstock","13":"sale","14":"shipping-taxable","15":"purchasable","16":"product-type-simple"},"_links":{"self":[{"href":"https:\/\/soydeaqui.ddns.net\/pachuca\/index.php\/wp-json\/wp\/v2\/product\/106312","targetHints":{"allow":["GET"]}}],"collection":[{"href":"https:\/\/soydeaqui.ddns.net\/pachuca\/index.php\/wp-json\/wp\/v2\/product"}],"about":[{"href":"https:\/\/soydeaqui.ddns.net\/pachuca\/index.php\/wp-json\/wp\/v2\/types\/product"}],"replies":[{"embeddable":true,"href":"https:\/\/soydeaqui.ddns.net\/pachuca\/index.php\/wp-json\/wp\/v2\/comments?post=106312"}],"wp:featuredmedia":[{"embeddable":true,"href":"https:\/\/soydeaqui.ddns.net\/pachuca\/index.php\/wp-json\/wp\/v2\/media\/106311"}],"wp:attachment":[{"href":"https:\/\/soydeaqui.ddns.net\/pachuca\/index.php\/wp-json\/wp\/v2\/media?parent=106312"}],"wp:term":[{"taxonomy":"product_brand","embeddable":true,"href":"https:\/\/soydeaqui.ddns.net\/pachuca\/index.php\/wp-json\/wp\/v2\/product_brand?post=106312"},{"taxonomy":"product_cat","embeddable":true,"href":"https:\/\/soydeaqui.ddns.net\/pachuca\/index.php\/wp-json\/wp\/v2\/product_cat?post=106312"},{"taxonomy":"product_tag","embeddable":true,"href":"https:\/\/soydeaqui.ddns.net\/pachuca\/index.php\/wp-json\/wp\/v2\/product_tag?post=106312"}],"curies":[{"name":"wp","href":"https:\/\/api.w.org\/{rel}","templated":true}]}}