{"id":106280,"date":"2026-03-20T16:07:34","date_gmt":"2026-03-20T16:07:34","guid":{"rendered":"https:\/\/soydeaqui.ddns.net\/pachuca\/index.php\/producto\/bateria-12v-8ah-para-respaldo-tecnologias-agm-vrla-5-anos-vida-util-terminales-f2-reconocida-ul\/"},"modified":"2026-03-20T16:07:47","modified_gmt":"2026-03-20T16:07:47","slug":"bateria-12v-8ah-para-respaldo-tecnologias-agm-vrla-5-anos-vida-util-terminales-f2-reconocida-ul","status":"publish","type":"product","link":"https:\/\/soydeaqui.ddns.net\/pachuca\/index.php\/producto\/bateria-12v-8ah-para-respaldo-tecnologias-agm-vrla-5-anos-vida-util-terminales-f2-reconocida-ul\/","title":{"rendered":"Bater\u00eda 12V, 8AH, Para Respaldo, Tecnolog\u00edas AGM\/VRLA, 5 A\u00f1os Vida \u00datil, Terminales F2, Reconocida UL"},"content":{"rendered":"<div style='width: 100%; max-width: 1200px; margin: 0 auto; font-family: sans-serif; line-height: 1.6; color: inherit; background-color: transparent;'> <!-- Descripci\u00f3n general --> <\/p>\n<div style='margin-bottom: 30px;'>\n<p style='margin: 0 0 15px; font-size: 15px; text-align: justify; color: inherit;'> Power Sonic ofrece una amplia gama de productos de bater\u00eda innovadores que incluyen tecnolog\u00edas de litio de \u00e1cido de plomo selladas. Esto garantiza que tengamos la bater\u00eda adecuada para satisfacer las demandas \u00fanicas de su aplicaci\u00f3n. <\/p>\n<p style='margin: 0 0 15px; font-size: 15px; text-align: justify; color: inherit;'> Power Sonic ha brindado soluciones de bater\u00edas seguras&comma; confiables y de calidad en todo el mundo durante m\u00e1s de 50 a\u00f1os. Nuestros productos de bater\u00eda est\u00e1n dise\u00f1ados y fabricados con los \u00faltimos equipos de \u00faltima generaci\u00f3n y est\u00e1n sujetos al control de calidad m\u00e1s estricto. Este proceso es clave para garantizar tanto la consistencia como la confiabilidad con cualquier producto que lleve el nombre de Power Sonic. <\/p>\n<\/p><\/div>\n<p> <!-- Serie PS --> <\/p>\n<div style='margin-bottom: 30px;'>\n<h3 style='font-size: 20px; border-bottom: 2px solid currentColor; padding-bottom: 5px; margin-top: 0; margin-bottom: 15px; color: inherit; opacity: 0.8;'>Serie PS<\/h3>\n<p style='margin: 0 0 15px; font-size: 15px; text-align: justify; color: inherit;'> La serie PS de Power Sonic de bater\u00edas selladas de plomo-\u00e1cido se ha dise\u00f1ado con tecnolog\u00eda AGM (Absorbent Glass Mat) para garantizar un rendimiento y una fiabilidad superiores. Disponibles en 2&comma; 4&comma; 6 y 12 V con capacidades desde 0.8 a 260 AH. Con gran variedad de modelos&comma; es la primera opci\u00f3n para la industria de seguridad humana. <\/p>\n<\/p><\/div>\n<p> <!-- Caracter\u00edsticas generales --> <\/p>\n<div style='margin-bottom: 30px;'>\n<h3 style='font-size: 20px; border-bottom: 2px solid currentColor; padding-bottom: 5px; margin-top: 0; margin-bottom: 15px; color: inherit; opacity: 0.8;'>Caracter\u00edsticas Generales Serie PS<\/h3>\n<ul style='padding-left: 20px; margin: 0; font-size: 15px; list-style-type: disc; color: inherit;'>\n<li style='margin-bottom: 8px;'>Bater\u00edas selladas de plomo \u00e1cido.<\/li>\n<li style='margin-bottom: 8px;'>Dise\u00f1o de 5 a\u00f1os de vida \u00fatil.<\/li>\n<li style='margin-bottom: 8px;'>Reconocida UL.<\/li>\n<li style='margin-bottom: 8px;'>Tecnolog\u00eda VRLA (Bater\u00edas Regulated Lead Acid) para larga vida \u00fatil por liberaci\u00f3n de gases.<\/li>\n<li style='margin-bottom: 8px;'>Tecnolog\u00eda AGM (Absorbent Glass Mat) para garantizar un rendimiento y una fiabilidad superiores.<\/li>\n<li style='margin-bottom: 8px;'>Relaci\u00f3n de potencia y volumen que produce una densidad de energ\u00eda inigualable.<\/li>\n<li style='margin-bottom: 8px;'>Libre de mantenimiento.<\/li>\n<li style='margin-bottom: 8px;'>Recargables con cargadores VRLA.<\/li>\n<li style='margin-bottom: 8px;'>Construcci\u00f3n a prueba de derrames regulada por v\u00e1lvula permite una operaci\u00f3n segura en cualquier orientaci\u00f3n (excepto el uso continuo invertido).<\/li>\n<li style='margin-bottom: 8px;'>Caja de ABS resistente a impactos y cubierta retardante de llama seg\u00fan UL94:HB y UL94:V0.<\/li>\n<li style='margin-bottom: 8px;'>Baja tasa de descarga para una larga vida \u00fatil.<\/li>\n<li style='margin-bottom: 8px;'>Certificado ISO 9001:2015.<\/li>\n<\/ul><\/div>\n<p> <!-- Caracter\u00edsticas espec\u00edficas --> <\/p>\n<div style='margin-bottom: 30px;'>\n<h3 style='font-size: 20px; border-bottom: 2px solid currentColor; padding-bottom: 5px; margin-top: 0; margin-bottom: 15px; color: inherit; opacity: 0.8;'>Caracter\u00edsticas PS-1280-F2<\/h3>\n<ul style='padding-left: 20px; margin: 0; font-size: 15px; list-style-type: disc; color: inherit;'>\n<li style='margin-bottom: 8px;'>Dise\u00f1o de 5 a\u00f1os de vida \u00fatil.<\/li>\n<li style='margin-bottom: 8px;'>Reconocida UL.<\/li>\n<li style='margin-bottom: 8px;'>Tipo de terminal: F2.<\/li>\n<li style='margin-bottom: 8px;'>Voltaje Nominal: 12V.<\/li>\n<li style='margin-bottom: 8px;'>Capacidad @20HR (AH): 8.00 AH.<\/li>\n<li style='margin-bottom: 8px;'>Capacidad @10HR (AH): 7.20 AH.<\/li>\n<li style='margin-bottom: 8px;'>Peso: 2.5 kg\/5.6 lbs.<\/li>\n<li style='margin-bottom: 8px;'>Dimensiones: 5.94\u201d\/151 mm Longitud x 2.56\u201d\/65 mm Ancho x 3.72\u201d\/94.5 mm Altura.<\/li>\n<li style='margin-bottom: 8px;'>Cargador recomendado: <a style='color: inherit; text-decoration: underline;' href='https:\/\/www.syscom.mx\/principal\/searchcont?route=PSC-121000ACX-POWER-SONIC-218409&#038;autodetect=PSC-121000ACX' target='_blank'>PSC-121000ACX<\/a>.<\/li>\n<\/ul><\/div>\n<p> <!-- Aplicaciones --> <\/p>\n<div style='margin-bottom: 30px;'>\n<h3 style='font-size: 20px; border-bottom: 2px solid currentColor; padding-bottom: 5px; margin-top: 0; margin-bottom: 15px; color: inherit; opacity: 0.8;'>Ideal como respaldo de energ\u00eda para:<\/h3>\n<ul style='padding-left: 20px; margin: 0; font-size: 15px; list-style-type: disc; color: inherit;'>\n<li style='margin-bottom: 8px;'>Sistemas de seguridad y emergencia.<\/li>\n<li style='margin-bottom: 8px;'>Sistemas de control de acceso.<\/li>\n<li style='margin-bottom: 8px;'>Sistemas de alarma.<\/li>\n<li style='margin-bottom: 8px;'>Sistemas de detecci\u00f3n de incendio.<\/li>\n<li style='margin-bottom: 8px;'>Sistemas de videovigilancia.<\/li>\n<li style='margin-bottom: 8px;'>Muchas aplicaciones m\u00e1s.<\/li>\n<\/ul><\/div>\n<\/p><\/div>\n","protected":false},"excerpt":{"rendered":"<p>Bater\u00eda 12V, 8AH, Para Respaldo, Tecnolog\u00edas AGM\/VRLA, 5 A\u00f1os Vida \u00datil, Terminales F2, Reconocida UL<\/p>\n","protected":false},"featured_media":106279,"comment_status":"open","ping_status":"closed","template":"","meta":[],"product_brand":[],"product_cat":[141],"product_tag":[143,142,236],"class_list":{"0":"post-106280","1":"product","2":"type-product","3":"status-publish","4":"has-post-thumbnail","6":"product_cat-baterias","7":"product_tag-baterias","8":"product_tag-energia","9":"product_tag-power-sonic","11":"first","12":"instock","13":"sale","14":"shipping-taxable","15":"purchasable","16":"product-type-simple"},"_links":{"self":[{"href":"https:\/\/soydeaqui.ddns.net\/pachuca\/index.php\/wp-json\/wp\/v2\/product\/106280","targetHints":{"allow":["GET"]}}],"collection":[{"href":"https:\/\/soydeaqui.ddns.net\/pachuca\/index.php\/wp-json\/wp\/v2\/product"}],"about":[{"href":"https:\/\/soydeaqui.ddns.net\/pachuca\/index.php\/wp-json\/wp\/v2\/types\/product"}],"replies":[{"embeddable":true,"href":"https:\/\/soydeaqui.ddns.net\/pachuca\/index.php\/wp-json\/wp\/v2\/comments?post=106280"}],"wp:featuredmedia":[{"embeddable":true,"href":"https:\/\/soydeaqui.ddns.net\/pachuca\/index.php\/wp-json\/wp\/v2\/media\/106279"}],"wp:attachment":[{"href":"https:\/\/soydeaqui.ddns.net\/pachuca\/index.php\/wp-json\/wp\/v2\/media?parent=106280"}],"wp:term":[{"taxonomy":"product_brand","embeddable":true,"href":"https:\/\/soydeaqui.ddns.net\/pachuca\/index.php\/wp-json\/wp\/v2\/product_brand?post=106280"},{"taxonomy":"product_cat","embeddable":true,"href":"https:\/\/soydeaqui.ddns.net\/pachuca\/index.php\/wp-json\/wp\/v2\/product_cat?post=106280"},{"taxonomy":"product_tag","embeddable":true,"href":"https:\/\/soydeaqui.ddns.net\/pachuca\/index.php\/wp-json\/wp\/v2\/product_tag?post=106280"}],"curies":[{"name":"wp","href":"https:\/\/api.w.org\/{rel}","templated":true}]}}