{"id":106270,"date":"2026-03-20T16:07:04","date_gmt":"2026-03-20T16:07:04","guid":{"rendered":"https:\/\/soydeaqui.ddns.net\/pachuca\/index.php\/producto\/bateria-12v-40ah-para-respaldo-tecnologias-agm-vrla-5-anos-vida-util-terminales-nb-reconocida-ul\/"},"modified":"2026-03-20T16:07:14","modified_gmt":"2026-03-20T16:07:14","slug":"bateria-12v-40ah-para-respaldo-tecnologias-agm-vrla-5-anos-vida-util-terminales-nb-reconocida-ul","status":"publish","type":"product","link":"https:\/\/soydeaqui.ddns.net\/pachuca\/index.php\/producto\/bateria-12v-40ah-para-respaldo-tecnologias-agm-vrla-5-anos-vida-util-terminales-nb-reconocida-ul\/","title":{"rendered":"Bater\u00eda 12V, 40AH, Para Respaldo, Tecnolog\u00edas AGM\/VRLA, 5 A\u00f1os Vida \u00datil, Terminales NB, Reconocida UL"},"content":{"rendered":"<div style='width: 100%; max-width: 1200px; margin: 0 auto; font-family: sans-serif; line-height: 1.6; color: inherit; background-color: transparent;'> <!-- Secci\u00f3n de descripci\u00f3n --> <\/p>\n<div style='margin-bottom: 30px;'>\n<p style='margin-top: 0; margin-bottom: 15px; font-size: 15px; color: inherit; text-align: justify;'> <strong style='color: inherit;'>Power Sonic<\/strong> ofrece una amplia gama de productos de bater\u00eda innovadores que incluyen tecnolog\u00edas de litio y \u00e1cido de plomo selladas. Esto garantiza que tengamos la bater\u00eda adecuada para satisfacer las demandas \u00fanicas de su aplicaci\u00f3n. <\/p>\n<p style='margin-top: 0; margin-bottom: 15px; font-size: 15px; color: inherit; text-align: justify;'> <strong style='color: inherit;'>Power Sonic<\/strong> ha brindado soluciones de bater\u00edas seguras&comma; confiables y de calidad en todo el mundo durante m\u00e1s de 50 a\u00f1os. Nuestros productos de bater\u00eda est\u00e1n dise\u00f1ados y fabricados con los \u00faltimos equipos de \u00faltima generaci\u00f3n y est\u00e1n sujetos al control de calidad m\u00e1s estricto. Este proceso es clave para garantizar tanto la consistencia como la confiabilidad con cualquier producto que lleve el nombre de <strong style='color: inherit;'>Power Sonic<\/strong>. <\/p>\n<\/p><\/div>\n<p> <!-- Secci\u00f3n de serie --> <\/p>\n<div style='margin-bottom: 30px;'>\n<h3 style='font-size: 22px; border-bottom: 2px solid currentColor; padding-bottom: 5px; margin-top: 0; color: inherit; opacity: 0.8;'>Serie PS<\/h3>\n<p style='margin-top: 15px; margin-bottom: 15px; font-size: 15px; color: inherit; text-align: justify;'> La serie <strong style='color: inherit;'>PS<\/strong> de Power Sonic <strong style='color: inherit;'>bater\u00edas selladas de plomo-\u00e1cido<\/strong> se ha dise\u00f1ado con tecnolog\u00eda <strong style='color: inherit;'>AGM<\/strong> (Absorbent Glass Mat) para garantizar un rendimiento y una fiabilidad superiores. Disponibles en <strong style='color: inherit;'>2&comma; 4&comma; 6 y 12 V<\/strong> con capacidades desde <strong style='color: inherit;'>0.8 a 260 AH<\/strong>. Con gran variedad de modelos&comma; es la primera opci\u00f3n para la industria de seguridad humana. <\/p>\n<\/p><\/div>\n<p> <!-- Secci\u00f3n de caracter\u00edsticas generales --> <\/p>\n<div style='margin-bottom: 30px;'>\n<h3 style='font-size: 22px; border-bottom: 2px solid currentColor; padding-bottom: 5px; margin-top: 0; color: inherit; opacity: 0.8;'>Caracter\u00edsticas Generales Serie PS<\/h3>\n<ul style='padding-left: 20px; margin-top: 15px; font-size: 15px; color: inherit; list-style-type: disc;'>\n<li style='margin-bottom: 5px;'><strong style='color: inherit;'>Bater\u00edas selladas de plomo \u00e1cido<\/strong><\/li>\n<li style='margin-bottom: 5px;'><strong style='color: inherit;'>Dise\u00f1o de 5 a\u00f1os de vida \u00fatil<\/strong><\/li>\n<li style='margin-bottom: 5px;'><strong style='color: inherit;'>Reconocida UL<\/strong><\/li>\n<li style='margin-bottom: 5px;'><strong style='color: inherit;'>Tecnolog\u00eda VRLA<\/strong> (Valve Regulated Lead Acid) para larga vida \u00fatil por liberaci\u00f3n de gases<\/li>\n<li style='margin-bottom: 5px;'><strong style='color: inherit;'>Tecnolog\u00eda AGM<\/strong> (Absorbent Glass Mat) para garantizar un rendimiento y una fiabilidad superiores<\/li>\n<li style='margin-bottom: 5px;'>Relaci\u00f3n de potencia y volumen que produce una densidad de energ\u00eda inigualable<\/li>\n<li style='margin-bottom: 5px;'><strong style='color: inherit;'>Libre de mantenimiento<\/strong><\/li>\n<li style='margin-bottom: 5px;'><strong style='color: inherit;'>Recargables con cargadores VRLA<\/strong><\/li>\n<li style='margin-bottom: 5px;'>Construcci\u00f3n a <strong style='color: inherit;'>prueba de derrames<\/strong> regulada por v\u00e1lvula permite una operaci\u00f3n segura en cualquier orientaci\u00f3n (excepto el uso continuo invertido)<\/li>\n<li style='margin-bottom: 5px;'>Caja de <strong style='color: inherit;'>ABS resistente a impactos<\/strong> y cubierta <strong style='color: inherit;'>retardante de llama<\/strong> seg\u00fan <strong style='color: inherit;'>UL94:HB<\/strong> y <strong style='color: inherit;'>UL94:V0<\/strong><\/li>\n<li style='margin-bottom: 5px;'><strong style='color: inherit;'>Baja tasa de descarga<\/strong> para una larga vida \u00fatil<\/li>\n<li style='margin-bottom: 5px;'>Certificado <strong style='color: inherit;'>ISO 9001:2015<\/strong><\/li>\n<\/ul><\/div>\n<p> <!-- Secci\u00f3n de caracter\u00edsticas espec\u00edficas --> <\/p>\n<div style='margin-bottom: 30px;'>\n<h3 style='font-size: 22px; border-bottom: 2px solid currentColor; padding-bottom: 5px; margin-top: 0; color: inherit; opacity: 0.8;'>Caracter\u00edsticas PS-12400-NB<\/h3>\n<ul style='padding-left: 20px; margin-top: 15px; font-size: 15px; color: inherit; list-style-type: disc;'>\n<li style='margin-bottom: 5px;'><strong style='color: inherit;'>Dise\u00f1o de 5 a\u00f1os de vida \u00fatil<\/strong><\/li>\n<li style='margin-bottom: 5px;'><strong style='color: inherit;'>Reconocida UL<\/strong><\/li>\n<li style='margin-bottom: 5px;'><strong style='color: inherit;'>Tipo de terminal:<\/strong> NB<\/li>\n<li style='margin-bottom: 5px;'><strong style='color: inherit;'>Voltaje Nominal:<\/strong> 12V<\/li>\n<li style='margin-bottom: 5px;'><strong style='color: inherit;'>Capacidad @20HR (AH):<\/strong> 40.0 AH<\/li>\n<li style='margin-bottom: 5px;'><strong style='color: inherit;'>Capacidad @10HR (AH):<\/strong> 38.0 AH<\/li>\n<li style='margin-bottom: 5px;'><strong style='color: inherit;'>Peso:<\/strong> 13.2 kg\/29.1 lbs<\/li>\n<li style='margin-bottom: 5px;'><strong style='color: inherit;'>Dimensiones:<\/strong> 7.76\u201d\/197 mm Longitud x 6.50\u201d\/165 mm Ancho x 6.69\u201d\/170 mm Altura<\/li>\n<li style='margin-bottom: 5px;'><strong style='color: inherit;'>Cargador recomendado:<\/strong> <a href='https:\/\/www.syscom.mx\/principal\/searchcont?route=PSC-126000ACX-POWER-SONIC-218411&#038;autodetect=PSC-126000ACX' style='color: inherit; text-decoration: underline;'>PSC-126000ACX<\/a>&comma; <a href='https:\/\/www.syscom.mx\/principal\/searchcont?route=PSC-1212000ACX-POWER-SONIC-218412&#038;autodetect=PSC' style='color: inherit; text-decoration: underline;'>PSC-1212000ACX<\/a><\/li>\n<\/ul><\/div>\n<p> <!-- Secci\u00f3n de aplicaciones --> <\/p>\n<div style='margin-bottom: 30px;'>\n<h3 style='font-size: 22px; border-bottom: 2px solid currentColor; padding-bottom: 5px; margin-top: 0; color: inherit; opacity: 0.8;'>Aplicaciones recomendadas<\/h3>\n<p style='margin-top: 15px; margin-bottom: 15px; font-size: 15px; color: inherit; text-align: justify;'> <strong style='color: inherit;'>Ideal como respaldo de energ\u00eda para:<\/strong> <\/p>\n<ul style='padding-left: 20px; margin-top: 15px; font-size: 15px; color: inherit; list-style-type: disc;'>\n<li style='margin-bottom: 5px;'>Sistemas de seguridad y emergencia<\/li>\n<li style='margin-bottom: 5px;'>Sistemas de control de acceso<\/li>\n<li style='margin-bottom: 5px;'>Sistemas de alarma<\/li>\n<li style='margin-bottom: 5px;'>Sistemas de detecci\u00f3n de incendio<\/li>\n<li style='margin-bottom: 5px;'>Sistemas de videovigilancia<\/li>\n<\/ul><\/div>\n<\/p><\/div>\n","protected":false},"excerpt":{"rendered":"<p>Bater\u00eda 12V, 40AH, Para Respaldo, Tecnolog\u00edas AGM\/VRLA, 5 A\u00f1os Vida \u00datil, Terminales NB, Reconocida UL<\/p>\n","protected":false},"featured_media":106269,"comment_status":"open","ping_status":"closed","template":"","meta":[],"product_brand":[],"product_cat":[141],"product_tag":[143,142,236],"class_list":{"0":"post-106270","1":"product","2":"type-product","3":"status-publish","4":"has-post-thumbnail","6":"product_cat-baterias","7":"product_tag-baterias","8":"product_tag-energia","9":"product_tag-power-sonic","11":"first","12":"instock","13":"sale","14":"shipping-taxable","15":"purchasable","16":"product-type-simple"},"_links":{"self":[{"href":"https:\/\/soydeaqui.ddns.net\/pachuca\/index.php\/wp-json\/wp\/v2\/product\/106270","targetHints":{"allow":["GET"]}}],"collection":[{"href":"https:\/\/soydeaqui.ddns.net\/pachuca\/index.php\/wp-json\/wp\/v2\/product"}],"about":[{"href":"https:\/\/soydeaqui.ddns.net\/pachuca\/index.php\/wp-json\/wp\/v2\/types\/product"}],"replies":[{"embeddable":true,"href":"https:\/\/soydeaqui.ddns.net\/pachuca\/index.php\/wp-json\/wp\/v2\/comments?post=106270"}],"wp:featuredmedia":[{"embeddable":true,"href":"https:\/\/soydeaqui.ddns.net\/pachuca\/index.php\/wp-json\/wp\/v2\/media\/106269"}],"wp:attachment":[{"href":"https:\/\/soydeaqui.ddns.net\/pachuca\/index.php\/wp-json\/wp\/v2\/media?parent=106270"}],"wp:term":[{"taxonomy":"product_brand","embeddable":true,"href":"https:\/\/soydeaqui.ddns.net\/pachuca\/index.php\/wp-json\/wp\/v2\/product_brand?post=106270"},{"taxonomy":"product_cat","embeddable":true,"href":"https:\/\/soydeaqui.ddns.net\/pachuca\/index.php\/wp-json\/wp\/v2\/product_cat?post=106270"},{"taxonomy":"product_tag","embeddable":true,"href":"https:\/\/soydeaqui.ddns.net\/pachuca\/index.php\/wp-json\/wp\/v2\/product_tag?post=106270"}],"curies":[{"name":"wp","href":"https:\/\/api.w.org\/{rel}","templated":true}]}}