{"id":106263,"date":"2026-03-20T16:06:44","date_gmt":"2026-03-20T16:06:44","guid":{"rendered":"https:\/\/soydeaqui.ddns.net\/pachuca\/index.php\/producto\/domo-ip-ptz-2mp-antivandalico-40x-zoom-optico-ir-200m-wdr-150db-auto-tracking-video-analiticos-h-265-wisestream-ii\/"},"modified":"2026-03-20T16:06:56","modified_gmt":"2026-03-20T16:06:56","slug":"domo-ip-ptz-2mp-antivandalico-40x-zoom-optico-ir-200m-wdr-150db-auto-tracking-video-analiticos-h-265-wisestream-ii","status":"publish","type":"product","link":"https:\/\/soydeaqui.ddns.net\/pachuca\/index.php\/producto\/domo-ip-ptz-2mp-antivandalico-40x-zoom-optico-ir-200m-wdr-150db-auto-tracking-video-analiticos-h-265-wisestream-ii\/","title":{"rendered":"Domo IP PTZ 2MP Antivand\u00e1lico \/ 40X Zoom \u00d3ptico \/ IR 200m \/ WDR 150DB \/ Auto Tracking \/ Video Anal\u00edticos \/ H.265 &#038; WiseStream II"},"content":{"rendered":"<div style=\"width: 100%; max-width: 1200px; margin: 0 auto; font-family: sans-serif; line-height: 1.6; color: inherit; background-color: transparent;\"><!-- Imagen principal --><\/p>\n<div style=\"text-align: center; margin: 30px 0;\"><a href=\"https:\/\/syscom.mx\/principal\/consultarproductosazul?global_search=htasx&#038;ordenar=Relevancia&#038;pag=1\" target=\"_blank\" rel=\"noopener\"><img decoding=\"async\" style=\"width: 100%; max-width: 483px; height: auto; border: 1px solid rgba(150&comma; 150&comma; 150&comma; 0.3); border-radius: 8px;\" src=\"https:\/\/ftp3.syscom.mx\/usuarios\/gmagos\/Hanwha\/fotos\/wisenet-X%5B1%5D%201.png\" alt=\"\" class=\"fr-fic fr-dii\"><\/a><\/div>\n<p><!-- Secci\u00f3n de contenido con im\u00e1genes y texto --><\/p>\n<div style=\"display: flex; flex-wrap: wrap; gap: 30px; margin-bottom: 30px;\">\n<div style=\"flex: 1 1 300px; min-width: 280px;\">\n<div style=\"position: relative; padding-bottom: 56.25%; height: 0; overflow: hidden; margin-bottom: 30px;\"> <\/div>\n<\/div>\n<div style=\"flex: 1 1 300px; min-width: 280px;\">\n<h3 style=\"font-size: 22px; border-bottom: 2px solid currentColor; padding-bottom: 5px; margin-top: 0; color: inherit; opacity: 0.8;\">H.265 + <span style=\"color: #f37934;\">WiseStream II<\/span><\/h3>\n<p style=\"font-size: 15px; color: inherit; text-align: justify;\">Mediante WiseStream II&comma; la tecnolog&iacute;a de compresi&oacute;n de v&iacute;deo de Hanwha Techwin&comma; la serie Wisenet X <span style=\"color: #f37934;\">reduce el almacenamiento de datos hasta un <strong>99%<\/strong><\/span> en comparaci&oacute;n con la actual tecnolog&iacute;a H.264&comma; cuando se combina con la compresi&oacute;n H.265. Los costes del sistema se reducen enormemente sin comprometer la calidad de las im&aacute;genes.<\/p>\n<\/div>\n<\/div>\n<p><!-- Secci\u00f3n WDR 150dB --><\/p>\n<div style=\"display: flex; flex-wrap: wrap; gap: 30px; margin-bottom: 30px;\">\n<div style=\"flex: 1 1 300px; min-width: 280px;\">\n<h3 style=\"font-size: 22px; border-bottom: 2px solid currentColor; padding-bottom: 5px; margin-top: 0; color: inherit; opacity: 0.8;\">WDR <span style=\"color: #f37934;\">150 dB<\/span><\/h3>\n<p style=\"font-size: 15px; color: inherit; text-align: justify;\">Una imagen de amplio rango din&aacute;mico se forma combinando 2 capturas con distintas exposiciones. La serie Wisenet X con un amplio rango din&aacute;mico de <span style=\"color: #f37934;\">150 dB<\/span> utiliza 4 capturas para crear im&aacute;genes m&aacute;s naturales. Las zonas borrosas son un punto d&eacute;bil cr&iacute;tico asociado al amplio rango din&aacute;mico&comma; pero esta nueva tecnolog&iacute;a elimina todo tipo de movimientos&comma; proporcionando im&aacute;genes vistosas y claras.<\/p>\n<p style=\"font-size: 15px; color: inherit; text-align: justify;\"><em>* Las c&aacute;maras de la serie Wisenet X de 5MP tienen 120dB.<\/em><\/p>\n<\/div>\n<div style=\"flex: 1 1 300px; min-width: 280px;\">\n<div style=\"position: relative; padding-bottom: 56.25%; height: 0; overflow: hidden; margin-bottom: 30px;\"> <\/div>\n<\/div>\n<\/div>\n<p><!-- Secci\u00f3n Iluminaci\u00f3n a Color --><\/p>\n<div style=\"display: flex; flex-wrap: wrap; gap: 30px; margin-bottom: 30px;\">\n<div style=\"flex: 1 1 300px; min-width: 280px;\">\n<div style=\"position: relative; padding-bottom: 56.25%; height: 0; overflow: hidden; margin-bottom: 30px;\"> <\/div>\n<\/div>\n<div style=\"flex: 1 1 300px; min-width: 280px;\">\n<h3 style=\"font-size: 22px; border-bottom: 2px solid currentColor; padding-bottom: 5px; margin-top: 0; color: inherit; opacity: 0.8;\">Iluminaci&oacute;n a Color<\/h3>\n<p style=\"font-size: 15px; color: inherit; text-align: justify;\">Con el potente nuevo chipset de la serie Wisenet X y la asombrosa tecnolog&iacute;a de lentes de Hanwha Techwin&comma; se pueden supervisar im&aacute;genes en entornos de poca luz&comma; incluso en color sin utilizar LED IR. Ahora se pueden capturar im&aacute;genes vistosas con independencia de la zona y de la hora del d&iacute;a.<\/p>\n<\/div>\n<\/div>\n<p><!-- Secci\u00f3n de caracter\u00edsticas t\u00e9cnicas --><\/p>\n<div style=\"text-align: center; margin: 40px 0;\">\n<h2 style=\"font-size: 20px; color: inherit; opacity: 0.9;\"><strong>Caracter&iacute;sticas t&eacute;cnicas<\/strong><\/h2>\n<\/div>\n<p><!-- Secci\u00f3n de cards con especificaciones --><\/p>\n<div style=\"display: flex; flex-wrap: wrap; gap: 20px; margin-bottom: 30px;\"><!-- Video y lente --><\/p>\n<div style=\"flex: 1 1 250px; border: 1px solid rgba(150&comma; 150&comma; 150&comma; 0.4); border-radius: 8px; overflow: hidden; display: flex; flex-direction: column;\">\n<div style=\"padding: 15px; border-bottom: 1px solid rgba(150&comma; 150&comma; 150&comma; 0.2); font-weight: bold; font-size: 18px; color: inherit;\">Video<\/div>\n<div style=\"padding: 15px; color: inherit;\">\n<ul style=\"padding-left: 20px; margin: 0; font-size: 14px; list-style-type: disc;\">\n<li style=\"margin-bottom: 5px;\"><strong>Compresi&oacute;n:<\/strong> H.265 &amp; WiseStream II <span style=\"color: #f37934;\">hasta 99% de compresi&oacute;n<\/span> \/ H.264 \/ High Profile \/ MJPEG<\/li>\n<li style=\"margin-bottom: 5px;\"><strong>Resoluci&oacute;n m&aacute;xima:<\/strong> <span style=\"color: #f37934;\">2MP@<\/span><span style=\"color: #f37934;\">60IPS<\/span><\/li>\n<li style=\"margin-bottom: 5px;\"><strong>Dual Stream \/ Dual Codec<\/strong> Simult&aacute;neos con configuraciones diferentes<\/li>\n<\/ul>\n<\/div>\n<div style=\"padding: 15px; border-top: 1px solid rgba(150&comma; 150&comma; 150&comma; 0.2); font-weight: bold; font-size: 18px; color: inherit;\">Lente<\/div>\n<div style=\"padding: 15px; color: inherit;\">\n<ul style=\"padding-left: 20px; margin: 0; font-size: 14px; list-style-type: disc;\">\n<li style=\"margin-bottom: 5px;\"><strong>Lente<\/strong> de 4.25 &#8211; 170 mm. (40 x)<\/li>\n<\/ul>\n<\/div>\n<div style=\"padding: 15px; border-top: 1px solid rgba(150&comma; 150&comma; 150&comma; 0.2); font-weight: bold; font-size: 18px; color: inherit;\">Funciones<\/div>\n<div style=\"padding: 15px; color: inherit;\">\n<ul style=\"padding-left: 20px; margin: 0; font-size: 14px; list-style-type: disc;\">\n<li style=\"margin-bottom: 5px;\">Compensaci&oacute;n de luz: <strong>WDR 150dB<\/strong>&comma; BLC&comma; HLC&comma; SSDR<\/li>\n<li style=\"margin-bottom: 5px;\"><strong>IR de 200 m<\/strong><\/li>\n<\/ul>\n<\/div>\n<\/div>\n<p><!-- Interfaces --><\/p>\n<div style=\"flex: 1 1 250px; border: 1px solid rgba(150&comma; 150&comma; 150&comma; 0.4); border-radius: 8px; overflow: hidden; display: flex; flex-direction: column;\">\n<div style=\"padding: 15px; border-bottom: 1px solid rgba(150&comma; 150&comma; 150&comma; 0.2); font-weight: bold; font-size: 18px; color: inherit;\">Interfaces<\/div>\n<div style=\"padding: 15px; color: inherit;\">\n<ul style=\"padding-left: 20px; margin: 0; font-size: 14px; list-style-type: disc;\">\n<li style=\"margin-bottom: 5px;\">1 Puerto Ethernet RJ45 10\/100 Base-T<\/li>\n<li style=\"margin-bottom: 5px;\">2 Slots para tarjetas SD de hastas 512 GB cada uno<\/li>\n<li style=\"margin-bottom: 5px;\">4GB memoria RAM&comma; 512MB flash<\/li>\n<\/ul>\n<\/div>\n<div style=\"padding: 15px; border-top: 1px solid rgba(150&comma; 150&comma; 150&comma; 0.2); font-weight: bold; font-size: 18px; color: inherit;\">Caracter&iacute;sticas F&iacute;sicas y El&eacute;ctricas<\/div>\n<div style=\"padding: 15px; color: inherit;\">\n<ul style=\"padding-left: 20px; margin: 0; font-size: 14px; list-style-type: disc;\">\n<li style=\"margin-bottom: 5px;\">Protecci&oacute;n: Interior\/Exterior&comma; IP66 \/ IK10 \/ NEMA 4X<\/li>\n<li style=\"margin-bottom: 5px;\">Temperatura de Operaci&oacute;n: -40&deg;C ~ +55&deg;C<\/li>\n<li style=\"margin-bottom: 5px;\">Alimentaci&oacute;n: HPOE (IEEE 802.3bt&comma; Class6&comma; type3) Inyector Incluido<\/li>\n<li style=\"margin-bottom: 5px;\">Consumo: Max. 42 W (solo camara)<\/li>\n<li style=\"margin-bottom: 5px;\">Dimensiones: &Oslash;184.9&#215;318.8mm (7.28 x 12.55&#39;)<\/li>\n<li style=\"margin-bottom: 5px;\">Peso: 5.4 Kg (11.90 lb)<\/li>\n<\/ul>\n<\/div>\n<\/div>\n<p><!-- Anal\u00edticos --><\/p>\n<div style=\"flex: 1 1 250px; border: 1px solid rgba(150&comma; 150&comma; 150&comma; 0.4); border-radius: 8px; overflow: hidden; display: flex; flex-direction: column;\">\n<div style=\"padding: 15px; border-bottom: 1px solid rgba(150&comma; 150&comma; 150&comma; 0.2); font-weight: bold; font-size: 18px; color: inherit;\">Video Anal&iacute;ticos Avanzados<\/div>\n<div style=\"padding: 15px; color: inherit;\">\n<ul style=\"padding-left: 20px; margin: 0; font-size: 14px; list-style-type: disc;\">\n<li style=\"margin-bottom: 5px;\">Manipulaci&oacute;n<\/li>\n<li style=\"margin-bottom: 5px;\">Merodeo<\/li>\n<li style=\"margin-bottom: 5px;\">Detecci&oacute;n de direcci&oacute;n<\/li>\n<li style=\"margin-bottom: 5px;\">Detecci&oacute;n de niebla<\/li>\n<li style=\"margin-bottom: 5px;\"><strong>Cruce de l&iacute;nea<\/strong><\/li>\n<li style=\"margin-bottom: 5px;\">Entrada \/ Salida<\/li>\n<li style=\"margin-bottom: 5px;\">Aparici&oacute;n \/ Desaparici&oacute;n<\/li>\n<li style=\"margin-bottom: 5px;\">Detecci&oacute;n de Audio<\/li>\n<li style=\"margin-bottom: 5px;\"><strong>Detecci&oacute;n de Rostros<\/strong><\/li>\n<li style=\"margin-bottom: 5px;\">Detecci&oacute;n de Movimiento<\/li>\n<li style=\"margin-bottom: 5px;\"><strong>Linea virtual<\/strong><\/li>\n<\/ul>\n<\/div>\n<div style=\"padding: 15px; border-top: 1px solid rgba(150&comma; 150&comma; 150&comma; 0.2); font-weight: bold; font-size: 18px; color: inherit;\">Accesorios Opcionales<\/div>\n<div style=\"padding: 15px; color: inherit;\">\n<ul style=\"padding-left: 20px; margin: 0; font-size: 14px; list-style-type: disc;\">\n<li style=\"margin-bottom: 5px;\"><a href=\"https:\/\/www.syscom.mx\/producto\/SBP-156CMW-Hanwha-Techwin-Wisenet-192705.html\" target=\"_blank\" rel=\"noopener\" style=\"color: #005cb9; text-decoration: none;\">SBP-156CMW<\/a> Montaje de techo<\/li>\n<li style=\"margin-bottom: 5px;\"><a href=\"https:\/\/www.syscom.mx\/producto\/SBP-156WMW-Hanwha-Techwin-Wisenet-192703.html\" target=\"_blank\" rel=\"noopener\" style=\"color: #005cb9; text-decoration: none;\">SBP-156WMW<\/a> Montaje de pared<\/li>\n<li style=\"margin-bottom: 5px;\"><a href=\"https:\/\/www.syscom.mx\/producto\/SBP-156HMW-Hanwha-Techwin-Wisenet-192704.html\" target=\"_blank\" rel=\"noopener\" style=\"color: #005cb9; text-decoration: none;\">SBP-156HMW<\/a> Adaptador para colocar montajes adicionales<\/li>\n<li style=\"margin-bottom: 5px;\"><a href=\"https:\/\/www.syscom.mx\/producto\/SBP-300WMW1-Hanwha-Techwin-Wisenet-164078.html\" target=\"_blank\" rel=\"noopener\" style=\"color: #005cb9; text-decoration: none;\">SBP-300WMW1<\/a> Montaje de pared (requiere adaptador SBP-156HMW)<\/li>\n<li style=\"margin-bottom: 5px;\"><a href=\"https:\/\/www.syscom.mx\/producto\/SBP-300CMW-Hanwha-Techwin-Wisenet-164080.html\" target=\"_blank\" rel=\"noopener\" style=\"color: #005cb9; text-decoration: none;\">SBP-300CMW<\/a> Montaje de techo (requiere adaptador SBP-156HMW)<\/li>\n<\/ul>\n<\/div>\n<\/div>\n<\/div>\n<p><!-- Secci\u00f3n de caracter\u00edsticas adicionales --><\/p>\n<div style=\"text-align: center; margin: 40px 0;\">\n<h2 style=\"font-size: 20px; color: inherit; opacity: 0.9;\"><strong>Otras caracter&iacute;sticas<\/strong><\/h2>\n<\/div>\n<p><!-- Secci\u00f3n de cards con caracter\u00edsticas adicionales --><\/p>\n<div style=\"display: flex; flex-wrap: wrap; gap: 20px; margin-bottom: 30px; justify-content: center;\">\n<div style=\"flex: 1 1 200px; max-width: 300px; border: 1px solid rgba(150&comma; 150&comma; 150&comma; 0.4); border-radius: 8px; overflow: hidden; text-align: center;\">\n<div style=\"padding: 15px; background-color: #f8f8f8; color: inherit; font-weight: bold; font-size: 16px; border-bottom: 1px solid rgba(150&comma; 150&comma; 150&comma; 0.2);\">H.265 &amp; WiseStream II<\/div>\n<\/div>\n<div style=\"flex: 1 1 200px; max-width: 300px; border: 1px solid rgba(150&comma; 150&comma; 150&comma; 0.4); border-radius: 8px; overflow: hidden; text-align: center;\">\n<div style=\"padding: 15px; background-color: #f8f8f8; color: inherit; font-weight: bold; font-size: 16px; border-bottom: 1px solid rgba(150&comma; 150&comma; 150&comma; 0.2);\">Anal&iacute;ticos de Audio<\/div>\n<\/div>\n<div style=\"flex: 1 1 200px; max-width: 300px; border: 1px solid rgba(150&comma; 150&comma; 150&comma; 0.4); border-radius: 8px; overflow: hidden; text-align: center;\">\n<div style=\"padding: 15px; background-color: #f8f8f8; color: inherit; font-weight: bold; font-size: 16px; border-bottom: 1px solid rgba(150&comma; 150&comma; 150&comma; 0.2);\">Estabilizacion de Imagen<\/div>\n<\/div>\n<\/div>\n<p><!-- Secci\u00f3n de videos adicionales --><\/p>\n<div style=\"display: flex; flex-wrap: wrap; gap: 20px; margin: 40px 0; justify-content: center;\">\n<div style=\"flex: 1 1 250px; min-width: 280px;\">\n<div style=\"position: relative; padding-bottom: 56.25%; height: 0; overflow: hidden; margin-bottom: 15px;\"> <\/div>\n<div style=\"text-align: center; font-size: 14px; color: inherit;\">Demostraci&oacute;n WDR 150dB<\/div>\n<\/div>\n<div style=\"flex: 1 1 250px; min-width: 280px;\">\n<div style=\"position: relative; padding-bottom: 56.25%; height: 0; overflow: hidden; margin-bottom: 15px;\"> <\/div>\n<div style=\"text-align: center; font-size: 14px; color: inherit;\">Detecci&oacute;n de Rostros<\/div>\n<\/div>\n<div style=\"flex: 1 1 250px; min-width: 280px;\">\n<div style=\"position: relative; padding-bottom: 56.25%; height: 0; overflow: hidden; margin-bottom: 15px;\"> <\/div>\n<div style=\"text-align: center; font-size: 14px; color: inherit;\">Funci&oacute;n Handover<\/div>\n<\/div>\n<\/div>\n<p><!-- Notas finales --><\/p>\n<div style=\"margin: 30px 0; padding: 20px; border-left: 5px solid #f37324; background-color: rgba(240&comma;240&comma;240&comma;0.5); color: inherit;\">\n<p style=\"margin: 0; font-size: 14px; color: inherit;\"><strong>Nota:<\/strong> Los montajes se cotizan por separado&comma; revisar los accesorios necesarios seg&uacute;n la instalaci&oacute;n<\/p>\n<\/div>\n<div style=\"text-align: center; margin: 30px 0;\">\n<p style=\"margin: 0; font-size: 14px; color: inherit;\">Para m&aacute;s informaci&oacute;n&comma; ingrese <a href=\"https:\/\/hanwhavisionamerica.com\/download\/30483\/\" target=\"_blank\" rel=\"noopener\" style=\"color: #005cb9; text-decoration: none;\">aqu&iacute;<\/a><\/p>\n<\/div>\n<p><!-- Imagen final --><\/p>\n<div style=\"text-align: center; margin: 30px 0;\"><a href=\"http:\/\/soporte.syscom.mx\/videovigilancia\/hanwha-lista-de-tips-tecnicos\" target=\"_blank\" rel=\"noopener\"><img decoding=\"async\" style=\"width: 100%; max-width: 432px; height: auto; border: 1px solid rgba(150&comma; 150&comma; 150&comma; 0.3); border-radius: 8px;\" src=\"https:\/\/35.165.177.10\/usuarios\/gmagos\/Hanwha\/fotos\/basede1%20%281%29.png\" alt=\"\" class=\"fr-fic fr-dii\"><\/a><\/div>\n<p><!-- Separador final --><\/p>\n<hr style=\"border: 0; border-top: 1px solid rgba(150&comma; 150&comma; 150&comma; 0.3); margin: 30px 0;\"><\/div>\n","protected":false},"excerpt":{"rendered":"<p>Domo IP PTZ 2MP Antivand\u00e1lico \/ 40X Zoom \u00d3ptico \/ IR 200m \/ WDR 150DB \/ Auto Tracking \/ Video Anal\u00edticos \/ H.265 &#038; WiseStream II<\/p>\n","protected":false},"featured_media":106262,"comment_status":"open","ping_status":"closed","template":"","meta":[],"product_brand":[],"product_cat":[1224],"product_tag":[122,2260,1225],"class_list":{"0":"post-106263","1":"product","2":"type-product","3":"status-publish","4":"has-post-thumbnail","6":"product_cat-ptz","7":"product_tag-camaras-ip-y-nvrs","8":"product_tag-hanwha-techwin-wisenet","9":"product_tag-ptz","11":"first","12":"outofstock","13":"sale","14":"shipping-taxable","15":"purchasable","16":"product-type-simple"},"_links":{"self":[{"href":"https:\/\/soydeaqui.ddns.net\/pachuca\/index.php\/wp-json\/wp\/v2\/product\/106263","targetHints":{"allow":["GET"]}}],"collection":[{"href":"https:\/\/soydeaqui.ddns.net\/pachuca\/index.php\/wp-json\/wp\/v2\/product"}],"about":[{"href":"https:\/\/soydeaqui.ddns.net\/pachuca\/index.php\/wp-json\/wp\/v2\/types\/product"}],"replies":[{"embeddable":true,"href":"https:\/\/soydeaqui.ddns.net\/pachuca\/index.php\/wp-json\/wp\/v2\/comments?post=106263"}],"wp:featuredmedia":[{"embeddable":true,"href":"https:\/\/soydeaqui.ddns.net\/pachuca\/index.php\/wp-json\/wp\/v2\/media\/106262"}],"wp:attachment":[{"href":"https:\/\/soydeaqui.ddns.net\/pachuca\/index.php\/wp-json\/wp\/v2\/media?parent=106263"}],"wp:term":[{"taxonomy":"product_brand","embeddable":true,"href":"https:\/\/soydeaqui.ddns.net\/pachuca\/index.php\/wp-json\/wp\/v2\/product_brand?post=106263"},{"taxonomy":"product_cat","embeddable":true,"href":"https:\/\/soydeaqui.ddns.net\/pachuca\/index.php\/wp-json\/wp\/v2\/product_cat?post=106263"},{"taxonomy":"product_tag","embeddable":true,"href":"https:\/\/soydeaqui.ddns.net\/pachuca\/index.php\/wp-json\/wp\/v2\/product_tag?post=106263"}],"curies":[{"name":"wp","href":"https:\/\/api.w.org\/{rel}","templated":true}]}}