{"id":106244,"date":"2026-03-20T16:05:39","date_gmt":"2026-03-20T16:05:39","guid":{"rendered":"https:\/\/soydeaqui.ddns.net\/pachuca\/index.php\/producto\/nvr-de-16-canales-32mp-hasta-4-discos-duros-switch-poe-16-puertos-wisenet-p2p-h-265-wisestream\/"},"modified":"2026-03-20T16:05:47","modified_gmt":"2026-03-20T16:05:47","slug":"nvr-de-16-canales-32mp-hasta-4-discos-duros-switch-poe-16-puertos-wisenet-p2p-h-265-wisestream","status":"publish","type":"product","link":"https:\/\/soydeaqui.ddns.net\/pachuca\/index.php\/producto\/nvr-de-16-canales-32mp-hasta-4-discos-duros-switch-poe-16-puertos-wisenet-p2p-h-265-wisestream\/","title":{"rendered":"NVR de 16 canales \/ 32MP \/ Hasta 4 Discos Duros \/ Switch PoE+ 16 puertos \/ Wisenet P2P \/ H.265 &#038; WiseStream"},"content":{"rendered":"<div style='width: 100%; max-width: 1200px; margin: 0 auto; font-family: sans-serif; line-height: 1.6; color: inherit; background-color: transparent;'>\n<div style='text-align: center; margin-bottom: 30px;'> <a href='https:\/\/www.syscom.mx\/principal\/consultarproductosazul?global_search=HTANVR&#038;ordenar=Relevancia&#038;pag=1' target='_blank' rel='noopener'> <img style='width: 100%; max-width: 560px; height: auto; border: 1px solid rgba(150&comma;150&comma;150&comma;0.3); border-radius: 8px;' src='https:\/\/ftp3.syscom.mx\/usuarios\/gmagos\/Hanwha\/fotos\/Wisenet%20NVR.png' alt=''><\/a> <\/div>\n<div style='display: flex; flex-wrap: wrap; gap: 30px; margin-bottom: 30px;'>\n<div style='flex: 1 1 500px;'>\n<h2 style='font-size: 24px; color: #f37934; margin: 0 0 15px 0;'>Wisenet <span style='color: inherit;'>P2P<\/span><\/h2>\n<p style='text-align: justify; font-size: 14px;'>Mediante el servicio de Wisenet P2P&comma; agregue sus dispositivos a su app m\u00f3vil en menos de 2 minutos:<\/p>\n<ol style='padding-left: 20px; font-size: 14px;'>\n<li style='margin-bottom: 8px; text-align: justify;'>Abra la aplicaci\u00f3n <strong>Wisenet Mobile<\/strong>.<\/li>\n<li style='margin-bottom: 8px; text-align: justify;'>Escanee el c\u00f3digo QR que viene en la etiqueta del NVR.<\/li>\n<li style='margin-bottom: 8px; text-align: justify;'>Ingrese Usuario y Contrase\u00f1a del NVR.<\/li>\n<li style='margin-bottom: 8px; text-align: justify;'>Visualice sus equipos de manera remota.<\/li>\n<\/ol>\n<div style='margin: 20px 0; padding: 15px; background-color: rgba(248&comma; 249&comma; 250&comma; 0.7); color: #202124; border-radius: 8px;'> <strong>NOTA:<\/strong> El P2P es \u00fanicamente compatible con dispositivos m\u00f3viles a trav\u00e9s de la aplicaci\u00f3n Wisenet Mobile&comma; no es compatible con Smart Viewer&comma; SSM o Wisenet Wave. <\/div>\n<\/p><\/div>\n<div style='flex: 1 1 500px;'>\n<div style='position: relative; padding-bottom: 56.25%; height: 0; overflow: hidden;'>   <\/div>\n<\/p><\/div>\n<\/p><\/div>\n<div style='display: flex; flex-wrap: wrap; gap: 30px; margin-bottom: 30px;'>\n<div style='flex: 1 1 500px;'>\n<h2 style='font-size: 24px; color: #f37934; margin: 0 0 15px 0;'>Auto Recovery <span style='color: inherit;'>Backup<\/span> (ARB)<\/h2>\n<p style='text-align: justify; font-size: 14px;'>Recupere la grabaci\u00f3n perdida cuando una o varias c\u00e1maras IP se desconecten de su grabador.<\/p>\n<p style='text-align: justify; font-size: 14px;'>Cuando se detecte el corte de comunicaci\u00f3n entre c\u00e1mara IP &#8211; NVR&comma; la c\u00e1mara empezar\u00e1 a grabar por su tarjeta SD. Cuando regrese la comunicaci\u00f3n con el NVR&comma; la c\u00e1mara enviar\u00e1 toda la grabaci\u00f3n que hubo en el periodo de tiempo donde se perdi\u00f3 la conexi\u00f3n. Las c\u00e1maras compatibles con esta funci\u00f3n son todas las de la serie Q&comma; X y P.<\/p>\n<p style='margin-top: 15px;'> <a href='https:\/\/www.syscom.mx\/principal\/consultarproductosazul?global_search=arb&#038;ordenar=Relevancia&#038;stock=true&#038;pag=1' target='_blank' rel='noopener noreferrer'>C\u00e1maras compatibles en stock con ARB aqu\u00ed.<\/a> <\/p>\n<\/p><\/div>\n<div style='flex: 1 1 500px;'> <img style='width: 100%; height: auto; border: 1px solid rgba(150&comma;150&comma;150&comma;0.3); border-radius: 8px;' src='https:\/\/ftp3.syscom.mx\/usuarios\/fotos\/XRN3010A\/169720-arb.png' alt=''> <\/div>\n<\/p><\/div>\n<div style='display: flex; flex-wrap: wrap; gap: 30px; margin-bottom: 30px;'>\n<div style='flex: 1 1 500px;'>\n<div style='position: relative; padding-bottom: 56.25%; height: 0; overflow: hidden;'>   <\/div>\n<\/p><\/div>\n<div style='flex: 1 1 500px;'>\n<h2 style='font-size: 24px; color: #f37934; margin: 0 0 15px 0;'>Controlador <span style='color: inherit;'>SPC-2000<\/span><\/h2>\n<p style='text-align: justify; font-size: 14px;'>Utilice el controlador SPC-2000 para controlar su NVR. La conexi\u00f3n del accesorio es <strong>Plug &#038; Play<\/strong>&comma; solamente conecte por USB su joystick y comience a controlar su grabador&comma; no es necesario alguna configuraci\u00f3n adicional. Puede mandar llamar distintas cuadr\u00edculas&comma; ingresar al men\u00fa del grabador&comma; ver grabaci\u00f3n de video&comma; etc.<\/p>\n<p style='text-align: justify; font-size: 14px;'>Adicional&comma; puede controlar el movimiento de sus PTZ&#8217;s agregadas al grabador as\u00ed como sus Presets \/ Patrols \/ Patterns.<\/p>\n<p style='text-align: justify; font-size: 11px; color: rgba(0&comma;0&comma;0&comma;0.7);'> (Revise el video para mayor informaci\u00f3n) <\/p>\n<\/p><\/div>\n<\/p><\/div>\n<div style='margin: 40px 0; text-align: center;'>\n<h2 style='font-size: 24px; margin: 0 0 30px 0;'>Especificaciones t\u00e9cnicas<\/h2>\n<div style='display: flex; flex-wrap: wrap; gap: 20px; justify-content: center;'>\n<div style='flex: 1 1 300px; border: 1px solid rgba(150&comma; 150&comma; 150&comma; 0.4); border-radius: 8px; overflow: hidden;'>\n<div style='padding: 15px; border-bottom: 1px solid rgba(150&comma; 150&comma; 150&comma; 0.2); font-weight: bold; font-size: 18px; background-color: rgba(243&comma; 121&comma; 52&comma; 0.1);'>Caracter\u00edsticas generales<\/div>\n<div style='padding: 15px;'>\n<ul style='padding-left: 20px; margin: 0; font-size: 14px; list-style-type: disc;'>\n<li style='margin-bottom: 8px;'>Soporta 16 c\u00e1maras de hasta m\u00e1ximo 32 MP<\/li>\n<li style='margin-bottom: 8px;'>Switch PoE+ Interconstruido de 16 puertos<\/li>\n<li style='margin-bottom: 8px;'>Compresi\u00f3n de video: H.265 &#038; WiseStream&comma; H264&comma; MJPEG<\/li>\n<li style='margin-bottom: 8px;'>Soporta mouse USB para operar (incluido)<\/li>\n<li style='margin-bottom: 8px;'>Soporta 4 HDD de hasta 6TB (24TB). No incluidos<\/li>\n<li style='margin-bottom: 8px;'>Soporta Hanwha security DDNS<\/li>\n<li style='margin-bottom: 8px;'>Soporta conexi\u00f3n por c\u00f3digo QR&comma; Wisenet P2P<\/li>\n<li style='margin-bottom: 8px;'>Acceso por dispositivo m\u00f3vil: Android&comma; iOS<\/li>\n<li style='margin-bottom: 8px;'>Protocolos: Samsung&comma; ONVIF Perfil G y S<\/li>\n<li style='margin-bottom: 8px;'>Compatible con C\u00e1maras Wisenet de inteligencia artificial<\/li>\n<li style='margin-bottom: 8px;'>Compatible con gabinete met\u00e1lico GAB-VID2-R2<\/li>\n<\/ul><\/div>\n<\/p><\/div>\n<div style='flex: 1 1 300px; border: 1px solid rgba(150&comma; 150&comma; 150&comma; 0.4); border-radius: 8px; overflow: hidden;'>\n<div style='padding: 15px; border-bottom: 1px solid rgba(150&comma; 150&comma; 150&comma; 0.2); font-weight: bold; font-size: 18px; background-color: rgba(243&comma; 121&comma; 52&comma; 0.1);'>Caracter\u00edsticas de red<\/div>\n<div style='padding: 15px;'>\n<ul style='padding-left: 20px; margin: 0; font-size: 14px; list-style-type: disc;'>\n<li style='margin-bottom: 8px;'>Throughput de grabaci\u00f3n: 140 Mbps<\/li>\n<li style='margin-bottom: 8px;'>Throughput de salida: 140 Mbps<\/li>\n<li style='margin-bottom: 8px;'>Usuarios remotos: Hasta 3<\/li>\n<li style='margin-bottom: 8px;'>2 Puertos de red<\/li>\n<\/ul><\/div>\n<div style='padding: 15px; border-top: 1px solid rgba(150&comma; 150&comma; 150&comma; 0.2); font-weight: bold; font-size: 18px; background-color: rgba(243&comma; 121&comma; 52&comma; 0.1); margin-top: 15px;'>Interfaces<\/div>\n<div style='padding: 15px;'>\n<ul style='padding-left: 20px; margin: 0; font-size: 14px; list-style-type: disc;'>\n<li style='margin-bottom: 8px;'><strong>Salida HDMI en 4K<\/strong><\/li>\n<li style='margin-bottom: 8px;'>Salida VGA<\/li>\n<li style='margin-bottom: 8px;'>Alarma: 4 Entradas \/ 2 Salidas<\/li>\n<li style='margin-bottom: 8px;'>USB: 2 Puertos<\/li>\n<\/ul><\/div>\n<\/p><\/div>\n<div style='flex: 1 1 300px; border: 1px solid rgba(150&comma; 150&comma; 150&comma; 0.4); border-radius: 8px; overflow: hidden;'>\n<div style='padding: 15px; border-bottom: 1px solid rgba(150&comma; 150&comma; 150&comma; 0.2); font-weight: bold; font-size: 18px; background-color: rgba(243&comma; 121&comma; 52&comma; 0.1);'>Caracter\u00edsticas F\u00edsicas y El\u00e9ctricas<\/div>\n<div style='padding: 15px;'>\n<ul style='padding-left: 20px; margin: 0; font-size: 14px; list-style-type: disc;'>\n<li style='margin-bottom: 8px;'>Temperatura de Operaci\u00f3n: 0 a 40\u00b0C<\/li>\n<li style='margin-bottom: 8px;'>Alimentaci\u00f3n: 100 &#8211; 240 VCA Max<\/li>\n<li style='margin-bottom: 8px;'>Consumo: Max. 310W (Con 4 HDD&#8217;s y PoE+ encendido)<\/li>\n<li style='margin-bottom: 8px;'>Dimensiones: \u00d8 440.0 x 89.8 x 428.4 mm<\/li>\n<li style='margin-bottom: 8px;'>Peso: 5.76 Kg<\/li>\n<\/ul><\/div>\n<div style='padding: 15px; text-align: center; background-color: rgba(243&comma; 121&comma; 52&comma; 0.05); border-top: 1px solid rgba(150&comma; 150&comma; 150&comma; 0.2);'> <a href='https:\/\/www.hanwhasecurity.com\/media\/attachment\/file\/d\/a\/datasheet_xrn-1610sa_190219.pdf' target='_blank' rel='noopener noreferrer' style='color: #f37934; text-decoration: none; font-weight: bold;'>Descargar datasheet completo<\/a> <\/div>\n<\/p><\/div>\n<\/p><\/div>\n<\/p><\/div>\n<div style='text-align: center; margin: 40px 0;'> <a href='https:\/\/syscom.mx\/principal\/listadoproductosazul\/cctv-cuartos-de-control-pantallas---monitores-65971.html?ordenar=Precio_de_Menor_a_Mayor&#038;marca=-hanwha%20techwin%20wisenet&#038;pag=1' target='_blank' rel='noopener'> <img style='width: 100%; max-width: 560px; height: auto; border: 1px solid rgba(150&comma;150&comma;150&comma;0.3); border-radius: 8px;' src='https:\/\/ftp3.syscom.mx\/usuarios\/gmagos\/Hanwha\/fotos\/Monitores%20247.png' alt=''> <\/a> <\/div>\n<\/p><\/div>\n","protected":false},"excerpt":{"rendered":"<p>NVR de 16 canales \/ 32MP \/ Hasta 4 Discos Duros \/ Switch PoE+ 16 puertos \/ Wisenet P2P \/ H.265 &#038; WiseStream<\/p>\n","protected":false},"featured_media":106243,"comment_status":"open","ping_status":"closed","template":"","meta":[],"product_brand":[],"product_cat":[2234],"product_tag":[122,1055,2235],"class_list":{"0":"post-106244","1":"product","2":"type-product","3":"status-publish","4":"has-post-thumbnail","6":"product_cat-nvrs-network-video-recorders","7":"product_tag-camaras-ip-y-nvrs","8":"product_tag-hanwha-vision","9":"product_tag-nvrs-network-video-recorders","11":"first","12":"instock","13":"sale","14":"shipping-taxable","15":"purchasable","16":"product-type-simple"},"_links":{"self":[{"href":"https:\/\/soydeaqui.ddns.net\/pachuca\/index.php\/wp-json\/wp\/v2\/product\/106244","targetHints":{"allow":["GET"]}}],"collection":[{"href":"https:\/\/soydeaqui.ddns.net\/pachuca\/index.php\/wp-json\/wp\/v2\/product"}],"about":[{"href":"https:\/\/soydeaqui.ddns.net\/pachuca\/index.php\/wp-json\/wp\/v2\/types\/product"}],"replies":[{"embeddable":true,"href":"https:\/\/soydeaqui.ddns.net\/pachuca\/index.php\/wp-json\/wp\/v2\/comments?post=106244"}],"wp:featuredmedia":[{"embeddable":true,"href":"https:\/\/soydeaqui.ddns.net\/pachuca\/index.php\/wp-json\/wp\/v2\/media\/106243"}],"wp:attachment":[{"href":"https:\/\/soydeaqui.ddns.net\/pachuca\/index.php\/wp-json\/wp\/v2\/media?parent=106244"}],"wp:term":[{"taxonomy":"product_brand","embeddable":true,"href":"https:\/\/soydeaqui.ddns.net\/pachuca\/index.php\/wp-json\/wp\/v2\/product_brand?post=106244"},{"taxonomy":"product_cat","embeddable":true,"href":"https:\/\/soydeaqui.ddns.net\/pachuca\/index.php\/wp-json\/wp\/v2\/product_cat?post=106244"},{"taxonomy":"product_tag","embeddable":true,"href":"https:\/\/soydeaqui.ddns.net\/pachuca\/index.php\/wp-json\/wp\/v2\/product_tag?post=106244"}],"curies":[{"name":"wp","href":"https:\/\/api.w.org\/{rel}","templated":true}]}}