{"id":106219,"date":"2026-03-20T16:04:25","date_gmt":"2026-03-20T16:04:25","guid":{"rendered":"https:\/\/soydeaqui.ddns.net\/pachuca\/index.php\/producto\/domo-turbohd-2-megapixel-1080p-gran-angular-101-lente-2-8-mm-30-mts-ir-exir-exterior-ip67-4-tecnologias-dwdr\/"},"modified":"2026-03-20T16:04:39","modified_gmt":"2026-03-20T16:04:39","slug":"domo-turbohd-2-megapixel-1080p-gran-angular-101-lente-2-8-mm-30-mts-ir-exir-exterior-ip67-4-tecnologias-dwdr","status":"publish","type":"product","link":"https:\/\/soydeaqui.ddns.net\/pachuca\/index.php\/producto\/domo-turbohd-2-megapixel-1080p-gran-angular-101-lente-2-8-mm-30-mts-ir-exir-exterior-ip67-4-tecnologias-dwdr\/","title":{"rendered":"Domo TURBOHD 2 Megapixel (1080p) \/ Gran Angular 101\u00b0 \/ Lente 2.8 mm \/ 30 mts IR EXIR \/ Exterior IP67 \/ 4 Tecnolog\u00edas \/ dWDR"},"content":{"rendered":"<div style='width: 100%; max-width: 1200px; margin: 0 auto; font-family: sans-serif; line-height: 1.6; color: inherit; background-color: transparent;'>\n<p style='text-align: center;'><img style='width: 100%; height: auto; border: 1px solid rgba(150&comma;150&comma;150&comma;0.3); border-radius: 8px; max-width: 540px;' src='https:\/\/ftp3.syscom.mx\/usuarios\/jsosa\/HIKVISION\/imagenes\/logo\/hikvision%20see%20far.png' alt='Logo Hikvision'><\/p>\n<p style='margin: 30px 0; text-align: center;'><img style='width: 100%; height: auto; border: 1px solid rgba(150&comma;150&comma;150&comma;0.3); border-radius: 8px; max-width: 540px;' src='https:\/\/ftp3.syscom.mx\/usuarios\/anavarrete\/Noe\/imagen1.png' alt='Imagen del producto'><\/p>\n<div style='display: flex; flex-wrap: wrap; gap: 30px; margin-bottom: 30px;'>\n<div style='flex: 1 1 300px; min-width: 280px;'>\n<h3 style='font-size: 22px; border-bottom: 2px solid currentColor; padding-bottom: 5px; margin-top: 0; color: inherit; opacity: 0.8;'>Caracter\u00edsticas principales<\/h3>\n<ul style='padding-left: 20px; font-size: 15px; color: inherit;'>\n<li style='margin-bottom: 5px;'><strong>Resoluci\u00f3n m\u00e1xima:<\/strong> 1920 x 1080 (2 Megapixel)<\/li>\n<li style='margin-bottom: 5px;'><strong>Lente fijo:<\/strong> 2.8 mm (\u00e1ngulo de visi\u00f3n 101\u00b0)<\/li>\n<li style='margin-bottom: 5px;'><strong>30 mts smart IR:<\/strong> visi\u00f3n nocturna<\/li>\n<li style='margin-bottom: 5px;'><strong>Tecnolog\u00edas compatibles:<\/strong> TVI \/ AHD \/ CVI \/ CVBS<\/li>\n<li style='margin-bottom: 5px;'><strong>Funciones:<\/strong> dWDR \/ AGC \/ BLC \/ HLC \/ 2D DNR<\/li>\n<li style='margin-bottom: 5px;'><strong>Soporte:<\/strong> coaxitron<\/li>\n<li style='margin-bottom: 5px;'><strong>Observaci\u00f3n:<\/strong> El cambio de tecnolog\u00eda (TVI-AHD-CVBS-CVI) se puede realizar \u00fanicamente cuando la c\u00e1mara est\u00e1 en su resoluci\u00f3n m\u00e1xima&comma; no se puede cambiar la tecnolog\u00eda si la c\u00e1mara no est\u00e1 en su resoluci\u00f3n m\u00e1xima<\/li>\n<\/ul><\/div>\n<div style='flex: 1 1 300px; min-width: 280px;'>\n<h3 style='font-size: 22px; border-bottom: 2px solid currentColor; padding-bottom: 5px; margin-top: 0; color: inherit; opacity: 0.8;'>Caracter\u00edsticas F\u00edsicas y El\u00e9ctricas<\/h3>\n<ul style='padding-left: 20px; font-size: 15px; color: inherit;'>\n<li style='margin-bottom: 5px;'><strong>Alimentaci\u00f3n \/ Consumo:<\/strong> 12 Vcc \/ 3 Watts<\/li>\n<li style='margin-bottom: 5px;'><strong>Protecci\u00f3n:<\/strong> IP67 (interior \/ exterior)<\/li>\n<li style='margin-bottom: 5px;'><strong>Material:<\/strong> Metal<\/li>\n<li style='margin-bottom: 5px;'><strong>Dimensiones:<\/strong> 82.6 x 90 x 79.37 mm<\/li>\n<li style='margin-bottom: 5px;'><strong>Peso:<\/strong> 290 g<\/li>\n<\/ul>\n<h3 style='font-size: 20px; border-bottom: 2px solid currentColor; padding-bottom: 5px; margin-top: 20px; color: inherit; opacity: 0.8;'>Accesorios<\/h3>\n<ul style='padding-left: 20px; font-size: 15px; color: inherit;'>\n<li style='margin-bottom: 5px;'><strong>Montaje de pared:<\/strong> <a href='https:\/\/www.syscom.mx\/producto\/DS-1272ZJ-110-TRS-HIKVISION-139817.html' style='color: inherit; text-decoration: underline;' target='_blank' rel='noopener'>DS-1272ZJ-110-TRS<\/a><\/li>\n<li style='margin-bottom: 5px;'><strong>Montaje de poste vertical:<\/strong> <a href='https:\/\/www.syscom.mx\/producto\/DS-1275ZJ-SUS-HIKVISION-156172.html' style='color: inherit; text-decoration: underline;' target='_blank' rel='noopener'>DS-1275ZJ-SUS<\/a><\/li>\n<li style='margin-bottom: 5px;'><strong>Montaje de esquina:<\/strong> <a href='https:\/\/www.syscom.mx\/producto\/DS-1276ZJ-SUS-HIKVISION-156173.html' style='color: inherit; text-decoration: underline;' target='_blank' rel='noopener'>DS-1276ZJ-SUS<\/a><\/li>\n<li style='margin-bottom: 5px;'><strong>Caja de conexiones:<\/strong> <a href='https:\/\/www.syscom.mx\/producto\/DS-1280ZJ-XS-HIKVISION-84491.html' style='color: inherit; text-decoration: underline;' target='_blank' rel='noopener'>DS-1280ZJ-XS<\/a><\/li>\n<\/ul><\/div>\n<\/p><\/div>\n<hr style='border: 0; border-top: 1px solid rgba(150&comma; 150&comma; 150&comma; 0.3); margin: 30px 0;'>\n<div style='margin-bottom: 30px;'>\n<h3 style='font-size: 20px; border-bottom: 2px solid currentColor; padding-bottom: 5px; margin-top: 0; color: inherit; opacity: 0.8;'>Consideraciones<\/h3>\n<p style='margin: 0; padding-left: 20px; font-size: 15px; color: inherit;'>No hay consideraciones especificadas en el contenido original.<\/p>\n<\/p><\/div>\n<hr style='border: 0; border-top: 1px solid rgba(150&comma; 150&comma; 150&comma; 0.3); margin: 30px 0;'>\n<div style='margin-bottom: 30px;'>\n<h3 style='font-size: 20px; border-bottom: 2px solid currentColor; padding-bottom: 5px; margin-top: 0; margin-bottom: 20px; text-align: center; color: inherit; opacity: 0.8;'>Recursos<\/h3>\n<div style='display: flex; flex-wrap: wrap; gap: 20px; justify-content: center;'>\n<div style='flex: 1 1 250px; min-width: 200px;'> <a href='https:\/\/www.hikvision.com\/es-la\/support\/download\/software\/ivms4200-series\/?q=serie%20ivms4200&#038;position=1' target='_blank' rel='noopener' style='text-decoration: none; color: inherit;'> <img style='width: 100%; height: auto; border: 1px solid rgba(150&comma;150&comma;150&comma;0.3); border-radius: 8px; margin-bottom: 10px;' src='https:\/\/ftp3.syscom.mx\/usuarios\/gmagos\/HIK\/IP\/IPC\/Imagenes%20pagina\/Descargas%20IVMS4200.jpg' alt='IVMS4200 Software'> <\/p>\n<p style='text-align: center; font-size: 15px; margin: 0;'>IVMS4200 Software<\/p>\n<p> <\/a> <\/div>\n<div style='flex: 1 1 250px; min-width: 200px;'> <a href='https:\/\/appstore.hikvision.com\/' target='_blank' rel='noopener' style='text-decoration: none; color: inherit;'> <img style='width: 100%; height: auto; border: 1px solid rgba(150&comma;150&comma;150&comma;0.3); border-radius: 8px; margin-bottom: 10px;' src='https:\/\/ftp3.syscom.mx\/usuarios\/gmagos\/HIK\/IP\/IPC\/Imagenes%20pagina\/Descargas%20de%20app.jpg' alt='App Hikvision'> <\/p>\n<p style='text-align: center; font-size: 15px; margin: 0;'>App Hikvision<\/p>\n<p> <\/a> <\/div>\n<div style='flex: 1 1 250px; min-width: 200px;'> <a href='https:\/\/ftp3.syscom.mx\/usuarios\/ftp\/2021\/07\/27\/d229d\/Especificaci%C3%B3nes%20T%C3%A9cnicas%20-%20DS-2CE76D0T-ITMF-C.pdf' target='_blank' rel='noopener' style='text-decoration: none; color: inherit;'> <img style='width: 100%; height: auto; border: 1px solid rgba(150&comma;150&comma;150&comma;0.3); border-radius: 8px; margin-bottom: 10px;' src='https:\/\/ftp3.syscom.mx\/usuarios\/gmagos\/HIK\/IP\/IPC\/Imagenes%20pagina\/Descarga%20de%20PDF.jpg' alt='Especificaciones t\u00e9cnicas'> <\/p>\n<p style='text-align: center; font-size: 15px; margin: 0;'>Especificaciones t\u00e9cnicas<\/p>\n<p> <\/a> <\/div>\n<\/p><\/div>\n<\/p><\/div>\n<\/p><\/div>\n","protected":false},"excerpt":{"rendered":"<p>Domo TURBOHD 2 Megapixel (1080p) \/ Gran Angular 101\u00b0 \/ Lente 2.8 mm \/ 30 mts IR EXIR \/ Exterior IP67 \/ 4 Tecnolog\u00edas \/ dWDR<\/p>\n","protected":false},"featured_media":106218,"comment_status":"open","ping_status":"closed","template":"","meta":[],"product_brand":[],"product_cat":[2269],"product_tag":[2255,2057,54],"class_list":{"0":"post-106219","1":"product","2":"type-product","3":"status-publish","4":"has-post-thumbnail","6":"product_cat-domo-eyeball-turret-camaras-y-dvrs-hd-turbohd-ahd-hd-tvi","7":"product_tag-camaras-y-dvrs-hd-turbohd-ahd-hd-tvi","8":"product_tag-domo-eyeball-turret","9":"product_tag-hikvision","11":"first","12":"instock","13":"sale","14":"shipping-taxable","15":"purchasable","16":"product-type-simple"},"_links":{"self":[{"href":"https:\/\/soydeaqui.ddns.net\/pachuca\/index.php\/wp-json\/wp\/v2\/product\/106219","targetHints":{"allow":["GET"]}}],"collection":[{"href":"https:\/\/soydeaqui.ddns.net\/pachuca\/index.php\/wp-json\/wp\/v2\/product"}],"about":[{"href":"https:\/\/soydeaqui.ddns.net\/pachuca\/index.php\/wp-json\/wp\/v2\/types\/product"}],"replies":[{"embeddable":true,"href":"https:\/\/soydeaqui.ddns.net\/pachuca\/index.php\/wp-json\/wp\/v2\/comments?post=106219"}],"wp:featuredmedia":[{"embeddable":true,"href":"https:\/\/soydeaqui.ddns.net\/pachuca\/index.php\/wp-json\/wp\/v2\/media\/106218"}],"wp:attachment":[{"href":"https:\/\/soydeaqui.ddns.net\/pachuca\/index.php\/wp-json\/wp\/v2\/media?parent=106219"}],"wp:term":[{"taxonomy":"product_brand","embeddable":true,"href":"https:\/\/soydeaqui.ddns.net\/pachuca\/index.php\/wp-json\/wp\/v2\/product_brand?post=106219"},{"taxonomy":"product_cat","embeddable":true,"href":"https:\/\/soydeaqui.ddns.net\/pachuca\/index.php\/wp-json\/wp\/v2\/product_cat?post=106219"},{"taxonomy":"product_tag","embeddable":true,"href":"https:\/\/soydeaqui.ddns.net\/pachuca\/index.php\/wp-json\/wp\/v2\/product_tag?post=106219"}],"curies":[{"name":"wp","href":"https:\/\/api.w.org\/{rel}","templated":true}]}}