{"id":106182,"date":"2026-03-20T16:02:39","date_gmt":"2026-03-20T16:02:39","guid":{"rendered":"https:\/\/soydeaqui.ddns.net\/pachuca\/index.php\/producto\/proteccion-activa-ptz-ip-4-megapixel-25x-zoom-200-mts-ir-acusense-evita-falsas-alarmas-ip66-ik10-alerta-audible-y-luz-estroboscopica-autoseguimiento-2-0-hi-poe-darkfighter-ra\/"},"modified":"2026-03-20T16:02:49","modified_gmt":"2026-03-20T16:02:49","slug":"proteccion-activa-ptz-ip-4-megapixel-25x-zoom-200-mts-ir-acusense-evita-falsas-alarmas-ip66-ik10-alerta-audible-y-luz-estroboscopica-autoseguimiento-2-0-hi-poe-darkfighter-ra","status":"publish","type":"product","link":"https:\/\/soydeaqui.ddns.net\/pachuca\/index.php\/producto\/proteccion-activa-ptz-ip-4-megapixel-25x-zoom-200-mts-ir-acusense-evita-falsas-alarmas-ip66-ik10-alerta-audible-y-luz-estroboscopica-autoseguimiento-2-0-hi-poe-darkfighter-ra\/","title":{"rendered":"[ PROTECCI\u00d3N ACTIVA ] PTZ IP 4 Megapixel \/ 25X Zoom \/ 200 mts IR \/ ACUSENSE (Evita Falsas Alarmas) \/ IP66 \/ IK10 \/ Alerta Audible y Luz Estrobosc\u00f3pica \/ Autoseguimiento 2.0 \/ Hi-PoE \/ DARKFIGHTER \/ Rapid Focus\/ microSD"},"content":{"rendered":"<div style='width: 100%; max-width: 1200px; margin: 0 auto; font-family: sans-serif; line-height: 1.6; color: inherit; background-color: transparent;'> <!-- Banner inicial --> <\/p>\n<p style='text-align: center; margin: 0 0 30px 0;'> <span style='display: flex; justify-content: center;'> <img style='width: 100%; max-width: 450px; height: auto; border: 1px solid rgba(150&comma;150&comma;150&comma;0.3); border-radius: 8px;' src='https:\/\/ftp3.syscom.mx\/usuarios\/jsosa\/HIKVISION\/imagenes\/logo\/hikvision%20see%20far.png' alt='Banner Inicial'> <\/span> <\/p>\n<p> <!-- T\u00edtulo --> <\/p>\n<div style='text-align: center; margin: 0 0 30px 0;'>\n<h1 style='font-size: 24px; color: #232a6f; font-weight: bold; margin: 0;'> <span style='font-family: verdana&comma; geneva&comma; sans-serif;'>Especif\u00edcaciones<\/span> <\/h1>\n<\/p><\/div>\n<p> <!-- Caracter\u00edsticas Principales y F\u00edsicas --> <\/p>\n<div style='display: flex; flex-wrap: wrap; gap: 30px; margin-bottom: 30px;'>\n<div style='flex: 1 1 300px; min-width: 280px;'>\n<div style='border: 1px solid rgba(150&comma;150&comma;150&comma;0.4); border-radius: 8px; overflow: hidden; display: flex; flex-direction: column; background-color: rgba(255&comma;255&comma;255&comma;0.05);'>\n<div style='padding: 15px; border-bottom: 1px solid rgba(150&comma;150&comma;150&comma;0.2); font-weight: bold; font-size: 18px; background-color: #df001e; color: #ffffff;'> Caracter\u00edsticas Principales: <\/div>\n<div style='padding: 15px; color: inherit;'>\n<ul style='padding-left: 20px; margin: 0; font-size: 14px; list-style-type: disc;'>\n<li style='margin-bottom: 7px;'>Resoluci\u00f3n maxima: 4 Megapixel (2560 \u00d7 1440).<\/li>\n<li style='margin-bottom: 7px;'>Iluminaci\u00f3n m\u00ednima: color 0.005 Lux @ (F1.2&comma; AGC ON).<\/li>\n<li style='margin-bottom: 7px;'>D\u00eda \/ Noche Real (filtro ICR).<\/li>\n<li style='margin-bottom: 7px;'>Distancia focal: 4.8 a 120 mm (25X zoom \u00f3ptico \/ 16X zoom digital).<\/li>\n<li style='margin-bottom: 7px;'>Distancia de infrarrojo: 200 mts Smart IR.<\/li>\n<li style='margin-bottom: 7px;'>Funciones normales: HLC \/ ROI \/ WDR 120 dB \/ BLC \/ Intrusion de area \/ Cruece de linea \/ Defog \/ EIS.<\/li>\n<li style='margin-bottom: 7px;'>Compresi\u00f3n: H.265+ \/ H.265 \/ H.264+ \/ H.264.<\/li>\n<li style='margin-bottom: 7px;'>Compatible con la plataforma de Hik-Connect (<a style='color: inherit; text-decoration: underline;' href='https:\/\/appstore.hikvision.com\/' target='_blank' rel='noopener'>https:\/\/appstore.hikvision.com\/<\/a>).<\/li>\n<li style='margin-bottom: 7px; font-weight: bold;'>Alerta audible (bocina integrada).<\/li>\n<li style='margin-bottom: 7px; font-weight: bold;'>Luz estrobosc\u00f3pica (luz blanca).<\/li>\n<\/ul><\/div>\n<\/p><\/div>\n<\/p><\/div>\n<div style='flex: 1 1 300px; min-width: 280px;'>\n<div style='border: 1px solid rgba(150&comma;150&comma;150&comma;0.4); border-radius: 8px; overflow: hidden; display: flex; flex-direction: column; background-color: rgba(255&comma;255&comma;255&comma;0.05);'>\n<div style='padding: 15px; border-bottom: 1px solid rgba(150&comma;150&comma;150&comma;0.2); font-weight: bold; font-size: 18px; background-color: #df001e; color: #ffffff;'> Caracter\u00edsticas F\u00edsicas y El\u00e9ctricas: <\/div>\n<div style='padding: 15px; color: inherit;'>\n<ul style='padding-left: 20px; margin: 0; font-size: 14px; list-style-type: disc;'>\n<li style='margin-bottom: 7px;'>Alimentaci\u00f3n: 24 VCA \/ Hi-PoE \/ 42 W.<\/li>\n<li style='margin-bottom: 7px;'>Temperatura de operaci\u00f3n: -30\u00b0C a 65\u00b0C \/ Humedad al 90% m\u00e1ximo.<\/li>\n<li style='margin-bottom: 7px;'>Uso en exterior IP66.<\/li>\n<li style='margin-bottom: 7px;'>Antivand\u00e1lico IK10.<\/li>\n<li style='margin-bottom: 7px;'>El PTZ incluye brazo de pared (<a style='color: inherit; font-weight: bold; text-decoration: underline;' href='https:\/\/www.syscom.mx\/producto\/DS-1602ZJ-HIKVISION-77700.html' target='_blank' rel='noopener'>DS-1602ZJ<\/a>).<\/li>\n<li style='margin-bottom: 7px;'>Se recomienda usar el modelo <a style='color: inherit; font-weight: bold; text-decoration: underline;' href='https:\/\/www.syscom.mx\/producto\/LAS60-57CN-RJ45-HIKVISION-72655.html' target='_blank' rel='noopener'>LAS-6057-CNRJ45<\/a> en caso de que requieran alimentar el domo por medio de PoE.<\/li>\n<li style='margin-bottom: 7px;'><strong>No incluye fuente de alimentaci\u00f3n&comma; Se recomienda usar <\/strong><a style='color: inherit; text-decoration: underline;' href='https:\/\/www.syscom.mx\/products\/229336' target='_blank' rel='noopener'>RT2470LS<\/a><\/li>\n<li style='margin-top: 15px;'><a style='color: inherit; font-weight: bold; text-decoration: underline;' href='https:\/\/ftp3.syscom.mx\/usuarios\/fcarrillo\/Hikvision\/Specs\/Especificaciones%20Tecnicas%20DS-2DE7A425IW-AEBT5_V5.7.0_20220714.pdf' target='_blank' rel='noopener'>Consulte la ficha t\u00e9cnica para validar los accesorios compatibles<\/a><\/li>\n<\/ul><\/div>\n<\/p><\/div>\n<\/p><\/div>\n<\/p><\/div>\n<p> <!-- Interfaces y Caracter\u00edsticas Generales --> <\/p>\n<div style='display: flex; flex-wrap: wrap; gap: 30px; margin-bottom: 30px;'>\n<div style='flex: 1 1 300px; min-width: 280px;'>\n<div style='border: 1px solid rgba(150&comma;150&comma;150&comma;0.4); border-radius: 8px; overflow: hidden; display: flex; flex-direction: column; background-color: rgba(255&comma;255&comma;255&comma;0.05);'>\n<div style='padding: 15px; border-bottom: 1px solid rgba(150&comma;150&comma;150&comma;0.2); font-weight: bold; font-size: 18px; background-color: #df001e; color: #ffffff;'> Interfaces Entradas y Salidas: <\/div>\n<div style='padding: 15px; color: inherit;'>\n<ul style='padding-left: 20px; margin: 0; font-size: 14px; list-style-type: disc;'>\n<li style='margin-bottom: 7px;'>Entradas de alarma: 2.<\/li>\n<li style='margin-bottom: 7px;'>Salidas de alarma: 1.<\/li>\n<li style='margin-bottom: 7px;'>Entradas de audio: 1.<\/li>\n<li style='margin-bottom: 7px;'>Salidas de audio: 1.<\/li>\n<li style='margin-bottom: 7px;'>Puerto de red: 1 (10 \/ 100 Mbps \/ Hi-PoE).<\/li>\n<li style='margin-bottom: 7px;'>Almacenamiento micro SD de hasta 256 GB \/ ANR (Automatic Network Recovery).<\/li>\n<li style='margin-bottom: 7px;'>Soporta ONVIF (Profile S&comma; Profile G&comma; Profile T) \/ ISUP.<\/li>\n<\/ul><\/div>\n<\/p><\/div>\n<\/p><\/div>\n<div style='flex: 1 1 300px; min-width: 280px;'>\n<div style='border: 1px solid rgba(150&comma;150&comma;150&comma;0.4); border-radius: 8px; overflow: hidden; display: flex; flex-direction: column; background-color: rgba(255&comma;255&comma;255&comma;0.05);'>\n<div style='padding: 15px; border-bottom: 1px solid rgba(150&comma;150&comma;150&comma;0.2); font-weight: bold; font-size: 18px; background-color: #df001e; color: #ffffff;'> Caracter\u00edsticas Generales: <\/div>\n<div style='padding: 15px; color: inherit;'>\n<ul style='padding-left: 20px; margin: 0; font-size: 14px; list-style-type: disc;'>\n<li style='margin-bottom: 7px;'>Paneo: 360\u00b0.<\/li>\n<li style='margin-bottom: 7px;'>Tildeo: -15\u00b0 a 90\u00ba (auto flip).<\/li>\n<li style='margin-bottom: 7px;'>Preset \/ Patrol \/ Pattern: 300 \/ 8 \/ 4.<\/li>\n<li style='margin-bottom: 7px;'>Reducci\u00f3n de falsas alarmas (ACUSENSE).<\/li>\n<li style='margin-bottom: 7px;'>Funci\u00f3n de PARK ACTION (funci\u00f3n de casa).<\/li>\n<li style='margin-bottom: 7px;'>Soporta tareas calendarizadas.<\/li>\n<li style='margin-bottom: 7px;'>Soporta hasta 20 usuarios simult\u00e1neos.<\/li>\n<\/ul><\/div>\n<\/p><\/div>\n<\/p><\/div>\n<\/p><\/div>\n<p> <!-- Caracter\u00edsticas Destacadas --> <\/p>\n<div style='margin-bottom: 30px;'>\n<div style='border: 1px solid rgba(150&comma;150&comma;150&comma;0.4); border-radius: 8px; overflow: hidden; background-color: rgba(255&comma;255&comma;255&comma;0.05);'>\n<div style='padding: 15px; border-bottom: 1px solid rgba(150&comma;150&comma;150&comma;0.2); font-weight: bold; font-size: 18px; background-color: #df001e; color: #ffffff;'> Caracter\u00edsticas Destacadas: <\/div>\n<div style='padding: 15px; color: inherit;'>\n<ul style='list-style-type: none; padding-left: 0; margin: 0;'>\n<li style='margin-bottom: 20px;'>\n<ul style='padding-left: 20px; margin: 0; font-size: 14px;'>\n<li style='margin-bottom: 7px;'><strong>ACUSENSE:<\/strong> Con la tecnolog\u00eda Deep Learning podremos evitar las falsas alarmas ocasionadas por los movimientos de pixeles como son el movimiento de las ramas de un \u00e1rbol&comma; movimiento de cortinas&comma; lluvias&comma; animales&comma; etc. Con la tecnolog\u00eda ACUSENSE tendremos una detecci\u00f3n efectiva ya que solo se activara el evento o grabaci\u00f3n cuando detecte cuerpos humanos o veh\u00edculos para as\u00ed poder evitar falsas alarmas.<\/li>\n<li style='margin-bottom: 7px;'>Al momento de detectar un humano o veh\u00edculo&comma; podemos activar de manera autom\u00e1tica la alerta audible y tambi\u00e9n encender la luz estratosc\u00f3pica.<\/li>\n<li><span style='box-sizing: border-box; max-width: 100%;'>Se recomienda usar NVR\u00b4s NXI-K&comma; NI-K&comma; NI-I&comma; NI-M&comma; NXI-I&comma; NXI-M.<\/span><\/li>\n<\/ul>\n<\/li>\n<\/ul><\/div>\n<\/p><\/div>\n<\/p><\/div>\n<p> <!-- Videos de YouTube --> <\/p>\n<div style='margin-bottom: 30px;'>\n<h3 style='font-size: 20px; margin: 0 0 20px 0; color: inherit; opacity: 0.8;'>Videos Informativos<\/h3>\n<div style='display: flex; flex-wrap: wrap; gap: 20px;'>\n<div style='flex: 1 1 300px; min-width: 280px;'>\n<div style='position: relative; padding-bottom: 56.25%; height: 0; overflow: hidden;'>   <\/div>\n<p style='text-align: center; margin-top: 10px; font-size: 14px; color: inherit;'>Zoom \u00d3ptico<\/p>\n<\/p><\/div>\n<div style='flex: 1 1 300px; min-width: 280px;'>\n<div style='position: relative; padding-bottom: 56.25%; height: 0; overflow: hidden;'>   <\/div>\n<p style='text-align: center; margin-top: 10px; font-size: 14px; color: inherit;'>DARK FIGHTER Evidencia a Color<\/p>\n<\/p><\/div>\n<div style='flex: 1 1 300px; min-width: 280px;'>\n<div style='position: relative; padding-bottom: 56.25%; height: 0; overflow: hidden;'>   <\/div>\n<p style='text-align: center; margin-top: 10px; font-size: 14px; color: inherit;'>Hikvision DARK FIGHTER<\/p>\n<\/p><\/div>\n<div style='flex: 1 1 300px; min-width: 280px;'>\n<div style='position: relative; padding-bottom: 56.25%; height: 0; overflow: hidden;'>   <\/div>\n<p style='text-align: center; margin-top: 10px; font-size: 14px; color: inherit;'>Auto Seguimiento de Noche<\/p>\n<\/p><\/div>\n<div style='flex: 1 1 300px; min-width: 280px;'>\n<div style='position: relative; padding-bottom: 56.25%; height: 0; overflow: hidden;'>   <\/div>\n<p style='text-align: center; margin-top: 10px; font-size: 14px; color: inherit;'>DARK FIGHTER 8MP<\/p>\n<\/p><\/div>\n<div style='flex: 1 1 300px; min-width: 280px;'>\n<div style='position: relative; padding-bottom: 56.25%; height: 0; overflow: hidden;'>   <\/div>\n<p style='text-align: center; margin-top: 10px; font-size: 14px; color: inherit;'>DARK FIGHTER 2MP<\/p>\n<\/p><\/div>\n<\/p><\/div>\n<\/p><\/div>\n<p> <!-- Imagen de DARKFIGHTER --> <\/p>\n<div style='margin-bottom: 30px;'>\n<div style='display: flex; flex-wrap: wrap; gap: 30px; align-items: center;'>\n<div style='flex: 1 1 300px; min-width: 280px;'>\n<h3 style='font-size: 18px; margin: 0 0 15px 0; color: inherit; opacity: 0.8;'>DARKFIGHTER<\/h3>\n<ul style='padding-left: 20px; margin: 0 0 15px 0; font-size: 14px;'>\n<li style='margin-bottom: 5px;'>Imagen a color con muy poca iluminaci\u00f3n.<\/li>\n<li style='margin-bottom: 5px;'>Con la iluminaci\u00f3n natural o con el poco alumbrado p\u00fablico logra mostrar mayor detalle en la imagen.<\/li>\n<\/ul><\/div>\n<div style='flex: 1 1 300px; min-width: 280px;'> <img style='width: 100%; height: auto; border: 1px solid rgba(150&comma;150&comma;150&comma;0.3); border-radius: 8px;' src='https:\/\/ftp3.syscom.mx\/usuarios\/jsosa\/HIKVISION\/videos\/ids\/4%20MP%20DarkFighter%20Performance%20Test.gif' alt='DARKFIGHTER Performance Test'> <\/div>\n<\/p><\/div>\n<\/p><\/div>\n<p> <!-- Banner final --> <\/p>\n<div style='margin-bottom: 30px;'> <img style='width: 100%; height: auto; border: 1px solid rgba(150&comma;150&comma;150&comma;0.3); border-radius: 8px;' src='https:\/\/ftp3.syscom.mx\/usuarios\/jsosa\/HIKVISION\/imagenes\/banners\/solution%20complete.png' alt='Soluci\u00f3n Completa'> <\/div>\n<p> <!-- Separador final --> <\/p>\n<hr style='border: 0; border-top: 1px solid rgba(150&comma; 150&comma; 150&comma; 0.3); margin: 30px 0;'> <\/div>\n","protected":false},"excerpt":{"rendered":"<p>[ PROTECCI\u00d3N ACTIVA ] PTZ IP 4 Megapixel \/ 25X Zoom \/ 200 mts IR \/ ACUSENSE (Evita Falsas Alarmas) \/ IP66 \/ IK10 \/ Alerta Audible y Luz Estrobosc\u00f3pica \/ Autoseguimiento 2.0 \/ Hi-PoE \/ DARKFIGHTER \/ Rapid Focus\/ microSD<\/p>\n","protected":false},"featured_media":106181,"comment_status":"open","ping_status":"closed","template":"","meta":[],"product_brand":[],"product_cat":[1224],"product_tag":[122,54,1225],"class_list":{"0":"post-106182","1":"product","2":"type-product","3":"status-publish","4":"has-post-thumbnail","6":"product_cat-ptz","7":"product_tag-camaras-ip-y-nvrs","8":"product_tag-hikvision","9":"product_tag-ptz","11":"first","12":"instock","13":"sale","14":"shipping-taxable","15":"purchasable","16":"product-type-simple"},"_links":{"self":[{"href":"https:\/\/soydeaqui.ddns.net\/pachuca\/index.php\/wp-json\/wp\/v2\/product\/106182","targetHints":{"allow":["GET"]}}],"collection":[{"href":"https:\/\/soydeaqui.ddns.net\/pachuca\/index.php\/wp-json\/wp\/v2\/product"}],"about":[{"href":"https:\/\/soydeaqui.ddns.net\/pachuca\/index.php\/wp-json\/wp\/v2\/types\/product"}],"replies":[{"embeddable":true,"href":"https:\/\/soydeaqui.ddns.net\/pachuca\/index.php\/wp-json\/wp\/v2\/comments?post=106182"}],"wp:featuredmedia":[{"embeddable":true,"href":"https:\/\/soydeaqui.ddns.net\/pachuca\/index.php\/wp-json\/wp\/v2\/media\/106181"}],"wp:attachment":[{"href":"https:\/\/soydeaqui.ddns.net\/pachuca\/index.php\/wp-json\/wp\/v2\/media?parent=106182"}],"wp:term":[{"taxonomy":"product_brand","embeddable":true,"href":"https:\/\/soydeaqui.ddns.net\/pachuca\/index.php\/wp-json\/wp\/v2\/product_brand?post=106182"},{"taxonomy":"product_cat","embeddable":true,"href":"https:\/\/soydeaqui.ddns.net\/pachuca\/index.php\/wp-json\/wp\/v2\/product_cat?post=106182"},{"taxonomy":"product_tag","embeddable":true,"href":"https:\/\/soydeaqui.ddns.net\/pachuca\/index.php\/wp-json\/wp\/v2\/product_tag?post=106182"}],"curies":[{"name":"wp","href":"https:\/\/api.w.org\/{rel}","templated":true}]}}