{"id":106173,"date":"2026-03-20T16:02:11","date_gmt":"2026-03-20T16:02:11","guid":{"rendered":"https:\/\/soydeaqui.ddns.net\/pachuca\/index.php\/producto\/modulo-de-e-s-de-alarma-y-audio-por-red-para-camaras-ptz-plus-wisenet\/"},"modified":"2026-03-20T16:02:15","modified_gmt":"2026-03-20T16:02:15","slug":"modulo-de-e-s-de-alarma-y-audio-por-red-para-camaras-ptz-plus-wisenet","status":"publish","type":"product","link":"https:\/\/soydeaqui.ddns.net\/pachuca\/index.php\/producto\/modulo-de-e-s-de-alarma-y-audio-por-red-para-camaras-ptz-plus-wisenet\/","title":{"rendered":"Modulo de E\/S de Alarma y Audio por red para camaras PTZ Plus Wisenet"},"content":{"rendered":"<div style='width: 100%; max-width: 1200px; margin: 0 auto; font-family: sans-serif; line-height: 1.6; color: inherit; background-color: transparent;'>\n<div style='display: flex; flex-wrap: wrap; gap: 30px; margin-bottom: 30px;'>\n<div style='flex: 1 1 300px; min-width: 280px;'>\n<h3 style='font-size: 22px; border-bottom: 2px solid currentColor; padding-bottom: 5px; margin-top: 0; color: inherit; opacity: 0.8;'>Caracter\u00edsticas Principales<\/h3>\n<ul style='padding-left: 20px; font-size: 15px; color: inherit;'>\n<li style='margin-bottom: 5px;'>Caja de E\/S de alarma\/audio para c\u00e1maras PTZ PLUS<\/li>\n<li style='margin-bottom: 5px;'>1 puerto RJ45 para conexi\u00f3n de red<\/li>\n<li style='margin-bottom: 5px;'>4 puertos de E\/S seleccionables<\/li>\n<li style='margin-bottom: 5px;'>2 puertos de E\/S de audio (1 cada uno)<\/li>\n<li style='margin-bottom: 5px;'>Energ\u00eda: PoE solamente con consumo m\u00e1ximo de 4.5W<\/li>\n<li style='margin-bottom: 5px;'>Dimensiones compactas: 143mm x 73mm x 27.3mm<\/li>\n<li style='margin-bottom: 5px;'>Peso: 171g (0.38lb)<\/li>\n<li style='margin-bottom: 5px;'>Color blanco<\/li>\n<\/ul><\/div>\n<\/p><\/div>\n<div style='display: flex; flex-wrap: wrap; gap: 20px; margin-bottom: 30px;'>\n<div style='flex: 1 1 250px; border: 1px solid rgba(150&comma; 150&comma; 150&comma; 0.4); border-radius: 8px; overflow: hidden; display: flex; flex-direction: column;'>\n<div style='padding: 15px; border-bottom: 1px solid rgba(150&comma; 150&comma; 150&comma; 0.2); font-weight: bold; font-size: 18px; color: inherit;'>Conectividad<\/div>\n<div style='padding: 15px; color: inherit;'>\n<ul style='padding-left: 20px; margin: 0; font-size: 14px; list-style-type: disc;'>\n<li style='margin-bottom: 5px;'>1 puerto RJ45 (10\/100BASE-T)<\/li>\n<li style='margin-bottom: 5px;'>4 puertos de E\/S seleccionables<\/li>\n<li style='margin-bottom: 5px;'>2 puertos de E\/S de audio (1 entrada y 1 salida)<\/li>\n<li style='margin-bottom: 5px;'>12V DC output&comma; max load 50 mA<\/li>\n<\/ul><\/div>\n<\/p><\/div>\n<div style='flex: 1 1 250px; border: 1px solid rgba(150&comma; 150&comma; 150&comma; 0.4); border-radius: 8px; overflow: hidden; display: flex; flex-direction: column;'>\n<div style='padding: 15px; border-bottom: 1px solid rgba(150&comma; 150&comma; 150&comma; 0.2); font-weight: bold; font-size: 18px; color: inherit;'>Especificaciones T\u00e9cnicas<\/div>\n<div style='padding: 15px; color: inherit;'>\n<ul style='padding-left: 20px; margin: 0; font-size: 14px; list-style-type: disc;'>\n<li style='margin-bottom: 5px;'>Consumo m\u00e1ximo: 4.5W<\/li>\n<li style='margin-bottom: 5px;'>Temperatura operativa: -40\u00b0C a +60\u00b0C<\/li>\n<li style='margin-bottom: 5px;'>Humedad: Hasta 95% RH (sin condensaci\u00f3n)<\/li>\n<li style='margin-bottom: 5px;'>Alimentaci\u00f3n: PoE (IEEE802.3af&comma; Clase 3)<\/li>\n<\/ul><\/div>\n<\/p><\/div>\n<div style='flex: 1 1 250px; border: 1px solid rgba(150&comma; 150&comma; 150&comma; 0.4); border-radius: 8px; overflow: hidden; display: flex; flex-direction: column;'>\n<div style='padding: 15px; border-bottom: 1px solid rgba(150&comma; 150&comma; 150&comma; 0.2); font-weight: bold; font-size: 18px; color: inherit;'>Red y Seguridad<\/div>\n<div style='padding: 15px; color: inherit;'>\n<ul style='padding-left: 20px; margin: 0; font-size: 14px; list-style-type: disc;'>\n<li style='margin-bottom: 5px;'>Protocolos: IPv4&comma; IPv6&comma; TCP\/IP&comma; UDP\/IP&comma; RTP\/UDP&comma; RTP\/TCP&comma; RTCP&comma; RTSP&comma; NTP&comma; HTTP&comma; HTTPS&comma; SSL\/TLS&comma; DHCP&comma; ICMP&comma; ARP&comma; DNS&comma; LLDP<\/li>\n<li style='margin-bottom: 5px;'>Seguridad: HTTPS(SSL)&comma; Autenticaci\u00f3n Digest&comma; Filtrado IP&comma; Registro de accesos&comma; 802.1X(EAP-TLS&comma; EAP-LEAP)<\/li>\n<\/ul><\/div>\n<\/p><\/div>\n<div style='flex: 1 1 250px; border: 1px solid rgba(150&comma; 150&comma; 150&comma; 0.4); border-radius: 8px; overflow: hidden; display: flex; flex-direction: column;'>\n<div style='padding: 15px; border-bottom: 1px solid rgba(150&comma; 150&comma; 150&comma; 0.2); font-weight: bold; font-size: 18px; color: inherit;'>Audio<\/div>\n<div style='padding: 15px; color: inherit;'>\n<ul style='padding-left: 20px; margin: 0; font-size: 14px; list-style-type: disc;'>\n<li style='margin-bottom: 5px;'>Entrada de audio: Seleccionable (mic in \/ line in)<\/li>\n<li style='margin-bottom: 5px;'>Salida de audio: Line out&comma; nivel m\u00e1ximo 1Vrms<\/li>\n<li style='margin-bottom: 5px;'>Compresi\u00f3n: G.711 u-law&comma; G.726 (ADPCM)&comma; AAC-LC<\/li>\n<li style='margin-bottom: 5px;'>Tasa de bits: 16Kbps a 40Kbps<\/li>\n<\/ul><\/div>\n<\/p><\/div>\n<\/p><\/div>\n<hr style='border: 0; border-top: 1px solid rgba(150&comma; 150&comma; 150&comma; 0.3); margin: 30px 0;'>\n<div style='display: flex; flex-wrap: wrap; gap: 30px; margin-bottom: 30px;'>\n<div style='flex: 1 1 300px; min-width: 280px;'>\n<h3 style='font-size: 22px; border-bottom: 2px solid currentColor; padding-bottom: 5px; margin-top: 0; color: inherit; opacity: 0.8;'>Especificaciones Mec\u00e1nicas<\/h3>\n<ul style='padding-left: 20px; font-size: 15px; color: inherit;'>\n<li style='margin-bottom: 5px;'><strong>Material:<\/strong> Pl\u00e1stico de ingenier\u00eda<\/li>\n<li style='margin-bottom: 5px;'><strong>Color:<\/strong> Blanco (RAL 9003)<\/li>\n<li style='margin-bottom: 5px;'><strong>Dimensiones:<\/strong> 143mm x 73mm x 27.3mm<\/li>\n<li style='margin-bottom: 5px;'><strong>Peso:<\/strong> 171g (0.38lb)<\/li>\n<\/ul><\/div>\n<div style='flex: 1 1 300px; min-width: 280px;'>\n<h3 style='font-size: 22px; border-bottom: 2px solid currentColor; padding-bottom: 5px; margin-top: 0; color: inherit; opacity: 0.8;'>Compatibilidad<\/h3>\n<ul style='padding-left: 20px; font-size: 15px; color: inherit;'>\n<li style='margin-bottom: 5px;'>C\u00e1maras PTZ PLUS de la marca<\/li>\n<li style='margin-bottom: 5px;'>Accesorios compatibles: XNP-8300RW&comma; XNP-6400RW&comma; XNP-9250&comma; XNP-9250R&comma; XNP-8250R&comma; XNP-8250&comma; XNP-6400R&comma; XNP-6400&comma; XNP-9300RW<\/li>\n<\/ul><\/div>\n<\/p><\/div>\n<hr style='border: 0; border-top: 1px solid rgba(150&comma; 150&comma; 150&comma; 0.3); margin: 30px 0;'>\n<div style='display: flex; flex-wrap: wrap; gap: 30px;'>\n<div style='flex: 1 1 300px; min-width: 280px;'>\n<h3 style='font-size: 22px; border-bottom: 2px solid currentColor; padding-bottom: 5px; margin-top: 0; color: inherit; opacity: 0.8;'>Memoria<\/h3>\n<ul style='padding-left: 20px; font-size: 15px; color: inherit;'>\n<li style='margin-bottom: 5px;'><strong>RAM:<\/strong> 4GB<\/li>\n<li style='margin-bottom: 5px;'><strong>Memoria flash:<\/strong> 256MB<\/li>\n<\/ul><\/div>\n<div style='flex: 1 1 300px; min-width: 280px;'>\n<h3 style='font-size: 22px; border-bottom: 2px solid currentColor; padding-bottom: 5px; margin-top: 0; color: inherit; opacity: 0.8;'>Idiomas Soportados<\/h3>\n<ul style='padding-left: 20px; font-size: 15px; color: inherit;'>\n<li style='margin-bottom: 5px;'>Ingl\u00e9s&comma; Coreano&comma; Chino&comma; Franc\u00e9s&comma; Italiano&comma; Espa\u00f1ol&comma; Alem\u00e1n&comma; Japon\u00e9s&comma; Ruso&comma; Sueco&comma; Portugu\u00e9s&comma; Checo&comma; Polaco&comma; Turco&comma; Holand\u00e9s&comma; H\u00fangaro&comma; Griego<\/li>\n<\/ul><\/div>\n<\/p><\/div>\n<\/p><\/div>\n","protected":false},"excerpt":{"rendered":"<p>Modulo de E\/S de Alarma y Audio por red para camaras PTZ Plus Wisenet<\/p>\n","protected":false},"featured_media":106172,"comment_status":"open","ping_status":"closed","template":"","meta":[],"product_brand":[],"product_cat":[2264],"product_tag":[122,2265,1055],"class_list":{"0":"post-106173","1":"product","2":"type-product","3":"status-publish","4":"has-post-thumbnail","6":"product_cat-codificadores-y-decodificadores-de-video","7":"product_tag-camaras-ip-y-nvrs","8":"product_tag-codificadores-y-decodificadores-de-video","9":"product_tag-hanwha-vision","11":"first","12":"instock","13":"sale","14":"shipping-taxable","15":"purchasable","16":"product-type-simple"},"_links":{"self":[{"href":"https:\/\/soydeaqui.ddns.net\/pachuca\/index.php\/wp-json\/wp\/v2\/product\/106173","targetHints":{"allow":["GET"]}}],"collection":[{"href":"https:\/\/soydeaqui.ddns.net\/pachuca\/index.php\/wp-json\/wp\/v2\/product"}],"about":[{"href":"https:\/\/soydeaqui.ddns.net\/pachuca\/index.php\/wp-json\/wp\/v2\/types\/product"}],"replies":[{"embeddable":true,"href":"https:\/\/soydeaqui.ddns.net\/pachuca\/index.php\/wp-json\/wp\/v2\/comments?post=106173"}],"wp:featuredmedia":[{"embeddable":true,"href":"https:\/\/soydeaqui.ddns.net\/pachuca\/index.php\/wp-json\/wp\/v2\/media\/106172"}],"wp:attachment":[{"href":"https:\/\/soydeaqui.ddns.net\/pachuca\/index.php\/wp-json\/wp\/v2\/media?parent=106173"}],"wp:term":[{"taxonomy":"product_brand","embeddable":true,"href":"https:\/\/soydeaqui.ddns.net\/pachuca\/index.php\/wp-json\/wp\/v2\/product_brand?post=106173"},{"taxonomy":"product_cat","embeddable":true,"href":"https:\/\/soydeaqui.ddns.net\/pachuca\/index.php\/wp-json\/wp\/v2\/product_cat?post=106173"},{"taxonomy":"product_tag","embeddable":true,"href":"https:\/\/soydeaqui.ddns.net\/pachuca\/index.php\/wp-json\/wp\/v2\/product_tag?post=106173"}],"curies":[{"name":"wp","href":"https:\/\/api.w.org\/{rel}","templated":true}]}}