{"id":106158,"date":"2026-03-20T16:01:28","date_gmt":"2026-03-20T16:01:28","guid":{"rendered":"https:\/\/soydeaqui.ddns.net\/pachuca\/index.php\/producto\/bala-ip-6-megapixel-lente-mot-2-8-a-12-mm-60-mts-ir-exir-exterior-ip67-ik10-wdr-120-db-poe-acusense-evita-falsas-alarmas-entrada-y-salida-de-audio-y-alarmas-microsd-onvif-acus\/"},"modified":"2026-03-20T16:01:33","modified_gmt":"2026-03-20T16:01:33","slug":"bala-ip-6-megapixel-lente-mot-2-8-a-12-mm-60-mts-ir-exir-exterior-ip67-ik10-wdr-120-db-poe-acusense-evita-falsas-alarmas-entrada-y-salida-de-audio-y-alarmas-microsd-onvif-acus","status":"publish","type":"product","link":"https:\/\/soydeaqui.ddns.net\/pachuca\/index.php\/producto\/bala-ip-6-megapixel-lente-mot-2-8-a-12-mm-60-mts-ir-exir-exterior-ip67-ik10-wdr-120-db-poe-acusense-evita-falsas-alarmas-entrada-y-salida-de-audio-y-alarmas-microsd-onvif-acus\/","title":{"rendered":"Bala IP 6 Megapixel \/ Lente Mot. 2.8 a 12 mm \/ 60 mts IR EXIR \/Exterior IP67 \/ IK10 \/  WDR 120 dB \/ PoE \/ ACUSENSE (Evita Falsas Alarmas) \/ Entrada y Salida de Audio y Alarmas \/ MicroSD \/ ONVIF \/ ACUSEARCH"},"content":{"rendered":"<div style='width: 100%; max-width: 1200px; margin: 0 auto; font-family: sans-serif; line-height: 1.6; color: inherit; background-color: transparent;'>\n<p style='text-align: center; margin: 0 0 20px;'><img style='width: 100%; max-width: 400px; height: auto; border: 1px solid rgba(150&comma;150&comma;150&comma;0.3); border-radius: 8px;' src='https:\/\/ftp3.syscom.mx\/usuarios\/jsosa\/HIKVISION\/imagenes\/logo\/hikvision%20see%20far.png' alt='Logo Hikvision'><\/p>\n<p style='margin: 20px 0;'>\n<div style='position: relative; padding-bottom: 56.25%; height: 0; overflow: hidden; margin-bottom: 30px;'> <video style='position: absolute; top: 0; left: 0; width: 100%; height: 100%; border: 1px solid rgba(150&comma;150&comma;150&comma;0.3); border-radius: 8px;' loop muted controls><source src='https:\/\/ftp3.syscom.mx\/usuarios\/jsosa\/HIKVISION\/videos\/motion\/Motion%20Detection%202.0%2020200923.mp4' type='video\/mp4'>Tu navegador no soporta el elemento de video.<\/video> <\/div>\n<div style='display: flex; flex-wrap: wrap; gap: 30px; margin-bottom: 30px;'>\n<div style='flex: 1 1 45%; min-width: 300px;'>\n<h3 style='font-size: 22px; border-bottom: 2px solid currentColor; padding-bottom: 5px; margin-top: 0; margin-bottom: 15px; color: inherit; opacity: 0.8;'>AcuSense vs Anal\u00edticos Tradicionales<\/h3>\n<div style='position: relative; padding-bottom: 56.25%; height: 0; overflow: hidden;'>   <\/div>\n<\/p><\/div>\n<div style='flex: 1 1 45%; min-width: 300px;'>\n<h3 style='font-size: 22px; border-bottom: 2px solid currentColor; padding-bottom: 5px; margin-top: 0; margin-bottom: 15px; color: inherit; opacity: 0.8;'>Inteligencia Artificial con AcuSense<\/h3>\n<div style='position: relative; padding-bottom: 56.25%; height: 0; overflow: hidden;'>   <\/div>\n<\/p><\/div>\n<\/p><\/div>\n<div style='display: flex; flex-wrap: wrap; gap: 20px; margin-bottom: 30px;'>\n<div style='flex: 1 1 45%; min-width: 300px;'> <img style='width: 100%; height: auto; border: 1px solid rgba(150&comma;150&comma;150&comma;0.3); border-radius: 8px;' src='https:\/\/ftp3.syscom.mx\/usuarios\/jsosa\/GIF\/Cruce-de-linea.gif' alt='Cruce de l\u00ednea'> <\/div>\n<div style='flex: 1 1 45%; min-width: 300px;'> <img style='width: 100%; height: auto; border: 1px solid rgba(150&comma;150&comma;150&comma;0.3); border-radius: 8px;' src='https:\/\/ftp3.syscom.mx\/usuarios\/jsosa\/GIF\/intrusion-area.gif' alt='Intrusi\u00f3n de \u00e1rea'> <\/div>\n<\/p><\/div>\n<div style='display: flex; flex-wrap: wrap; gap: 20px; margin-bottom: 30px;'>\n<div style='flex: 1 1 300px; min-width: 280px; border: 1px solid rgba(150&comma; 150&comma; 150&comma; 0.4); border-radius: 8px; overflow: hidden;'>\n<div style='padding: 15px; border-bottom: 1px solid rgba(150&comma; 150&comma; 150&comma; 0.2); font-weight: bold; font-size: 18px; color: inherit;'>Caracter\u00edsticas principales<\/div>\n<div style='padding: 15px; color: inherit;'>\n<ul style='padding-left: 20px; margin: 0; font-size: 14px; list-style-type: disc;'>\n<li style='margin-bottom: 8px;'>Resoluci\u00f3n m\u00e1xima: 6 Megapixel (3200 \u00d7 1800)<\/li>\n<li style='margin-bottom: 8px;'>Iluminaci\u00f3n m\u00ednima: color 0.005 Lux @ (F1.6&comma; AGC ON)<\/li>\n<li style='margin-bottom: 8px;'>D\u00eda \/ Noche Real (filtro ICR)<\/li>\n<li style='margin-bottom: 8px;'>Distancia focal: 2.8 &#8211; 12 mm (\u00e1ngulo de apertura 106\u00b0 a 35\u00b0)<\/li>\n<li style='margin-bottom: 8px;'>Distancia de infrarrojo: 60 mts Smart IR<\/li>\n<li style='margin-bottom: 8px;'>Funciones normales: WDR 120dB \/ ROI \/ 3D DNR \/ BLC \/ HLC<\/li>\n<li style='margin-bottom: 8px;'>Funciones Avanzadas: Detecci\u00f3n de Rostros \/ Intrusi\u00f3n de \u00e1rea \/ Cruce de l\u00ednea<\/li>\n<li style='margin-bottom: 8px;'>Compresi\u00f3n: H.265+ \/ H.265 \/ H.264+ \/ H.264<\/li>\n<li style='margin-bottom: 8px;'>Compatible con la plataforma de Hik-Connect (https:\/\/appstore.hikvision.com\/)<\/li>\n<\/ul><\/div>\n<\/p><\/div>\n<div style='flex: 1 1 300px; min-width: 280px; border: 1px solid rgba(150&comma; 150&comma; 150&comma; 0.4); border-radius: 8px; overflow: hidden;'>\n<div style='padding: 15px; border-bottom: 1px solid rgba(150&comma; 150&comma; 150&comma; 0.2); font-weight: bold; font-size: 18px; color: inherit;'>Caracter\u00edsticas F\u00edsicas y El\u00e9ctricas<\/div>\n<div style='padding: 15px; color: inherit;'>\n<ul style='padding-left: 20px; margin: 0; font-size: 14px; list-style-type: disc;'>\n<li style='margin-bottom: 8px;'>Alimentaci\u00f3n: 12 Vcc \/ PoE 802.3 at \/ 15 W<\/li>\n<li style='margin-bottom: 8px;'>Temperatura de operaci\u00f3n: -30\u00b0C a 60\u00b0C \/ Humedad al 95% m\u00e1ximo<\/li>\n<li style='margin-bottom: 8px;'>Uso en exterior IP67<\/li>\n<li style='margin-bottom: 8px;'>Antivand\u00e1lica IK10<\/li>\n<li style='margin-bottom: 8px;'>Dimensiones: 308.5 x 97.9 x 93 mm<\/li>\n<li style='margin-bottom: 8px;'>Peso: 1385 gramos<\/li>\n<\/ul>\n<div style='margin-top: 20px; font-weight: bold; font-size: 16px; border-top: 1px solid rgba(150&comma;150&comma;150&comma;0.3); padding-top: 15px;'>Accesorios opcionales<\/div>\n<ul style='padding-left: 20px; margin: 15px 0 0; font-size: 14px; list-style-type: disc;'>\n<li style='margin-bottom: 8px;'>Caja de conexiones&comma; modelo: <a href='https:\/\/www.syscom.mx\/producto\/DS-1280ZJ-S-HIKVISION-84927.html' target='_blank' rel='noopener' style='color: inherit; text-decoration: underline;'>DS-1280ZJ-S<\/a><\/li>\n<li style='margin-bottom: 8px;'>Montaje de poste vertical&comma; modelo: <a href='https:\/\/www.syscom.mx\/producto\/DS-1275ZJ-S-SUS-HIKVISION-170377.html' target='_blank' rel='noopener' style='color: inherit; text-decoration: underline;'>DS-1275ZJ-S-SUS<\/a><\/li>\n<li style='margin-bottom: 8px;'>Montaje de esquina&comma; modelo: <a href='https:\/\/www.syscom.mx\/producto\/DS-1276ZJ-SUS-HIKVISION-156173.html' target='_blank' rel='noopener' style='color: inherit; text-decoration: underline;'>DS-1276ZJ-SUS<\/a><\/li>\n<li style='margin-bottom: 8px;'>Caja de conexiones&comma; modelo: <a href='https:\/\/www.syscom.mx\/producto\/DS-1260ZJ-HIKVISION-72308.html' target='_blank' rel='noopener' style='color: inherit; text-decoration: underline;'>DS-1260ZJ<\/a><\/li>\n<li style='margin-bottom: 8px;'>Montaje para Poste&comma; modelo: <a href='https:\/\/www.syscom.mx\/producto\/DS-1475ZJ-SUS-HIKVISION-156174.html' target='_blank' rel='noopener' style='color: inherit; text-decoration: underline;'>DS-1475ZJ-SUS<\/a><\/li>\n<\/ul><\/div>\n<\/p><\/div>\n<div style='flex: 1 1 300px; min-width: 280px; border: 1px solid rgba(150&comma; 150&comma; 150&comma; 0.4); border-radius: 8px; overflow: hidden;'>\n<div style='padding: 15px; border-bottom: 1px solid rgba(150&comma; 150&comma; 150&comma; 0.2); font-weight: bold; font-size: 18px; color: inherit;'>Entradas y Salidas de Audio \/ Alarmas \/ Red<\/div>\n<div style='padding: 15px; color: inherit;'>\n<ul style='padding-left: 20px; margin: 0; font-size: 14px; list-style-type: disc;'>\n<li style='margin-bottom: 8px;'>Entradas de alarma: 1<\/li>\n<li style='margin-bottom: 8px;'>Salidas de alarma: 1 (max. 12 VDC&comma; 30 mA)<\/li>\n<li style='margin-bottom: 8px;'>Entradas de audio: 1<\/li>\n<li style='margin-bottom: 8px;'>Salidas de audio: 1<\/li>\n<li style='margin-bottom: 8px;'>Puerto de red: 1 (10 \/ 100 Mbps \/ PoE 802.3af)<\/li>\n<li style='margin-bottom: 8px;'>Almacenamiento micro SD de hasta 512 GB \/ ANR (Automatic Network Recovery)<\/li>\n<li style='margin-bottom: 8px;'>Soporta ONVIF (Profile S&comma; Profile G) \/ ISAPI \/ SDK<\/li>\n<\/ul><\/div>\n<\/p><\/div>\n<\/p><\/div>\n<div style='margin-bottom: 30px;'>\n<div style='border-left: 5px solid #ff0000; border-radius: 8px; padding: 15px; background-color: rgba(255&comma;0&comma;0&comma;0.05);'>\n<p style='margin: 0 0 10px;'>Soporta tecnolog\u00eda ACUSENSE para evitar esas falsas alarmas ocasionadas por los movimientos de pixeles como son las ramas de \u00e1rboles&comma; movimiento de cortinas&comma; lluvias&comma; etc.<\/p>\n<p style='margin: 10px 0;'>Con la tecnolog\u00eda ACUSENSE haremos de una detecci\u00f3n efectiva ya que solo se activar\u00e1 el evento cuando detecte cuerpos humanos o veh\u00edculos para poder evitar las falsas alarmas.<\/p>\n<\/p><\/div>\n<\/p><\/div>\n<hr style='border: 0; border-top: 1px solid rgba(150&comma; 150&comma; 150&comma; 0.3); margin: 30px 0;'>\n<h2 style='text-align: center; font-size: 24px; margin: 0 0 20px; color: inherit;'>Recursos<\/h2>\n<div style='display: flex; flex-wrap: wrap; gap: 20px; justify-content: center; margin-bottom: 30px;'>\n<div style='flex: 1 1 250px; min-width: 200px; text-align: center;'> <a href='https:\/\/www.hikvision.com\/es-la\/support\/download\/software\/ivms4200-series\/?q=serie%20ivms4200&#038;position=1' target='_blank' rel='noopener' style='display: block;'> <img style='width: 100%; max-width: 300px; height: auto; border: 1px solid rgba(150&comma;150&comma;150&comma;0.3); border-radius: 8px;' src='https:\/\/ftp3.syscom.mx\/usuarios\/gmagos\/HIK\/IP\/IPC\/Imagenes%20pagina\/Descargas%20IVMS4200.jpg' alt='IVMS4200'> <\/a> <\/div>\n<div style='flex: 1 1 250px; min-width: 200px; text-align: center;'> <a href='https:\/\/appstore.hikvision.com\/' target='_blank' rel='noopener' style='display: block;'> <img style='width: 100%; max-width: 300px; height: auto; border: 1px solid rgba(150&comma;150&comma;150&comma;0.3); border-radius: 8px;' src='https:\/\/ftp3.syscom.mx\/usuarios\/gmagos\/HIK\/IP\/IPC\/Imagenes%20pagina\/Descargas%20de%20app.jpg' alt='App Hikvision'> <\/a> <\/div>\n<div style='flex: 1 1 250px; min-width: 200px; text-align: center;'> <a href='https:\/\/ftp3.syscom.mx\/usuarios\/roberto.espino\/Specs\/Bala\/Especificaciones%20Tecnicas%20DS-2CD2663G2-IZS_Datasheet_V5.5.113_20220114.pdf' target='_blank' rel='noopener' style='display: block;'> <img style='width: 100%; max-width: 300px; height: auto; border: 1px solid rgba(150&comma;150&comma;150&comma;0.3); border-radius: 8px;' src='https:\/\/ftp3.syscom.mx\/usuarios\/gmagos\/HIK\/IP\/IPC\/Imagenes%20pagina\/Descarga%20de%20PDF.jpg' alt='Especificaciones t\u00e9cnicas'> <\/a> <\/div>\n<\/p><\/div>\n<hr style='border: 0; border-top: 1px solid rgba(150&comma; 150&comma; 150&comma; 0.3); margin: 30px 0;'>\n<div style='margin-bottom: 30px;'>\n<h2 style='font-size: 22px; margin-top: 0; margin-bottom: 15px; color: inherit;'>\u00bfQue es H.265+?<\/h2>\n<p style='margin-bottom: 15px;'>Es un formato de compresi\u00f3n inteligente que <strong style='color: inherit;'>permite ahorrar hasta 80% de almacenamiento y ancho de banda<\/strong>&comma; para que la compresi\u00f3n se pueda activar debemos de contar con c\u00e1mara IP y NVR que soporten el mismo formato de compresi\u00f3n.<\/p>\n<div style='display: flex; flex-wrap: wrap; gap: 15px; margin-top: 20px;'>\n<div style='flex: 1 1 300px; min-width: 200px;'>\n<p style='text-align: center; margin: 0 0 10px; font-size: 14px;'>80% menos consumo que H.264<\/p>\n<p> <img style='width: 100%; height: auto; border: 1px solid rgba(150&comma;150&comma;150&comma;0.3); border-radius: 8px;' src='https:\/\/3.bp.blogspot.com\/-c6ufw54r2xk\/WW_f4nkqWQI\/AAAAAAAAKVY\/I0edD6XJMPM-KppoJFsy-aINcLNxg6opQCEwYBhgL\/s400\/primero.tiff' alt='H.265 vs H.264'> <\/div>\n<div style='flex: 1 1 300px; min-width: 200px;'>\n<p style='text-align: center; margin: 0 0 10px; font-size: 14px;'>Mismo dias de almacenamiento pero con menos discos duros<\/p>\n<p> <img style='width: 100%; height: auto; border: 1px solid rgba(150&comma;150&comma;150&comma;0.3); border-radius: 8px;' src='https:\/\/1.bp.blogspot.com\/-tJoVn4NunDQ\/WW_f4qn0b0I\/AAAAAAAAKVU\/8aiRMT3NK0wg2s2bSbQI7zAQrjGN0ZJ5wCEwYBhgL\/s400\/tercero.tiff' alt='Almacenamiento'> <\/div>\n<div style='flex: 1 1 300px; min-width: 200px;'>\n<p style='text-align: center; margin: 0 0 10px; font-size: 14px;'>Hasta 20 c\u00e1maras Full HD tiempo real en un ancho de banda de 20Mbps<\/p>\n<p> <img style='width: 100%; height: auto; border: 1px solid rgba(150&comma;150&comma;150&comma;0.3); border-radius: 8px;' src='https:\/\/2.bp.blogspot.com\/-4pPL-F39Ka4\/WW_f4Tqv-nI\/AAAAAAAAKVQ\/URQf8vDTvxM1pHB9hbg_DvHTemJ-B7isgCEwYBhgL\/s400\/segundo.tiff' alt='Ancho de banda'> <\/div>\n<\/p><\/div>\n<\/p><\/div>\n<div style='display: flex; flex-wrap: wrap; gap: 30px; margin-bottom: 30px;'>\n<div style='flex: 1 1 45%; min-width: 300px;'>\n<h2 style='font-size: 22px; margin-top: 0; margin-bottom: 15px; color: inherit;'>ULTRA BAJA ILUMINACI\u00d3N<\/h2>\n<p style='margin-bottom: 15px;'>La l\u00ednea de c\u00e1maras H.265+ son las \u00fanicas capaces de captar colores en condiciones de extrema baja iluminaci\u00f3n (colores con muy poca iluminaci\u00f3n). Las c\u00e1maras soportan esta condici\u00f3n&comma; manejan una iluminaci\u00f3n m\u00ednima de 0.005 Lux.<\/p>\n<p> <img style='width: 100%; height: auto; border: 1px solid rgba(150&comma;150&comma;150&comma;0.3); border-radius: 8px;' src='https:\/\/gallery.mailchimp.com\/2b3e9128678b450bb748bf973\/images\/ccc0c810-988b-4ef4-838c-4f9ae82d6689.gif' alt='Ultra baja iluminaci\u00f3n'> <\/div>\n<div style='flex: 1 1 45%; min-width: 300px;'>\n<p style='text-align: center; margin: 0 0 10px; font-size: 14px;'>iPhone 7 Plus vs Ultra Baja iluminaci\u00f3n (comparativo sin IR)<\/p>\n<p> <img style='width: 100%; height: auto; border: 1px solid rgba(150&comma;150&comma;150&comma;0.3); border-radius: 8px;' src='https:\/\/gallery.mailchimp.com\/2b3e9128678b450bb748bf973\/images\/fd038663-a42b-4ad7-a312-9bd4b616a5c5.png' alt='Comparativo iPhone vs Ultra Baja Iluminaci\u00f3n'> <\/p>\n<p style='text-align: center; margin: 15px 0 0; font-size: 14px;'>C\u00e1mara Convencional vs C\u00e1mara Ultra Baja Iluminaci\u00f3n<\/p>\n<\/p><\/div>\n<\/p><\/div>\n<div style='display: flex; flex-wrap: wrap; gap: 30px; margin-bottom: 30px;'>\n<div style='flex: 1 1 45%; min-width: 300px;'> <img style='width: 100%; height: auto; border: 1px solid rgba(150&comma;150&comma;150&comma;0.3); border-radius: 8px;' src='https:\/\/lh3.googleusercontent.com\/-_pgtKKh2P54\/WScVSwtAfwI\/AAAAAAAABUM\/LrubXsEe21IWXv-4KRTQK58q1VsTzF2mACL0B\/h258\/2017-05-25.gif' alt='IR EXIR comparaci\u00f3n'> <\/div>\n<div style='flex: 1 1 45%; min-width: 300px;'>\n<h2 style='font-size: 22px; margin-top: 0; margin-bottom: 15px; color: inherit;'>IR EXIR 2.0<\/h2>\n<p>La tecnolog\u00eda IR EXIR permite cubrir toda la escena sin dejar puntos ciegos como sucede normalmente con c\u00e1maras que manejan IR convencional.<\/p>\n<\/p><\/div>\n<\/p><\/div>\n<div style='display: flex; flex-wrap: wrap; gap: 30px; margin-bottom: 30px;'>\n<div style='flex: 1 1 45%; min-width: 300px;'>\n<h2 style='font-size: 22px; margin-top: 0; margin-bottom: 15px; color: inherit;'>WDR Real 120dB<\/h2>\n<p>El m\u00e1s alto desempe\u00f1o en condiciones de contraluz extrema.<\/p>\n<\/p><\/div>\n<div style='flex: 1 1 45%; min-width: 300px;'> <img style='width: 100%; height: auto; border: 1px solid rgba(150&comma;150&comma;150&comma;0.3); border-radius: 8px;' src='https:\/\/gallery.mailchimp.com\/2b3e9128678b450bb748bf973\/images\/357a57b8-e723-4439-af9a-03a2293ddde9.png' alt='WDR 120dB'> <\/div>\n<\/p><\/div>\n<div style='display: flex; flex-wrap: wrap; gap: 30px; margin-bottom: 30px;'>\n<div style='flex: 1 1 45%; min-width: 300px;'> <img style='width: 100%; height: auto; border: 1px solid rgba(150&comma;150&comma;150&comma;0.3); border-radius: 8px;' src='https:\/\/2.bp.blogspot.com\/-cKx9kBDaVys\/WS2GxBTkstI\/AAAAAAAAJgw\/P0SphQZCq14a4tX_Hm4ihgvFdr-hPhKnwCLcB\/s640\/grab333.png' alt='3D DNR'> <\/div>\n<div style='flex: 1 1 45%; min-width: 300px;'>\n<h2 style='font-size: 22px; margin-top: 0; margin-bottom: 15px; color: inherit;'>Reducci\u00f3n de Ruido Digital 3D-DNR &#8211; Algoritmo Mejorado<\/h2>\n<p>La serie H.265+ incorpora el algoritmo de reducci\u00f3n de ruido m\u00e1s avanzado&comma; entregando im\u00e1genes extremadamente n\u00edtidas en condiciones de iluminaci\u00f3n complicada.<\/p>\n<\/p><\/div>\n<\/p><\/div>\n<div style='margin-bottom: 30px;'> <img style='width: 100%; height: auto; border: 1px solid rgba(150&comma;150&comma;150&comma;0.3); border-radius: 8px;' src='https:\/\/ftp3.syscom.mx\/usuarios\/jsosa\/HIKVISION\/imagenes\/banners\/solution%20complete.png' alt='Soluci\u00f3n completa Hikvision'> <\/div>\n<\/p><\/div>\n","protected":false},"excerpt":{"rendered":"<p>Bala IP 6 Megapixel \/ Lente Mot. 2.8 a 12 mm \/ 60 mts IR EXIR \/Exterior IP67 \/ IK10 \/  WDR 120 dB \/ PoE \/ ACUSENSE (Evita Falsas Alarmas) \/ Entrada y Salida de Audio y Alarmas \/ MicroSD \/ ONVIF \/ ACUSEARCH<\/p>\n","protected":false},"featured_media":106157,"comment_status":"open","ping_status":"closed","template":"","meta":[],"product_brand":[],"product_cat":[438],"product_tag":[439,122,54],"class_list":{"0":"post-106158","1":"product","2":"type-product","3":"status-publish","4":"has-post-thumbnail","6":"product_cat-bala","7":"product_tag-bala","8":"product_tag-camaras-ip-y-nvrs","9":"product_tag-hikvision","11":"first","12":"outofstock","13":"sale","14":"shipping-taxable","15":"purchasable","16":"product-type-simple"},"_links":{"self":[{"href":"https:\/\/soydeaqui.ddns.net\/pachuca\/index.php\/wp-json\/wp\/v2\/product\/106158","targetHints":{"allow":["GET"]}}],"collection":[{"href":"https:\/\/soydeaqui.ddns.net\/pachuca\/index.php\/wp-json\/wp\/v2\/product"}],"about":[{"href":"https:\/\/soydeaqui.ddns.net\/pachuca\/index.php\/wp-json\/wp\/v2\/types\/product"}],"replies":[{"embeddable":true,"href":"https:\/\/soydeaqui.ddns.net\/pachuca\/index.php\/wp-json\/wp\/v2\/comments?post=106158"}],"wp:featuredmedia":[{"embeddable":true,"href":"https:\/\/soydeaqui.ddns.net\/pachuca\/index.php\/wp-json\/wp\/v2\/media\/106157"}],"wp:attachment":[{"href":"https:\/\/soydeaqui.ddns.net\/pachuca\/index.php\/wp-json\/wp\/v2\/media?parent=106158"}],"wp:term":[{"taxonomy":"product_brand","embeddable":true,"href":"https:\/\/soydeaqui.ddns.net\/pachuca\/index.php\/wp-json\/wp\/v2\/product_brand?post=106158"},{"taxonomy":"product_cat","embeddable":true,"href":"https:\/\/soydeaqui.ddns.net\/pachuca\/index.php\/wp-json\/wp\/v2\/product_cat?post=106158"},{"taxonomy":"product_tag","embeddable":true,"href":"https:\/\/soydeaqui.ddns.net\/pachuca\/index.php\/wp-json\/wp\/v2\/product_tag?post=106158"}],"curies":[{"name":"wp","href":"https:\/\/api.w.org\/{rel}","templated":true}]}}