{"id":106137,"date":"2026-03-20T16:00:22","date_gmt":"2026-03-20T16:00:22","guid":{"rendered":"https:\/\/soydeaqui.ddns.net\/pachuca\/index.php\/producto\/domo-ip-4-megapixel-imagen-a-color-24-7-poe-lente-2-8-mm-exterior-ip67-ik10-wdr-130-db-poe-microfono-integrado-videoanaliticos-filtro-de-falsas-alarmas-entrada-y-salida-de-audio\/"},"modified":"2026-03-20T16:00:34","modified_gmt":"2026-03-20T16:00:34","slug":"domo-ip-4-megapixel-imagen-a-color-24-7-poe-lente-2-8-mm-exterior-ip67-ik10-wdr-130-db-poe-microfono-integrado-videoanaliticos-filtro-de-falsas-alarmas-entrada-y-salida-de-audio","status":"publish","type":"product","link":"https:\/\/soydeaqui.ddns.net\/pachuca\/index.php\/producto\/domo-ip-4-megapixel-imagen-a-color-24-7-poe-lente-2-8-mm-exterior-ip67-ik10-wdr-130-db-poe-microfono-integrado-videoanaliticos-filtro-de-falsas-alarmas-entrada-y-salida-de-audio\/","title":{"rendered":"Domo IP 4 Megapixel \/ Imagen a Color 24\/7 \/ PoE \/ Lente 2.8 mm \/ Exterior IP67 \/ IK10 \/ WDR 130 dB \/ PoE \/ Micr\u00f3fono Integrado \/ Videoanaliticos (Filtro de Falsas Alarmas)  \/ Entrada y Salida de Audio y Alarmas \/ MicroSD \/ ACUSEARCH"},"content":{"rendered":"<div style='width: 100%; max-width: 1200px; margin: 0 auto; font-family: sans-serif; line-height: 1.6; color: inherit; background-color: transparent;'>\n<p style='text-align: center;'><img style='width: 45%; height: auto; border: 1px solid rgba(150&comma;150&comma;150&comma;0.3); border-radius: 8px;' src='https:\/\/ftp3.syscom.mx\/usuarios\/jsosa\/HIKVISION\/imagenes\/logo\/hikvision%20see%20far.png' alt='Logo Hikvision'><\/p>\n<p> <img style='width: 100%; height: auto; border: 1px solid rgba(150&comma;150&comma;150&comma;0.3); border-radius: 8px;' src='https:\/\/ftp3.syscom.mx\/usuarios\/xguereque\/Imagenes\/hikvision\/colorvu-2.jpg' alt='C\u00e1mara DS2CD2147G2'> <\/p>\n<div style='display: flex; flex-wrap: wrap; gap: 15px; margin: 30px 0;'>\n<div style='flex: 1 1 30%; min-width: 250px;'> <img style='width: 100%; height: auto; border: 1px solid rgba(150&comma;150&comma;150&comma;0.3); border-radius: 8px;' src='https:\/\/ftp3.syscom.mx\/usuarios\/jsosa\/HIKVISION\/imagenes\/colorvu\/1.png' alt='Vista 1'> <\/div>\n<div style='flex: 1 1 30%; min-width: 250px;'> <img style='width: 100%; height: auto; border: 1px solid rgba(150&comma;150&comma;150&comma;0.3); border-radius: 8px;' src='https:\/\/ftp3.syscom.mx\/usuarios\/jsosa\/HIKVISION\/imagenes\/colorvu\/4.png' alt='Vista 4'> <\/div>\n<div style='flex: 1 1 30%; min-width: 250px;'> <img style='width: 100%; height: auto; border: 1px solid rgba(150&comma;150&comma;150&comma;0.3); border-radius: 8px;' src='https:\/\/ftp3.syscom.mx\/usuarios\/jsosa\/HIKVISION\/imagenes\/colorvu\/3.png' alt='Vista 3'> <\/div>\n<\/p><\/div>\n<div style='display: flex; flex-wrap: wrap; gap: 15px; margin: 30px 0;'>\n<div style='flex: 1 1 30%; min-width: 250px;'> <img style='width: 100%; height: auto; border: 1px solid rgba(150&comma;150&comma;150&comma;0.3); border-radius: 8px;' src='https:\/\/ftp3.syscom.mx\/usuarios\/jsosa\/HIKVISION\/imagenes\/colorvu\/2.png' alt='Vista 2'> <\/div>\n<div style='flex: 1 1 30%; min-width: 250px;'> <img style='width: 100%; height: auto; border: 1px solid rgba(150&comma;150&comma;150&comma;0.3); border-radius: 8px;' src='https:\/\/ftp3.syscom.mx\/usuarios\/jsosa\/HIKVISION\/imagenes\/colorvu\/5.png' alt='Vista 5'> <\/div>\n<div style='flex: 1 1 30%; min-width: 250px;'> <img style='width: 100%; height: auto; border: 1px solid rgba(150&comma;150&comma;150&comma;0.3); border-radius: 8px;' src='https:\/\/ftp3.syscom.mx\/usuarios\/jsosa\/HIKVISION\/imagenes\/colorvu\/6.png' alt='Vista 6'> <\/div>\n<\/p><\/div>\n<div style='position: relative; padding-bottom: 56.25%; height: 0; overflow: hidden; margin: 30px 0;'>   <\/div>\n<div style='display: flex; flex-wrap: wrap; gap: 30px; margin: 30px 0;'>\n<div style='flex: 1 1 45%; min-width: 300px;'>\n<div style='position: relative; padding-bottom: 56.25%; height: 0; overflow: hidden; margin: 15px 0;'>   <\/div>\n<\/p><\/div>\n<div style='flex: 1 1 45%; min-width: 300px;'>\n<div style='position: relative; padding-bottom: 56.25%; height: 0; overflow: hidden; margin: 15px 0;'>   <\/div>\n<\/p><\/div>\n<\/p><\/div>\n<div style='display: flex; flex-wrap: wrap; gap: 30px; margin: 30px 0;'>\n<div style='flex: 1 1 45%; min-width: 300px;'>\n<div style='position: relative; padding-bottom: 56.25%; height: 0; overflow: hidden; margin: 15px 0;'>   <\/div>\n<\/p><\/div>\n<div style='flex: 1 1 45%; min-width: 300px;'>\n<div style='position: relative; padding-bottom: 56.25%; height: 0; overflow: hidden; margin: 15px 0;'>   <\/div>\n<\/p><\/div>\n<\/p><\/div>\n<div style='display: flex; flex-wrap: wrap; gap: 20px; margin: 30px 0;'>\n<div style='flex: 1 1 300px; border: 1px solid rgba(150&comma; 150&comma; 150&comma; 0.4); border-radius: 8px; overflow: hidden; display: flex; flex-direction: column;'>\n<div style='padding: 15px; border-bottom: 1px solid rgba(150&comma; 150&comma; 150&comma; 0.2); font-weight: bold; font-size: 18px; color: inherit;'>Caracter\u00edsticas principales<\/div>\n<div style='padding: 15px; color: inherit;'>\n<ul style='padding-left: 20px; margin: 0; font-size: 14px; list-style-type: disc;'>\n<li style='margin-bottom: 5px;'><strong>Resoluci\u00f3n m\u00e1xima:<\/strong> 4 Megapixel (2688 x 1520)<\/li>\n<li style='margin-bottom: 5px;'><strong>Iluminaci\u00f3n m\u00ednima:<\/strong> color 0.0005 Lux @ (F1.2&comma; AGC ON)<\/li>\n<li style='margin-bottom: 5px;'><strong>Distancia focal:<\/strong> 2.8 mm (\u00e1ngulo de visi\u00f3n 112\u00ba)<\/li>\n<li style='margin-bottom: 5px;'><strong>Funciones normales:<\/strong> WDR 130dB \/ BLC \/ 3D DNR \/ ROI \/ HLC<\/li>\n<li style='margin-bottom: 5px;'><strong>Funciones avanzadas:<\/strong> Detecci\u00f3n de Rostros \/ Intrusi\u00f3n de \u00e1rea \/ Cruce de l\u00ednea<\/li>\n<li style='margin-bottom: 5px;'><strong>Compresi\u00f3n:<\/strong> H.265+ \/ H.265 \/ H.264+ \/ H.264<\/li>\n<li style='margin-bottom: 5px;'><strong>Plataforma:<\/strong> Compatible con Hik-Connect<\/li>\n<li style='margin-bottom: 5px;'><strong>Nota:<\/strong> Este modelo no incluye iluminaci\u00f3n suplementaria<\/li>\n<\/ul><\/div>\n<\/p><\/div>\n<div style='flex: 1 1 300px; border: 1px solid rgba(150&comma; 150&comma; 150&comma; 0.4); border-radius: 8px; overflow: hidden; display: flex; flex-direction: column;'>\n<div style='padding: 15px; border-bottom: 1px solid rgba(150&comma; 150&comma; 150&comma; 0.2); font-weight: bold; font-size: 18px; color: inherit;'>Caracter\u00edsticas F\u00edsicas y El\u00e9ctricas<\/div>\n<div style='padding: 15px; color: inherit;'>\n<ul style='padding-left: 20px; margin: 0; font-size: 14px; list-style-type: disc;'>\n<li style='margin-bottom: 5px;'><strong>Alimentaci\u00f3n:<\/strong> 12 Vcc \/ PoE 802.3 af \/ 6.5 W<\/li>\n<li style='margin-bottom: 5px;'><strong>Temperatura de operaci\u00f3n:<\/strong> -30\u00b0C a 60\u00b0C \/ Humedad al 95% m\u00e1ximo<\/li>\n<li style='margin-bottom: 5px;'><strong>Uso:<\/strong> Exterior IP67<\/li>\n<li style='margin-bottom: 5px;'><strong>Antivand\u00e1lica:<\/strong> IK10<\/li>\n<li style='margin-bottom: 5px;'><strong>Protecci\u00f3n:<\/strong> Contra sobre tensiones y voltajes transitorios<\/li>\n<li style='margin-bottom: 5px;'><strong>Dimensiones:<\/strong> 121.4 x 100.1 mm<\/li>\n<li style='margin-bottom: 5px;'><strong>Peso:<\/strong> 580 grs<\/li>\n<li style='margin-bottom: 5px;'><strong>Garant\u00eda:<\/strong> 2 a\u00f1os<\/li>\n<\/ul>\n<p style='margin-top: 15px; margin-bottom: 10px;'><strong>Accesorios Opcionales:<\/strong><\/p>\n<ul style='padding-left: 20px; margin: 0; font-size: 14px; list-style-type: disc;'>\n<li style='margin-bottom: 5px;'><a href='https:\/\/www.syscom.mx\/producto\/DS-1275ZJ-SUS-HIKVISION-156172.html' target='_blank' rel='noopener' style='color: inherit; text-decoration: underline;'>Montaje de poste vertical&comma; modelo: DS-1275ZJ-SUS<\/a><\/li>\n<li style='margin-bottom: 5px;'><a href='https:\/\/www.syscom.mx\/producto\/DS-1276ZJ-SUS-HIKVISION-156173.html' target='_blank' rel='noopener' style='color: inherit; text-decoration: underline;'>Montaje de esquina&comma; modelo: DS-1276ZJ-SUS<\/a><\/li>\n<li style='margin-bottom: 5px;'><a href='https:\/\/www.syscom.mx\/producto\/DS-1280ZJ-DM46-HIKVISION-188766.html' target='_blank' rel='noopener' style='color: inherit; text-decoration: underline;'>Caja de conexiones&comma; modelo: DS-1280ZJ-DM46<\/a><\/li>\n<li style='margin-bottom: 5px;'><a href='https:\/\/www.syscom.mx\/producto\/DS-1271ZJ-120-HIKVISION-168453.html' target='_blank' rel='noopener' style='color: inherit; text-decoration: underline;'>Montaje colgante&comma; modelo: DS-1271ZJ-120<\/a><\/li>\n<li style='margin-bottom: 5px;'><a href='https:\/\/www.syscom.mx\/producto\/DS-1272ZJ-120B-HIKVISION-168454.html' target='_blank' rel='noopener' style='color: inherit; text-decoration: underline;'>Montaje de pared con caja de conexi\u00f3n&comma; modelo: DS-1272ZJ-120B<\/a><\/li>\n<li style='margin-bottom: 5px;'><a href='https:\/\/www.syscom.mx\/producto\/DS-1272ZJ-120-HIKVISION-79331.html' target='_blank' rel='noopener' style='color: inherit; text-decoration: underline;'>Montaje de pared&comma; modelo: DS-1272ZJ-120<\/a><\/li>\n<\/ul><\/div>\n<\/p><\/div>\n<div style='flex: 1 1 300px; border: 1px solid rgba(150&comma; 150&comma; 150&comma; 0.4); border-radius: 8px; overflow: hidden; display: flex; flex-direction: column;'>\n<div style='padding: 15px; border-bottom: 1px solid rgba(150&comma; 150&comma; 150&comma; 0.2); font-weight: bold; font-size: 18px; color: inherit;'>Caracter\u00edsticas Destacadas<\/div>\n<div style='padding: 15px; color: inherit;'>\n<ul style='padding-left: 20px; margin: 0; font-size: 14px; list-style-type: disc;'>\n<li style='margin-bottom: 5px;'><strong>Entradas de alarma:<\/strong> 1<\/li>\n<li style='margin-bottom: 5px;'><strong>Salidas de alarma:<\/strong> 1<\/li>\n<li style='margin-bottom: 5px;'><strong>Micr\u00f3fono:<\/strong> Integrado<\/li>\n<li style='margin-bottom: 5px;'><strong>Entradas de audio:<\/strong> 1<\/li>\n<li style='margin-bottom: 5px;'><strong>Salidas de audio:<\/strong> 1<\/li>\n<li style='margin-bottom: 5px;'><strong>Puerto de red:<\/strong> 1 (10\/100 Mbps \/ PoE 802.3 af)<\/li>\n<li style='margin-bottom: 5px;'><strong>Almacenamiento:<\/strong> micro SD hasta 512 GB \/ ANR (Automatic Network Recovery)<\/li>\n<li style='margin-bottom: 5px;'><strong>Compatibilidad:<\/strong> ONVIF \/ ISAPI \/ CGI<\/li>\n<\/ul><\/div>\n<\/p><\/div>\n<\/p><\/div>\n<div style='border: 1px solid rgba(150&comma; 150&comma; 150&comma; 0.4); border-radius: 8px; padding: 15px; margin: 30px 0;'>\n<p style='margin: 0; padding: 0;'><strong>Soporta tecnolog\u00eda ACUSENSE para evitar falsas alarmas causadas por movimientos de p\u00edxeles como ramas de \u00e1rboles&comma; movimiento de cortinas&comma; lluvias&comma; etc.<\/strong><\/p>\n<p style='margin: 15px 0 0 0;'><strong>Con la tecnolog\u00eda ACUSENSE&comma; la detecci\u00f3n es efectiva solo cuando detecta cuerpos humanos o veh\u00edculos&comma; evitando falsas alarmas.<\/strong><\/p>\n<\/p><\/div>\n<div style='border: 1px solid rgba(150&comma; 150&comma; 150&comma; 0.4); border-radius: 8px; padding: 15px; margin: 30px 0;'>\n<p style='margin: 0; padding: 0; font-weight: bold;'>Consideraciones:<\/p>\n<ul style='padding-left: 20px; margin: 15px 0 0 0; font-size: 14px; list-style-type: disc;'>\n<li style='margin-bottom: 5px;'>La c\u00e1mara es 3-Axis&comma; permite ajuste en 3 \u00e1ngulos diferentes para instalaci\u00f3n<\/li>\n<\/ul><\/div>\n<h2 style='text-align: center; font-size: 20px; margin: 30px 0 15px 0; color: inherit; opacity: 0.8;'>Recursos<\/h2>\n<div style='display: flex; flex-wrap: wrap; gap: 15px; margin: 30px 0;'>\n<div style='flex: 1 1 30%; min-width: 250px;'> <a href='https:\/\/www.hikvision.com\/es-la\/support\/download\/software\/ivms4200-series\/?q=serie%20ivms4200&#038;position=1' target='_blank' rel='noopener' style='display: block; text-decoration: none;'> <img style='width: 100%; height: auto; border: 1px solid rgba(150&comma;150&comma;150&comma;0.3); border-radius: 8px;' src='https:\/\/ftp3.syscom.mx\/usuarios\/gmagos\/HIK\/IP\/IPC\/Imagenes%20pagina\/Descargas%20IVMS4200.jpg' alt='IVMS4200 Software'> <\/a> <\/div>\n<div style='flex: 1 1 30%; min-width: 250px;'> <a href='https:\/\/appstore.hikvision.com\/' target='_blank' rel='noopener' style='display: block; text-decoration: none;'> <img style='width: 100%; height: auto; border: 1px solid rgba(150&comma;150&comma;150&comma;0.3); border-radius: 8px;' src='https:\/\/ftp3.syscom.mx\/usuarios\/gmagos\/HIK\/IP\/IPC\/Imagenes%20pagina\/Descargas%20de%20app.jpg' alt='App Hikvision'> <\/a> <\/div>\n<div style='flex: 1 1 30%; min-width: 250px;'> <a href='https:\/\/ftp3.syscom.mx\/usuarios\/fcarrillo\/Hikvision\/Specs\/Especificaciones%20Tecnicas%20DS-2CD2147G2-SU-C_Datasheet_V5.5.112_20220114.pdf' target='_blank' rel='noopener' style='display: block; text-decoration: none;'> <img style='width: 100%; height: auto; border: 1px solid rgba(150&comma;150&comma;150&comma;0.3); border-radius: 8px;' src='https:\/\/ftp3.syscom.mx\/usuarios\/gmagos\/HIK\/IP\/IPC\/Imagenes%20pagina\/Descarga%20de%20PDF.jpg' alt='Ficha t\u00e9cnica PDF'> <\/a> <\/div>\n<\/p><\/div>\n<div style='display: flex; flex-wrap: wrap; gap: 30px; margin: 30px 0;'>\n<div style='flex: 1 1 45%; min-width: 300px;'>\n<div style='position: relative; padding-bottom: 56.25%; height: 0; overflow: hidden; margin: 15px 0;'>   <\/div>\n<\/p><\/div>\n<div style='flex: 1 1 45%; min-width: 300px;'>\n<div style='position: relative; padding-bottom: 56.25%; height: 0; overflow: hidden; margin: 15px 0;'>   <\/div>\n<\/p><\/div>\n<\/p><\/div>\n<p> <img style='width: 100%; height: auto; border: 1px solid rgba(150&comma;150&comma;150&comma;0.3); border-radius: 8px;' src='https:\/\/ftp3.syscom.mx\/usuarios\/jsosa\/HIKVISION\/imagenes\/banners\/solution%20complete.png' alt='Soluci\u00f3n completa Hikvision'> <\/div>\n","protected":false},"excerpt":{"rendered":"<p>Domo IP 4 Megapixel \/ Imagen a Color 24\/7 \/ PoE \/ Lente 2.8 mm \/ Exterior IP67 \/ IK10 \/ WDR 130 dB \/ PoE \/ Micr\u00f3fono Integrado \/ Videoanaliticos (Filtro de Falsas Alarmas)  \/ Entrada y Salida de Audio y Alarmas \/ MicroSD \/ ACUSEARCH<\/p>\n","protected":false},"featured_media":106136,"comment_status":"open","ping_status":"closed","template":"","meta":[],"product_brand":[],"product_cat":[2056],"product_tag":[122,2057,54],"class_list":{"0":"post-106137","1":"product","2":"type-product","3":"status-publish","4":"has-post-thumbnail","6":"product_cat-domo-eyeball-turret","7":"product_tag-camaras-ip-y-nvrs","8":"product_tag-domo-eyeball-turret","9":"product_tag-hikvision","11":"first","12":"outofstock","13":"sale","14":"shipping-taxable","15":"purchasable","16":"product-type-simple"},"_links":{"self":[{"href":"https:\/\/soydeaqui.ddns.net\/pachuca\/index.php\/wp-json\/wp\/v2\/product\/106137","targetHints":{"allow":["GET"]}}],"collection":[{"href":"https:\/\/soydeaqui.ddns.net\/pachuca\/index.php\/wp-json\/wp\/v2\/product"}],"about":[{"href":"https:\/\/soydeaqui.ddns.net\/pachuca\/index.php\/wp-json\/wp\/v2\/types\/product"}],"replies":[{"embeddable":true,"href":"https:\/\/soydeaqui.ddns.net\/pachuca\/index.php\/wp-json\/wp\/v2\/comments?post=106137"}],"wp:featuredmedia":[{"embeddable":true,"href":"https:\/\/soydeaqui.ddns.net\/pachuca\/index.php\/wp-json\/wp\/v2\/media\/106136"}],"wp:attachment":[{"href":"https:\/\/soydeaqui.ddns.net\/pachuca\/index.php\/wp-json\/wp\/v2\/media?parent=106137"}],"wp:term":[{"taxonomy":"product_brand","embeddable":true,"href":"https:\/\/soydeaqui.ddns.net\/pachuca\/index.php\/wp-json\/wp\/v2\/product_brand?post=106137"},{"taxonomy":"product_cat","embeddable":true,"href":"https:\/\/soydeaqui.ddns.net\/pachuca\/index.php\/wp-json\/wp\/v2\/product_cat?post=106137"},{"taxonomy":"product_tag","embeddable":true,"href":"https:\/\/soydeaqui.ddns.net\/pachuca\/index.php\/wp-json\/wp\/v2\/product_tag?post=106137"}],"curies":[{"name":"wp","href":"https:\/\/api.w.org\/{rel}","templated":true}]}}