{"id":106099,"date":"2026-03-20T15:58:28","date_gmt":"2026-03-20T15:58:28","guid":{"rendered":"https:\/\/soydeaqui.ddns.net\/pachuca\/index.php\/producto\/domo-ip-2-megapixel-lente-mot-2-8-a-12-mm-40-mts-ir-exir-exterior-ip67-ik10-wdr-120-db-poe-acusense-evita-falsas-alarmas-entrada-y-salida-de-audio-y-alarma-microsd-onvif-acusea\/"},"modified":"2026-03-20T15:58:30","modified_gmt":"2026-03-20T15:58:30","slug":"domo-ip-2-megapixel-lente-mot-2-8-a-12-mm-40-mts-ir-exir-exterior-ip67-ik10-wdr-120-db-poe-acusense-evita-falsas-alarmas-entrada-y-salida-de-audio-y-alarma-microsd-onvif-acusea","status":"publish","type":"product","link":"https:\/\/soydeaqui.ddns.net\/pachuca\/index.php\/producto\/domo-ip-2-megapixel-lente-mot-2-8-a-12-mm-40-mts-ir-exir-exterior-ip67-ik10-wdr-120-db-poe-acusense-evita-falsas-alarmas-entrada-y-salida-de-audio-y-alarma-microsd-onvif-acusea\/","title":{"rendered":"Domo IP 2 Megapixel \/ Lente Mot. 2.8 a 12 mm \/ 40 mts IR EXIR \/Exterior IP67 \/ IK10 \/ WDR 120 dB \/ PoE \/ ACUSENSE (Evita Falsas Alarmas) \/ Entrada y Salida de Audio y Alarma \/ MicroSD \/ ONVIF \/ ACUSEARCH"},"content":{"rendered":"<div style='width: 100%; max-width: 1200px; margin: 0 auto; font-family: sans-serif; line-height: 1.6; color: inherit; background-color: transparent;'> <!-- Imagen logo Hikvision --> <\/p>\n<div style='text-align: center; margin: 20px 0;'> <img style='width: 45%; height: auto; border: 1px solid rgba(150&comma;150&comma;150&comma;0.3); border-radius: 8px;' src='https:\/\/ftp3.syscom.mx\/usuarios\/jsosa\/HIKVISION\/imagenes\/logo\/hikvision%20see%20far.png' alt='Logo Hikvision'> <\/div>\n<p> <!-- T\u00edtulo --> <\/p>\n<div style='text-align: center; margin: 30px 0;'>\n<h1 style='font-size: 28px; color: #232a6f; border-bottom: 2px solid #232a6f; padding-bottom: 5px; display: inline-block; margin: 0 auto;'>Especificaciones<\/h1>\n<\/p><\/div>\n<p> <!-- Contenedor principal --> <\/p>\n<div style='display: flex; flex-wrap: wrap; gap: 30px;'> <!-- Columna izquierda --> <\/p>\n<div style='flex: 1 1 300px; min-width: 280px;'>\n<div style='border: 1px solid rgba(150&comma;150&comma;150&comma;0.4); border-radius: 8px; overflow: hidden; margin-bottom: 20px;'>\n<div style='padding: 15px; border-bottom: 1px solid rgba(150&comma;150&comma;150&comma;0.2); font-weight: bold; font-size: 18px; background-color: #df001e; color: #ffffff;'> Caracter\u00edsticas Principales: <\/div>\n<div style='padding: 15px; color: inherit;'>\n<ul style='padding-left: 20px; margin: 0; font-size: 14px; list-style-type: disc;'>\n<li style='margin-bottom: 5px;'><span style='color: inherit; font-family: verdana&comma; geneva&comma; sans-serif;'>Resoluci\u00f3n m\u00e1xima: 2 Megapixel (1920 X 1080p).<\/span><\/li>\n<li style='margin-bottom: 5px;'><span style='color: inherit; font-family: verdana&comma; geneva&comma; sans-serif;'>Iluminaci\u00f3n m\u00ednima: color 0.005 Lux @ (F1.6&comma; AGC ON).<\/span><\/li>\n<li style='margin-bottom: 5px;'><span style='color: inherit; font-family: verdana&comma; geneva&comma; sans-serif;'>D\u00eda \/ Noche Real (filtro ICR).<\/span><\/li>\n<li style='margin-bottom: 5px;'><span style='color: inherit; font-family: verdana&comma; geneva&comma; sans-serif;'>Distancia focal: 2.8 &#8211; 12 mm (\u00e1ngulo de apertura 95.8\u00b0 a 29.2\u00b0).<\/span><\/li>\n<li style='margin-bottom: 5px;'><span style='color: inherit; font-family: verdana&comma; geneva&comma; sans-serif;'>Distancia de infrarrojo: 40 mts Smart IR.<\/span><\/li>\n<li style='margin-bottom: 5px;'><span style='color: inherit; font-family: verdana&comma; geneva&comma; sans-serif;'>Funciones normales: WDR 120dB \/ ROI \/ 3D DNR \/ BLC \/ HLC.<\/span><\/li>\n<li style='margin-bottom: 5px;'><span style='color: inherit; font-family: verdana&comma; geneva&comma; sans-serif;'>Funciones Avanzadas: Detecci\u00f3n de Rostros \/ Intrusi\u00f3n de \u00e1rea \/ Cruce de l\u00ednea.<\/span><\/li>\n<li style='margin-bottom: 5px;'><span style='color: inherit; font-family: verdana&comma; geneva&comma; sans-serif;'>Compresi\u00f3n: H.265+ \/ H.265 \/ H.264+ \/ H.264.<\/span><\/li>\n<li style='margin-bottom: 5px;'><span style='color: inherit; font-family: verdana&comma; geneva&comma; sans-serif;'>Compatible con la plataforma de Hik-Connect (<a style='color: #0d6efd; text-decoration-line: none;' href='https:\/\/appstore.hikvision.com\/' target='_blank' rel='noopener'>https:\/\/appstore.hikvision.com\/<\/a>).<\/span><\/li>\n<\/ul><\/div>\n<\/p><\/div>\n<div style='border: 1px solid rgba(150&comma;150&comma;150&comma;0.4); border-radius: 8px; overflow: hidden; margin-bottom: 20px;'>\n<div style='padding: 15px; border-bottom: 1px solid rgba(150&comma;150&comma;150&comma;0.2); font-weight: bold; font-size: 18px; background-color: #df001e; color: #ffffff;'> Entradas y Salidas de Audio \/ Alarmas \/ Red \/ Almacenamiento: <\/div>\n<div style='padding: 15px; color: inherit;'>\n<ul style='padding-left: 20px; margin: 0; font-size: 14px; list-style-type: disc;'>\n<li style='margin-bottom: 5px;'><span style='color: inherit; font-family: verdana&comma; geneva&comma; sans-serif;'>Entradas de alarma: 1.<\/span><\/li>\n<li style='margin-bottom: 5px;'><span style='color: inherit; font-family: verdana&comma; geneva&comma; sans-serif;'>Salidas de alarma: 1.<\/span><\/li>\n<li style='margin-bottom: 5px;'><span style='color: inherit; font-family: verdana&comma; geneva&comma; sans-serif;'>Entradas de audio: 1.<\/span><\/li>\n<li style='margin-bottom: 5px;'><span style='color: inherit; font-family: verdana&comma; geneva&comma; sans-serif;'>Salidas de audio: 1.<\/span><\/li>\n<li style='margin-bottom: 5px;'><span style='color: inherit; font-family: verdana&comma; geneva&comma; sans-serif;'>Puerto de red: 1 (10 \/ 100 Mbps \/ PoE 802.3af).<\/span><\/li>\n<li style='margin-bottom: 5px;'><span style='color: inherit; font-family: verdana&comma; geneva&comma; sans-serif;'>Almacenamiento micro SD de hasta 256 GB \/ ANR (Automatic Network Recovery).<\/span><\/li>\n<li style='margin-bottom: 5px;'><span style='color: inherit; font-family: verdana&comma; geneva&comma; sans-serif;'>Soporta ONVIF (Profile S&comma; Profile G) \/ ISAPI \/ SDK.<\/span><\/li>\n<\/ul><\/div>\n<\/p><\/div>\n<\/p><\/div>\n<p> <!-- Columna derecha --> <\/p>\n<div style='flex: 1 1 300px; min-width: 280px;'>\n<div style='border: 1px solid rgba(150&comma;150&comma;150&comma;0.4); border-radius: 8px; overflow: hidden; margin-bottom: 20px;'>\n<div style='padding: 15px; border-bottom: 1px solid rgba(150&comma;150&comma;150&comma;0.2); font-weight: bold; font-size: 18px; background-color: #df001e; color: #ffffff;'> Caracter\u00edsticas F\u00edsicas y El\u00e9ctricas: <\/div>\n<div style='padding: 15px; color: inherit;'>\n<ul style='padding-left: 20px; margin: 0; font-size: 14px; list-style-type: disc;'>\n<li style='margin-bottom: 5px;'><span style='color: inherit; font-family: verdana&comma; geneva&comma; sans-serif;'>Alimentaci\u00f3n: 12 Vcc \/ PoE 802.3 af \/ 12.5 W.<\/span><\/li>\n<li style='margin-bottom: 5px;'><span style='color: inherit; font-family: verdana&comma; geneva&comma; sans-serif;'>Temperatura de operaci\u00f3n: -30\u00b0C a 60\u00b0C \/ Humedad al 95% m\u00e1ximo.<\/span><\/li>\n<li style='margin-bottom: 5px;'><span style='color: inherit; font-family: verdana&comma; geneva&comma; sans-serif;'>Uso en exterior IP67.<\/span><\/li>\n<li style='margin-bottom: 5px;'><span style='color: inherit; font-family: verdana&comma; geneva&comma; sans-serif;'>Antivand\u00e1lica IK10<\/span><\/li>\n<li style='margin-bottom: 5px;'><span style='color: inherit; font-family: verdana&comma; geneva&comma; sans-serif;'>Dimensiones: 153.3 x 111.6 mm.<\/span><\/li>\n<li style='margin-bottom: 5px;'><span style='color: inherit; font-family: verdana&comma; geneva&comma; sans-serif;'>Peso: 880 gramos.<\/span><\/li>\n<\/ul><\/div>\n<\/p><\/div>\n<div style='border: 1px solid rgba(150&comma;150&comma;150&comma;0.4); border-radius: 8px; overflow: hidden; margin-bottom: 20px;'>\n<div style='padding: 15px; border-bottom: 1px solid rgba(150&comma;150&comma;150&comma;0.2); font-weight: bold; font-size: 18px; background-color: #df001e; color: #ffffff;'> Accesorios Opcionales <\/div>\n<div style='padding: 15px; color: inherit;'>\n<ul style='padding-left: 20px; margin: 0; font-size: 14px; list-style-type: disc;'>\n<li style='margin-bottom: 5px;'><strong style='color: inherit;'><span style='font-size: 14pt; font-family: verdana&comma; geneva&comma; sans-serif;'>Consulte la ficha t\u00e9cnica para validar los accesorios compatibles&comma; de clic <\/span><\/strong><a style='color: #0d6efd; text-decoration-line: none;' href='https:\/\/ftp3.syscom.mx\/usuarios\/roberto.espino\/Specs\/Modelos%2006-25%20-%2007-25\/Especificaciones%20Tecnicas%20DS-2CD2723G2-IZS.pdf?_gl=1*1v4axu9*_gcl_au*MTc3NjMxMDk4MS4xNzUwMTgxMDMx' target='_blank' rel='noopener'><span style='font-size: 14pt; font-family: verdana&comma; geneva&comma; sans-serif;'>Aqu\u00ed<\/span><\/a><\/li>\n<\/ul><\/div>\n<\/p><\/div>\n<\/p><\/div>\n<p> <!-- Secci\u00f3n Caracter\u00edsticas Generales --> <\/p>\n<div style='width: 100%;'>\n<div style='border: 1px solid rgba(150&comma;150&comma;150&comma;0.4); border-radius: 8px; overflow: hidden;'>\n<div style='padding: 15px; border-bottom: 1px solid rgba(150&comma;150&comma;150&comma;0.2); font-weight: bold; font-size: 18px; background-color: #df001e; color: #ffffff;'> Caracter\u00edsticas Generales: <\/div>\n<div style='padding: 15px; color: inherit;'>\n<ul style='padding-left: 20px; margin: 0; font-size: 14px; list-style-type: disc;'>\n<li style='margin-bottom: 5px;'><span style='color: inherit; font-family: verdana&comma; geneva&comma; sans-serif; font-size: 12pt;'>Soporta tecnolog\u00eda ACUSENSE para evitar esas falsas alarmas ocasionadas por los movimientos de pixeles como son las ramas de \u00e1rboles&comma; movimiento de cortinas&comma; lluvias&comma; etc.<\/span><\/li>\n<li style='margin-bottom: 5px;'><span style='color: inherit; font-family: verdana&comma; geneva&comma; sans-serif; font-size: 12pt;'>Con la tecnolog\u00eda ACUSENSE haremos de una detecci\u00f3n efectiva ya que solo se activar\u00e1 el evento cuando detecte cuerpos humanos o veh\u00edculos para poder evitar las falsas alarmas.<\/span><\/li>\n<li style='margin-bottom: 5px;'><span style='color: inherit; font-family: verdana&comma; geneva&comma; sans-serif;'>La c\u00e1mara es 3-Axis&comma; permite el ajuste en 3 \u00e1ngulos diferentes para su instalaci\u00f3n.<\/span><\/li>\n<\/ul><\/div>\n<\/p><\/div>\n<\/p><\/div>\n<\/p><\/div>\n<p> <!-- Imagen soluci\u00f3n completa --> <\/p>\n<div style='text-align: center; margin: 30px 0 0 0;'> <img style='width: 100%; height: auto; border: 1px solid rgba(150&comma;150&comma;150&comma;0.3); border-radius: 8px;' src='https:\/\/ftp3.syscom.mx\/usuarios\/jsosa\/HIKVISION\/imagenes\/banners\/solution%20complete.png' alt='Soluci\u00f3n completa'> <\/div>\n<\/p><\/div>\n","protected":false},"excerpt":{"rendered":"<p>Domo IP 2 Megapixel \/ Lente Mot. 2.8 a 12 mm \/ 40 mts IR EXIR \/Exterior IP67 \/ IK10 \/ WDR 120 dB \/ PoE \/ ACUSENSE (Evita Falsas Alarmas) \/ Entrada y Salida de Audio y Alarma \/ MicroSD \/ ONVIF \/ ACUSEARCH<\/p>\n","protected":false},"featured_media":106098,"comment_status":"open","ping_status":"closed","template":"","meta":[],"product_brand":[],"product_cat":[2056],"product_tag":[122,2057,54],"class_list":{"0":"post-106099","1":"product","2":"type-product","3":"status-publish","4":"has-post-thumbnail","6":"product_cat-domo-eyeball-turret","7":"product_tag-camaras-ip-y-nvrs","8":"product_tag-domo-eyeball-turret","9":"product_tag-hikvision","11":"first","12":"outofstock","13":"sale","14":"shipping-taxable","15":"purchasable","16":"product-type-simple"},"_links":{"self":[{"href":"https:\/\/soydeaqui.ddns.net\/pachuca\/index.php\/wp-json\/wp\/v2\/product\/106099","targetHints":{"allow":["GET"]}}],"collection":[{"href":"https:\/\/soydeaqui.ddns.net\/pachuca\/index.php\/wp-json\/wp\/v2\/product"}],"about":[{"href":"https:\/\/soydeaqui.ddns.net\/pachuca\/index.php\/wp-json\/wp\/v2\/types\/product"}],"replies":[{"embeddable":true,"href":"https:\/\/soydeaqui.ddns.net\/pachuca\/index.php\/wp-json\/wp\/v2\/comments?post=106099"}],"wp:featuredmedia":[{"embeddable":true,"href":"https:\/\/soydeaqui.ddns.net\/pachuca\/index.php\/wp-json\/wp\/v2\/media\/106098"}],"wp:attachment":[{"href":"https:\/\/soydeaqui.ddns.net\/pachuca\/index.php\/wp-json\/wp\/v2\/media?parent=106099"}],"wp:term":[{"taxonomy":"product_brand","embeddable":true,"href":"https:\/\/soydeaqui.ddns.net\/pachuca\/index.php\/wp-json\/wp\/v2\/product_brand?post=106099"},{"taxonomy":"product_cat","embeddable":true,"href":"https:\/\/soydeaqui.ddns.net\/pachuca\/index.php\/wp-json\/wp\/v2\/product_cat?post=106099"},{"taxonomy":"product_tag","embeddable":true,"href":"https:\/\/soydeaqui.ddns.net\/pachuca\/index.php\/wp-json\/wp\/v2\/product_tag?post=106099"}],"curies":[{"name":"wp","href":"https:\/\/api.w.org\/{rel}","templated":true}]}}