{"id":106087,"date":"2026-03-20T15:57:46","date_gmt":"2026-03-20T15:57:46","guid":{"rendered":"https:\/\/soydeaqui.ddns.net\/pachuca\/index.php\/producto\/drone-dji-matrice-300-rtk-edicion-universal-proteccion-ip45-50mins-de-vuelo-hasta-15kms-de-transmision\/"},"modified":"2026-03-20T15:57:46","modified_gmt":"2026-03-20T15:57:46","slug":"drone-dji-matrice-300-rtk-edicion-universal-proteccion-ip45-50mins-de-vuelo-hasta-15kms-de-transmision","status":"publish","type":"product","link":"https:\/\/soydeaqui.ddns.net\/pachuca\/index.php\/producto\/drone-dji-matrice-300-rtk-edicion-universal-proteccion-ip45-50mins-de-vuelo-hasta-15kms-de-transmision\/","title":{"rendered":"Drone DJI Matrice 300 RTK Edici\u00f3n Universal\/Protecci\u00f3n IP45\/ 50Mins de Vuelo \/Hasta 15kms de transmisi\u00f3n"},"content":{"rendered":"<div style='width: 100%; max-width: 1200px; margin: 0 auto; font-family: sans-serif; line-height: 1.6; color: inherit; background-color: transparent;'>\n<div style='display: flex; flex-wrap: wrap; gap: 30px; margin-bottom: 30px;'>\n<div style='flex: 1 1 300px; min-width: 280px;'>\n<h3 style='font-size: 22px; border-bottom: 2px solid currentColor; padding-bottom: 5px; margin-top: 0; color: inherit; opacity: 0.8;'>Caracter\u00edsticas principales<\/h3>\n<ul style='padding-left: 20px; font-size: 15px; color: inherit;'>\n<li style='margin-bottom: 5px;'>C\u00e1mara de visi\u00f3n de vuelo (no c\u00e1mara payload)<\/li>\n<li style='margin-bottom: 5px;'>15 kms de transmisi\u00f3n<\/li>\n<li style='margin-bottom: 5px;'>Hasta 55 min. de vuelo sin accesorio<\/li>\n<li style='margin-bottom: 5px;'>Protecci\u00f3n IP54<\/li>\n<li style='margin-bottom: 5px;'>Marca y seguimiento inteligentes (smart pin &#038; track)<\/li>\n<li style='margin-bottom: 5px;'>Inspecciones inteligentes<\/li>\n<li style='margin-bottom: 5px;'>Compatible con diferentes c\u00e1maras <strong>(no incluida)<\/strong><\/li>\n<li style='margin-bottom: 5px;'><strong>GARANTIA DE 1 A\u00d1O CONTRA DEFECTOS DE FABRICACI\u00d3N<\/strong><\/li>\n<\/ul><\/div>\n<div style='flex: 1 1 300px; min-width: 280px;'>\n<h3 style='font-size: 22px; border-bottom: 2px solid currentColor; padding-bottom: 5px; margin-top: 0; color: inherit; opacity: 0.8;'>Caracter\u00edsticas F\u00edsicas y El\u00e9ctricas<\/h3>\n<ul style='padding-left: 20px; font-size: 15px; color: inherit;'>\n<li style='margin-bottom: 5px;'>Dimensiones: Desplegado&comma; h\u00e9lices y tren de aterrizaje incluidos: 810 \u00d7 670 \u00d7 430 mm (largo \u00d7 ancho \u00d7 alto) Plegado&comma; h\u00e9lices y tren de aterrizaje incluidos: 430 \u00d7 420 \u00d7 430 mm (largo \u00d7 ancho \u00d7 alto)<\/li>\n<li style='margin-bottom: 5px;'>Temperatura de funcionamiento de -20\u00b0C a 50\u00b0C<\/li>\n<li style='margin-bottom: 5px;'><strong>Requiere cargador de bater\u00edas modelo BS60 (no incluido)<\/strong><\/li>\n<li style='margin-bottom: 5px;'><strong>Requiere m\u00ednimo 2 bater\u00edas modelo TB60 (no incluidas)<\/strong><\/li>\n<li style='margin-bottom: 5px;'><strong>Puede utilizar el cargador BS65 y bater\u00edas TB65 (No incluido)<\/strong><\/li>\n<\/ul><\/div>\n<\/p><\/div>\n<div style='margin-bottom: 30px;'>\n<div style='position: relative; padding-bottom: 56.25%; height: 0; overflow: hidden; margin-bottom: 30px;'>   <\/div>\n<div style='position: relative; padding-bottom: 56.25%; height: 0; overflow: hidden; margin-bottom: 0;'>   <\/div>\n<\/p><\/div>\n<hr style='border: 0; border-top: 1px solid rgba(150&comma; 150&comma; 150&comma; 0.3); margin: 30px 0;'>\n<div style='display: flex; flex-wrap: wrap; gap: 30px; margin-bottom: 30px;'>\n<div style='flex: 1 1 300px; min-width: 280px;'>\n<h3 style='font-size: 22px; border-bottom: 2px solid currentColor; padding-bottom: 5px; margin-top: 0; color: inherit; opacity: 0.8;'>Sistema de transmisi\u00f3n mejorado<\/h3>\n<p style='color: inherit; font-size: 15px;'>El nuevo OcuSync Enterprise ofrece una distancia de transmisi\u00f3n de hasta 15 km y es capaz de transmitir se\u00f1al de v\u00eddeo en 1080p por triple canal3. El cambio autom\u00e1tico en tiempo real entre las bandas de frecuencia de 2.4 GHz y de 5.8 GHz permite un vuelo m\u00e1s estable cerca de entornos con muchas interferencias&comma; mientras que la encriptaci\u00f3n AES-256 ofrece una transmisi\u00f3n segura de los datos.<\/p>\n<ul style='padding-left: 20px; font-size: 15px; color: inherit;'>\n<li style='margin-bottom: 5px;'>15km Alcance de transmisi\u00f3n<\/li>\n<li style='margin-bottom: 5px;'>1080p Video por triple canal<\/li>\n<li style='margin-bottom: 5px;'>2.4GHz y 5.8GHz Cambio autom\u00e1tico en tiempo real<\/li>\n<\/ul><\/div>\n<div style='flex: 1 1 300px; min-width: 280px;'> <img style='width: 100%; height: auto; border: 1px solid rgba(150&comma;150&comma;150&comma;0.3); border-radius: 8px;' src='https:\/\/dji-official-fe.djicdn.com\/dps\/2e12dd56f69aff6dc94f4e03ca2eee10.jpg' alt=''> <\/div>\n<\/p><\/div>\n<hr style='border: 0; border-top: 1px solid rgba(150&comma; 150&comma; 150&comma; 0.3); margin: 30px 0;'>\n<div style='display: flex; flex-wrap: wrap; gap: 30px; margin-bottom: 30px;'>\n<div style='flex: 1 1 300px; min-width: 280px;'> <img style='width: 100%; height: auto; border: 1px solid rgba(150&comma;150&comma;150&comma;0.3); border-radius: 8px;' src='https:\/\/dji-official-fe.djicdn.com\/dps\/5328c3f4c705108dd3995cd28b745fa0.jpg' alt=''> <\/div>\n<div style='flex: 1 1 300px; min-width: 280px;'>\n<h3 style='font-size: 22px; border-bottom: 2px solid currentColor; padding-bottom: 5px; margin-top: 0; color: inherit; opacity: 0.8;'>Rendimiento de vuelo mejorado<\/h3>\n<p style='color: inherit; font-size: 15px;'>El dise\u00f1o mejorado del sistema de propulsi\u00f3n y de la aeroestructura proporciona un vuelo m\u00e1s eficiente y estable incluso en condiciones dif\u00edciles.<\/p>\n<ul style='padding-left: 20px; font-size: 15px; color: inherit;'>\n<li style='margin-bottom: 5px;'>50 min Tiempo m\u00e1x. de vuelo<\/li>\n<li style='margin-bottom: 5px;'>7 m\/s Velocidad m\u00e1x. de descenso5 7000 m Altitud m\u00e1x. de vuelo6 12 m\/s<\/li>\n<li style='margin-bottom: 5px;'>Resistencia m\u00e1x. al viento 23 m\/s Velocidad m\u00e1x<\/li>\n<li style='margin-bottom: 5px;'>Varias configuraciones de carga. Configura el M300 RTK para que se ajuste a tus necesidades. Monta hasta tres cargas simult\u00e1neamente&comma; con una capacidad de carga m\u00e1xima de 2.7 kg.<\/li>\n<\/ul><\/div>\n<\/p><\/div>\n<\/p><\/div>\n","protected":false},"excerpt":{"rendered":"<p>Drone DJI Matrice 300 RTK Edici\u00f3n Universal\/Protecci\u00f3n IP45\/ 50Mins de Vuelo \/Hasta 15kms de transmisi\u00f3n<\/p>\n","protected":false},"featured_media":106086,"comment_status":"open","ping_status":"closed","template":"","meta":[],"product_brand":[],"product_cat":[2223,2225],"product_tag":[2228,2226,2227],"class_list":{"0":"post-106087","1":"product","2":"type-product","3":"status-publish","4":"has-post-thumbnail","6":"product_cat-drones","7":"product_cat-drones-robots-e-industrial","8":"product_tag-dji","9":"product_tag-drones","10":"product_tag-robots-e-industrial","12":"first","13":"outofstock","14":"sale","15":"shipping-taxable","16":"purchasable","17":"product-type-simple"},"_links":{"self":[{"href":"https:\/\/soydeaqui.ddns.net\/pachuca\/index.php\/wp-json\/wp\/v2\/product\/106087","targetHints":{"allow":["GET"]}}],"collection":[{"href":"https:\/\/soydeaqui.ddns.net\/pachuca\/index.php\/wp-json\/wp\/v2\/product"}],"about":[{"href":"https:\/\/soydeaqui.ddns.net\/pachuca\/index.php\/wp-json\/wp\/v2\/types\/product"}],"replies":[{"embeddable":true,"href":"https:\/\/soydeaqui.ddns.net\/pachuca\/index.php\/wp-json\/wp\/v2\/comments?post=106087"}],"wp:featuredmedia":[{"embeddable":true,"href":"https:\/\/soydeaqui.ddns.net\/pachuca\/index.php\/wp-json\/wp\/v2\/media\/106086"}],"wp:attachment":[{"href":"https:\/\/soydeaqui.ddns.net\/pachuca\/index.php\/wp-json\/wp\/v2\/media?parent=106087"}],"wp:term":[{"taxonomy":"product_brand","embeddable":true,"href":"https:\/\/soydeaqui.ddns.net\/pachuca\/index.php\/wp-json\/wp\/v2\/product_brand?post=106087"},{"taxonomy":"product_cat","embeddable":true,"href":"https:\/\/soydeaqui.ddns.net\/pachuca\/index.php\/wp-json\/wp\/v2\/product_cat?post=106087"},{"taxonomy":"product_tag","embeddable":true,"href":"https:\/\/soydeaqui.ddns.net\/pachuca\/index.php\/wp-json\/wp\/v2\/product_tag?post=106087"}],"curies":[{"name":"wp","href":"https:\/\/api.w.org\/{rel}","templated":true}]}}