{"id":106082,"date":"2026-03-20T15:57:32","date_gmt":"2026-03-20T15:57:32","guid":{"rendered":"https:\/\/soydeaqui.ddns.net\/pachuca\/index.php\/producto\/drone-dji-phantom-4-rtk-edicion-universal-ideal-para-cartografia-30-mins-de-vuelo-hasta-7kms-de-transmision-de-video\/"},"modified":"2026-03-20T15:57:43","modified_gmt":"2026-03-20T15:57:43","slug":"drone-dji-phantom-4-rtk-edicion-universal-ideal-para-cartografia-30-mins-de-vuelo-hasta-7kms-de-transmision-de-video","status":"publish","type":"product","link":"https:\/\/soydeaqui.ddns.net\/pachuca\/index.php\/producto\/drone-dji-phantom-4-rtk-edicion-universal-ideal-para-cartografia-30-mins-de-vuelo-hasta-7kms-de-transmision-de-video\/","title":{"rendered":"Drone DJI Phantom 4 RTK Edici\u00f3n Universal\/ Ideal Para Cartograf\u00eda\/ 30 Mins de Vuelo\/ Hasta 7Kms de Transmisi\u00f3n de Video"},"content":{"rendered":"<div style=\"width: 100%; max-width: 1200px; margin: 0 auto; font-family: sans-serif; line-height: 1.6; color: inherit; background-color: transparent;\"><!-- Imagen principal --> <\/p>\n<div style=\"width: 100%; margin-bottom: 30px;\"><img decoding=\"async\" style=\"width: 100%; height: auto; border: 1px solid rgba(150&comma;150&comma;150&comma;0.3); border-radius: 8px;\" src=\"https:\/\/ftp3.syscom.mx\/usuarios\/xguereque\/Imagenes\/dji\/3.png\" alt=\"\" \/><\/div>\n<p> <!-- Caracter\u00edsticas principales y f\u00edsicas --> <\/p>\n<div style=\"display: flex; flex-wrap: wrap; gap: 30px; margin-bottom: 30px;\"><!-- Caracter\u00edsticas principales --> <\/p>\n<div style=\"flex: 1 1 300px; min-width: 280px;\">\n<h3 style=\"font-size: 22px; border-bottom: 2px solid currentColor; padding-bottom: 5px; margin-top: 0; color: inherit; opacity: 0.8;\">Caracter&iacute;sticas principales<\/h3>\n<ul style=\"padding-left: 20px; font-size: 15px; color: inherit;\">\n<li style=\"margin-bottom: 5px;\">Ideal para cartograf&iacute;a<\/li>\n<li style=\"margin-bottom: 5px;\">7 kms de transmisi&oacute;n<\/li>\n<li style=\"margin-bottom: 5px;\">Hasta 30 min. de vuelo<\/li>\n<li style=\"margin-bottom: 5px;\">Estabilizador de 3 ejes<\/li>\n<li style=\"margin-bottom: 5px;\">Pantalla de 5.5&#8242; Android<\/li>\n<li style=\"margin-bottom: 5px;\">Inspecciones inteligentes<\/li>\n<li style=\"margin-bottom: 5px;\">C&aacute;mara de 20MP<\/li>\n<li style=\"margin-bottom: 5px;\">Sensor 1&#8242; CMOS<\/li>\n<\/ul><\/div>\n<p> <!-- Caracter\u00edsticas F\u00edsicas y El\u00e9ctricas --> <\/p>\n<div style=\"flex: 1 1 300px; min-width: 280px;\">\n<h3 style=\"font-size: 22px; border-bottom: 2px solid currentColor; padding-bottom: 5px; margin-top: 0; color: inherit; opacity: 0.8;\">Caracter&iacute;sticas F&iacute;sicas y El&eacute;ctricas<\/h3>\n<ul style=\"padding-left: 20px; font-size: 15px; color: inherit;\">\n<li style=\"margin-bottom: 5px;\">Voltaje: 17.5 Vcc<\/li>\n<li style=\"margin-bottom: 5px;\">Bater&iacute;a de 4920 mAh<\/li>\n<li style=\"margin-bottom: 5px;\">Temperatura de funcionamiento de -20&deg;C a 40&deg;C<\/li>\n<li style=\"margin-bottom: 5px;\">Distancia diagonal: 350mm<\/li>\n<li style=\"margin-bottom: 5px;\">Velocidad m&aacute;xima:<br \/>50 km\/h (31 mph) (modo P)<br \/>58 km\/h (36 mph) (modo A)<\/li>\n<\/ul><\/div>\n<\/p><\/div>\n<\/p><\/div>\n<p> <!-- Secci\u00f3n de aplicaci\u00f3n de planificaci\u00f3n --> <\/p>\n<div style=\"display: flex; flex-wrap: wrap; gap: 30px; margin-bottom: 30px;\">\n<div style=\"flex: 1 1 300px; min-width: 280px;\">\n<h3 style=\"font-size: 22px; border-bottom: 2px solid currentColor; padding-bottom: 5px; margin-top: 0; color: inherit; opacity: 0.8;\">Aplicaci&oacute;n de planificaci&oacute;n de vuelos dedicada<\/h3>\n<p>La nueva aplicaci&oacute;n DJI GS RTK y un control remoto con pantalla incorporada facilitan un sistema de control optimizado para misiones de topograf&iacute;a y de recogida de datos para otros usos.<\/p>\n<p>La aplicaci&oacute;n GS RTK da a los pilotos gran flexibilidad a la hora de controlar su Phantom 4 RTK. Dispone de varios modos de planificaci&oacute;n de vuelo&comma; como Fotogrametr&iacute;a (2D y 3D)&comma; Trayectoria&comma; Altura constante&comma; Segmentaci&oacute;n de &aacute;reas*&comma; entre otros. Se pueden importar tambi&eacute;n los archivos en formato KML o KMZ para optimizar el flujo de trabajo de tus misiones.<\/p>\n<p>Con la pantalla ultrabrillante de 5.5 pulgadas en HD integrada&comma; los pilotos podr&aacute;n visualizar y planificar sus misiones con claridad.<\/p>\n<\/p><\/div>\n<div style=\"flex: 1 1 300px; min-width: 280px;\"><img decoding=\"async\" style=\"width: 100%; height: auto; border: 1px solid rgba(150&comma;150&comma;150&comma;0.3); border-radius: 8px;\" src=\"https:\/\/ftp3.syscom.mx\/usuarios\/ivan.reyes\/DJI\/Phantom\/pagimg\/1.PNG\" alt=\"\" \/><\/div>\n<\/p><\/div>\n<p> <!-- Imagen separadora --> <\/p>\n<div style=\"width: 100%; margin-bottom: 30px;\"><img decoding=\"async\" style=\"width: 100%; height: auto; border: 1px solid rgba(150&comma;150&comma;150&comma;0.3); border-radius: 8px;\" src=\"https:\/\/ftp3.syscom.mx\/usuarios\/ivan.reyes\/DJI\/Phantom\/pagimg\/6.PNG\" alt=\"\" \/><\/div>\n<p> <!-- Acceso a aplicaciones de terceros --> <\/p>\n<div style=\"display: flex; flex-wrap: wrap; gap: 30px; margin-bottom: 30px;\">\n<div style=\"flex: 1 1 300px; min-width: 280px;\"><img decoding=\"async\" style=\"width: 100%; height: auto; border: 1px solid rgba(150&comma;150&comma;150&comma;0.3); border-radius: 8px;\" src=\"https:\/\/ftp3.syscom.mx\/usuarios\/ivan.reyes\/DJI\/Phantom\/pagimg\/2.PNG\" alt=\"\" \/><\/div>\n<div style=\"flex: 1 1 300px; min-width: 280px;\">\n<h3 style=\"font-size: 22px; border-bottom: 2px solid currentColor; padding-bottom: 5px; margin-top: 0; color: inherit; opacity: 0.8;\">Acceso a varias aplicaciones de terceros<\/h3>\n<p>Los pilotos que tengan experiencia utilizando aplicaciones de terceros con drones de DJI podr&aacute;n acceder al ecosistema de software para drones m&aacute;s amplio del mundo con su Phantom 4 RTK con el control remoto SDK. Se puede conectar un dispositivo Android o iOS compatible e instalar cualquier aplicaci&oacute;n compatible del Mobile SDK de DJI para aprovechar todas las posibilidades del Phantom 4 RTK.<\/p>\n<\/p><\/div>\n<\/p><\/div>\n<p> <!-- Compatibilidad con estaci\u00f3n m\u00f3vil D-RTK 2 --> <\/p>\n<div style=\"display: flex; flex-wrap: wrap; gap: 30px; margin-bottom: 30px;\">\n<div style=\"flex: 1 1 300px; min-width: 280px;\">\n<h3 style=\"font-size: 22px; border-bottom: 2px solid currentColor; padding-bottom: 5px; margin-top: 0; color: inherit; opacity: 0.8;\">Compatibilidad sin complicaciones con la estaci&oacute;n m&oacute;vil D-RTK 2<\/h3>\n<p>Complementa las misiones de tu Phantom 4 RTK con la estaci&oacute;n m&oacute;vil D-RTK 2 y consigue datos de posici&oacute;n relativa del dron en tiempo real para formar una soluci&oacute;n de prospecci&oacute;n precisa. Tambi&eacute;n puedes usarlo como un explorador RTK para conseguir coordenadas precisas. El robusto dise&ntilde;o de la estaci&oacute;n m&oacute;vil y su sistema de transmisi&oacute;n OcuSync 2.0 garantizan una recopilaci&oacute;n de datos de precisi&oacute;n centim&eacute;trica con tu Phantom 4 RTK en toda situaci&oacute;n.<\/p>\n<\/p><\/div>\n<div style=\"flex: 1 1 300px; min-width: 280px;\"><img decoding=\"async\" style=\"width: 100%; height: auto; border: 1px solid rgba(150&comma;150&comma;150&comma;0.3); border-radius: 8px;\" src=\"https:\/\/ftp3.syscom.mx\/usuarios\/ivan.reyes\/DJI\/Phantom\/pagimg\/4.PNG\" alt=\"\" \/><\/div>\n<\/p><\/div>\n<p> <!-- Imagen separadora --> <\/p>\n<div style=\"width: 100%; margin-bottom: 30px;\"><img decoding=\"async\" style=\"width: 100%; height: auto; border: 1px solid rgba(150&comma;150&comma;150&comma;0.3); border-radius: 8px;\" src=\"https:\/\/ftp3.syscom.mx\/usuarios\/ivan.reyes\/DJI\/Phantom\/pagimg\/7.PNG\" alt=\"\" \/><\/div>\n<p> <!-- Sistema de transmisi\u00f3n OcuSync --> <\/p>\n<div style=\"display: flex; flex-wrap: wrap; gap: 30px; margin-bottom: 30px;\">\n<div style=\"flex: 1 1 300px; min-width: 280px;\"><img decoding=\"async\" style=\"width: 100%; height: auto; border: 1px solid rgba(150&comma;150&comma;150&comma;0.3); border-radius: 8px;\" src=\"https:\/\/ftp3.syscom.mx\/usuarios\/ivan.reyes\/DJI\/Phantom\/pagimg\/5.PNG\" alt=\"\" \/><\/div>\n<div style=\"flex: 1 1 300px; min-width: 280px;\">\n<h3 style=\"font-size: 22px; border-bottom: 2px solid currentColor; padding-bottom: 5px; margin-top: 0; color: inherit; opacity: 0.8;\">Sistema de transmisi&oacute;n OcuSync<\/h3>\n<p>Disfruta de una transmisi&oacute;n de imagen en HD estable y fiable con un alcance de 7 km&comma; ideal para cartografiar zonas extensas.<\/p>\n<p>*Sin obst&aacute;culos&comma; sin interferencias&comma; seg&uacute;n las normas de la FCC. El alcance de la transmisi&oacute;n depende de la potencia y la resiliencia de la se&ntilde;al de radio. Vuela tu dron siempre dentro de la l&iacute;nea de visi&oacute;n salvo estar autorizado en contrario.<\/p>\n<\/p><\/div>\n<\/p><\/div>\n<p> <!-- Especificaciones de precisi\u00f3n RTK --> <\/p>\n<div style=\"display: flex; flex-wrap: wrap; gap: 20px; margin-bottom: 30px;\"><!-- Card 1 --> <\/p>\n<div style=\"flex: 1 1 250px; border: 1px solid rgba(150&comma; 150&comma; 150&comma; 0.4); border-radius: 8px; overflow: hidden; display: flex; flex-direction: column;\">\n<div style=\"padding: 15px; border-bottom: 1px solid rgba(150&comma; 150&comma; 150&comma; 0.2); font-weight: bold; font-size: 18px; color: inherit;\">1cm+1ppm<\/div>\n<div style=\"padding: 15px; color: inherit;\"><img decoding=\"async\" style=\"width: 100%; height: auto; margin-bottom: 10px;\" src=\"https:\/\/stormsend1.djicdn.com\/stormsend\/uploads\/9c4db290-189b-0137-af38-126825b9d972\/2._1cm_1ppm.png\" alt=\"\" \/> <\/p>\n<p style=\"font-size: 14px; margin: 0;\">Precisi&oacute;n de posicionamiento horizontal RTK<\/p>\n<\/p><\/div>\n<\/p><\/div>\n<p> <!-- Card 2 --> <\/p>\n<div style=\"flex: 1 1 250px; border: 1px solid rgba(150&comma; 150&comma; 150&comma; 0.4); border-radius: 8px; overflow: hidden; display: flex; flex-direction: column;\">\n<div style=\"padding: 15px; border-bottom: 1px solid rgba(150&comma; 150&comma; 150&comma; 0.2); font-weight: bold; font-size: 18px; color: inherit;\">1.5cm+1ppm<\/div>\n<div style=\"padding: 15px; color: inherit;\"><img decoding=\"async\" style=\"width: 100%; height: auto; margin-bottom: 10px;\" src=\"https:\/\/stormsend1.djicdn.com\/stormsend\/uploads\/9c64c6b0-189b-0137-af39-126825b9d972\/2._5cm.png\" alt=\"\" \/> <\/p>\n<p style=\"font-size: 14px; margin: 0;\">Precisi&oacute;n de posicionamiento vertical RTK<\/p>\n<\/p><\/div>\n<\/p><\/div>\n<p> <!-- Card 3 --> <\/p>\n<div style=\"flex: 1 1 250px; border: 1px solid rgba(150&comma; 150&comma; 150&comma; 0.4); border-radius: 8px; overflow: hidden; display: flex; flex-direction: column;\">\n<div style=\"padding: 15px; border-bottom: 1px solid rgba(150&comma; 150&comma; 150&comma; 0.2); font-weight: bold; font-size: 18px; color: inherit;\">5cm*<\/div>\n<div style=\"padding: 15px; color: inherit;\"><img decoding=\"async\" style=\"width: 100%; height: auto; margin-bottom: 10px;\" src=\"https:\/\/stormsend1.djicdn.com\/stormsend\/uploads\/9c734cb0-189b-0137-af3a-126825b9d972\/2._5cm_1ppm.png\" alt=\"\" \/> <\/p>\n<p style=\"font-size: 14px; margin: 0;\">Precisi&oacute;n horizontal absoluta en modelos fotogram&eacute;tricos<\/p>\n<\/p><\/div>\n<\/p><\/div>\n<\/p><\/div>\n<p> <!-- Im\u00e1genes finales --> <\/p>\n<div style=\"width: 100%; margin-bottom: 30px;\"><img decoding=\"async\" style=\"width: 100%; height: auto; border: 1px solid rgba(150&comma;150&comma;150&comma;0.3); border-radius: 8px;\" src=\"https:\/\/ftp3.syscom.mx\/usuarios\/ivan.reyes\/DJI\/Phantom\/pagimg\/8.PNG\" alt=\"\" \/><\/div>\n<div style=\"width: 100%; margin-bottom: 30px;\"><img decoding=\"async\" style=\"width: 100%; height: auto; border: 1px solid rgba(150&comma;150&comma;150&comma;0.3); border-radius: 8px;\" src=\"https:\/\/ftp3.syscom.mx\/usuarios\/ivan.reyes\/DJI\/Phantom\/pagimg\/9.PNG\" alt=\"\" \/><\/div>\n","protected":false},"excerpt":{"rendered":"<p>Drone DJI Phantom 4 RTK Edici\u00f3n Universal\/ Ideal Para Cartograf\u00eda\/ 30 Mins de Vuelo\/ Hasta 7Kms de Transmisi\u00f3n de Video<\/p>\n","protected":false},"featured_media":106081,"comment_status":"open","ping_status":"closed","template":"","meta":[],"product_brand":[],"product_cat":[2223,2225],"product_tag":[2228,2226,2227],"class_list":{"0":"post-106082","1":"product","2":"type-product","3":"status-publish","4":"has-post-thumbnail","6":"product_cat-drones","7":"product_cat-drones-robots-e-industrial","8":"product_tag-dji","9":"product_tag-drones","10":"product_tag-robots-e-industrial","12":"first","13":"outofstock","14":"sale","15":"shipping-taxable","16":"purchasable","17":"product-type-simple"},"_links":{"self":[{"href":"https:\/\/soydeaqui.ddns.net\/pachuca\/index.php\/wp-json\/wp\/v2\/product\/106082","targetHints":{"allow":["GET"]}}],"collection":[{"href":"https:\/\/soydeaqui.ddns.net\/pachuca\/index.php\/wp-json\/wp\/v2\/product"}],"about":[{"href":"https:\/\/soydeaqui.ddns.net\/pachuca\/index.php\/wp-json\/wp\/v2\/types\/product"}],"replies":[{"embeddable":true,"href":"https:\/\/soydeaqui.ddns.net\/pachuca\/index.php\/wp-json\/wp\/v2\/comments?post=106082"}],"wp:featuredmedia":[{"embeddable":true,"href":"https:\/\/soydeaqui.ddns.net\/pachuca\/index.php\/wp-json\/wp\/v2\/media\/106081"}],"wp:attachment":[{"href":"https:\/\/soydeaqui.ddns.net\/pachuca\/index.php\/wp-json\/wp\/v2\/media?parent=106082"}],"wp:term":[{"taxonomy":"product_brand","embeddable":true,"href":"https:\/\/soydeaqui.ddns.net\/pachuca\/index.php\/wp-json\/wp\/v2\/product_brand?post=106082"},{"taxonomy":"product_cat","embeddable":true,"href":"https:\/\/soydeaqui.ddns.net\/pachuca\/index.php\/wp-json\/wp\/v2\/product_cat?post=106082"},{"taxonomy":"product_tag","embeddable":true,"href":"https:\/\/soydeaqui.ddns.net\/pachuca\/index.php\/wp-json\/wp\/v2\/product_tag?post=106082"}],"curies":[{"name":"wp","href":"https:\/\/api.w.org\/{rel}","templated":true}]}}