{"id":106074,"date":"2026-03-20T15:57:08","date_gmt":"2026-03-20T15:57:08","guid":{"rendered":"https:\/\/soydeaqui.ddns.net\/pachuca\/index.php\/producto\/receptor-compatible-para-kit-matricial-tt-683-matrix-4-0-resolucion-4k30hz-cat6-control-ir-compatible-con-switch-igmp-solo-para-transmisor-version-4-0\/"},"modified":"2026-03-20T15:57:28","modified_gmt":"2026-03-20T15:57:28","slug":"receptor-compatible-para-kit-matricial-tt-683-matrix-4-0-resolucion-4k30hz-cat6-control-ir-compatible-con-switch-igmp-solo-para-transmisor-version-4-0","status":"publish","type":"product","link":"https:\/\/soydeaqui.ddns.net\/pachuca\/index.php\/producto\/receptor-compatible-para-kit-matricial-tt-683-matrix-4-0-resolucion-4k30hz-cat6-control-ir-compatible-con-switch-igmp-solo-para-transmisor-version-4-0\/","title":{"rendered":"Receptor Compatible para Kit Matricial TT-683-MATRIX-4.0 \/ Resoluci\u00f3n 4K@30Hz \/ Cat6 \/ Control IR \/ Compatible con Switch IGMP (Solo para transmisor versi\u00f3n 4.0)."},"content":{"rendered":"<div style='width: 100%; max-width: 1200px; margin: 0 auto; font-family: sans-serif; line-height: 1.6; color: inherit; background-color: transparent;'> <!-- T\u00edtulos --> <\/p>\n<div style='width: 100%; max-width: 1200px; margin: 0 auto; text-align: center;'>\n<h1 style='color: inherit; font-size: 28px; margin: 0 0 10px 0;'><strong>TT-683-MATRIX-4.0-RX<\/strong><\/h1>\n<h3 style='color: inherit; font-size: 18px; margin: 0 0 20px 0;'>Receptor matricial HDMI a trav\u00e9s de IP HDbitT de 120M (Este modelo solo es el receptor)<\/h3>\n<p style='font-size: 15px; margin: 0 70px 30px 70px; color: inherit;'>Este receptor matricial HDMI aplica tecnolog\u00eda avanzada HDbitT sobre IP Al conectarse con el switch IGMP&comma; se crea un sistema de conexi\u00f3n y control de se\u00f1al HDMI a trav\u00e9s de cableado UTP permitiendo la conexi\u00f3n de hasta 100 transmisores de entrada hasta ilimitados receptores de salida&#8230;<\/p>\n<\/p><\/div>\n<p> <!-- Caracter\u00edsticas --> <\/p>\n<div style='width: 100%; max-width: 1200px; margin: 0 auto;'>\n<h3 style='font-size: 22px; border-bottom: 2px solid currentColor; padding-bottom: 5px; margin-top: 0; color: inherit; opacity: 0.8; text-align: center;'><strong>Caracter\u00edsticas<\/strong><\/h3>\n<div style='display: flex; flex-wrap: wrap; gap: 30px; margin-top: 30px;'> <!-- Columna 1 --> <\/p>\n<div style='flex: 1 1 300px; min-width: 280px;'>\n<div style='border-left: 5px double rgba(67&comma; 156&comma; 199&comma; 0.7); border-radius: 5px; padding: 0px 5px; margin-bottom: 25px; min-height: 220px;'>\n<ul style='padding-left: 20px; font-size: 14px; color: inherit; list-style-type: disc;'>\n<li style='margin-bottom: 5px;'>La distancia de transmisi\u00f3n es de hasta 100 m con Switch IGMP y 120 m en conexi\u00f3n 1 a 1 (Cat 6 o superior).<\/li>\n<li style='margin-bottom: 5px;'>Compatible con cables de color red CAT 6\/6a.<\/li>\n<li style='margin-bottom: 5px;'>Soporta resoluci\u00f3n 1080P @ 60Hz.<\/li>\n<li style='margin-bottom: 5px;'>Aplicaci\u00f3n de tecnolog\u00eda avanzada HDbitT sobre IP<\/li>\n<li style='margin-bottom: 5px;'>Protecci\u00f3n contra sobretensiones&comma; contra rayos y ESD.<\/li>\n<li style='margin-bottom: 5px;'>Control por PC \/ Bot\u00f3n frontal \/ Control Remoto IR<\/li>\n<li style='margin-bottom: 5px; color: #e74c3c;'><strong>NO COMPATIBLE CON SISTEMAS ANTERIORES TT683MATRIX<\/strong><\/li>\n<\/ul><\/div>\n<\/p><\/div>\n<p> <!-- Columna 2 --> <\/p>\n<div style='flex: 1 1 300px; min-width: 280px;'>\n<div style='border-left: 5px double rgba(67&comma; 156&comma; 199&comma; 0.7); border-radius: 5px; padding: 0px 5px; margin-bottom: 25px; min-height: 220px;'>\n<ul style='padding-left: 20px; font-size: 14px; color: inherit; list-style-type: disc;'>\n<li style='margin-bottom: 5px;'><strong>Alimentaci\u00f3n:<\/strong> 5 Vcc&comma; 2 A (Fuentes Incluida)<\/li>\n<li style='margin-bottom: 5px;'><strong>Potencia de consumo: TX:RX 4<\/strong>W<\/li>\n<li style='margin-bottom: 5px;'><strong>Dimensiones TX;RX:<\/strong> 133&comma;8 (largo) x 83&comma;8 (ancho) x 23&comma;8 (alto) mm<\/li>\n<li style='margin-bottom: 5px;'><strong>Peso TX:<\/strong> 260 g; <strong>RX:<\/strong> 250 g<\/li>\n<li style='margin-bottom: 5px;'><strong>Temperatura de funcionamiento:<\/strong> 0~60\u00b0C<\/li>\n<li style='margin-bottom: 5px;'><strong>Temperatura de almacenamiento:<\/strong> -20~70\u00b0C<\/li>\n<li style='margin-bottom: 5px;'><strong>Nota.-<\/strong> El control remoto&comma; no incluye la bater\u00eda&comma; el modelo sugerido es: <a href='https:\/\/www.syscom.mx\/producto\/CR2025-EPCOM-POWERLINE-13901.html' style='color: #439cc7; text-decoration: none; font-weight: normal;'>CR2025<\/a><\/li>\n<li style='margin-bottom: 5px;'><strong>Funci\u00f3n de passback para control remoto IR<\/strong> 20~60Hz<\/li>\n<li style='margin-bottom: 5px;'><strong>El ancho de banda es de 18 Mbps&comma; el tama\u00f1o por paquete es:<\/strong>1&comma;460bytes&comma;<\/li>\n<\/ul><\/div>\n<\/p><\/div>\n<p> <!-- Columna 3 --> <\/p>\n<div style='flex: 1 1 300px; min-width: 280px;'>\n<div style='border-left: 5px double rgba(67&comma; 156&comma; 199&comma; 0.7); border-radius: 5px; padding: 0px 5px; margin-bottom: 25px; min-height: 220px;'>\n<ul style='padding-left: 20px; font-size: 14px; color: inherit; list-style-type: disc;'>\n<li style='margin-bottom: 5px;'><strong>Switch IGMP<\/strong><\/li>\n<li style='margin-bottom: 5px;'><strong>Sugerido: 8 puertos:<\/strong> <a href='https:\/\/www.syscom.mx\/producto\/TL-SG3210-TP-LINK-193901.html' style='color: #439cc7; text-decoration: none; font-weight: normal;'>TL-SG3210<\/a><\/li>\n<li style='margin-bottom: 5px;'><strong>16 puertos:<\/strong> <a href='TL-SG2218' style='color: #439cc7; text-decoration: none; font-weight: normal;'>TL-SG2218<\/a><\/li>\n<li style='margin-bottom: 5px;'><strong>24 puertos:<\/strong> <a href='TL-SG3428' style='color: #439cc7; text-decoration: none; font-weight: normal;'>TL-SG3428<\/a><\/li>\n<li style='margin-bottom: 5px;'><strong>48 puertos:<\/strong> <a href='TL-SG3428' style='color: #439cc7; text-decoration: none; font-weight: normal;'>TL-SG3452<\/a><\/li>\n<li style='margin-bottom: 5px;'><a href='https:\/\/www.google.com\/url?q=https:\/\/ftp3.syscom.mx\/usuarios\/hallende\/EPCOM%2520Titanium\/TT-383-MATRIX-4.0\/HDbitT_E-Matrix_Control.rar&#038;sa=D&#038;source=docs&#038;ust=1708013875450249&#038;usg=AOvVaw2JdzxO5N4_4mxpSdYfRuz-' style='color: #439cc7; text-decoration: none; font-weight: normal;'>Descargue el software para control por computadora dando clic Aqu\u00ed<\/a><\/li>\n<li style='margin-bottom: 5px;'><a href='https:\/\/ftp3.syscom.mx\/usuarios\/maguilar\/EpcomTitanium\/Matrix.png' style='color: #439cc7; text-decoration: none; font-weight: normal;'>Guia de configuracion por computadora de click Aqui<\/a><\/li>\n<li style='margin-bottom: 5px;'><strong>Garant\u00eda contra defecto de fabricaci\u00f3n de 1 a\u00f1o<\/strong><\/li>\n<\/ul><\/div>\n<\/p><\/div>\n<\/p><\/div>\n<\/p><\/div>\n<p> <!-- Imagen --> <\/p>\n<div style='width: 100%; margin: 30px 0;'> <img style='width: 100%; height: auto; border: 1px solid rgba(150&comma;150&comma;150&comma;0.3); border-radius: 8px;' src='http:\/\/ftp3.syscom.mx\/usuarios\/hallende\/EPCOM%20Titanium\/TT-683-MATRIX-4.0\/TT683MATRIX-4.0EN.jpg' alt=''> <\/div>\n<p> <!-- PDF --> <\/p>\n<div style='position: relative; padding-bottom: 56.25%; height: 0; overflow: hidden; margin: 30px 0;'>   <\/div>\n<\/p><\/div>\n","protected":false},"excerpt":{"rendered":"<p>Receptor Compatible para Kit Matricial TT-683-MATRIX-4.0 \/ Resoluci\u00f3n 4K@30Hz \/ Cat6 \/ Control IR \/ Compatible con Switch IGMP (Solo para transmisor versi\u00f3n 4.0).<\/p>\n","protected":false},"featured_media":106073,"comment_status":"open","ping_status":"closed","template":"","meta":[],"product_brand":[],"product_cat":[2073,2074,2077,2075,2072,2076],"product_tag":[417,2079,2080,2083,507,2081,2078,2082],"class_list":{"0":"post-106074","1":"product","2":"type-product","3":"status-publish","4":"has-post-thumbnail","6":"product_cat-convertidores","7":"product_cat-divisores","8":"product_cat-dvi","9":"product_cat-hdmi","10":"product_cat-kits-extensores","11":"product_cat-vga","12":"product_tag-accesorios-generales","13":"product_tag-convertidores","14":"product_tag-divisores","15":"product_tag-dvi","16":"product_tag-epcom-titanium","17":"product_tag-hdmi","18":"product_tag-kits-extensores","19":"product_tag-vga","21":"first","22":"instock","23":"sale","24":"shipping-taxable","25":"purchasable","26":"product-type-simple"},"_links":{"self":[{"href":"https:\/\/soydeaqui.ddns.net\/pachuca\/index.php\/wp-json\/wp\/v2\/product\/106074","targetHints":{"allow":["GET"]}}],"collection":[{"href":"https:\/\/soydeaqui.ddns.net\/pachuca\/index.php\/wp-json\/wp\/v2\/product"}],"about":[{"href":"https:\/\/soydeaqui.ddns.net\/pachuca\/index.php\/wp-json\/wp\/v2\/types\/product"}],"replies":[{"embeddable":true,"href":"https:\/\/soydeaqui.ddns.net\/pachuca\/index.php\/wp-json\/wp\/v2\/comments?post=106074"}],"wp:featuredmedia":[{"embeddable":true,"href":"https:\/\/soydeaqui.ddns.net\/pachuca\/index.php\/wp-json\/wp\/v2\/media\/106073"}],"wp:attachment":[{"href":"https:\/\/soydeaqui.ddns.net\/pachuca\/index.php\/wp-json\/wp\/v2\/media?parent=106074"}],"wp:term":[{"taxonomy":"product_brand","embeddable":true,"href":"https:\/\/soydeaqui.ddns.net\/pachuca\/index.php\/wp-json\/wp\/v2\/product_brand?post=106074"},{"taxonomy":"product_cat","embeddable":true,"href":"https:\/\/soydeaqui.ddns.net\/pachuca\/index.php\/wp-json\/wp\/v2\/product_cat?post=106074"},{"taxonomy":"product_tag","embeddable":true,"href":"https:\/\/soydeaqui.ddns.net\/pachuca\/index.php\/wp-json\/wp\/v2\/product_tag?post=106074"}],"curies":[{"name":"wp","href":"https:\/\/api.w.org\/{rel}","templated":true}]}}