{"id":106062,"date":"2026-03-20T15:56:31","date_gmt":"2026-03-20T15:56:31","guid":{"rendered":"https:\/\/soydeaqui.ddns.net\/pachuca\/index.php\/producto\/receptor-compatible-para-kits-tt683-4-0-resolucion-4k30hz-cat-5e-6-distancia-de-120-m-control-ir-soporta-hdbitt-compatible-con-switch-gigabit\/"},"modified":"2026-03-20T15:56:41","modified_gmt":"2026-03-20T15:56:41","slug":"receptor-compatible-para-kits-tt683-4-0-resolucion-4k30hz-cat-5e-6-distancia-de-120-m-control-ir-soporta-hdbitt-compatible-con-switch-gigabit","status":"publish","type":"product","link":"https:\/\/soydeaqui.ddns.net\/pachuca\/index.php\/producto\/receptor-compatible-para-kits-tt683-4-0-resolucion-4k30hz-cat-5e-6-distancia-de-120-m-control-ir-soporta-hdbitt-compatible-con-switch-gigabit\/","title":{"rendered":"Receptor Compatible para Kits TT683-4.0 \/ Resoluci\u00f3n 4K@30Hz \/ Cat 5e\/6 \/ Distancia de 120 m \/ Control IR \/  Soporta HDbitT\/ Compatible con Switch Gigabit."},"content":{"rendered":"<div style='width: 100%; max-width: 1200px; margin: 0 auto; font-family: sans-serif; line-height: 1.6; color: inherit; background-color: transparent;'> <!-- Imagen principal --> <\/p>\n<div style='width: 100%; margin-bottom: 20px;'> <img style='width: 100%; height: auto; border: 1px solid rgba(150&comma;150&comma;150&comma;0.3); border-radius: 8px;' src='https:\/\/ftp3.syscom.mx\/usuarios\/luis.vargas\/EpcomTitanium\/titaniumup.jpg' alt=''> <\/div>\n<p> <!-- T\u00edtulos (ocultos seg\u00fan instrucciones) --> <\/p>\n<div style='text-align: center; margin-bottom: 30px;'>\n<h1 style='font-size: 28px; margin: 0; color: inherit; opacity: 0.9;'>TT683-4.0-Rx<\/h1>\n<h3 style='color: inherit; opacity: 0.7; margin: 10px 0 20px 0;'>Receptor HDMI 4k x 2k por cable Cat 5E \/ 6 a 120 metros&comma; protocolo HDbitT&comma; compatible con TT-683-4.0.<\/h3>\n<p style='margin: 0 70px; font-size: 15px; color: inherit;'>El receptor TT683-4.0-RX utiliza la tecnolog\u00eda HDbitT&comma; para transmitir video y audio de un dispositivo a otro a trav\u00e9s de cable Cat5e\/6 a una distancia de 394 pies (120 metros)&comma; permite la conexi\u00f3n mediante Switch Gigabit en cascada para extender la se\u00f1al de video fuente ilimitadamente o bien la conexi\u00f3n de 1 transmisor a muchos receptores de tal manera que se pueden colocar en una red de manera flexible.<\/p>\n<\/p><\/div>\n<p> <!-- Secci\u00f3n de caracter\u00edsticas --> <\/p>\n<div style='display: flex; flex-wrap: wrap; gap: 30px; margin: 40px 0;'>\n<div style='flex: 1 1 300px; min-width: 280px;'>\n<div style='border: 1px solid rgba(150&comma;150&comma;150&comma;0.3); border-radius: 8px; overflow: hidden; margin-bottom: 30px;'> <img style='width: 100%; height: auto; border: none;' src='http:\/\/ftp3.syscom.mx\/usuarios\/hallende\/EPCOM%20Titanium\/TT-683-4.0-RX\/TT6834.0RX-1.png' alt=''> <\/p>\n<div style='padding: 15px; background-color: rgba(0&comma;0&comma;0&comma;0.05); border-bottom: 1px solid rgba(150&comma;150&comma;150&comma;0.2);'>\n<h3 style='font-size: 20px; margin: 0; color: inherit;'>Caracter\u00edsticas Principales<\/h3>\n<\/p><\/div>\n<ul style='padding: 15px; list-style-type: disc; margin: 0; font-size: 14px; color: inherit;'>\n<li style='margin-bottom: 8px;'>Receptor compatible con el Kit TT683-4.0.<\/li>\n<li style='margin-bottom: 8px;'>Resoluci\u00f3n 4K @ 30Hz (3840&#215;2160@24\/25\/30Hz).<\/li>\n<li style='margin-bottom: 8px;'>Soporta la conexi\u00f3n de 1 transmisor a MUCHOS RECEPTORES&comma; permitiendo dividir y extender la se\u00f1al de video fuente.<\/li>\n<li style='margin-bottom: 8px;'>Permite la conexi\u00f3n mediante Switch Gigabit en cascada para extender ilimitadamente.<\/li>\n<li style='margin-bottom: 8px;'>Admite transmisi\u00f3n LAN para construir una red de manera flexible.<\/li>\n<li style='margin-bottom: 8px;'>Baja latencia en la transmisi\u00f3n de video.<\/li>\n<li style='margin-bottom: 8px;'>Cumplimiento HDbitT&comma; HDMI1.4&comma; HDCP1.3.<\/li>\n<li style='margin-bottom: 8px;'>Ancho de banda de video 18 Mbps (10.2G).<\/li>\n<\/ul><\/div>\n<\/p><\/div>\n<div style='flex: 1 1 300px; min-width: 280px;'>\n<div style='border: 1px solid rgba(150&comma;150&comma;150&comma;0.3); border-radius: 8px; overflow: hidden; margin-bottom: 30px;'> <img style='width: 100%; height: auto; border: none;' src='http:\/\/ftp3.syscom.mx\/usuarios\/hallende\/EPCOM%20Titanium\/TT-683-4.0-RX\/TT6834.0RX-2.png' alt=''> <\/p>\n<div style='padding: 15px; background-color: rgba(0&comma;0&comma;0&comma;0.05); border-bottom: 1px solid rgba(150&comma;150&comma;150&comma;0.2);'>\n<h3 style='font-size: 20px; margin: 0; color: inherit;'>Caracter\u00edsticas F\u00edsicas y El\u00e9ctricas<\/h3>\n<\/p><\/div>\n<ul style='padding: 15px; list-style-type: disc; margin: 0; font-size: 14px; color: inherit;'>\n<li style='margin-bottom: 8px;'>Alimentaci\u00f3n 5 Vcc&comma; 2 A. (Fuentes de alimentaci\u00f3n incluidas).<\/li>\n<li style='margin-bottom: 8px;'>Potencia de consumo TX:4W RX:4W.<\/li>\n<li style='margin-bottom: 8px;'>Dimensiones TX;RX :150(L) x 107(W) x 28.4(H) mm.<\/li>\n<li style='margin-bottom: 8px;'>Peso TX : 260g ; RX : 260g.<\/li>\n<li style='margin-bottom: 8px;'>Temperatura de operaci\u00f3n -20~50\u00b0C.<\/li>\n<li style='margin-bottom: 8px;'>Temperatura de almacenamiento -30~70\u00b0C.<\/li>\n<li style='margin-bottom: 8px;'>Color Negro.<\/li>\n<li style='margin-bottom: 8px;'>Nota: Para la funci\u00f3n de KVM&comma; no olvide conectar el cable USB incluido en este Kit&comma; de su equipo fuente&comma; al transmisor.<\/li>\n<\/ul><\/div>\n<\/p><\/div>\n<div style='flex: 1 1 300px; min-width: 280px;'>\n<div style='border: 1px solid rgba(150&comma;150&comma;150&comma;0.3); border-radius: 8px; overflow: hidden; margin-bottom: 30px;'> <img style='width: 100%; height: auto; border: none;' src='http:\/\/ftp3.syscom.mx\/usuarios\/hallende\/EPCOM%20Titanium\/TT-683-4.0-RX\/TT6834.0RX-3.png' alt=''> <\/p>\n<div style='padding: 15px; background-color: rgba(0&comma;0&comma;0&comma;0.05); border-bottom: 1px solid rgba(150&comma;150&comma;150&comma;0.2);'>\n<h3 style='font-size: 20px; margin: 0; color: inherit;'>Caracter\u00edsticas Destacadas<\/h3>\n<\/p><\/div>\n<ul style='padding: 15px; list-style-type: disc; margin: 0; font-size: 14px; color: inherit;'>\n<li style='margin-bottom: 8px;'>Adopta una nueva tecnolog\u00eda de transmisi\u00f3n digital de s\u00faper alta definici\u00f3n.<\/li>\n<li style='margin-bottom: 8px;'>Admite la funci\u00f3n de transferencia de infrarrojos (con el control remoto del equipo fuente) para control a larga distancia.<\/li>\n<li style='margin-bottom: 8px;'>Alto rendimiento&comma; uso 24\/7.<\/li>\n<li style='margin-bottom: 8px;'>Admite formato de audio PCM.<\/li>\n<li style='margin-bottom: 8px;'>Plug and play sin ning\u00fan ajuste manual.<\/li>\n<li style='margin-bottom: 8px;'>Protecci\u00f3n contra rayos&comma; protecci\u00f3n contra sobretensiones&comma; protecci\u00f3n ESD.<\/li>\n<li style='margin-bottom: 8px;'>Dise\u00f1o de carcasa de aleaci\u00f3n de aluminio&comma; estable y duradero.<\/li>\n<li style='margin-bottom: 8px;'>Compatible con <a href='https:\/\/www.syscom.mx\/producto\/TT-683-4.0-EPCOM-TITANIUM-197026.html' style='color: inherit; text-decoration: underline;'>TT683-4.0<\/a>.<\/li>\n<\/ul><\/div>\n<\/p><\/div>\n<\/p><\/div>\n<p> <!-- Imagen adicional --> <\/p>\n<div style='width: 100%; margin: 40px 0;'> <img style='width: 100%; height: auto; border: 1px solid rgba(150&comma;150&comma;150&comma;0.3); border-radius: 8px;' src='http:\/\/ftp3.syscom.mx\/usuarios\/hallende\/EPCOM%20Titanium\/TT-683-4.0\/TT683-4.0%20Esp..jpg' alt=''> <\/div>\n<p> <!-- PDF embedido --> <\/p>\n<div style='width: 100%; margin: 40px 0;'>\n<div style='position: relative; padding-bottom: 120%; height: 0; overflow: hidden;'>   <\/div>\n<\/p><\/div>\n<\/p><\/div>\n","protected":false},"excerpt":{"rendered":"<p>Receptor Compatible para Kits TT683-4.0 \/ Resoluci\u00f3n 4K@30Hz \/ Cat 5e\/6 \/ Distancia de 120 m \/ Control IR \/  Soporta HDbitT\/ Compatible con Switch Gigabit.<\/p>\n","protected":false},"featured_media":106061,"comment_status":"open","ping_status":"closed","template":"","meta":[],"product_brand":[],"product_cat":[2073,2074,2077,2075,2072,2076],"product_tag":[417,2079,2080,2083,507,2081,2078,2082],"class_list":{"0":"post-106062","1":"product","2":"type-product","3":"status-publish","4":"has-post-thumbnail","6":"product_cat-convertidores","7":"product_cat-divisores","8":"product_cat-dvi","9":"product_cat-hdmi","10":"product_cat-kits-extensores","11":"product_cat-vga","12":"product_tag-accesorios-generales","13":"product_tag-convertidores","14":"product_tag-divisores","15":"product_tag-dvi","16":"product_tag-epcom-titanium","17":"product_tag-hdmi","18":"product_tag-kits-extensores","19":"product_tag-vga","21":"first","22":"instock","23":"sale","24":"shipping-taxable","25":"purchasable","26":"product-type-simple"},"_links":{"self":[{"href":"https:\/\/soydeaqui.ddns.net\/pachuca\/index.php\/wp-json\/wp\/v2\/product\/106062","targetHints":{"allow":["GET"]}}],"collection":[{"href":"https:\/\/soydeaqui.ddns.net\/pachuca\/index.php\/wp-json\/wp\/v2\/product"}],"about":[{"href":"https:\/\/soydeaqui.ddns.net\/pachuca\/index.php\/wp-json\/wp\/v2\/types\/product"}],"replies":[{"embeddable":true,"href":"https:\/\/soydeaqui.ddns.net\/pachuca\/index.php\/wp-json\/wp\/v2\/comments?post=106062"}],"wp:featuredmedia":[{"embeddable":true,"href":"https:\/\/soydeaqui.ddns.net\/pachuca\/index.php\/wp-json\/wp\/v2\/media\/106061"}],"wp:attachment":[{"href":"https:\/\/soydeaqui.ddns.net\/pachuca\/index.php\/wp-json\/wp\/v2\/media?parent=106062"}],"wp:term":[{"taxonomy":"product_brand","embeddable":true,"href":"https:\/\/soydeaqui.ddns.net\/pachuca\/index.php\/wp-json\/wp\/v2\/product_brand?post=106062"},{"taxonomy":"product_cat","embeddable":true,"href":"https:\/\/soydeaqui.ddns.net\/pachuca\/index.php\/wp-json\/wp\/v2\/product_cat?post=106062"},{"taxonomy":"product_tag","embeddable":true,"href":"https:\/\/soydeaqui.ddns.net\/pachuca\/index.php\/wp-json\/wp\/v2\/product_tag?post=106062"}],"curies":[{"name":"wp","href":"https:\/\/api.w.org\/{rel}","templated":true}]}}