{"id":106054,"date":"2026-03-20T15:56:06","date_gmt":"2026-03-20T15:56:06","guid":{"rendered":"https:\/\/soydeaqui.ddns.net\/pachuca\/index.php\/producto\/receptor-compatible-para-kits-tt-383pro4-0-resolucion-1080p60hz-cat-5e-6-distancia-de-120-m-control-ir-protocolo-hdbitt-compatible-con-switch-gigabit\/"},"modified":"2026-03-20T15:56:27","modified_gmt":"2026-03-20T15:56:27","slug":"receptor-compatible-para-kits-tt-383pro4-0-resolucion-1080p60hz-cat-5e-6-distancia-de-120-m-control-ir-protocolo-hdbitt-compatible-con-switch-gigabit","status":"publish","type":"product","link":"https:\/\/soydeaqui.ddns.net\/pachuca\/index.php\/producto\/receptor-compatible-para-kits-tt-383pro4-0-resolucion-1080p60hz-cat-5e-6-distancia-de-120-m-control-ir-protocolo-hdbitt-compatible-con-switch-gigabit\/","title":{"rendered":"Receptor Compatible para Kits TT-383PRO4.0 \/ Resoluci\u00f3n 1080P@60Hz \/ Cat 5e\/6 \/ Distancia de 120 m \/ Control IR \/ Protocolo HDbitT \/ Compatible con Switch Gigabit ."},"content":{"rendered":"<div style='width: 100%; max-width: 1200px; margin: 0 auto; font-family: sans-serif; line-height: 1.6; color: inherit; background-color: transparent;'> <!-- Imagen principal --> <\/p>\n<div style='width: 100%; margin-bottom: 30px;'> <img style='width: 100%; height: auto; border: 1px solid rgba(150&comma;150&comma;150&comma;0.3); border-radius: 8px;' src='https:\/\/ftp3.syscom.mx\/usuarios\/luis.vargas\/EpcomTitanium\/titaniumup.jpg' alt=''> <\/div>\n<p> <!-- T\u00edtulos (ocultos seg\u00fan instrucciones) \n\n<div style='text-align: center; margin-bottom: 30px;'> \n\n<h1 style='font-size: 28px; margin: 0; color: inherit;'><strong>TT-383-PRO-4.0-RX<\/strong><\/h1>\n\n \n\n<h3 style='margin: 10px 0; color: inherit;'>Receptor para uso en Kit TT-383-PRO4.0 hasta 120 metros&comma; Cat 5e\/6&comma; control IR&comma; 1080p@50\/60 Hz con protocolo HDbitT<\/h3>\n\n <\/div>\n\n --> <!-- Descripci\u00f3n --> <\/p>\n<div style='margin-bottom: 30px;'>\n<p style='text-align: center; margin: 10px auto 50px; max-width: 800px; color: inherit;'>Receptor compatible para expansi\u00f3n con kit TT-383-PRO4.0 por cable CAT5 \/ 5e \/ 6 convierte la se\u00f1al Full HD 1080P HDMI a la se\u00f1al de red est\u00e1ndar para una distancia de transmisi\u00f3n de hasta 120 metros (394 pies) con cable CAT6; Este receptor proporciona una salida HDMI para visualizaci\u00f3n local funci\u00f3n de supervisi\u00f3n&#8230;<\/p>\n<\/p><\/div>\n<p> <!-- Secci\u00f3n de caracter\u00edsticas --> <\/p>\n<div style='display: flex; flex-wrap: wrap; gap: 30px; margin-bottom: 30px;'>\n<div style='flex: 1 1 300px; min-width: 280px;'>\n<h3 style='font-size: 22px; border-bottom: 2px solid currentColor; padding-bottom: 5px; margin-top: 0; color: inherit; opacity: 0.8;'>Caracter\u00edsticas Principales<\/h3>\n<ul style='padding-left: 20px; font-size: 15px; color: inherit;'>\n<li style='margin-bottom: 5px;'>Distancia de transmisi\u00f3n: 80 m con CAT5&comma; 100 m con CAT5E y 120 m con cable CAT6 para 1080p Full HD.<\/li>\n<li style='margin-bottom: 5px;'>Compatible para expansi\u00f3n con kit TT-383-PRO-4.0.<\/li>\n<li style='margin-bottom: 5px;'>1080P HDMI y HDCP compatible.<\/li>\n<li style='margin-bottom: 5px;'>Plug and play sin ning\u00fan ajuste manual.<\/li>\n<li style='margin-bottom: 5px;'>Extiende y divide la se\u00f1al HDMI a trav\u00e9s de un switch (conexi\u00f3n en cascada).<\/li>\n<\/ul><\/div>\n<div style='flex: 1 1 300px; min-width: 280px;'>\n<h3 style='font-size: 22px; border-bottom: 2px solid currentColor; padding-bottom: 5px; margin-top: 0; color: inherit; opacity: 0.8;'>Caracter\u00edsticas F\u00edsicas y El\u00e9ctricas<\/h3>\n<ul style='padding-left: 20px; font-size: 15px; color: inherit;'>\n<li style='margin-bottom: 5px;'>Alimentaci\u00f3n incluida de 5 Vcc&comma; 1A.<\/li>\n<li style='margin-bottom: 5px;'>Potencia de consumo RX \u2264 3W.<\/li>\n<li style='margin-bottom: 5px;'>Dimensiones 130 mm (W) x 23.2 mm (D) x 23.2 mm (H).<\/li>\n<li style='margin-bottom: 5px;'>Peso RX 200 g.<\/li>\n<li style='margin-bottom: 5px;'>Temperatura de operaci\u00f3n 0-60\u00b0C.<\/li>\n<\/ul><\/div>\n<div style='flex: 1 1 300px; min-width: 280px;'>\n<h3 style='font-size: 22px; border-bottom: 2px solid currentColor; padding-bottom: 5px; margin-top: 0; color: inherit; opacity: 0.8;'>Caracter\u00edsticas Destacadas<\/h3>\n<ul style='padding-left: 20px; font-size: 15px; color: inherit;'>\n<li style='margin-bottom: 5px;'>Garant\u00eda contra defecto de f\u00e1brica de 1 a\u00f1o.<\/li>\n<\/ul><\/div>\n<\/p><\/div>\n<p> <!-- Separador --> <\/p>\n<hr style='border: 0; border-top: 1px solid rgba(150&comma;150&comma;150&comma;0.3); margin: 30px 0;'> <!-- Im\u00e1genes adicionales --> <\/p>\n<div style='width: 100%; margin-bottom: 30px;'> <img style='width: 100%; height: auto; border: 1px solid rgba(150&comma;150&comma;150&comma;0.3); border-radius: 8px;' src='http:\/\/ftp3.syscom.mx\/usuarios\/hallende\/EPCOM%20Titanium\/TT-383-PRO\/TT383PRO-4.0%20Esp..jpg' alt=''> <\/div>\n<p> <!-- PDF embedido --> <\/p>\n<div style='width: 100%; margin-bottom: 30px;'>\n<div style='position: relative; padding-bottom: 56.25%; height: 0; overflow: hidden;'>   <\/div>\n<\/p><\/div>\n<p> <!-- Im\u00e1genes adicionales --> <\/p>\n<div style='width: 100%; margin-bottom: 30px;'> <img style='width: 100%; height: auto; border: 1px solid rgba(150&comma;150&comma;150&comma;0.3); border-radius: 8px;' src='https:\/\/ftp3.syscom.mx\/usuarios\/ccasares\/CCTV\/Espanol_2.jpg' alt=''> <\/div>\n<div style='width: 100%; margin-bottom: 30px;'> <img style='width: 100%; height: auto; border: 1px solid rgba(150&comma;150&comma;150&comma;0.3); border-radius: 8px;' src='https:\/\/ftp3.syscom.mx\/usuarios\/ccasares\/CCTV\/espanol_3.jpg' alt=''> <\/div>\n<\/p><\/div>\n","protected":false},"excerpt":{"rendered":"<p>Receptor Compatible para Kits TT-383PRO4.0 \/ Resoluci\u00f3n 1080P@60Hz \/ Cat 5e\/6 \/ Distancia de 120 m \/ Control IR \/ Protocolo HDbitT \/ Compatible con Switch Gigabit .<\/p>\n","protected":false},"featured_media":106053,"comment_status":"open","ping_status":"closed","template":"","meta":[],"product_brand":[],"product_cat":[2073,2074,2077,2075,2072,2076],"product_tag":[417,2079,2080,2083,507,2081,2078,2082],"class_list":{"0":"post-106054","1":"product","2":"type-product","3":"status-publish","4":"has-post-thumbnail","6":"product_cat-convertidores","7":"product_cat-divisores","8":"product_cat-dvi","9":"product_cat-hdmi","10":"product_cat-kits-extensores","11":"product_cat-vga","12":"product_tag-accesorios-generales","13":"product_tag-convertidores","14":"product_tag-divisores","15":"product_tag-dvi","16":"product_tag-epcom-titanium","17":"product_tag-hdmi","18":"product_tag-kits-extensores","19":"product_tag-vga","21":"first","22":"instock","23":"sale","24":"shipping-taxable","25":"purchasable","26":"product-type-simple"},"_links":{"self":[{"href":"https:\/\/soydeaqui.ddns.net\/pachuca\/index.php\/wp-json\/wp\/v2\/product\/106054","targetHints":{"allow":["GET"]}}],"collection":[{"href":"https:\/\/soydeaqui.ddns.net\/pachuca\/index.php\/wp-json\/wp\/v2\/product"}],"about":[{"href":"https:\/\/soydeaqui.ddns.net\/pachuca\/index.php\/wp-json\/wp\/v2\/types\/product"}],"replies":[{"embeddable":true,"href":"https:\/\/soydeaqui.ddns.net\/pachuca\/index.php\/wp-json\/wp\/v2\/comments?post=106054"}],"wp:featuredmedia":[{"embeddable":true,"href":"https:\/\/soydeaqui.ddns.net\/pachuca\/index.php\/wp-json\/wp\/v2\/media\/106053"}],"wp:attachment":[{"href":"https:\/\/soydeaqui.ddns.net\/pachuca\/index.php\/wp-json\/wp\/v2\/media?parent=106054"}],"wp:term":[{"taxonomy":"product_brand","embeddable":true,"href":"https:\/\/soydeaqui.ddns.net\/pachuca\/index.php\/wp-json\/wp\/v2\/product_brand?post=106054"},{"taxonomy":"product_cat","embeddable":true,"href":"https:\/\/soydeaqui.ddns.net\/pachuca\/index.php\/wp-json\/wp\/v2\/product_cat?post=106054"},{"taxonomy":"product_tag","embeddable":true,"href":"https:\/\/soydeaqui.ddns.net\/pachuca\/index.php\/wp-json\/wp\/v2\/product_tag?post=106054"}],"curies":[{"name":"wp","href":"https:\/\/api.w.org\/{rel}","templated":true}]}}