{"id":106046,"date":"2026-03-20T15:55:41","date_gmt":"2026-03-20T15:55:41","guid":{"rendered":"https:\/\/soydeaqui.ddns.net\/pachuca\/index.php\/producto\/juego-de-42-puntas-para-taladro-estuche-entrada-hex-1-4\/"},"modified":"2026-03-20T15:55:54","modified_gmt":"2026-03-20T15:55:54","slug":"juego-de-42-puntas-para-taladro-estuche-entrada-hex-1-4","status":"publish","type":"product","link":"https:\/\/soydeaqui.ddns.net\/pachuca\/index.php\/producto\/juego-de-42-puntas-para-taladro-estuche-entrada-hex-1-4\/","title":{"rendered":"Juego de 42 Puntas para Taladro + Estuche (Entrada Hex. 1\/4&#8243;)"},"content":{"rendered":"<div style='width: 100%; max-width: 1200px; margin: 0 auto; font-family: sans-serif; line-height: 1.6; color: inherit; background-color: transparent;'>\n<div style='display: flex; flex-wrap: wrap; gap: 30px; margin-bottom: 30px;'>\n<div style='flex: 1 1 300px; min-width: 280px;'>\n<h3 style='font-size: 22px; border-bottom: 2px solid currentColor; padding-bottom: 5px; margin-top: 0; color: inherit; opacity: 0.8;'>Caracter\u00edsticas Principales<\/h3>\n<ul style='padding-left: 20px; font-size: 15px; color: inherit;'>\n<li style='margin-bottom: 5px;'>42 puntas y adaptadores para versatilidad total<\/li>\n<li style='margin-bottom: 5px;'>Acero S2 ultra durable para m\u00e1xima resistencia<\/li>\n<li style='margin-bottom: 5px;'>Entrada hexagonal 1\/4&#8242; para ajuste perfecto<\/li>\n<li style='margin-bottom: 5px;'>Incluye sujetador magn\u00e9tico para eficiencia<\/li>\n<li style='margin-bottom: 5px;'>Compatible con taladros y atornilladores hexagonales<\/li>\n<\/ul><\/div>\n<div style='flex: 1 1 300px; min-width: 280px;'>\n<h3 style='font-size: 22px; border-bottom: 2px solid currentColor; padding-bottom: 5px; margin-top: 0; color: inherit; opacity: 0.8;'>Datos F\u00edsicos<\/h3>\n<ul style='padding-left: 20px; font-size: 15px; color: inherit;'>\n<li style='margin-bottom: 5px;'><strong>Material:<\/strong> Acero S2 para puntas<\/li>\n<li style='margin-bottom: 5px;'><strong>Carcaza:<\/strong> Pl\u00e1stico resistente a impactos<\/li>\n<li style='margin-bottom: 5px;'><strong>Dimensiones:<\/strong> 14.5 x 9.4 x 4 cm<\/li>\n<li style='margin-bottom: 5px;'><strong>Peso:<\/strong> 380 gr<\/li>\n<\/ul><\/div>\n<\/p><\/div>\n<div style='display: flex; flex-wrap: wrap; gap: 30px; margin-bottom: 30px;'>\n<div style='flex: 1 1 300px; min-width: 280px;'>\n<h3 style='font-size: 22px; border-bottom: 2px solid currentColor; padding-bottom: 5px; margin-top: 0; color: inherit; opacity: 0.8;'>Contenido del Juego<\/h3>\n<ul style='padding-left: 20px; font-size: 15px; color: inherit;'>\n<li style='margin-bottom: 5px;'>1 pz. Sujetador Magn\u00e9tico de Puntas<\/li>\n<li style='margin-bottom: 5px;'>1 pz. Adaptador para socket de 3\/8&#8242;<\/li>\n<li style='margin-bottom: 5px;'>32 pzas. Puntas de entrada 1\/4&#8217;x 25 mm tipo S2<\/li>\n<li style='margin-bottom: 5px;'>8 pzas. Puntas de entrada 1\/4&#8217;x 50 mm tipo S2<\/li>\n<\/ul><\/div>\n<div style='flex: 1 1 300px; min-width: 280px;'>\n<h3 style='font-size: 22px; border-bottom: 2px solid currentColor; padding-bottom: 5px; margin-top: 0; color: inherit; opacity: 0.8;'>Composici\u00f3n por Tipo<\/h3>\n<ul style='padding-left: 20px; font-size: 15px; color: inherit;'>\n<li style='margin-bottom: 5px;'>1 pz. Punta plana SL8<\/li>\n<li style='margin-bottom: 5px;'>12 pzas. Phillips (cruz): 1 x PH1&comma; 8 x PH2&comma; 3 x PH3<\/li>\n<li style='margin-bottom: 5px;'>8 pzas. Cuadrada: 2 x S1&comma; 4 x S2&comma; 2 x S3<\/li>\n<li style='margin-bottom: 5px;'>11 pzas. Torx: 1 x T10&comma; 1 x T15&comma; 2 x T20&comma; 4 x T25&comma; 1 x T27&comma; 1 x T30&comma; 1 x T40<\/li>\n<li style='margin-bottom: 5px;'>3 pzas. Phillips (cruz) 50 mm: 2 x PH2&comma; 1 x PH3<\/li>\n<li style='margin-bottom: 5px;'>2 pzas. Cuadradas 50 mm: 2 x S2<\/li>\n<li style='margin-bottom: 5px;'>3 pzas. Torx 50 mm: 2 x T20&comma; 1 x T25<\/li>\n<\/ul><\/div>\n<\/p><\/div>\n<div style='display: flex; flex-wrap: wrap; gap: 20px; margin-bottom: 30px;'>\n<div style='flex: 1 1 250px; border: 1px solid rgba(150&comma; 150&comma; 150&comma; 0.4); border-radius: 8px; overflow: hidden; display: flex; flex-direction: column;'>\n<div style='padding: 15px; border-bottom: 1px solid rgba(150&comma; 150&comma; 150&comma; 0.2); font-weight: bold; font-size: 18px; color: inherit;'>Notas T\u00e9cnicas<\/div>\n<div style='padding: 15px; color: inherit;'>\n<p style='margin: 0; font-size: 14px;'>El acero S2 tiene alta dureza&comma; alto par&comma; alta resistencia a la abrasi\u00f3n&comma; buena dureza por lo que es ultra durable.<\/p>\n<\/p><\/div>\n<\/p><\/div>\n<div style='flex: 1 1 250px; border: 1px solid rgba(150&comma; 150&comma; 150&comma; 0.4); border-radius: 8px; overflow: hidden; display: flex; flex-direction: column;'>\n<div style='padding: 15px; border-bottom: 1px solid rgba(150&comma; 150&comma; 150&comma; 0.2); font-weight: bold; font-size: 18px; color: inherit;'>Aplicaciones<\/div>\n<div style='padding: 15px; color: inherit;'>\n<p style='margin: 0; font-size: 14px;'>Juego completo para todo tipo de trabajo de reparaci\u00f3n o armado. Pr\u00e1ctico empaque para selecci\u00f3n r\u00e1pida resistente a impactos.<\/p>\n<\/p><\/div>\n<\/p><\/div>\n<\/p><\/div>\n<hr style='border: 0; border-top: 1px solid rgba(150&comma; 150&comma; 150&comma; 0.3); margin: 30px 0;'> <\/div>\n","protected":false},"excerpt":{"rendered":"<p>Juego de 42 Puntas para Taladro + Estuche (Entrada Hex. 1\/4&#8243;)<\/p>\n","protected":false},"featured_media":106045,"comment_status":"open","ping_status":"closed","template":"","meta":[],"product_brand":[],"product_cat":[1317],"product_tag":[931,1318,248],"class_list":{"0":"post-106046","1":"product","2":"type-product","3":"status-publish","4":"has-post-thumbnail","6":"product_cat-herramientas-para-mesa-de-trabajo","7":"product_tag-equipo-de-laboratorio","8":"product_tag-herramientas-para-mesa-de-trabajo","9":"product_tag-precision","11":"first","12":"instock","13":"sale","14":"shipping-taxable","15":"purchasable","16":"product-type-simple"},"_links":{"self":[{"href":"https:\/\/soydeaqui.ddns.net\/pachuca\/index.php\/wp-json\/wp\/v2\/product\/106046","targetHints":{"allow":["GET"]}}],"collection":[{"href":"https:\/\/soydeaqui.ddns.net\/pachuca\/index.php\/wp-json\/wp\/v2\/product"}],"about":[{"href":"https:\/\/soydeaqui.ddns.net\/pachuca\/index.php\/wp-json\/wp\/v2\/types\/product"}],"replies":[{"embeddable":true,"href":"https:\/\/soydeaqui.ddns.net\/pachuca\/index.php\/wp-json\/wp\/v2\/comments?post=106046"}],"wp:featuredmedia":[{"embeddable":true,"href":"https:\/\/soydeaqui.ddns.net\/pachuca\/index.php\/wp-json\/wp\/v2\/media\/106045"}],"wp:attachment":[{"href":"https:\/\/soydeaqui.ddns.net\/pachuca\/index.php\/wp-json\/wp\/v2\/media?parent=106046"}],"wp:term":[{"taxonomy":"product_brand","embeddable":true,"href":"https:\/\/soydeaqui.ddns.net\/pachuca\/index.php\/wp-json\/wp\/v2\/product_brand?post=106046"},{"taxonomy":"product_cat","embeddable":true,"href":"https:\/\/soydeaqui.ddns.net\/pachuca\/index.php\/wp-json\/wp\/v2\/product_cat?post=106046"},{"taxonomy":"product_tag","embeddable":true,"href":"https:\/\/soydeaqui.ddns.net\/pachuca\/index.php\/wp-json\/wp\/v2\/product_tag?post=106046"}],"curies":[{"name":"wp","href":"https:\/\/api.w.org\/{rel}","templated":true}]}}