{"id":105997,"date":"2026-03-20T15:53:13","date_gmt":"2026-03-20T15:53:13","guid":{"rendered":"https:\/\/soydeaqui.ddns.net\/pachuca\/index.php\/producto\/pinza-de-electricista-clasicas-de-9-pulgadas-2\/"},"modified":"2026-03-20T15:53:24","modified_gmt":"2026-03-20T15:53:24","slug":"pinza-de-electricista-clasicas-de-9-pulgadas-2","status":"publish","type":"product","link":"https:\/\/soydeaqui.ddns.net\/pachuca\/index.php\/producto\/pinza-de-electricista-clasicas-de-9-pulgadas-2\/","title":{"rendered":"Pinza de Electricista Cl\u00e1sicas de 9 Pulgadas."},"content":{"rendered":"<p style='font-variant-ligatures: normal; font-variant-caps: normal; orphans: 2; text-align: start; widows: 2; -webkit-text-stroke-width: 0px; text-decoration-style: initial; text-decoration-color: initial; word-spacing: 0px;'><span style='font-family: verdana&comma; geneva&comma; sans-serif; font-size: 10pt;'><strong>Caracter\u00edsticas:<\/strong><\/span><\/p>\n<ul class='features-list' style='margin: 15px 0px 15px 20px; padding: 0px; border: 0px; font-family: oswald; font-size: 12px; background-color: #ffffff;'>\n<li style='margin: 0px; padding: 0px; border: 0px; font-size: 14px; font-family: Verdana&comma; Helvetica&comma; sans-serif;'><span style='font-family: verdana&comma; geneva&comma; sans-serif;'>Mordazas moleteadas de agarre seguro.<\/span><\/li>\n<li style='margin: 0px; padding: 0px; border: 0px; font-size: 14px; font-family: Verdana&comma; Helvetica&comma; sans-serif;'><span style='font-family: verdana&comma; geneva&comma; sans-serif;'>Cuchillas de corte templadas por inducci\u00f3n para brindar una vida \u00fatil prolongada.<\/span><\/li>\n<li style='margin: 0px; padding: 0px; border: 0px; font-size: 14px; font-family: Verdana&comma; Helvetica&comma; sans-serif;'><span style='font-family: verdana&comma; geneva&comma; sans-serif;'>Uni\u00f3n remachada en caliente que garantiza una acci\u00f3n uniforme sin bamboleo del mango.<\/span><\/li>\n<li style='margin: 0px; padding: 0px; border: 0px; font-size: 14px; font-family: Verdana&comma; Helvetica&comma; sans-serif;'><span style='font-family: verdana&comma; geneva&comma; sans-serif;'>El templado exclusivo del mango ayuda a absorber el \u201cchasquido\u201d al cortar el cable.<\/span><\/li>\n<li style='margin: 0px; padding: 0px; border: 0px; font-size: 14px; font-family: Verdana&comma; Helvetica&comma; sans-serif;'><span style='font-family: verdana&comma; geneva&comma; sans-serif;'>Mangos ba\u00f1ados en pl\u00e1stico para ofrecer mayor comodidad y facilidad de identificaci\u00f3n.<\/span><\/li>\n<li style='margin: 0px; padding: 0px; border: 0px; font-size: 14px; font-family: Verdana&comma; Helvetica&comma; sans-serif;'><span style='font-family: verdana&comma; geneva&comma; sans-serif;'>Los mangos con la forma de la mano son \u00f3ptimos para proporcionar m\u00e1ximo agarre y poder de corte.<\/span><\/li>\n<\/ul>\n<p style='box-sizing: border-box; margin: 0px 0px 10px; color: #333333; font-family: 'Helvetica Neue'&comma; Helvetica&comma; Arial&comma; sans-serif; font-size: 14px; background-color: #ffffff;'><span style='box-sizing: border-box; font-size: 10pt; font-family: verdana&comma; geneva&comma; sans-serif;'><strong style='box-sizing: border-box;'>Dimensiones:<\/strong><\/span><\/p>\n<ul class='features-list' style='box-sizing: border-box; margin: 15px 0px 15px 20px; color: #333333; padding: 0px; border: 0px; font-family: oswald; font-size: 12px; background-color: #ffffff;'>\n<li style='box-sizing: border-box; margin: 0px; padding: 0px; border: 0px; font-size: 14px; font-family: Verdana&comma; Helvetica&comma; sans-serif;'><span style='box-sizing: border-box; font-family: verdana&comma; geneva&comma; sans-serif; font-size: 10pt;'>Largo total (A): 9.31&#8242; (237 mm)<\/span><\/li>\n<li style='box-sizing: border-box; margin: 0px; padding: 0px; border: 0px; font-size: 14px; font-family: Verdana&comma; Helvetica&comma; sans-serif;'><span style='box-sizing: border-box; font-family: verdana&comma; geneva&comma; sans-serif; font-size: 10pt;'>Largo cabeza (B): 1.62&#8242; (41 mm)<\/span><\/li>\n<li style='box-sizing: border-box; margin: 0px; padding: 0px; border: 0px; font-size: 14px; font-family: Verdana&comma; Helvetica&comma; sans-serif;'><span style='box-sizing: border-box; font-family: verdana&comma; geneva&comma; sans-serif; font-size: 10pt;'>Ancho cabeza (C):1.31&#8242; (33 mm)<\/span><\/li>\n<li style='box-sizing: border-box; margin: 0px; padding: 0px; border: 0px; font-size: 14px; font-family: Verdana&comma; Helvetica&comma; sans-serif;'><span style='box-sizing: border-box; font-family: verdana&comma; geneva&comma; sans-serif; font-size: 10pt;'>Espesor cabeza (D): 0.62&#8242; (16 mm)<\/span><\/li>\n<li style='box-sizing: border-box; margin: 0px; padding: 0px; border: 0px; font-size: 14px; font-family: Verdana&comma; Helvetica&comma; sans-serif;'><span style='box-sizing: border-box; font-family: verdana&comma; geneva&comma; sans-serif; font-size: 10pt;'>Largo cuchillas (E): 0.80&#8242; (30 mm)<\/span><\/li>\n<li style='box-sizing: border-box; margin: 0px; padding: 0px; border: 0px; font-size: 14px; font-family: Verdana&comma; Helvetica&comma; sans-serif;'><span style='box-sizing: border-box; font-family: verdana&comma; geneva&comma; sans-serif; font-size: 10pt;'>Peso: 0.532 kg<\/span><\/li>\n<\/ul>\n<p style='box-sizing: border-box; margin: 0px 0px 10px; color: #333333; font-family: 'Helvetica Neue'&comma; Helvetica&comma; Arial&comma; sans-serif; font-size: 14px; background-color: #ffffff;'><span style='box-sizing: border-box; font-family: verdana&comma; geneva&comma; sans-serif; font-size: 10pt;'><img style='box-sizing: border-box; border: 0px; vertical-align: middle;' src='data:image\/png;base64&comma;iVBORw0KGgoAAAANSUhEUgAAAQEAAACJCAYAAAAseI38AAAgAElEQVR4Ae1daXcU15n2j8gk823mQ+ZkPsTJyWTik4lzxlsyjieJ13i84t3Y2AaD2REghBAIEAghkEBo3\/d961arte8LYpGQAKGFTewIJIHB8M55XqnkVqOWqkrVC633nnNPd1dX3eWpqufe+273CZIkCAgC8xqBJ+Z176XzgoAgQEIC8hAIAvMcASGBef4ASPcFASEBg56BkZERKigqMag0KUYQcB0CXkcCI6OjrkPPpqbbt0coIzPH5oh8FQQeDwS8jgTqGhp1I5+RmUV5+YXU1NSsuQyQQGZWrubr5AJBwN0IeB0J1Dc0TcF0bOwOjY2NTTnm6Mf6jZv4L99Nmx2dMnkcZT548GDy9+jomJDAJBry5XFCwOtIID0jixISk2nJkqX0zLPP0S9\/+SSF7g+ntvbD1Nra\/ki+cePm5P1atXotVVbVUGbW1Gk9XvaOI0cnr0VZK1etoSef\/BU9\/8KfaMNGX4qOiaPE5NTJsuSLIPC4IOB1JNDQOD6Vv3hxiKpq6mjf\/gPU0tqm6n5s9B2fAfis3zjr+eXWSoo4FE2YeVy7fp1Gx8YoK1uWA7MCJyd4HAJeRwK1dQ26QV69Zh3V1NbRhollgZaCRCagBS0515MQEBKwuRtDQ5fo1Oleunv3rs1RdV+FBNThJGd5HgJCAgbdEyEBfUA+fPiQ7t27RyMjo3T58hU6d+489Zw8RUeOHqPmllaqq2+gquoaslZUUrm1gnNZWTmVWcqpvHz8d0VFJVXX1FJtXT3LbY4eO06ne8\/Q+fMX6Oq1aywYvn\/\/B30NnAdXCQkYdJOFBBwDef\/+fX65sVRLz8ym2LhEiktIoqSUNEpOSaek5DTOOK78BwEv1LXFJSaylFcQrm1qbqXmljYW0nYcGScJ\/K6uraey8goqLjVTTl4BpaVncflx8UkUn5BMyanpXBfqg\/A2Ji6Bc05uPrW0tdOlS5cdN97F\/5w8dZo6u7rphx9cR1pCAgbd5PlOAvfu3adLly9Td89JHrVz8\/IpJjaeomPiWVtTUFDEx6Fl6esfIGhlIEy1VbMadCscFoMXCzMOCI17z\/RRa1s7YVaRm5tPsXEJFBkdS3HxiZRfUEgVlVXU23uGbo+MOCxvrn\/cvDlMXV0nyFxmYawORUZTQWERlZSa6FBUDJ2\/cJHzXOuZ7XohgdkQUvn\/fCMBTOEHz55jzUtRcSkFbNtOy1esom2BO6myuoaGLl1SiZznnTYweJbKLFby2xxAa9dtoMDtQVRYXEqNTS10vLOL+gcG6fr1G6pGa8iXrl27Rmf6+unI0eM8m4FRGXCCmnl38F5qbTtMP\/zwo80JEEEbvlz0NWdnIyQkYBDC84UEzp47z6MUNCl4gCsqq3l6jvW8N6Y7d+7waIzlB0ggOyefQveFTxDEeoJtyTqfjeTr50+bNm\/hDGMzHFP+w\/Gw8AgqKCwhqLBBJBjlZ5vyYxaF7OwkJGAQwt5IAsPDt+hwxxEym8soISmFX\/6cnDyeRl+5etUg5B7PYjATAj6KMLO\/f4CXOVjqYKYAoST+w3MBmYiedOPmTUJ2dhISMAhhbyABvNilZgtBoIaXHkI6CNkgfMOIKMm1CEBmgOzs5HUkYO874GwAlfIhcMrKyVN+euznrdu36cyZfjp69Dir2bKyc1goFRkVwxaP1dW11NfXr3v08tiOP2YNuzk8TH5+Wzg7u+mGkwCmQjC46TrR4\/J8oruH0jOyCZ9zqb+75xT19Q0Q1r94afBpWya+n+7t42kfBD5Q67R3HKGDEVEs0MFvYKDWcUm5yZCuQz2ktB1lnDyFcowbhcMPRNBGXz8KP3iIhVS2vhNKO+TTfQjgecMSLHjPXpZBQA7h7GQ4CQwOnqXVa3yo60Q3dXadcGnGy5mRlaO7bqiMsnPyKHhPKJsO7wzazVLi+vpGOnz4CFVU1bC6K3RfGG0J2EbrN\/jS1m2BlJKaRiUlJgrcvpPeeusd2r4jiD788BN+2TIzswg5NzePR16MwPYvHtaPIaH7KDEpmWDowrh1dlFUdAwt+24lxSck0eUrV+nu99\/zCA1JMjIMYL7\/\/nuequPhgcQaVo8gYpTR1NxCVmsFlZrMlJaeQbHxiZSaluHsZ8qQ8rGOvnbtOmsg0BcYDcFYyGQyE9SPaemZlJiUwvYAUO9BgBYVHcc5ekI1yb9j4nimg77DsSwpOZUdxPLzC6i01Mxqy8bGZiZ53AfgCAMmV6WLQ0PU0NjE\/YmYUBGivzddIAtQ+mg4CaDgzz5fqMv0VmnUXD71+A5gpA8\/cIi+XbqcPxVJN3TE1TV1PGp+t3wVrV23ng1Y8JLZC3sgE8grKOKHaMGCD+ndd9+nq1evsZFLfWMTOzPhQVy6bAW9\/fa7tDd0P7\/AhUXF9PLLr7Leerp+Y2YQtHsPrVi5hlVwIAXbDLXc8hWrOX+3fCWtXLWWfDf5U3BIKKWkZlBNbT1b4CmziUYdsRKma5fRx\/DCAycYEa3fsInQF2Q4c2FUxFILsSJgh3Dl6jXdMgrYJQzfusUqzBPdJ\/m+IBjMzqBgHryAJ1R3UOEVFZuYHECuRiWs8XFPoGHAPcX9wn0ysg6tbXUKCfz3M8\/SseNdWttiyPlqSADTbowoZgvMT608qu8I2k2VVdU8WuPFhwciRlBLuZU6Oo6yJHimBtoKBrOycmjX7hCHIwr0xlAjQc0G4xBImWdKGAVT09LZ6g6zCDwwnG\/coFu3bhGiKWGWoGYEU4PPTG3R+x\/aiREOhjEwhoFqEfKbmrp6KjWV8TGLxcp2B9CR42VxpSGR0i\/gOHTpMp08eYpqaurIZCqj4lITPys1dQ08RUe7K6tr2ZLRXFbOz0lJqZmQ0Rez2cL\/VVbVUn1jM1+DF99UZmELSMxoMOODpeJsakKlXc78NJwEMD2Fnz1MNN2RZnvIYY++eMlSftgwFcPojiky1vab\/QPo4pA+IxdbEoAVGOzfp0uQNXy+8EuKi0+Y7m+HxzAjgPBurmk2fOZavu31EJZiTRuwdTvPgLDMgpkusJLkOQgYTgK4wU8\/\/UfaFRzill46esghZCssKqU9e\/fxFD87N59SUtPp3PkL3E7EBMCorDfZkgAcXoaHf1TtQKfcfriD17BYBsBYRE+CkwxGUUxn9SZH+OgtD9ehf8AXfYTjT1V1LWMLfDHynzp12m3Lw7n0a75cazgJADjYX7sr2T\/kmFIeiIikoF3BPEXHtB9rSvsEbzMInPQmWxI4GBE5WQymez4+G8nPP4Cn7JN\/6PwCAtm9Z6\/Oq4llFLovtrsQhjH7ww7Skm+XMekjeIs717Z2zZOfKhFwCglExcSprN740+xJwGqtZKHZBl8\/9ibDqDVdMoIElMhCe0PDuApMhyHEg2DLyASvO8xc9CR7fLSWgTUzysDS6dul37HmAkspSY8vAk4hAbhouivV1Y9HG66qqqYVK1fTli3byGQucyh9V9ppBAnk5RexbAEzIaj78AkpMOqHOqqmppa1B0qdej8hHISqC8sDrUktCcDxBT75Fks5FZeUEsKpQWCKfpSXW+n06V7WbmitX873PAScQgLu7Ka1spq2bttO77\/\/Adtvq22LESRgMlt46bF6rQ+rljb5+RM87KAqxDQZcohPPv2c2to71DZrxvPgegqVmZY0Gwlgig81HUb5zf5bWZA3FxmElrbJue5BwCkkcPXadZ6uukP9AYMLOLzcunVbE6Iggfz8Qk3X2J48ducOB7B4\/fV\/8FQZMwD4o9snYAM\/e4yqc01YboAIOrscCxqhNkTfoJKC0A5EhQRrRhhXwTqtpbWdhaYwpoHfPzQoMFuVND8QMJwEENkFo93Hn3zGgRlcDaMSbVhrvVhjQwWHkRUvh9YMHfgrr7xGCz74SFXU4YhDUYS9CoxIMAG2T6Ojoxw+3We9LwvuMjKz2UAGVnQwwMFIHxZ+kDUVUOtKmr8IGEoCMGp5770FdPv2bX7A3bElmCITwAgIzQBmIxAGYo0Lqzm0CZJ8GOjATRPTdEzXBwYGeQTHLAJreM3ZZKbnnn+BCgqLWVg22yMFyz2s6x0ltBPRbzCbgOAN388ov8\/0s5MPovTExMQSCAXnYD8EaDgwG0pOTmUzWxje2AasgBEMLB6BgSRBAAgYSgKRkVFUYipzK7KwxHvjjTfp1VdfZ3Pcv\/717\/TSS38lTNM\/+OAjWvjFIjZHhX8D1rxQtyHgA9xmocqDya3\/lq2a88ZNm1kLgYg6alSNCCqxY+duh1ghSAXMkBGFBmat+EzLyOJZBuL0wcU3NT2T1++IxYeoNXi5FfNghwXLH4KAHQKGkgAcZQK2BtpV4dqfeCEQdbaysnoyMi3Mf4uLS6iouIRgq19YWMwval5eATsMYcchrIf9\/QPY6IVHYIy6GjIcpqAaxAiLIJmzJYzwsFmYLsHJaNWqNbQnJJSCdu1hu3ZE8dm5K5i\/wyQZGTb2IDwQRmRULPcBkvzu7h6OpTdd2XJMELBHwFASgOoKDhgwDw3Zu5+OHuu0r8\/pv2eTfjtqAF7eLVsDx0fYtExK1ZgTElMmTaUPRc5u3gv7ckfCQazZEehSTcJ033ZZAZ+N+MRkniEoEX1hxKM4PCF6L45DQAiPOUmCgKEkoMAJf3roke\/edb3ACXsJ6kmsIszNZyccyBL0ZKXe+oZGOnLkmPLzkU84jkAoN12CN92LL75EV66oC98FASZsEqZL0AAo0WzhbgsjLrglw68BNgbJKWk8g8DMBcFEEPNf0vxDwCkk4E4YoTILCd1PFy5c1NSMudoJQACphIKC1B9usNON9NAirFnrw9F9pmsg\/A4WL1k23V+PHIPLM+QXWoR8WCrZJ6gt4VeB7dcgp4BnHMhlxInhtu3bIL\/dh4BTSABuk+5KUI1BoPb+gg\/ZB13tlmJzJQHEHsjN+9HOADH5EOgCwkdsjAHXU5jaQhA504i7M2gXFRSVqIIPzlDT+UHMdPFMyyUQ2XgY8XZeUiDcNuISgMxk6TATqo\/3f04hAezW666k2NTDgOa119+ghQu\/ZE+2S7OExJ4zCdweYSm+bb+xpMDSqLKyanIzC9v\/p\/sON+fZRnYYQiEIxuHD2i0PZyIB+\/aAUCGkhOkw3K2hekSEIix3Hud9Bez7Od9\/O4UEIJhyV4Ibq20qKChmDz4E8IC8wJElnBEkADXeXBJmMF98uWjWInJy82acTcxUgBYSmK6c6zdusKpyzbr1TETAFEscUU1Oh9bjccxwEsC08eVXXnUorHI2LPYPOYyGoJOHBB0uvhCGRUXHsmAMI52S3E0CKSlpbAJcNYNTEEKCb9+5S9cMQOmnPT7Kca2fDx48ZIOrs2fPsUkyohZjpgDhI+ItwkwZ24xJ8nwEDCcBCMV+8Yt\/n9EQxpmwzPSQQy0GnTok7zDAWbV6HVvaoT1od5HKtfh07ccUXu9MAGq+oAmbAUjpHSV4Z+qNfKSUORM+yjlz\/cQSAsLZpcuW83NwuOOoR4TRmmu\/vPV6w0kA6+Df\/vY\/yapSz200sLM95HjhamrreDdcmNvCph5BLBGhdjxqbRwbFXV2ntA0kukhAXjs7dsfTni5YcKclZNL4QceVR0iJiIMkWAmPNc0Gz5zLd\/2esQVhJkyYjTCeQlLh5S0DFZTgnDhktzZ2cVRhe+7cBde2zaq+Y5nGpoYyHcaGpo47mRxcSkbnEG9mpySSknJKTzbxEwzPSOTcvMKCOegj4gmjMhLmMnZmnCrqdsV5xhOAmj0S\/\/7tzmPWHo7r+Uhx+60WwICOXQ4NBq42UiI5wfrPAQEgTcggpHOJh3XQgJQJR48FEWvvvY6LVmydNKRCFGDsQmlfXQexCWAIRZ8IBC2zDZDC6HFW1MLPnrvgZrrEKsAwVxhVIYIzIi8C00ENv7Ey+YOvxOl3XgusEkodmKCVaYS0RmxEjOzczluItqPJeR0shBopDDbxDl1DU28HTvc2xHfAqrjPSH7WFt04eKQUqVbPw0nAUiuEW4KDzIMX1yar1+nMksFuzFrqRcsjf0GoL4bjxprIgjfLOUVZLFWslNQfmER689BFpjlIE4A4v3BaQrmxdhvATb9eFHhlYeM6LkoD8sQRKHFZ35BEZsVQ+IOYoErL+Lnw70YAUgxjQYRdHQcYYEb4uuDMHA9TIJRp22GBSCi4XKU27JybjNeLkTERZBPfELFV4rAJuYynnW49YmbpnKQL5y4IGDELA1OXJArAC9EJYZTmNIX4I\/7wpF7S00cvReBTpDZ6YtxtnEAw28TIgGbqKiklCMDg9SVICkKTqgDx8YjBptZo4R9KDBbgx2FMkBM03zVh0DW0F4hRBwiDqNNsMlAG\/j+mMxMgKoLNOhEw0kAzjiLvvpmIhY+YuK7LmMX2E8++WwyRr+WukFc77z7Pu8mC2MejMpZ2XnsdouRCmVDbw7XXIwO2KMATkrPPfs8vfjiX+jtd97jvQYgZ1D2CECgTbUJRPLN4m\/p088W0tffLOGy4PSE39hExIiE+AP22hMjynVXGXgxIcsBgUBlCRsH+4xAslhOYbl1756+jUFd0T8IsDEDgvEXjMVaWtpcUS3XYTgJKC3HDXJ1Rt21E+HFtNataAcUF2SlH\/gEg2PU5nzrNgcsYXfpsTHeBANTQkz\/4NWHZcH4ebc0jx5oM6z0OI+OskwCRkg4blTC6JOYlMpqPqzRIbSDrAGRguGqfOfOXaOqknJ0IoB9DzAzhW2GK3aMchoJ6Oz\/nC\/Tu+ZVSEBvA7TIBPTW4azrYGINq8Zt23fymjVwRxAvU9RaWzqrXfO9XCzjpjM9NxoXIYEJROczCdg+VFBBIjAKllLYIgsGTBJN2BYh133HUgfZ2UlIYAJhIYFHHzVMS+FtOC50s7AAC8I6CO4guLTXYjxagVccwdIQUamUnaoRzQnCYeBkm6EWxBILKlJlo1OtyzpoD1yhQRASEBLQ\/KZCir8\/\/CAbA8H4Kr+wWPc+CJord8MFsDgtLCpha01FzQchMdTIiEgFOxPWKkALZB7fbxDGaDGxCRz5GucqakZ4aZZXVLIV62xdQSAZZGcnIYEJhGUmoP1RQ6ASCBMxAiI6U3RMHAdWKSu3crxDGAhBBQqVGIy0Ztt4VXsL5nYFq+yuXed4jbByRFvx2dzaxmHyECgGNhoIFwfVJSI24TlxtIHNTK2BfAVaCrhoI2BMXn4B2yHAeApqUEU4e\/7CBR79sTluWNgBzjOVa8R\/QgITKAoJGPE4TS0Duy\/jxYpPSJ7cbhzqU2z7jZESDz9eClfsQAztDeIwQi8PNTb2hIAaGAZhfpsDeDQ\/3nliVg\/OqT007tfNmzdZOAvHLBgUeYWK0Dh4tJUk2gFteLnybBhQIaoSm982NvGICJVldk4um91i+gwHJOUTozAiIcGYatwcN4sNrWCqa5thtotzcG5MXAJFRseyGThmJpiuw3kMxl\/YHBVBW+DcBGEn7AugEvbUpBidObt9MhOYQFhmAs5+1KR8rQgICWhFbOJ8mQnoBE4u8zgEhAR03hIhAZ3AyWUeh4CQgM5bIiSgEzi5zOMQEBLQeUuEBHQCJ5d5HAJCAjpviZCATuDkMo9DQEhA5y0REtAJnFzmcQgICei8JUICOoGTyzwOASEBnbfEWSRw9\/vvKS8vn7KzczgiDExObdPj7Eps2w\/57jkICAnovBd6SWD41q0ZtxSHx9yTT\/6KmltaOXacvUcYSACOJJIEAaMQEBLQiaQ9CSD2fUlJKUcQxtbkiNOHGP\/PPPsc\/c+Lf6E3\/+8t+uTTzyhw+w5C7HxHCYE+n\/7D0xQXn0CnTp1+5DREF9oauINCQ\/dxeW\/8400uf+EXi7hO1M25qJjjy9nPJB4pUA7MewSEBHQ+AvYkAE83eLD1DwzyJ743NDbTb37zH\/T3v7\/CMQRTUjM4+utMJICdd5555ln2iMOswT4hJBj2HoQ3WHJqOjunvPzyK\/TV14sn60XdCFwJ11RPtlm375v8dg8CQgI6cbcngemKwVQeXmUI160kkAVCRDtKIIHf\/\/6\/eLaA6LX2oabhXtrb2zfl8jt373qc++yUBsoPj0ZASEDn7VFDAnqKxksOt1hE60VIbwnIqQdFuUYLAkICWtCyOddZJGBThXwVBFyCgJCATpiFBHQCJ5d5HAJCAjpviZCATuDkMo9DQEhA5y0REtAJnFzmcQgICei8JUICOoGTyzwOASEBnbdESEAncHKZxyEgJKDzlggJ6AROLvM4BIQEdN4SIQGdwMllHoeAkIDOWyIkoBM4uczjEBAS0HlLhAR0Amd3GXYPGhw8a3dUfroSASEBnWjX1jfqvFIuUxCASfTf\/vYyLfrqK+WQfLoBAXiausLb1Os2H8FONJGRUbRkybf0yquv0R+e\/iOFhISy+265tUI+p8GgzFI+xXkKewdie3J\/\/wC6OTw85fGvr28QDKfBcK7PFnZi+t3vnqIXXvgTvf3Ou7Rhoy8lJSVznnIDnPDD60ggOSWd4hKSaNXqtTya\/exn\/0y79+ylltY2yQ4waGpu4a22leersKiY8vILyW\/zFrJYK5XD\/IktvARL458lbOr6k5\/8E\/36V7+md955j\/drRJAaVwSq8ToSwHZiSoKr8MWhSzQyMqocks9ZEEAYtYCtgdTa1k519Q20dt16QkAVSc5HYGBgkBDByj5qlbNr9joScDZg3l4+dgju7Dox2c3qmjoaPHtu8rd88T4EhAS8755KjwQBTQgICWiCS04WBLwPASEB77un0iNBQBMCQgKa4JKTBQHvQ0BIwPvuqfRIENCEgJCAJrjkZEHA+xAQEvC+eyo9EgQ0ISAkoAkuOVkQ8D4EhAS8755KjwQBTQgICWiCS04WBLwPASEB77un0iNBQBMCbieBxqYWTQ2WkwUBQcBYBNxOAnkFhcb2SEoTBAQBTQi4nQQKioo1NVhOFgQEAWMREBIwFk8pTRB47BBwOwkgtJUkQUAQcB8CbiWBnpOn6Kmnfk+5+SIXcN8jIDXPdwTcSgIIBfYv\/\/KvZK2omu\/3QfovCLgNAbeSwMOHD+nFv7xEQ5cuuw0AqVgQmO8IuJUEAP7ixUtpbGxsvt8H6b8g4DYE3EYC2FSh90wfbQkIpO6ek8bk7h46fbqX+vr66cxERh04dup0L508eWpqPd09BLnEvXv3+Ab09vZN\/V9lu86c6aeenpNcB+pRvnd396gvr7uHr0d7FDzQduW7w8\/uHrpwcUj1AzQ2docQTPTa9euE5dily5c5IvOFCxfp3LnzHFS0r2+A0CfU2XWim44d76Rjxzqp\/XAHtbUfpuaWVmpobOJoxNXVtVRVXUMVFZVkragki8VKFks5mcssknViYDKVEe6Hq5LbSAChrfeHH+Q9AXYGBZMRedfuEN684YknniDkn\/\/83\/j3hx9+TEu+XUYbN22mwO1BXCf2IkAO3RdOo2NjdPnyFfp26Xea2oH6AncEcV1r1vrQm2++RV99vZg2+W2hzxd+SUG79qguD+e+9\/4HtM5nA18TsG07t33Hzt1TygjavYdsM\/qweo0Pv9BqHpqwsIO0fMUqWvbdSs7Yn2H1mnUcWtxn\/Uba6OvH+w34b9lK23fuIvRxX9gBvlfRMfEUG5dIKakZlJGVQzl5BWQyW6isvIJq6hqorqGJWtramSiwgQmTBwhEsmoMgBswDNi6nWfIrpglu40E1Dywes4pr6ii8IOH6OtvllBUdBzFxCXwi7rZfyv5B2xjEgjZu58io2IpPTObyq1VVFNbz9d0dv4YaltN3ZjN4GXIzMolyDcqq2rIzz+AR9bwA4fUFDHlHFxzortn8tiq1evo5KnTk7\/tv2C7MDwkGInxUjc1t1Jf\/wD1DwzyTIhnJRMzC4zoXSd6qLC4hLAfw7179+mHHx7YFym\/PQQBbEayd18YZ2c3yetIoK5hfC9CTHfLLFYmAbzcDx485H3d8ALcvj3CU+KrV6\/RpUuX6fz5C3T5ylXVWN8eGaGMzGxKTUuns+emxuSPjU9kbQdGZ62bSISE7ieMBEqqqq4lkFdNTR2FHYig9IwsSkpO5dlGfEISmcvKeQqOTUIwDcd0vL6hkVpaxnfIaW\/voI6Oo3T06HHeSwDTe1wjyfMRwLOzas06zs5urdeRgP2uxHhhfTb4UnDwXs0v5XTgY2388SefUUNj83R\/M9GEH4igFSvXENbfWpI9CYCwPv30c0pMTOZisEvwgg8+4pFeS7m259rjY\/uffPcsBLAUQ3Z2chsJYPTCuqepqYX3XSsrsxjSV0cPOYR15dZKiomN17WjDqbTeLkxTcNWUTMl7NqDXX1P956Z6bRH\/rMnAZywfUcQYf8\/pKKSUtVr\/0cKnzjgCB9H58tx9yGQk1tAyM5ObiMBS7mV9oTs4\/5hfQphlRFptoccU38ICLUKXIJDQlU3D2ttrNFr6+pVX4MT9+0\/QMeP\/7gcwLH4xGSe3mOv+pTUNE3lTXfybPhMd40ccw8C2A7Odks4Z7XCI0gAnYMQzIik5iHPLyimtvYO1dVBboB1tZYEIeEXX35FPut9ycdn46wZG39+t3zlFMEg6oMEHuv8E90nCdtXzzWpwWeudcj1xiCAGedss04janIfCVisFBYewX1ITk2n4D3GrH3UPOTFpWZNJICdjW0FdmqAhyk0tphe+MUiVk8uXrKMZsqffvYFnwvhnW3KzStkEoBkv9Rktv1L13c1+OgqWC4yHAHYcyA7O7mNBI4cPUYbfTdTWPhBioqKMYzxZnrIYRR07NjxcduAUfXbld+\/f58g9YcREr6rSYVFpRQXn0Rmi3VS34sliKPc0tpGT\/3uKeo4cnRK8fEJ48sBqAOhHZhrmgmfuZYt1xuLAITQyM5ObiMBZ3XM0UMOC0IsOfSqyIaHb1FWTh7BYEZNAgkkJqdSRWW1mtMJ5S9fsZpVgVBvKmlr4A62rMRvs9kyZw2HI3yU+uTTcxDADBnZ2cnrSaC\/fy2\/j94AAAM\/SURBVIAiIqJYvw6rwLmmtrZ2tjSsrJr55dZKArBjWLl6LbW2tbPgEoZIo6Nj9OWibygxKYXNfAcGBmlLwDbCLEpvUuwo9F4v17kOgV3BIYTs7OR1JADzVSS8MDBLxjT+7t27huNoKa+g6VR6SkVaSQDXwUQYMgFoImDkU1xiIswEIJSMiIympOQ0no1A4Ii64xKSOCcmpVJCUgpblx2KiuFlCMx7kbEkgYYB16ZlZFF6RrbSRPn0cAQgKEZ2dvI6EmhubWMLQJgId3Z1OxW\/wbPnyNfPn27cuPlIPSWmMkpJy2CT5Ef+dHAgOjaenXQgEc7NzWfnKou1cvJsqAkhKBodHWXHn3PnL7DNA2YGH338KZtH1zc0ESI419U38lIEyx8QUmZ2LmVl51JunvP1zpMNli+6EYD8SfHv0F2IygvdRgIQ0uXk5lN0TCylpKbPKduGKIOzy4IFH9H+sIMsSJtr2TNdn56RSQcjomjBgg\/pYETklD5s3baDCWJn0O4px2cqD1P94D17KS09kzb5+bO2IC4eDjvj+MBMOTUtg3NaegafB2EhhKvwPlSTcnML2JQahIMM46mY2ASKjUsg1JWQmMwZS5DklDSuGybSmVk5lJdfQPkFhVRSYqLSUjOZzGUEew+rtZJqauvYLgLqTHgYQtApWR8GwDAyKoa9Q7V4iKq5\/9Od4zYSUBqDaa0kz0cAtuxYVsEUmn0vhod5BnTl6lW6cuUqXRwa4ofW1h0ZzkySNWLQN0ADg2cn3dtd8WS4nQTGg4pos7F3BTBShyAwXxBwOwk89\/wLmoJizJcbI\/0UBFyFgFtJYGjoEv30pz8jk7i3uup+Sz2CwCMIuJUEEHHmz39+kVLTMh9pmBwQBAQB1yDgVhJAF\/MLiuZsBecaqKQWQcA7EXA7CchehN75YEmvHh8EhAQen3slLRUEnIKA+0mgUHYldsqdlUIFAZUIuJ0EiopLVTZVThMEBAFnIOB2EnBGp6RMQUAQUI+AkIB6rORMQcArERAS8MrbKp0SBNQjICSgHis5UxDwSgSEBLzytkqnBAH1CAgJqMdKzhQEvBIBIQGvvK3SKUFAPQJCAuqxkjMFAa9E4P8B5bU4sIeSXMIAAAAASUVORK5CYII=' alt='' \/> <\/span><\/p>\n","protected":false},"excerpt":{"rendered":"<p>Pinza de Electricista Cl\u00e1sicas de 9 Pulgadas.<\/p>\n","protected":false},"featured_media":105996,"comment_status":"open","ping_status":"closed","template":"","meta":[],"product_brand":[],"product_cat":[24],"product_tag":[26,25,674],"class_list":{"0":"post-105997","1":"product","2":"type-product","3":"status-publish","4":"has-post-thumbnail","6":"product_cat-accesorios-de-instalacion","7":"product_tag-accesorios-de-instalacion","8":"product_tag-herramientas","9":"product_tag-tulmex","11":"first","12":"instock","13":"sale","14":"shipping-taxable","15":"purchasable","16":"product-type-simple"},"_links":{"self":[{"href":"https:\/\/soydeaqui.ddns.net\/pachuca\/index.php\/wp-json\/wp\/v2\/product\/105997","targetHints":{"allow":["GET"]}}],"collection":[{"href":"https:\/\/soydeaqui.ddns.net\/pachuca\/index.php\/wp-json\/wp\/v2\/product"}],"about":[{"href":"https:\/\/soydeaqui.ddns.net\/pachuca\/index.php\/wp-json\/wp\/v2\/types\/product"}],"replies":[{"embeddable":true,"href":"https:\/\/soydeaqui.ddns.net\/pachuca\/index.php\/wp-json\/wp\/v2\/comments?post=105997"}],"wp:featuredmedia":[{"embeddable":true,"href":"https:\/\/soydeaqui.ddns.net\/pachuca\/index.php\/wp-json\/wp\/v2\/media\/105996"}],"wp:attachment":[{"href":"https:\/\/soydeaqui.ddns.net\/pachuca\/index.php\/wp-json\/wp\/v2\/media?parent=105997"}],"wp:term":[{"taxonomy":"product_brand","embeddable":true,"href":"https:\/\/soydeaqui.ddns.net\/pachuca\/index.php\/wp-json\/wp\/v2\/product_brand?post=105997"},{"taxonomy":"product_cat","embeddable":true,"href":"https:\/\/soydeaqui.ddns.net\/pachuca\/index.php\/wp-json\/wp\/v2\/product_cat?post=105997"},{"taxonomy":"product_tag","embeddable":true,"href":"https:\/\/soydeaqui.ddns.net\/pachuca\/index.php\/wp-json\/wp\/v2\/product_tag?post=105997"}],"curies":[{"name":"wp","href":"https:\/\/api.w.org\/{rel}","templated":true}]}}