{"id":105992,"date":"2026-03-20T15:52:56","date_gmt":"2026-03-20T15:52:56","guid":{"rendered":"https:\/\/soydeaqui.ddns.net\/pachuca\/index.php\/producto\/panel-de-control-dactilar-multifuncional-con-monitor-de-7-para-mdvr-movil-streamax\/"},"modified":"2026-03-20T15:52:57","modified_gmt":"2026-03-20T15:52:57","slug":"panel-de-control-dactilar-multifuncional-con-monitor-de-7-para-mdvr-movil-streamax","status":"publish","type":"product","link":"https:\/\/soydeaqui.ddns.net\/pachuca\/index.php\/producto\/panel-de-control-dactilar-multifuncional-con-monitor-de-7-para-mdvr-movil-streamax\/","title":{"rendered":"Panel de control d\u00e1ctilar multifuncional con monitor de 7&#8243; para MDVR m\u00f3vil Streamax"},"content":{"rendered":"<div style='width: 100%; max-width: 1200px; margin: 0 auto; font-family: sans-serif; line-height: 1.6; color: inherit; background-color: transparent;'>\n<div style='width: 100%;'> <img style='width: 100%; height: auto; border: 1px solid rgba(150&comma;150&comma;150&comma;0.3); border-radius: 8px;' src='http:\/\/ftp3.syscom.mx\/usuarios\/aberumen\/bannerxmr.jpg' alt='Banner XMRCP5'> <\/div>\n<p style='color: inherit; opacity: 0.6; margin: 1em 0;'>\n<p style='color: inherit; opacity: 0.8; font-weight: bold; margin: 1em 0;'>Seguridad Sobre Ruedas<\/p>\n<p style='color: inherit; margin: 1em 0;'>Obtenga la mayor calidad de imagen con las c\u00e1maras para soluciones de videovigilancia m\u00f3vil XMR la cual ofrece nuevos dise\u00f1os en c\u00e1maras AHD con la mejor tecnolog\u00eda <span style='font-weight: bold;'>Anti-vibraci\u00f3n<\/span> y <span style='font-weight: bold;'>alta fiabilidad.<\/span><\/p>\n<p style='color: inherit; opacity: 0.6; margin: 1em 0;'>\n<div style='display: flex; flex-wrap: wrap; gap: 30px; margin-bottom: 30px;'>\n<div style='flex: 1 1 300px; min-width: 280px;'>\n<div style='border-left: 5px solid #080808; border-radius: 8px; padding: 15px; box-shadow: 2px 2px 10px rgba(216&comma;216&comma;216&comma;0.4); background-color: rgba(128&comma;128&comma;128&comma;0.16);'> <strong style='font-size: 16px; margin-bottom: 10px; display: block; color: inherit;'>Caracter\u00edsticas principales:<\/strong> <\/p>\n<ul style='padding-left: 20px; font-size: 14px; color: inherit; list-style-type: disc;'>\n<li style='margin-bottom: 5px;'>Pantalla Touch de 10.1&#8242;<\/li>\n<li style='margin-bottom: 5px;'>Longitud del cable de conexi\u00f3n es de 5 metros<\/li>\n<li style='margin-bottom: 5px;'><strong style='color: inherit;'>Incluye meg\u00e1fono para funci\u00f3n de audio de dos v\u00edas mediante el software de monitoreo.<\/strong><\/li>\n<\/ul><\/div>\n<\/p><\/div>\n<div style='flex: 1 1 300px; min-width: 280px;'>\n<div style='border-left: 5px solid #080808; border-radius: 8px; padding: 15px; box-shadow: 2px 2px 10px rgba(216&comma;216&comma;216&comma;0.4); background-color: rgba(128&comma;128&comma;128&comma;0.16);'> <strong style='font-size: 16px; margin-bottom: 10px; display: block; color: inherit;'>Caracter\u00edsticas F\u00edsicas y El\u00e9ctricas:<\/strong> <\/p>\n<ul style='padding-left: 20px; font-size: 14px; color: inherit; list-style-type: disc;'>\n<li style='margin-bottom: 5px;'>Voltaje de operaci\u00f3n 12 Vcc (alimentaci\u00f3n proporcionada por el MDVR)<\/li>\n<li style='margin-bottom: 5px;'>Temperatura de operaci\u00f3n -20~70\u00b0C<\/li>\n<\/ul><\/div>\n<\/p><\/div>\n<div style='flex: 1 1 300px; min-width: 280px;'>\n<div style='border-left: 5px solid #080808; border-radius: 8px; padding: 15px; box-shadow: 2px 2px 10px rgba(216&comma;216&comma;216&comma;0.4); background-color: rgba(128&comma;128&comma;128&comma;0.16);'> <strong style='font-size: 16px; margin-bottom: 10px; display: block; color: inherit;'>Caracter\u00edsticas Destacadas:<\/strong> <\/p>\n<ul style='padding-left: 20px; font-size: 14px; color: inherit; list-style-type: disc;'>\n<li style='margin-bottom: 5px;'><strong style='color: inherit;'>M\u00e9todo de configuraci\u00f3n.<\/strong><\/li>\n<li style='margin-bottom: 5px;'><strong style='color: inherit;'>Para la integraci\u00f3n del monitor con los modelos XMR401NAHDS y XMR401NAHDS\/SM&comma; es necesario contar con el modelo de modulo de alarmas XMRSENSOR.<\/strong><\/li>\n<li style='margin-bottom: 5px;'><strong style='color: inherit;'>Para integraci\u00f3n del monitor con el modelo XMR401NAHD es necesario contar con el modelo XMRCP4TRANSNSERIES.<\/strong><\/li>\n<li style='margin-bottom: 5px;'><strong style='color: inherit;'>Reproducci\u00f3n de grabaciones.<\/strong><\/li>\n<li style='margin-bottom: 5px;'><strong style='color: inherit;'>Brinda la opci\u00f3n de audio de dos v\u00edas y mensaje de texto v\u00eda centro de monitoreo.<\/strong><\/li>\n<\/ul><\/div>\n<\/p><\/div>\n<\/p><\/div>\n<div style='margin: 30px 0;'>\n<div style='position: relative; padding-bottom: 56.25%; height: 0; overflow: hidden; margin-bottom: 30px;'>   <\/div>\n<div style='position: relative; padding-bottom: 56.25%; height: 0; overflow: hidden; margin-bottom: 30px;'>   <\/div>\n<\/p><\/div>\n<\/p><\/div>\n","protected":false},"excerpt":{"rendered":"<p>Panel de control d\u00e1ctilar multifuncional con monitor de 7&#8243; para MDVR m\u00f3vil Streamax<\/p>\n","protected":false},"featured_media":105991,"comment_status":"open","ping_status":"closed","template":"","meta":[],"product_brand":[],"product_cat":[1408,1406],"product_tag":[93,1409,935,1345],"class_list":{"0":"post-105992","1":"product","2":"type-product","3":"status-publish","4":"has-post-thumbnail","6":"product_cat-accesorios-dash-cams-y-body-cams","7":"product_cat-videograbadoras-moviles-videovigilancia","8":"product_tag-accesorios","9":"product_tag-dash-cams-y-body-cams","10":"product_tag-epcom","11":"product_tag-videograbadoras-moviles","13":"first","14":"instock","15":"sale","16":"shipping-taxable","17":"purchasable","18":"product-type-simple"},"_links":{"self":[{"href":"https:\/\/soydeaqui.ddns.net\/pachuca\/index.php\/wp-json\/wp\/v2\/product\/105992","targetHints":{"allow":["GET"]}}],"collection":[{"href":"https:\/\/soydeaqui.ddns.net\/pachuca\/index.php\/wp-json\/wp\/v2\/product"}],"about":[{"href":"https:\/\/soydeaqui.ddns.net\/pachuca\/index.php\/wp-json\/wp\/v2\/types\/product"}],"replies":[{"embeddable":true,"href":"https:\/\/soydeaqui.ddns.net\/pachuca\/index.php\/wp-json\/wp\/v2\/comments?post=105992"}],"wp:featuredmedia":[{"embeddable":true,"href":"https:\/\/soydeaqui.ddns.net\/pachuca\/index.php\/wp-json\/wp\/v2\/media\/105991"}],"wp:attachment":[{"href":"https:\/\/soydeaqui.ddns.net\/pachuca\/index.php\/wp-json\/wp\/v2\/media?parent=105992"}],"wp:term":[{"taxonomy":"product_brand","embeddable":true,"href":"https:\/\/soydeaqui.ddns.net\/pachuca\/index.php\/wp-json\/wp\/v2\/product_brand?post=105992"},{"taxonomy":"product_cat","embeddable":true,"href":"https:\/\/soydeaqui.ddns.net\/pachuca\/index.php\/wp-json\/wp\/v2\/product_cat?post=105992"},{"taxonomy":"product_tag","embeddable":true,"href":"https:\/\/soydeaqui.ddns.net\/pachuca\/index.php\/wp-json\/wp\/v2\/product_tag?post=105992"}],"curies":[{"name":"wp","href":"https:\/\/api.w.org\/{rel}","templated":true}]}}