{"id":105979,"date":"2026-03-20T15:52:20","date_gmt":"2026-03-20T15:52:20","guid":{"rendered":"https:\/\/soydeaqui.ddns.net\/pachuca\/index.php\/producto\/camara-domo-ahd-cvbs-hibrida-antivandalica-1080p-lente-varifocal-3-2-a-10mm-ir-30m-dwdr-ip66\/"},"modified":"2026-03-20T15:52:21","modified_gmt":"2026-03-20T15:52:21","slug":"camara-domo-ahd-cvbs-hibrida-antivandalica-1080p-lente-varifocal-3-2-a-10mm-ir-30m-dwdr-ip66","status":"publish","type":"product","link":"https:\/\/soydeaqui.ddns.net\/pachuca\/index.php\/producto\/camara-domo-ahd-cvbs-hibrida-antivandalica-1080p-lente-varifocal-3-2-a-10mm-ir-30m-dwdr-ip66\/","title":{"rendered":"C\u00e1mara Domo AHD\/CVBS H\u00edbrida Antivand\u00e1lica 1080p \/ Lente Varifocal 3.2 a 10mm \/ IR 30M \/ DWDR \/ IP66"},"content":{"rendered":"<div style='width: 100%; max-width: 1200px; margin: 0 auto; font-family: sans-serif; line-height: 1.6; color: inherit; background-color: transparent;'>\n<div style='display: flex; flex-wrap: wrap; gap: 30px; margin-bottom: 30px;'>\n<div style='flex: 1 1 300px; min-width: 280px;'>\n<h3 style='font-size: 22px; border-bottom: 2px solid currentColor; padding-bottom: 5px; margin-top: 0; color: inherit; opacity: 0.8;'>Caracter\u00edsticas de la c\u00e1mara<\/h3>\n<ul style='padding-left: 20px; font-size: 15px; color: inherit;'>\n<li style='margin-bottom: 5px;'>2MP (1920 x 1080)<\/li>\n<li style='margin-bottom: 5px;'><strong>C\u00e1mara H\u00edbrida<\/strong> AHD \/ CBVS (an\u00e1loga) seleccionable<\/li>\n<li style='margin-bottom: 5px;'>Lente Varifocal: 3.2 a 10mm<\/li>\n<li style='margin-bottom: 5px;'>CMOS 1\/3&#8242;<\/li>\n<li style='margin-bottom: 5px;'>Iluminaci\u00f3n M\u00ednima Color: 0.11 Lux. B\/N: 0 Lux (con IR encendido)<\/li>\n<li style='margin-bottom: 5px;'>Distancia de IR: 30m<\/li>\n<li style='margin-bottom: 5px;'>Compensaci\u00f3n de Luz: dWDR&comma; BLC&comma; HLC<\/li>\n<\/ul><\/div>\n<div style='flex: 1 1 300px; min-width: 280px;'>\n<h3 style='font-size: 22px; border-bottom: 2px solid currentColor; padding-bottom: 5px; margin-top: 0; color: inherit; opacity: 0.8;'>Caracter\u00edsticas f\u00edsicas y el\u00e9ctricas<\/h3>\n<ul style='padding-left: 20px; font-size: 15px; color: inherit;'>\n<li style='margin-bottom: 5px;'>Temperatura de Operaci\u00f3n: -30 a 55\u00baC<\/li>\n<li style='margin-bottom: 5px;'>Protecci\u00f3n: IK10&comma; IP66<\/li>\n<li style='margin-bottom: 5px;'>Alimentaci\u00f3n: 12Vcc &#8211; 5.52W \/ 24VCA \/ M\u00e1x. 10.8W<\/li>\n<li style='margin-bottom: 5px;'>Dimensiones: 137.0mm di\u00e1metro x 106.1mm<\/li>\n<li style='margin-bottom: 5px;'>Peso: 716g<\/li>\n<\/ul><\/div>\n<\/p><\/div>\n<div style='margin-bottom: 30px;'>\n<div style='padding: 15px; border: 1px solid rgba(150&comma; 150&comma; 150&comma; 0.4); border-radius: 8px; background-color: rgba(255&comma; 255&comma; 255&comma; 0.05);'>\n<p style='margin: 0 0 15px; font-size: 15px; color: inherit;'><strong style='color: inherit;'>Nota:<\/strong> En condiciones de alta humedad agregar la tira absorbente que se incluye como accesorio en el equipo.<\/p>\n<p style='margin: 0; font-size: 15px; color: inherit;'><a style='color: #005cb9; text-decoration: none;' href='http:\/\/soporte.syscom.mx\/es\/articles\/3864506-hanwha-uso-de-secante-en-camaras-wisenet-para-evitar-humedad-en-instalaciones-en-exterior' target='_blank' rel='noopener'>ingrese Aqui<\/a><\/p>\n<\/p><\/div>\n<\/p><\/div>\n<div style='margin-bottom: 30px;'>\n<div style='padding: 15px; border: 1px solid rgba(150&comma; 150&comma; 150&comma; 0.4); border-radius: 8px; background-color: rgba(255&comma; 255&comma; 255&comma; 0.05);'>\n<p style='margin: 0; font-size: 15px; color: inherit;'><strong style='color: inherit;'>Garant\u00eda:<\/strong> 3 a\u00f1os.<\/p>\n<\/p><\/div>\n<\/p><\/div>\n<div style='margin-bottom: 30px;'>\n<div style='position: relative; padding-bottom: 56.25%; height: 0; overflow: hidden;'>   <\/div>\n<\/p><\/div>\n<hr style='border: 0; border-top: 1px solid rgba(150&comma; 150&comma; 150&comma; 0.3); margin: 30px 0;'> <\/div>\n","protected":false},"excerpt":{"rendered":"<p>C\u00e1mara Domo AHD\/CVBS H\u00edbrida Antivand\u00e1lica 1080p \/ Lente Varifocal 3.2 a 10mm \/ IR 30M \/ DWDR \/ IP66<\/p>\n","protected":false},"featured_media":105978,"comment_status":"open","ping_status":"closed","template":"","meta":[],"product_brand":[],"product_cat":[2269],"product_tag":[2255,2057,1055],"class_list":{"0":"post-105979","1":"product","2":"type-product","3":"status-publish","4":"has-post-thumbnail","6":"product_cat-domo-eyeball-turret-camaras-y-dvrs-hd-turbohd-ahd-hd-tvi","7":"product_tag-camaras-y-dvrs-hd-turbohd-ahd-hd-tvi","8":"product_tag-domo-eyeball-turret","9":"product_tag-hanwha-vision","11":"first","12":"instock","13":"sale","14":"shipping-taxable","15":"purchasable","16":"product-type-simple"},"_links":{"self":[{"href":"https:\/\/soydeaqui.ddns.net\/pachuca\/index.php\/wp-json\/wp\/v2\/product\/105979","targetHints":{"allow":["GET"]}}],"collection":[{"href":"https:\/\/soydeaqui.ddns.net\/pachuca\/index.php\/wp-json\/wp\/v2\/product"}],"about":[{"href":"https:\/\/soydeaqui.ddns.net\/pachuca\/index.php\/wp-json\/wp\/v2\/types\/product"}],"replies":[{"embeddable":true,"href":"https:\/\/soydeaqui.ddns.net\/pachuca\/index.php\/wp-json\/wp\/v2\/comments?post=105979"}],"wp:featuredmedia":[{"embeddable":true,"href":"https:\/\/soydeaqui.ddns.net\/pachuca\/index.php\/wp-json\/wp\/v2\/media\/105978"}],"wp:attachment":[{"href":"https:\/\/soydeaqui.ddns.net\/pachuca\/index.php\/wp-json\/wp\/v2\/media?parent=105979"}],"wp:term":[{"taxonomy":"product_brand","embeddable":true,"href":"https:\/\/soydeaqui.ddns.net\/pachuca\/index.php\/wp-json\/wp\/v2\/product_brand?post=105979"},{"taxonomy":"product_cat","embeddable":true,"href":"https:\/\/soydeaqui.ddns.net\/pachuca\/index.php\/wp-json\/wp\/v2\/product_cat?post=105979"},{"taxonomy":"product_tag","embeddable":true,"href":"https:\/\/soydeaqui.ddns.net\/pachuca\/index.php\/wp-json\/wp\/v2\/product_tag?post=105979"}],"curies":[{"name":"wp","href":"https:\/\/api.w.org\/{rel}","templated":true}]}}