{"id":105964,"date":"2026-03-20T15:51:32","date_gmt":"2026-03-20T15:51:32","guid":{"rendered":"https:\/\/soydeaqui.ddns.net\/pachuca\/index.php\/producto\/hik-central-focsign-licencia-para-activacion-de-1-dispositivo-adicional-de-digital-signage\/"},"modified":"2026-03-20T15:51:34","modified_gmt":"2026-03-20T15:51:34","slug":"hik-central-focsign-licencia-para-activacion-de-1-dispositivo-adicional-de-digital-signage","status":"publish","type":"product","link":"https:\/\/soydeaqui.ddns.net\/pachuca\/index.php\/producto\/hik-central-focsign-licencia-para-activacion-de-1-dispositivo-adicional-de-digital-signage\/","title":{"rendered":"Hik-Central FocSign \/ Licencia para Activaci\u00f3n de 1 Dispositivo Adicional de Digital Signage"},"content":{"rendered":"<div style='width: 100%; max-width: 1200px; margin: 0 auto; font-family: sans-serif; line-height: 1.6; color: inherit; background-color: transparent;'>\n<div style='text-align: center; margin-bottom: 30px;'> <img style='width: 45%; height: auto; border: 1px solid rgba(150&comma;150&comma;150&comma;0.3); border-radius: 8px;' src='https:\/\/ftp3.syscom.mx\/usuarios\/nortega\/hikvision\/HPD.png' alt='Logo Hikvision'> <\/div>\n<div style='border-left: 5px solid #ff0000; border-radius: 8px; padding: 15px; margin-bottom: 30px; background-color: rgba(216&comma;216&comma;216&comma;0.1);'>\n<h2 style='font-size: 24px; margin-top: 0; color: inherit;'><strong>Licencia de 1 canal para a\u00f1adir dispositivos al programa Hik-Central Focsign<\/strong><\/h2>\n<p style='margin-top: 15px; margin-bottom: 0; color: inherit;'><strong>Se requiere tener la licencia base HCFB\/5C<\/strong><\/p>\n<\/p><\/div>\n<div style='margin: 30px 0; padding: 15px; border-left: 4px solid #ff0000; border-radius: 8px; background-color: rgba(255&comma;0&comma;0&comma;0.05);'>\n<p style='margin: 0; color: inherit;'><strong><span style='color: #ff0000;'>NOTA:<\/span> No hay devoluciones en las licencias<\/strong><\/p>\n<\/p><\/div>\n<p> <img style='width: 100%; height: auto; border: 1px solid rgba(150&comma;150&comma;150&comma;0.3); border-radius: 8px; margin: 30px 0;' src='http:\/\/ftp3.syscom.mx\/usuarios\/ftp\/single_page\/FOCSIGN\/HEADER.jpg' alt='Banner Hik-Central FocSign'> <\/p>\n<div style='margin-bottom: 30px;'>\n<h3 style='font-size: 22px; border-bottom: 2px solid currentColor; padding-bottom: 5px; margin-top: 0; color: inherit; opacity: 0.8;'>Desaf\u00edos<\/h3>\n<div style='display: flex; flex-wrap: wrap; gap: 20px; margin-top: 20px;'>\n<div style='flex: 1 1 300px; min-width: 280px; background-color: rgba(150&comma;150&comma;150&comma;0.05); border: 1px solid rgba(150&comma;150&comma;150&comma;0.2); border-radius: 8px; padding: 15px;'>\n<div style='display: flex; align-items: center;'> <img style='max-height: 110px; width: auto; height: auto; border: 1px solid rgba(150&comma;150&comma;150&comma;0.3); border-radius: 8px;' src='http:\/\/ftp3.syscom.mx\/usuarios\/ftp\/single_page\/FOCSIGN\/[Public]-Infographic-Preview_HCF-v2_1_20240313_06.jpg' alt=''> <\/p>\n<p style='margin-left: 15px; font-size: 16px; color: inherit;'>Altos costos para crear contenido atractivo<\/p>\n<\/p><\/div>\n<\/p><\/div>\n<div style='flex: 1 1 300px; min-width: 280px; background-color: rgba(150&comma;150&comma;150&comma;0.05); border: 1px solid rgba(150&comma;150&comma;150&comma;0.2); border-radius: 8px; padding: 15px;'>\n<div style='display: flex; align-items: center;'> <img style='max-height: 110px; width: auto; height: auto; border: 1px solid rgba(150&comma;150&comma;150&comma;0.3); border-radius: 8px;' src='http:\/\/ftp3.syscom.mx\/usuarios\/ftp\/single_page\/FOCSIGN\/[Public]-Infographic-Preview_HCF-v2_1_20240313_13.jpg' alt=''> <\/p>\n<p style='margin-left: 15px; font-size: 16px; color: inherit;'>Personalizaci\u00f3n espec\u00edfica para el usuario<\/p>\n<\/p><\/div>\n<\/p><\/div>\n<div style='flex: 1 1 300px; min-width: 280px; background-color: rgba(150&comma;150&comma;150&comma;0.05); border: 1px solid rgba(150&comma;150&comma;150&comma;0.2); border-radius: 8px; padding: 15px;'>\n<div style='display: flex; align-items: center;'> <img style='max-height: 110px; width: auto; height: auto; border: 1px solid rgba(150&comma;150&comma;150&comma;0.3); border-radius: 8px;' src='http:\/\/ftp3.syscom.mx\/usuarios\/ftp\/single_page\/FOCSIGN\/[Public]-Infographic-Preview_HCF-v2_1_20240313_09.jpg' alt=''> <\/p>\n<p style='margin-left: 15px; font-size: 16px; color: inherit;'>Gesti\u00f3n de contenido r\u00edgida y actualizaciones peri\u00f3dicas<\/p>\n<\/p><\/div>\n<\/p><\/div>\n<div style='flex: 1 1 300px; min-width: 280px; background-color: rgba(150&comma;150&comma;150&comma;0.05); border: 1px solid rgba(150&comma;150&comma;150&comma;0.2); border-radius: 8px; padding: 15px;'>\n<div style='display: flex; align-items: center;'> <img style='max-height: 110px; width: auto; height: auto; border: 1px solid rgba(150&comma;150&comma;150&comma;0.3); border-radius: 8px;' src='http:\/\/ftp3.syscom.mx\/usuarios\/ftp\/single_page\/FOCSIGN\/[Public]-Infographic-Preview_HCF-v2_1_20240313_15.jpg' alt=''> <\/p>\n<p style='margin-left: 15px; font-size: 16px; color: inherit;'>Actualizaci\u00f3n y gesti\u00f3n de dispositivos a distancia en m\u00faltiples ubicaciones<\/p>\n<\/p><\/div>\n<\/p><\/div>\n<\/p><\/div>\n<\/p><\/div>\n<hr style='border: 0; border-top: 1px solid rgba(150&comma;150&comma;150&comma;0.3); margin: 30px 0;'>\n<div style='margin-bottom: 30px;'>\n<h3 style='font-size: 22px; border-bottom: 2px solid currentColor; padding-bottom: 5px; margin-top: 0; color: inherit; opacity: 0.8;'>Soluci\u00f3n<\/h3>\n<div style='margin-top: 20px; margin-bottom: 30px;'>\n<h4 style='font-size: 18px; color: inherit;'>Creaci\u00f3n y Lanzamiento de Contenido<\/h4>\n<h5 style='font-size: 16px; color: #ff0000; margin-top: 10px;'>Dise\u00f1o de Contenido<\/h5>\n<\/p><\/div>\n<div style='display: flex; flex-wrap: wrap; gap: 30px; margin-bottom: 30px;'>\n<div style='flex: 1 1 300px; min-width: 280px;'>\n<h4 style='font-size: 18px; color: inherit;'>Creaci\u00f3n de contenido enriquecido<\/h4>\n<p style='color: inherit;'>Crea contenido publicitario profesional f\u00e1cilmente con varios tipos de medios<\/p>\n<\/p><\/div>\n<div style='flex: 1 1 300px; min-width: 280px;'> <img style='width: 100%; height: auto; border: 1px solid rgba(150&comma;150&comma;150&comma;0.3); border-radius: 8px;' src='http:\/\/ftp3.syscom.mx\/usuarios\/ftp\/single_page\/FOCSIGN\/[Public]-Infographic-Preview_HCF-v2_1_20240313_20.jpg' alt=''> <\/div>\n<\/p><\/div>\n<div style='display: flex; flex-wrap: wrap; gap: 30px; margin-bottom: 30px;'>\n<div style='flex: 1 1 300px; min-width: 280px;'> <img style='width: 100%; height: auto; border: 1px solid rgba(150&comma;150&comma;150&comma;0.3); border-radius: 8px;' src='http:\/\/ftp3.syscom.mx\/usuarios\/ftp\/single_page\/FOCSIGN\/[Public]-Infographic-Preview_HCF-v2_1_20240313_23.jpg' alt=''> <\/div>\n<div style='flex: 1 1 300px; min-width: 280px;'>\n<h4 style='font-size: 18px; color: inherit;'>Galer\u00eda de plantillas diversas<\/h4>\n<p style='color: inherit;'>Plantillas espec\u00edficas de escenarios con dise\u00f1os personalizables<\/p>\n<h4 style='font-size: 18px; color: inherit;'>Herramienta de edici\u00f3n intuitiva<\/h4>\n<p style='color: inherit;'>Una interfaz amigable para el usuario&comma; manejo r\u00e1pido de medios y vista previa en tiempo real<\/p>\n<\/p><\/div>\n<\/p><\/div>\n<div style='display: flex; flex-wrap: wrap; gap: 30px; margin-bottom: 30px;'>\n<div style='flex: 1 1 300px; min-width: 280px;'>\n<h4 style='font-size: 18px; color: inherit;'>Integraci\u00f3n sin problemas<\/h4>\n<p style='color: inherit;'>Importa y utiliza f\u00e1cilmente plantillas externas de herramientas de dise\u00f1o y plataformas CMS<\/p>\n<\/p><\/div>\n<div style='flex: 1 1 300px; min-width: 280px;'> <img style='width: 100%; height: auto; border: 1px solid rgba(150&comma;150&comma;150&comma;0.3); border-radius: 8px;' src='http:\/\/ftp3.syscom.mx\/usuarios\/ftp\/single_page\/FOCSIGN\/[Public]-Infographic-Preview_HCF-v2_1_20240313_27.jpg' alt=''> <\/div>\n<\/p><\/div>\n<div style='margin: 30px 0;'>\n<h4 style='font-size: 18px; color: inherit;'>Lanzamiento de Contenido<\/h4>\n<p> <img style='width: 100%; height: auto; border: 1px solid rgba(150&comma;150&comma;150&comma;0.3); border-radius: 8px; margin: 15px 0;' src='http:\/\/ftp3.syscom.mx\/usuarios\/ftp\/single_page\/FOCSIGN\/[Public]-Infographic-Preview_HCF-v2_1_20240313_31.jpg' alt=''> <\/p>\n<p style='text-align: center; color: inherit;'>Env\u00eda y visualiza contenido en pantallas remotas desde tu escritorio<\/p>\n<\/p><\/div>\n<div style='display: flex; flex-wrap: wrap; gap: 30px; margin-bottom: 30px;'>\n<div style='flex: 1 1 300px; min-width: 280px;'>\n<h4 style='font-size: 18px; color: inherit;'>Programaci\u00f3n inteligente<\/h4>\n<p style='color: inherit;'>Distribuye contenido din\u00e1micamente con ajuste de tiempos y frecuencias<\/p>\n<\/p><\/div>\n<div style='flex: 1 1 300px; min-width: 280px;'> <img style='width: 100%; height: auto; border: 1px solid rgba(150&comma;150&comma;150&comma;0.3); border-radius: 8px;' src='http:\/\/ftp3.syscom.mx\/usuarios\/ftp\/single_page\/FOCSIGN\/[Public]-Infographic-Preview_HCF-v2_1_20240313_34.jpg' alt=''> <\/div>\n<\/p><\/div>\n<div style='display: flex; flex-wrap: wrap; gap: 20px; margin-bottom: 30px;'>\n<div style='flex: 1 1 300px; min-width: 280px; background-color: rgba(150&comma;150&comma;150&comma;0.05); border: 1px solid rgba(150&comma;150&comma;150&comma;0.2); border-radius: 8px; padding: 15px;'>\n<div style='display: flex; align-items: center;'> <img style='max-height: 50px; width: auto; height: auto; border: 1px solid rgba(150&comma;150&comma;150&comma;0.3); border-radius: 8px;' src='http:\/\/ftp3.syscom.mx\/usuarios\/ftp\/single_page\/FOCSIGN\/[Public]-Infographic-Preview_HCF-v2_1_20240313_36.jpg' alt=''> <\/p>\n<p style='margin-left: 15px; font-size: 16px; color: inherit;'>Hasta 1000 horarios<\/p>\n<\/p><\/div>\n<\/p><\/div>\n<div style='flex: 1 1 300px; min-width: 280px; background-color: rgba(150&comma;150&comma;150&comma;0.05); border: 1px solid rgba(150&comma;150&comma;150&comma;0.2); border-radius: 8px; padding: 15px;'>\n<div style='display: flex; align-items: center;'> <img style='max-height: 50px; width: auto; height: auto; border: 1px solid rgba(150&comma;150&comma;150&comma;0.3); border-radius: 8px;' src='http:\/\/ftp3.syscom.mx\/usuarios\/ftp\/single_page\/FOCSIGN\/[Public]-Infographic-Preview_HCF-v2_1_20240313_38.jpg' alt=''> <\/p>\n<p style='margin-left: 15px; font-size: 16px; color: inherit;'>Ajustes flexibles de programaci\u00f3n de contenido<\/p>\n<\/p><\/div>\n<\/p><\/div>\n<\/p><\/div>\n<div style='margin: 30px 0;'>\n<h4 style='font-size: 18px; color: inherit;'>Actualizaciones din\u00e1micas<\/h4>\n<p style='color: inherit;'>Ajusta el contenido basado en retroalimentaci\u00f3n y habilita horarios de emergencia para actualizaciones<\/p>\n<p> <img style='width: 100%; height: auto; border: 1px solid rgba(150&comma;150&comma;150&comma;0.3); border-radius: 8px; margin-top: 15px;' src='http:\/\/ftp3.syscom.mx\/usuarios\/ftp\/single_page\/FOCSIGN\/[Public]-Infographic-Preview_HCF-v2_1_20240313_44.jpg' alt=''> <\/div>\n<div style='display: flex; flex-wrap: wrap; gap: 30px; margin-bottom: 30px;'>\n<div style='flex: 1 1 300px; min-width: 280px;'> <img style='width: 100%; height: auto; border: 1px solid rgba(150&comma;150&comma;150&comma;0.3); border-radius: 8px;' src='http:\/\/ftp3.syscom.mx\/usuarios\/ftp\/single_page\/FOCSIGN\/[Public]-Infographic-Preview_HCF-v2_1_20240313_48.jpg' alt=''> <\/div>\n<div style='flex: 1 1 300px; min-width: 280px;'>\n<h4 style='font-size: 18px; color: inherit;'>An\u00e1lisis detallados<\/h4>\n<p style='color: inherit;'>Obtenga estad\u00edsticas e informaci\u00f3n claras sobre el rendimiento del contenido<\/p>\n<\/p><\/div>\n<\/p><\/div>\n<div style='margin: 30px 0;'>\n<h4 style='font-size: 18px; color: inherit;'>Mostrar Contenido<\/h4>\n<p> <img style='width: 100%; height: auto; border: 1px solid rgba(150&comma;150&comma;150&comma;0.3); border-radius: 8px; margin: 15px 0;' src='http:\/\/ftp3.syscom.mx\/usuarios\/ftp\/single_page\/FOCSIGN\/[Public]-Infographic-Preview_HCF-v2_1_20240313_51.jpg' alt=''> <\/p>\n<div style='display: flex; flex-wrap: wrap; gap: 20px; margin-top: 20px;'>\n<div style='flex: 1 1 300px; min-width: 280px;'>\n<h5 style='font-size: 16px; color: inherit;'>Programa de Videowall<\/h5>\n<p style='color: inherit;'>Crea Videowalls impresionantes con configuraciones altas o anchas&comma; adecuadas para diferentes espacios<\/p>\n<\/p><\/div>\n<div style='flex: 1 1 300px; min-width: 280px;'>\n<h5 style='font-size: 16px; color: inherit;'>Control de pantalla individual<\/h5>\n<p style='color: inherit;'>Actualiza y monitorea cada pantalla sin esfuerzo<\/p>\n<\/p><\/div>\n<\/p><\/div>\n<div style='margin-top: 20px;'>\n<h5 style='font-size: 16px; color: inherit;'>Conmutaci\u00f3n flexible de visualizaci\u00f3n<\/h5>\n<p style='color: inherit;'>Cambia el contenido entre el muro de video y pantallas individuales<\/p>\n<\/p><\/div>\n<\/p><\/div>\n<\/p><\/div>\n<hr style='border: 0; border-top: 1px solid rgba(150&comma;150&comma;150&comma;0.3); margin: 30px 0;'>\n<div style='margin-bottom: 30px;'>\n<h3 style='font-size: 22px; border-bottom: 2px solid currentColor; padding-bottom: 5px; margin-top: 0; color: inherit; opacity: 0.8;'>Gesti\u00f3n y Control de Dispositivos<\/h3>\n<div style='margin-top: 20px; margin-bottom: 30px;'>\n<h4 style='font-size: 18px; color: inherit;'>Configuraci\u00f3n F\u00e1cil de Dispositivos<\/h4>\n<\/p><\/div>\n<div style='display: flex; flex-wrap: wrap; gap: 30px; margin-bottom: 30px;'>\n<div style='flex: 1 1 300px; min-width: 280px;'>\n<h5 style='font-size: 16px; color: inherit;'>Ajuste Remoto<\/h5>\n<ul style='padding-left: 20px; color: inherit;'>\n<li style='margin-bottom: 5px;'>Ajustar brillo<\/li>\n<li style='margin-bottom: 5px;'>Contrase\u00f1as<\/li>\n<li style='margin-bottom: 5px;'>Configuraciones<\/li>\n<\/ul><\/div>\n<div style='flex: 1 1 300px; min-width: 280px;'> <img style='width: 100%; height: auto; border: 1px solid rgba(150&comma;150&comma;150&comma;0.3); border-radius: 8px;' src='http:\/\/ftp3.syscom.mx\/usuarios\/ftp\/single_page\/FOCSIGN\/[Public]-Infographic-Preview_HCF-v2_1_20240313_55.jpg' alt=''> <\/div>\n<\/p><\/div>\n<div style='margin: 30px 0;'>\n<h5 style='font-size: 16px; color: inherit;'>Gesti\u00f3n Programada de Dispositivos<\/h5>\n<p style='color: inherit;'>Establece rutinas diarias o semanales para el control de energ\u00eda y volumen de los dispositivos<\/p>\n<p> <img style='width: 100%; height: auto; border: 1px solid rgba(150&comma;150&comma;150&comma;0.3); border-radius: 8px; margin-top: 15px;' src='http:\/\/ftp3.syscom.mx\/usuarios\/ftp\/single_page\/FOCSIGN\/[Public]-Infographic-Preview_HCF-v2_1_20240313_64.jpg' alt=''> <\/div>\n<div style='display: flex; flex-wrap: wrap; gap: 30px; margin-bottom: 30px;'>\n<div style='flex: 1 1 300px; min-width: 280px;'>\n<h5 style='font-size: 16px; color: inherit;'>Seguridad Mejorada<\/h5>\n<p style='color: inherit;'>Herramientas para bloqueo USB&comma; control de Wi-Fi&comma; protecci\u00f3n de contrase\u00f1a y restricciones de acceso remoto<\/p>\n<\/p><\/div>\n<div style='flex: 1 1 300px; min-width: 280px;'> <img style='width: 100%; height: auto; border: 1px solid rgba(150&comma;150&comma;150&comma;0.3); border-radius: 8px;' src='http:\/\/ftp3.syscom.mx\/usuarios\/ftp\/single_page\/FOCSIGN\/[Public]-Infographic-Preview_HCF-v2_1_20240313_67.jpg' alt=''> <\/div>\n<\/p><\/div>\n<div style='margin: 30px 0;'>\n<h4 style='font-size: 18px; color: inherit;'>Control Centralizado de Dispositivos<\/h4>\n<p> <img style='width: 100%; height: auto; border: 1px solid rgba(150&comma;150&comma;150&comma;0.3); border-radius: 8px; margin: 15px 0;' src='http:\/\/ftp3.syscom.mx\/usuarios\/ftp\/single_page\/FOCSIGN\/[Public]-Infographic-Preview_HCF-v2_1_20240313_69.jpg' alt=''> <\/p>\n<div style='display: flex; flex-wrap: wrap; gap: 20px;'>\n<div style='flex: 1 1 300px; min-width: 280px;'>\n<h5 style='font-size: 16px; color: inherit;'>Comando de Grupo<\/h5>\n<p style='color: inherit;'>Env\u00eda y visualiza contenido en pantallas remotas desde tu escritorio<\/p>\n<\/p><\/div>\n<div style='flex: 1 1 300px; min-width: 280px;'>\n<h5 style='font-size: 16px; color: inherit;'>Instalaci\u00f3n Masiva de Aplicaciones<\/h5>\n<p style='color: inherit;'>Instala aplicaciones en m\u00faltiples dispositivos simult\u00e1neamente<\/p>\n<\/p><\/div>\n<\/p><\/div>\n<\/p><\/div>\n<div style='margin-top: 30px;'> <img style='width: 100%; height: auto; border: 1px solid rgba(150&comma;150&comma;150&comma;0.3); border-radius: 8px;' src='http:\/\/ftp3.syscom.mx\/usuarios\/ftp\/single_page\/FOCSIGN\/[Public]-Infographic-Preview_HCF-v2_1_20240313_71.jpg' alt=''> <\/div>\n<\/p><\/div>\n<\/p><\/div>\n","protected":false},"excerpt":{"rendered":"<p>Hik-Central FocSign \/ Licencia para Activaci\u00f3n de 1 Dispositivo Adicional de Digital Signage<\/p>\n","protected":false},"featured_media":105963,"comment_status":"open","ping_status":"closed","template":"","meta":[],"product_brand":[],"product_cat":[2262],"product_tag":[54,2263],"class_list":{"0":"post-105964","1":"product","2":"type-product","3":"status-publish","4":"has-post-thumbnail","6":"product_cat-hikvision-software-vms-y-analiticas","7":"product_tag-hikvision","8":"product_tag-software-vms-y-analiticas","10":"first","11":"outofstock","12":"sale","13":"shipping-taxable","14":"purchasable","15":"product-type-simple"},"_links":{"self":[{"href":"https:\/\/soydeaqui.ddns.net\/pachuca\/index.php\/wp-json\/wp\/v2\/product\/105964","targetHints":{"allow":["GET"]}}],"collection":[{"href":"https:\/\/soydeaqui.ddns.net\/pachuca\/index.php\/wp-json\/wp\/v2\/product"}],"about":[{"href":"https:\/\/soydeaqui.ddns.net\/pachuca\/index.php\/wp-json\/wp\/v2\/types\/product"}],"replies":[{"embeddable":true,"href":"https:\/\/soydeaqui.ddns.net\/pachuca\/index.php\/wp-json\/wp\/v2\/comments?post=105964"}],"wp:featuredmedia":[{"embeddable":true,"href":"https:\/\/soydeaqui.ddns.net\/pachuca\/index.php\/wp-json\/wp\/v2\/media\/105963"}],"wp:attachment":[{"href":"https:\/\/soydeaqui.ddns.net\/pachuca\/index.php\/wp-json\/wp\/v2\/media?parent=105964"}],"wp:term":[{"taxonomy":"product_brand","embeddable":true,"href":"https:\/\/soydeaqui.ddns.net\/pachuca\/index.php\/wp-json\/wp\/v2\/product_brand?post=105964"},{"taxonomy":"product_cat","embeddable":true,"href":"https:\/\/soydeaqui.ddns.net\/pachuca\/index.php\/wp-json\/wp\/v2\/product_cat?post=105964"},{"taxonomy":"product_tag","embeddable":true,"href":"https:\/\/soydeaqui.ddns.net\/pachuca\/index.php\/wp-json\/wp\/v2\/product_tag?post=105964"}],"curies":[{"name":"wp","href":"https:\/\/api.w.org\/{rel}","templated":true}]}}