{"id":105926,"date":"2026-03-20T15:49:41","date_gmt":"2026-03-20T15:49:41","guid":{"rendered":"https:\/\/soydeaqui.ddns.net\/pachuca\/index.php\/producto\/bala-ip-4-megapixel-lente-mot-2-8-12-mm-50-mts-ir-exir-ik10-reconocimiento-facial-wdr-140-db-deepinview-busqueda-por-atributos-heat-map-acusense-micro-sd\/"},"modified":"2026-03-20T15:49:55","modified_gmt":"2026-03-20T15:49:55","slug":"bala-ip-4-megapixel-lente-mot-2-8-12-mm-50-mts-ir-exir-ik10-reconocimiento-facial-wdr-140-db-deepinview-busqueda-por-atributos-heat-map-acusense-micro-sd","status":"publish","type":"product","link":"https:\/\/soydeaqui.ddns.net\/pachuca\/index.php\/producto\/bala-ip-4-megapixel-lente-mot-2-8-12-mm-50-mts-ir-exir-ik10-reconocimiento-facial-wdr-140-db-deepinview-busqueda-por-atributos-heat-map-acusense-micro-sd\/","title":{"rendered":"Bala IP 4 Megapixel \/ Lente Mot. 2.8 &#8211; 12 mm \/ 50 mts IR EXIR \/ IK10 \/ Reconocimiento Facial \/ WDR 140 dB \/ DeepinView \/ B\u00fasqueda por Atributos \/ Heat Map \/ ACUSENSE \/ Micro SD"},"content":{"rendered":"<div style='width: 100%; max-width: 1200px; margin: 0 auto; font-family: sans-serif; line-height: 1.6; color: inherit; background-color: transparent;'>\n<div style='width: 100%; text-align: center; margin-bottom: 30px;'>\n<h1 style='color: #232a6f; font-size: 28px; margin: 0; padding: 0;'><span style='font-family: verdana&comma; geneva&comma; sans-serif;'>Especificaciones<\/span><\/h1>\n<\/p><\/div>\n<p> <!-- Grid de contenido --> <\/p>\n<div style='display: flex; flex-wrap: wrap; gap: 30px;'> <!-- Columna izquierda --> <\/p>\n<div style='flex: 1 1 450px; min-width: 300px;'> <!-- Caracter\u00edsticas Principales --> <\/p>\n<div style='border: 1px solid rgba(150&comma;150&comma;150&comma;0.4); border-radius: 8px; overflow: hidden; margin-bottom: 20px;'>\n<div style='padding: 15px; background: #df001e; border-bottom: 1px solid #a80000;'> <span style='font-weight: bold; color: white; background: #df001e;'>Caracter\u00edsticas Principales:<\/span> <\/div>\n<div style='padding: 15px;'>\n<ul style='padding-left: 20px; margin: 0; font-size: 14px; color: inherit; list-style-type: disc;'>\n<li style='margin-bottom: 8px;'><span style='font-family: verdana&comma; geneva&comma; sans-serif;'>Compresi\u00f3n de video: H.265+\/H.265\/H.264+\/H.264 (Main stream)&comma; H.265\/H.264\/MJPEG (Sub-stream).<\/span><\/li>\n<li style='margin-bottom: 8px;'><span style='font-family: verdana&comma; geneva&comma; sans-serif;'>Lente Motorizado: 2.8 a 12 mm (114.5\u00b0 a 41.8\u00b0).<\/span><\/li>\n<li style='margin-bottom: 8px;'><span style='font-family: verdana&comma; geneva&comma; sans-serif;'>Velocidad del shutter: 1 s a 1\/100&comma;000 s&comma; soporta Slow Shutter.<\/span><\/li>\n<li style='margin-bottom: 8px;'><span style='font-family: verdana&comma; geneva&comma; sans-serif;'>Iluminaci\u00f3n m\u00ednima DARKFIGHTER: 0.0005 Lux @(F1.2&comma;AGC ON) (Color)&comma; 0.0001 Lux (B\/N)&comma; 0 Lux con IR.<\/span><\/li>\n<li style='margin-bottom: 8px;'><span style='font-family: verdana&comma; geneva&comma; sans-serif;'>Distancia de IR: 50 mts IR EXIR.<\/span><\/li>\n<li style='margin-bottom: 8px;'><span style='font-family: verdana&comma; geneva&comma; sans-serif;'>1 puerto de red: 10 \/ 100 \/ 1000 Mbps.<\/span><\/li>\n<li style='margin-bottom: 8px;'><span style='font-family: verdana&comma; geneva&comma; sans-serif;'>Soporta micro SD de hasta 1 TB (no incluida).<\/span><\/li>\n<li style='margin-bottom: 8px;'><span style='font-family: verdana&comma; geneva&comma; sans-serif;'>Resoluci\u00f3n m\u00e1xima: 60Hz: 60fps (2560 \u00d7 1440&comma; 1920 \u00d7 1080&comma; 1280 \u00d7 720)&comma; 30fps (2688 \u00d7 1520).<\/span><\/li>\n<li style='margin-bottom: 8px;'><span style='font-family: verdana&comma; geneva&comma; sans-serif;'>Funciones: WDR real 140 dB \/ BLC \/ HLC \/ 3D DNR \/ Defog \/ EIS.<\/span><\/li>\n<li style='margin-bottom: 8px;'><span style='font-family: verdana&comma; geneva&comma; sans-serif;'>Protocolos: ONVIF (PROFILE S&comma; PROFILE G&comma; PROFILE T) \/ ISAPI \/ SDK \/ ISUP \/ IPv6 \/ TLS 1.3 \/ TPM 2.0<\/span><\/li>\n<\/ul><\/div>\n<\/p><\/div>\n<p> <!-- Entradas y Salidas --> <\/p>\n<div style='border: 1px solid rgba(150&comma;150&comma;150&comma;0.4); border-radius: 8px; overflow: hidden; margin-bottom: 20px;'>\n<div style='padding: 15px; background: #df001e; border-bottom: 1px solid #a80000;'> <span style='font-weight: bold; color: white; background: #df001e;'>Entradas y Salidas de Audio \/ Alarma \/ Red \/ Almacenamiento:<\/span> <\/div>\n<div style='padding: 15px;'>\n<ul style='padding-left: 20px; margin: 0; font-size: 14px; color: inherit; list-style-type: disc;'>\n<li style='margin-bottom: 8px;'><span style='font-family: verdana&comma; geneva&comma; sans-serif;'>Entradas de alarma: <\/span><span style='font-family: verdana&comma; geneva&comma; sans-serif;'>2.<\/span><\/li>\n<li style='margin-bottom: 8px;'><span style='font-family: verdana&comma; geneva&comma; sans-serif;'>Salidas de alarma: <\/span><span style='font-family: verdana&comma; geneva&comma; sans-serif;'>2 (max. 24 VDC&comma; 1 A)<\/span><\/li>\n<li style='margin-bottom: 8px;'><span style='font-family: verdana&comma; geneva&comma; sans-serif;'>Entradas de audio: N\/A.<\/span><\/li>\n<li style='margin-bottom: 8px;'><span style='font-family: verdana&comma; geneva&comma; sans-serif;'>Salidas de audio: <\/span><span style='font-family: verdana&comma; geneva&comma; sans-serif;'>N\/A.<\/span><\/li>\n<li style='margin-bottom: 8px;'><span style='font-family: verdana&comma; geneva&comma; sans-serif;'>Soporta memoria micro SD hasta 1 TB (no incluida).<\/span><\/li>\n<li style='margin-bottom: 8px;'><span style='font-family: verdana&comma; geneva&comma; sans-serif;'>Puerto de red: 1 (10 \/ 100 \/ 1000 Mbps).<\/span><\/li>\n<\/ul><\/div>\n<\/p><\/div>\n<\/p><\/div>\n<p> <!-- Columna derecha --> <\/p>\n<div style='flex: 1 1 450px; min-width: 300px;'> <!-- Caracter\u00edsticas F\u00edsicas y El\u00e9ctricas --> <\/p>\n<div style='border: 1px solid rgba(150&comma;150&comma;150&comma;0.4); border-radius: 8px; overflow: hidden; margin-bottom: 20px;'>\n<div style='padding: 15px; background: #df001e; border-bottom: 1px solid #a80000;'> <span style='font-weight: bold; color: white; background: #df001e;'>Caracter\u00edsticas F\u00edsicas y El\u00e9ctricas:<\/span> <\/div>\n<div style='padding: 15px;'>\n<ul style='padding-left: 20px; margin: 0; font-size: 14px; color: inherit; list-style-type: disc;'>\n<li style='margin-bottom: 8px;'><span style='font-family: verdana&comma; geneva&comma; sans-serif;'>Dimensiones: \u00d8144 \u00d7 347 mm.<\/span><\/li>\n<li style='margin-bottom: 8px;'><span style='font-family: verdana&comma; geneva&comma; sans-serif;'>Consumo \/ alimentaci\u00f3n: 12 VDC (max. 14.28 W) \/ PoE 802.3at (max. 16.8 W).<\/span><\/li>\n<li style='margin-bottom: 8px;'><span style='font-family: verdana&comma; geneva&comma; sans-serif;'>Protecci\u00f3n: IP67 (Interior \/ Exterior).<\/span><\/li>\n<li style='margin-bottom: 8px;'><span style='font-family: verdana&comma; geneva&comma; sans-serif;'>Antivand\u00e1lico: IK10.<\/span><\/li>\n<li style='margin-bottom: 8px;'><span style='font-family: verdana&comma; geneva&comma; sans-serif;'>Peso: 1950 gramos.<\/span><\/li>\n<\/ul><\/div>\n<\/p><\/div>\n<p> <!-- Accesorios Compatibles --> <\/p>\n<div style='border: 1px solid rgba(150&comma;150&comma;150&comma;0.4); border-radius: 8px; overflow: hidden; margin-bottom: 20px;'>\n<div style='padding: 15px; background: #df001e; border-bottom: 1px solid #a80000;'> <span style='font-weight: bold; color: white; background: #df001e;'>Accesorios Compatibles:<\/span> <\/div>\n<div style='padding: 15px;'>\n<ul style='padding-left: 20px; margin: 0; font-size: 14px; color: inherit; list-style-type: disc;'>\n<li style='text-align: left;'><span style='font-size: 14pt;'><strong><span style='font-family: verdana&comma; geneva&comma; sans-serif;'>Consulte la ficha t\u00e9cnica para validar los accesorios compatibles&comma; de clic <a href='https:\/\/ftp3.syscom.mx\/usuarios\/roberto.espino\/Specs\/Bala\/Especificaciones%20Tecnicas%20iDS-2CD7A46G0-IZHSY-C_Datasheet_V5.7.70_20220301.pdf?_gl=1*yb4ave*_gcl_au*MTc3NjMxMDk4MS4xNzUwMTgxMDMx' target='_blank' rel='noopener'>Aqui<\/a><\/span><\/strong><\/span><\/li>\n<\/ul><\/div>\n<\/p><\/div>\n<\/p><\/div>\n<\/p><\/div>\n<p> <!-- Caracter\u00edsticas Destacadas --> <\/p>\n<div style='border: 1px solid rgba(150&comma;150&comma;150&comma;0.4); border-radius: 8px; overflow: hidden; margin-top: 30px;'>\n<div style='padding: 15px; background: #df001e; border-bottom: 1px solid #a80000;'> <span style='font-weight: bold; color: white; background: #df001e;'>Caracter\u00edsticas Destacadas:<\/span> <\/div>\n<div style='padding: 15px;'>\n<ul style='padding-left: 20px; margin: 0; font-size: 14px; color: inherit; list-style-type: disc;'>\n<li style='margin-bottom: 15px;'><span style='font-family: verdana&comma; geneva&comma; sans-serif;'>Reconocimiento facial:<\/span>\n<p style='margin-top: 8px; margin-bottom: 0;'><span style='font-family: verdana&comma; geneva&comma; sans-serif;'>Con algoritmos integrados basados en aprendizaje profundo&comma; la c\u00e1mara puede detectar hasta 120 caras simult\u00e1neamente (captura 40 caras\/frame) y extraer 7 caracter\u00edsticas (g\u00e9nero&comma; edad&comma; expresi\u00f3n&comma; etc.). La c\u00e1mara captura la cara y emite las caracter\u00edsticas con ajuste din\u00e1mico de exposici\u00f3n para garantizar calidad.<\/span><\/p>\n<\/li>\n<li style='margin-bottom: 15px;'><span style='font-family: verdana&comma; geneva&comma; sans-serif;'>Proteccion perimetral:<\/span>\n<p style='margin-top: 8px; margin-bottom: 0;'><span style='font-family: verdana&comma; geneva&comma; sans-serif;'>Con algoritmos integrados de detecci\u00f3n y clasificaci\u00f3n de objetivos basados en aprendizaje profundo&comma; la c\u00e1mara lleva a cabo el deber de protecci\u00f3n del per\u00edmetro&comma; control de las acciones de cruce de l\u00ednea&comma; intrusi\u00f3n&comma; entrada y salida de la regi\u00f3n. Los algoritmos filtran en gran medida la alarma err\u00f3nea causada por la interferencia de hojas&comma; luces&comma; animales&comma; banderas&comma; etc.<\/span><\/p>\n<\/li>\n<li style='margin-bottom: 15px;'><span style='font-family: verdana&comma; geneva&comma; sans-serif;'>Deteccion de atributos.<\/span>\n<p style='margin-top: 8px; margin-bottom: 0;'><span style='font-family: verdana&comma; geneva&comma; sans-serif;'>Con los algoritmos de aprendizaje profundo incorporados&comma; la c\u00e1mara detecta y captura la cara (7 atributos)&comma; el cuerpo humano (13 atributos) y el veh\u00edculo (2 atributos) en la regi\u00f3n especificada.<\/span><\/p>\n<\/li>\n<\/ul><\/div>\n<\/p><\/div>\n<p> <!-- Imagen --> <\/p>\n<div style='margin-top: 30px;'> <img style='width: 100%; height: auto; border: 1px solid rgba(150&comma;150&comma;150&comma;0.3); border-radius: 8px;' src='https:\/\/ftp3.syscom.mx\/usuarios\/jsosa\/HIKVISION\/imagenes\/banners\/solution%20complete.png' alt=''> <\/div>\n<\/p><\/div>\n","protected":false},"excerpt":{"rendered":"<p>Bala IP 4 Megapixel \/ Lente Mot. 2.8 &#8211; 12 mm \/ 50 mts IR EXIR \/ IK10 \/ Reconocimiento Facial \/ WDR 140 dB \/ DeepinView \/ B\u00fasqueda por Atributos \/ Heat Map \/ ACUSENSE \/ Micro SD<\/p>\n","protected":false},"featured_media":105925,"comment_status":"open","ping_status":"closed","template":"","meta":[],"product_brand":[],"product_cat":[438],"product_tag":[439,122,54],"class_list":{"0":"post-105926","1":"product","2":"type-product","3":"status-publish","4":"has-post-thumbnail","6":"product_cat-bala","7":"product_tag-bala","8":"product_tag-camaras-ip-y-nvrs","9":"product_tag-hikvision","11":"first","12":"instock","13":"sale","14":"shipping-taxable","15":"purchasable","16":"product-type-simple"},"_links":{"self":[{"href":"https:\/\/soydeaqui.ddns.net\/pachuca\/index.php\/wp-json\/wp\/v2\/product\/105926","targetHints":{"allow":["GET"]}}],"collection":[{"href":"https:\/\/soydeaqui.ddns.net\/pachuca\/index.php\/wp-json\/wp\/v2\/product"}],"about":[{"href":"https:\/\/soydeaqui.ddns.net\/pachuca\/index.php\/wp-json\/wp\/v2\/types\/product"}],"replies":[{"embeddable":true,"href":"https:\/\/soydeaqui.ddns.net\/pachuca\/index.php\/wp-json\/wp\/v2\/comments?post=105926"}],"wp:featuredmedia":[{"embeddable":true,"href":"https:\/\/soydeaqui.ddns.net\/pachuca\/index.php\/wp-json\/wp\/v2\/media\/105925"}],"wp:attachment":[{"href":"https:\/\/soydeaqui.ddns.net\/pachuca\/index.php\/wp-json\/wp\/v2\/media?parent=105926"}],"wp:term":[{"taxonomy":"product_brand","embeddable":true,"href":"https:\/\/soydeaqui.ddns.net\/pachuca\/index.php\/wp-json\/wp\/v2\/product_brand?post=105926"},{"taxonomy":"product_cat","embeddable":true,"href":"https:\/\/soydeaqui.ddns.net\/pachuca\/index.php\/wp-json\/wp\/v2\/product_cat?post=105926"},{"taxonomy":"product_tag","embeddable":true,"href":"https:\/\/soydeaqui.ddns.net\/pachuca\/index.php\/wp-json\/wp\/v2\/product_tag?post=105926"}],"curies":[{"name":"wp","href":"https:\/\/api.w.org\/{rel}","templated":true}]}}