{"id":105916,"date":"2026-03-20T15:49:06","date_gmt":"2026-03-20T15:49:06","guid":{"rendered":"https:\/\/soydeaqui.ddns.net\/pachuca\/index.php\/producto\/domo-ip-8-megapixel-lente-mot-8-a-32-mm-darkfighter-wdr-120-db-ik10-ir-30-mts-conteo-facial-deteccion-facial-interior-poe-busqueda-por-atributos-microfono-integrado-microsd\/"},"modified":"2026-03-20T15:49:08","modified_gmt":"2026-03-20T15:49:08","slug":"domo-ip-8-megapixel-lente-mot-8-a-32-mm-darkfighter-wdr-120-db-ik10-ir-30-mts-conteo-facial-deteccion-facial-interior-poe-busqueda-por-atributos-microfono-integrado-microsd","status":"publish","type":"product","link":"https:\/\/soydeaqui.ddns.net\/pachuca\/index.php\/producto\/domo-ip-8-megapixel-lente-mot-8-a-32-mm-darkfighter-wdr-120-db-ik10-ir-30-mts-conteo-facial-deteccion-facial-interior-poe-busqueda-por-atributos-microfono-integrado-microsd\/","title":{"rendered":"Domo IP 8 Megapixel \/ Lente Mot. 8 a 32 mm \/  DARKFIGHTER \/ WDR 120 dB \/ IK10 \/ IR 30 mts \/ Conteo Facial \/ Detecci\u00f3n Facial \/ Interior \/ PoE \/ B\u00fasqueda por Atributos \/ Micr\u00f3fono Integrado \/ MicroSD"},"content":{"rendered":"<div style='width: 100%; max-width: 1200px; margin: 0 auto; font-family: sans-serif; line-height: 1.6; color: inherit; background-color: transparent;'> <!-- Imagen del logo --> <\/p>\n<div style='display: flex; justify-content: center; margin: 20px 0;'> <img style='width: 45%; height: auto; border: 1px solid rgba(150&comma;150&comma;150&comma;0.3); border-radius: 8px;' src='https:\/\/ftp3.syscom.mx\/usuarios\/jsosa\/HIKVISION\/imagenes\/logo\/hikvision%20see%20far.png' alt='Logo Hikvision'> <\/div>\n<p> <!-- Secci\u00f3n de caracter\u00edsticas con grid --> <\/p>\n<div style='display: grid; grid-template-columns: repeat(auto-fill&comma; minmax(300px&comma; 1fr)); gap: 30px; margin-top: 40px;'> <!-- Caracter\u00edsticas principales --> <\/p>\n<div style='border: 1px solid rgba(150&comma; 150&comma; 150&comma; 0.4); border-radius: 8px; overflow: hidden;'>\n<div style='padding: 15px; background-color: rgba(255&comma; 0&comma; 0&comma; 0.1); border-bottom: 1px solid rgba(150&comma; 150&comma; 150&comma; 0.2); font-weight: bold; font-size: 18px; color: inherit;'>Caracter\u00edsticas principales<\/div>\n<div style='padding: 15px; color: inherit;'>\n<ul style='padding-left: 20px; margin: 0; font-size: 14px; list-style-type: disc;'>\n<li style='margin-bottom: 5px;'>Compresi\u00f3n de video: H.265+ \/ H.265 \/ H.264+ \/ H.264.<\/li>\n<li style='margin-bottom: 5px;'>Lente Motorizado: 8 a 32 mm (41.8\u00b0 a 14.9\u00b0).<\/li>\n<li style='margin-bottom: 5px;'>Iluminaci\u00f3n m\u00ednima DARKFIGHTER \u00bd :0.009 Lux @(F1.2&comma;AGC ON).<\/li>\n<li style='margin-bottom: 5px;'>Distancia de IR: 50 mts IR EXIR.<\/li>\n<li style='margin-bottom: 5px;'>1 puerto de red: 10 \/ 100 \/ 1000 Mbps.<\/li>\n<li style='margin-bottom: 5px;'>Soporta micro SD de hasta 256 GB (no incluida).<\/li>\n<li style='margin-bottom: 5px;'>Resoluci\u00f3n m\u00e1xima: 8 Megapixel 4K (3840 x 2160).<\/li>\n<li style='margin-bottom: 5px;'>Funciones: WDR real 120 dB \/ BLC \/ HLC \/ 3D DNR \/ Defog \/ EIS.<\/li>\n<li style='margin-bottom: 5px;'>Protocolos: ONVIF (PROFILE S&comma; PROFILE G&comma; PROFILE T) \/ ISAPI \/ SDK \/ ISUP.<\/li>\n<li style='margin-bottom: 5px;'>Micr\u00f3fono integrado.<\/li>\n<\/ul><\/div>\n<\/p><\/div>\n<p> <!-- Caracter\u00edsticas F\u00edsicas y El\u00e9ctricas --> <\/p>\n<div style='border: 1px solid rgba(150&comma; 150&comma; 150&comma; 0.4); border-radius: 8px; overflow: hidden;'>\n<div style='padding: 15px; background-color: rgba(255&comma; 0&comma; 0&comma; 0.1); border-bottom: 1px solid rgba(150&comma; 150&comma; 150&comma; 0.2); font-weight: bold; font-size: 18px; color: inherit;'>Caracter\u00edsticas F\u00edsicas y El\u00e9ctricas<\/div>\n<div style='padding: 15px; color: inherit;'>\n<ul style='padding-left: 20px; margin: 0; font-size: 14px; list-style-type: disc;'>\n<li style='margin-bottom: 5px;'>Dimensiones: 140.5 x 122.6 mm<\/li>\n<li style='margin-bottom: 5px;'>Consumo \/ alimentaci\u00f3n: 12 Vcc \/ PoE (802.3 at) \/ 12 Watts.<\/li>\n<li style='margin-bottom: 5px;'>Antivand\u00e1lico: IK10.<\/li>\n<li style='margin-bottom: 5px;'>Peso: 950 gramos.<\/li>\n<\/ul>\n<div style='margin-top: 20px;'>\n<div style='font-weight: bold; margin-bottom: 10px; font-size: 16px; color: inherit;'>Accesorios<\/div>\n<ul style='padding-left: 20px; margin: 0; font-size: 14px; list-style-type: disc;'>\n<li style='margin-bottom: 5px;'><a href='https:\/\/www.syscom.mx\/producto\/DS-1227ZJ-HIKVISION-137423.html' target='_blank' rel='noopener' style='color: inherit; text-decoration: none; border-bottom: 1px dotted currentColor;'>Montaje de Plaf\u00f3n para C\u00e1maras: DS-1227ZJ<\/a><\/li>\n<li style='margin-bottom: 5px;'><a href='https:\/\/www.syscom.mx\/producto\/DS-1281ZJ-DM23-HIKVISION-171391.html' target='_blank' rel='noopener' style='color: inherit; text-decoration: none; border-bottom: 1px dotted currentColor;'>Montaje de Techo Inclinado: DS-1281ZJ-DM23<\/a><\/li>\n<li style='margin-bottom: 5px;'><a href='https:\/\/www.syscom.mx\/producto\/DS-1276ZJ-SUS-HIKVISION-156173.html' target='_blank' rel='noopener' style='color: inherit; text-decoration: none; border-bottom: 1px dotted currentColor;'>Montaje de Esquina para C\u00e1maras Tipo Bala: DS-1276ZJ-SUS<\/a><\/li>\n<li style='margin-bottom: 5px;'><a href='https:\/\/www.syscom.mx\/producto\/DS-1273ZJ-130B-HIKVISION-70809.html' target='_blank' rel='noopener' style='color: inherit; text-decoration: none; border-bottom: 1px dotted currentColor;'>Montaje de pared con caja de conexi\u00f3n resistente al agua para c\u00e1maras domo: DS-1273ZJ-130B<\/a><\/li>\n<li style='margin-bottom: 5px;'><a href='https:\/\/www.syscom.mx\/producto\/DS-1273ZJ-130-HIKVISION-170515.html' target='_blank' rel='noopener' style='color: inherit; text-decoration: none; border-bottom: 1px dotted currentColor;'>Montaje de pared para Domos: DS-1273ZJ-130<\/a><\/li>\n<li style='margin-bottom: 5px;'><a href='https:\/\/www.syscom.mx\/producto\/DS-1275ZJ-SUS-HIKVISION-156172.html' target='_blank' rel='noopener' style='color: inherit; text-decoration: none; border-bottom: 1px dotted currentColor;'>Montaje para Poste: DS-1275ZJ-SUS<\/a><\/li>\n<\/ul><\/div>\n<\/p><\/div>\n<\/p><\/div>\n<p> <!-- Caracter\u00edsticas Destacadas --> <\/p>\n<div style='border: 1px solid rgba(150&comma; 150&comma; 150&comma; 0.4); border-radius: 8px; overflow: hidden;'>\n<div style='padding: 15px; background-color: rgba(255&comma; 0&comma; 0&comma; 0.1); border-bottom: 1px solid rgba(150&comma; 150&comma; 150&comma; 0.2); font-weight: bold; font-size: 18px; color: inherit;'>Caracter\u00edsticas Destacadas<\/div>\n<div style='padding: 15px; color: inherit;'>\n<ul style='padding-left: 20px; margin: 0; font-size: 14px; list-style-type: disc;'>\n<li style='margin-bottom: 5px;'>Face Counting (Conteo por rostro)&comma; permite contar las personas que ingresan y\/o salen de un \u00e1rea.<\/li>\n<li style='margin-bottom: 5px;'>Soporta 3 librer\u00edas con 30&comma;000 fotos.<\/li>\n<li style='margin-bottom: 5px;'>Almacena hasta por 24 horas el rostro de una persona no registra para en caso de que vuelva a ingresar contarlo como duplicado.<\/li>\n<\/ul><\/div>\n<\/p><\/div>\n<\/p><\/div>\n<p> <!-- Separador --> <\/p>\n<hr style='border: 0; border-top: 1px solid rgba(150&comma; 150&comma; 150&comma; 0.3); margin: 30px 0;'> <!-- Descarga de recursos --> <\/p>\n<div style='text-align: center; margin: 30px 0;'>\n<p style='margin: 0; font-size: 16px; color: inherit;'>Descarga de recursos<\/p>\n<\/p><\/div>\n<\/p><\/div>\n","protected":false},"excerpt":{"rendered":"<p>Domo IP 8 Megapixel \/ Lente Mot. 8 a 32 mm \/  DARKFIGHTER \/ WDR 120 dB \/ IK10 \/ IR 30 mts \/ Conteo Facial \/ Detecci\u00f3n Facial \/ Interior \/ PoE \/ B\u00fasqueda por Atributos \/ Micr\u00f3fono Integrado \/ MicroSD<\/p>\n","protected":false},"featured_media":105915,"comment_status":"open","ping_status":"closed","template":"","meta":[],"product_brand":[],"product_cat":[2056],"product_tag":[122,2057,54],"class_list":{"0":"post-105916","1":"product","2":"type-product","3":"status-publish","4":"has-post-thumbnail","6":"product_cat-domo-eyeball-turret","7":"product_tag-camaras-ip-y-nvrs","8":"product_tag-domo-eyeball-turret","9":"product_tag-hikvision","11":"first","12":"outofstock","13":"sale","14":"shipping-taxable","15":"purchasable","16":"product-type-simple"},"_links":{"self":[{"href":"https:\/\/soydeaqui.ddns.net\/pachuca\/index.php\/wp-json\/wp\/v2\/product\/105916","targetHints":{"allow":["GET"]}}],"collection":[{"href":"https:\/\/soydeaqui.ddns.net\/pachuca\/index.php\/wp-json\/wp\/v2\/product"}],"about":[{"href":"https:\/\/soydeaqui.ddns.net\/pachuca\/index.php\/wp-json\/wp\/v2\/types\/product"}],"replies":[{"embeddable":true,"href":"https:\/\/soydeaqui.ddns.net\/pachuca\/index.php\/wp-json\/wp\/v2\/comments?post=105916"}],"wp:featuredmedia":[{"embeddable":true,"href":"https:\/\/soydeaqui.ddns.net\/pachuca\/index.php\/wp-json\/wp\/v2\/media\/105915"}],"wp:attachment":[{"href":"https:\/\/soydeaqui.ddns.net\/pachuca\/index.php\/wp-json\/wp\/v2\/media?parent=105916"}],"wp:term":[{"taxonomy":"product_brand","embeddable":true,"href":"https:\/\/soydeaqui.ddns.net\/pachuca\/index.php\/wp-json\/wp\/v2\/product_brand?post=105916"},{"taxonomy":"product_cat","embeddable":true,"href":"https:\/\/soydeaqui.ddns.net\/pachuca\/index.php\/wp-json\/wp\/v2\/product_cat?post=105916"},{"taxonomy":"product_tag","embeddable":true,"href":"https:\/\/soydeaqui.ddns.net\/pachuca\/index.php\/wp-json\/wp\/v2\/product_tag?post=105916"}],"curies":[{"name":"wp","href":"https:\/\/api.w.org\/{rel}","templated":true}]}}