{"id":105912,"date":"2026-03-20T15:48:55","date_gmt":"2026-03-20T15:48:55","guid":{"rendered":"https:\/\/soydeaqui.ddns.net\/pachuca\/index.php\/producto\/monitor-led-de-21-5-vesa-resolucion-1920-x-1080-pixeles-entradas-de-video-vga-hdmi-panel-va-backlight-led-aspecto-ultradelgado\/"},"modified":"2026-03-20T15:49:03","modified_gmt":"2026-03-20T15:49:03","slug":"monitor-led-de-21-5-vesa-resolucion-1920-x-1080-pixeles-entradas-de-video-vga-hdmi-panel-va-backlight-led-aspecto-ultradelgado","status":"publish","type":"product","link":"https:\/\/soydeaqui.ddns.net\/pachuca\/index.php\/producto\/monitor-led-de-21-5-vesa-resolucion-1920-x-1080-pixeles-entradas-de-video-vga-hdmi-panel-va-backlight-led-aspecto-ultradelgado\/","title":{"rendered":"Monitor LED de 21.5\u201d VESA, Resoluci\u00f3n 1920 x 1080 Pixeles, Entradas de Video VGA\/HDMI. Panel VA Backlight LED. Aspecto Ultradelgado"},"content":{"rendered":"<div style='width: 100%; max-width: 1200px; margin: 0 auto; font-family: sans-serif; line-height: 1.6; color: inherit; background-color: transparent;'> <!-- Secci\u00f3n de caracter\u00edsticas --> <\/p>\n<div style='display: flex; flex-wrap: wrap; gap: 30px; margin-bottom: 30px;'>\n<div style='flex: 1 1 300px; min-width: 280px;'>\n<h3 style='font-size: 22px; border-bottom: 2px solid currentColor; padding-bottom: 5px; margin-top: 0; color: inherit; opacity: 0.8;'>Caracter\u00edsticas principales<\/h3>\n<ul style='padding-left: 20px; font-size: 15px; color: inherit;'>\n<li style='margin-bottom: 5px;'><strong>Panel:<\/strong> VA Backlight LED<\/li>\n<li style='margin-bottom: 5px;'><strong>Tama\u00f1o:<\/strong> 21.5&#8242;<\/li>\n<li style='margin-bottom: 5px;'><strong>Relaci\u00f3n de aspecto:<\/strong> 16:9<\/li>\n<li style='margin-bottom: 5px;'><strong>Brillo t\u00edpico:<\/strong> 250 cd\/m\u00b2<\/li>\n<li style='margin-bottom: 5px;'><strong>Relaci\u00f3n de contraste DCR:<\/strong> 20&comma;000&comma;000:1<\/li>\n<li style='margin-bottom: 5px;'><strong>Resoluci\u00f3n:<\/strong> 1920 x 1080 pixeles<\/li>\n<li style='margin-bottom: 5px;'><strong>Soporte de colores:<\/strong> 16.7 millones<\/li>\n<\/ul><\/div>\n<div style='flex: 1 1 300px; min-width: 280px;'>\n<h3 style='font-size: 22px; border-bottom: 2px solid currentColor; padding-bottom: 5px; margin-top: 0; color: inherit; opacity: 0.8;'>Caracter\u00edsticas generales<\/h3>\n<ul style='padding-left: 20px; font-size: 15px; color: inherit;'>\n<li style='margin-bottom: 5px;'><strong>\u00c1ngulo de visualizaci\u00f3n horizontal:<\/strong> 178\u00ba<\/li>\n<li style='margin-bottom: 5px;'><strong>\u00c1ngulo de visualizaci\u00f3n vertical:<\/strong> 178\u00ba<\/li>\n<li style='margin-bottom: 5px;'><strong>Entradas de video:<\/strong> HDMI \/ VGA<\/li>\n<li style='margin-bottom: 5px;'><strong>Color:<\/strong> Negro<\/li>\n<li style='margin-bottom: 5px;'><strong>Montaje:<\/strong> Incluye soporte de escritorio<\/li>\n<li style='margin-bottom: 5px;'><strong>VESA:<\/strong> Soporta 100&#215;100 mm (no incluido)<\/li>\n<\/ul><\/div>\n<div style='flex: 1 1 300px; min-width: 280px;'>\n<h3 style='font-size: 22px; border-bottom: 2px solid currentColor; padding-bottom: 5px; margin-top: 0; color: inherit; opacity: 0.8;'>Caracter\u00edsticas f\u00edsicas y el\u00e9ctricas<\/h3>\n<ul style='padding-left: 20px; font-size: 15px; color: inherit;'>\n<li style='margin-bottom: 5px;'><strong>Temperatura de operaci\u00f3n:<\/strong> 0 a 40 \u00b0C<\/li>\n<li style='margin-bottom: 5px;'><strong>Alimentaci\u00f3n:<\/strong> 19 Vcc \/ 20W<\/li>\n<li style='margin-bottom: 5px;'><strong>Dimensiones:<\/strong> 380 x 492.2 x 162.9 mm<\/li>\n<li style='margin-bottom: 5px;'><strong>Peso:<\/strong> 2.29 Kg<\/li>\n<\/ul><\/div>\n<\/p><\/div>\n<\/p><\/div>\n","protected":false},"excerpt":{"rendered":"<p>Monitor LED de 21.5\u201d VESA, Resoluci\u00f3n 1920 x 1080 Pixeles, Entradas de Video VGA\/HDMI. Panel VA Backlight LED. Aspecto Ultradelgado<\/p>\n","protected":false},"featured_media":105911,"comment_status":"open","ping_status":"closed","template":"","meta":[],"product_brand":[],"product_cat":[2191],"product_tag":[2314,2089,2192],"class_list":{"0":"post-105912","1":"product","2":"type-product","3":"status-publish","4":"has-post-thumbnail","6":"product_cat-pantallas-monitores-monitores-pantallas-y-mobiliario","7":"product_tag-aoc","8":"product_tag-monitores-pantallas-y-mobiliario","9":"product_tag-pantallas-monitores-2","11":"first","12":"outofstock","13":"sale","14":"shipping-taxable","15":"purchasable","16":"product-type-simple"},"_links":{"self":[{"href":"https:\/\/soydeaqui.ddns.net\/pachuca\/index.php\/wp-json\/wp\/v2\/product\/105912","targetHints":{"allow":["GET"]}}],"collection":[{"href":"https:\/\/soydeaqui.ddns.net\/pachuca\/index.php\/wp-json\/wp\/v2\/product"}],"about":[{"href":"https:\/\/soydeaqui.ddns.net\/pachuca\/index.php\/wp-json\/wp\/v2\/types\/product"}],"replies":[{"embeddable":true,"href":"https:\/\/soydeaqui.ddns.net\/pachuca\/index.php\/wp-json\/wp\/v2\/comments?post=105912"}],"wp:featuredmedia":[{"embeddable":true,"href":"https:\/\/soydeaqui.ddns.net\/pachuca\/index.php\/wp-json\/wp\/v2\/media\/105911"}],"wp:attachment":[{"href":"https:\/\/soydeaqui.ddns.net\/pachuca\/index.php\/wp-json\/wp\/v2\/media?parent=105912"}],"wp:term":[{"taxonomy":"product_brand","embeddable":true,"href":"https:\/\/soydeaqui.ddns.net\/pachuca\/index.php\/wp-json\/wp\/v2\/product_brand?post=105912"},{"taxonomy":"product_cat","embeddable":true,"href":"https:\/\/soydeaqui.ddns.net\/pachuca\/index.php\/wp-json\/wp\/v2\/product_cat?post=105912"},{"taxonomy":"product_tag","embeddable":true,"href":"https:\/\/soydeaqui.ddns.net\/pachuca\/index.php\/wp-json\/wp\/v2\/product_tag?post=105912"}],"curies":[{"name":"wp","href":"https:\/\/api.w.org\/{rel}","templated":true}]}}