{"id":105907,"date":"2026-03-20T15:48:39","date_gmt":"2026-03-20T15:48:39","guid":{"rendered":"https:\/\/soydeaqui.ddns.net\/pachuca\/index.php\/producto\/ptz-ip-2-megapixel-punta-de-poste-36x-zoom-150-mts-ir-exterior-ip66-eis-wdr-120-db-24-vca-microsd-2\/"},"modified":"2026-03-20T15:48:44","modified_gmt":"2026-03-20T15:48:44","slug":"ptz-ip-2-megapixel-punta-de-poste-36x-zoom-150-mts-ir-exterior-ip66-eis-wdr-120-db-24-vca-microsd-2","status":"publish","type":"product","link":"https:\/\/soydeaqui.ddns.net\/pachuca\/index.php\/producto\/ptz-ip-2-megapixel-punta-de-poste-36x-zoom-150-mts-ir-exterior-ip66-eis-wdr-120-db-24-vca-microsd-2\/","title":{"rendered":"PTZ IP 2 Megapixel \/ Punta de Poste \/ 36X Zoom \/ 150 mts IR \/ Exterior IP66 \/ EIS \/ WDR 120 dB \/ 24 VCA \/ MicroSD"},"content":{"rendered":"<div style='width: 100%; max-width: 1200px; margin: 0 auto; font-family: sans-serif; line-height: 1.6; color: inherit; background-color: transparent;'> <!-- Banner inicial --> <\/p>\n<div style='text-align: center; margin: 30px 0;'> <img style='width: 100%; max-width: 540px; height: auto; border: 1px solid rgba(150&comma;150&comma;150&comma;0.3); border-radius: 8px;' src='https:\/\/ftp3.syscom.mx\/usuarios\/jsosa\/HIKVISION\/imagenes\/logo\/hikvision%20see%20far.png' alt='Banner Inicial'> <\/div>\n<p> <!-- Video principal --> <\/p>\n<div style='margin: 30px 0;'>\n<h3 style='text-align: center; font-size: 20px; margin-bottom: 20px; color: inherit; opacity: 0.8;'>Seguridad<\/h3>\n<div style='position: relative; padding-bottom: 56.25%; height: 0; overflow: hidden; margin-bottom: 30px;'>   <\/div>\n<\/p><\/div>\n<p> <!-- Secci\u00f3n de caracter\u00edsticas --> <\/p>\n<div style='display: flex; flex-wrap: wrap; gap: 30px; margin-bottom: 30px;'>\n<div style='flex: 1 1 300px; min-width: 280px;'>\n<h3 style='font-size: 22px; border-bottom: 2px solid currentColor; padding-bottom: 5px; margin-top: 0; color: inherit; opacity: 0.8;'>Caracter\u00edsticas principales<\/h3>\n<ul style='padding-left: 20px; font-size: 15px; color: inherit;'>\n<li style='margin-bottom: 5px;'><strong>Resoluci\u00f3n m\u00e1xima:<\/strong> 1920 x 1080 (2 Megapixel)<\/li>\n<li style='margin-bottom: 5px;'><strong>Iluminaci\u00f3n m\u00ednima:<\/strong> color 0.05 Lux @ (F1.6&comma; AGC ON)<\/li>\n<li style='margin-bottom: 5px;'><strong>Iluminaci\u00f3n m\u00ednima:<\/strong> B\/N 0.01 Lux @ (F1.6&comma; AGC ON)&comma; 0 Lux con IR<\/li>\n<li style='margin-bottom: 5px;'><strong>D\u00eda \/ Noche Real:<\/strong> Filtro ICR<\/li>\n<li style='margin-bottom: 5px;'><strong>Distancia focal:<\/strong> 5.7 a 205 mm (36X zoom \u00f3ptico \/ 16X zoom digital)<\/li>\n<li style='margin-bottom: 5px;'><strong>Distancia de infrarrojo:<\/strong> 150 mts Smart IR<\/li>\n<li style='margin-bottom: 5px;'><strong>Funciones normales:<\/strong> HLC \/ ROI \/ WDR 120 dB \/ BLC<\/li>\n<li style='margin-bottom: 5px;'><strong>Funciones especiales:<\/strong> Intrusi\u00f3n de \u00e1rea \/ Cruce de l\u00ednea<\/li>\n<li style='margin-bottom: 5px;'><strong>Compresi\u00f3n:<\/strong> H.265+ \/ H.265 \/ H.264+ \/ H.264<\/li>\n<\/ul><\/div>\n<div style='flex: 1 1 300px; min-width: 280px;'>\n<h3 style='font-size: 22px; border-bottom: 2px solid currentColor; padding-bottom: 5px; margin-top: 0; color: inherit; opacity: 0.8;'>Caracter\u00edsticas F\u00edsicas y El\u00e9ctricas<\/h3>\n<ul style='padding-left: 20px; font-size: 15px; color: inherit;'>\n<li style='margin-bottom: 5px;'><strong>Alimentaci\u00f3n:<\/strong> 24 Vca \/ 55 W<\/li>\n<li style='margin-bottom: 5px;'><strong>Temperatura de operaci\u00f3n:<\/strong> -40\u00b0C a 70\u00b0C \/ Humedad al 90% m\u00e1ximo<\/li>\n<li style='margin-bottom: 5px;'><strong>Uso en exterior:<\/strong> IP66<\/li>\n<li style='margin-bottom: 5px;'><strong>Protecci\u00f3n:<\/strong> Contra sobretensiones y voltajes transitorios<\/li>\n<li style='margin-bottom: 5px;'><strong>Dimensiones:<\/strong> 181 x 396 x 377.5 mm<\/li>\n<li style='margin-bottom: 5px;'><strong>Peso:<\/strong> 7.6 Kg<\/li>\n<\/ul>\n<h4 style='font-size: 18px; margin-top: 20px; margin-bottom: 10px; color: inherit; opacity: 0.8;'>Accesorios<\/h4>\n<ul style='padding-left: 20px; font-size: 15px; color: inherit;'>\n<li style='margin-bottom: 5px;'><strong>Montaje de pared de brazo corto:<\/strong> <a href='https:\/\/www.syscom.mx\/producto\/DS-1618ZJ-HIKVISION-69383.html' target='_blank' rel='noopener' style='color: inherit; text-decoration: underline;'>DS-1618ZJ<\/a><\/li>\n<li style='margin-bottom: 5px;'><strong>Montaje de Pared para C\u00e1mara Punta de Poste:<\/strong> <a href='https:\/\/www.syscom.mx\/producto\/DS-1693ZJ-HIKVISION-164459.html' target='_blank' rel='noopener' style='color: inherit; text-decoration: underline;'>DS-1693ZJ<\/a><\/li>\n<\/ul><\/div>\n<div style='flex: 1 1 300px; min-width: 280px;'>\n<h3 style='font-size: 22px; border-bottom: 2px solid currentColor; padding-bottom: 5px; margin-top: 0; color: inherit; opacity: 0.8;'>Caracter\u00edsticas Generales<\/h3>\n<ul style='padding-left: 20px; font-size: 15px; color: inherit;'>\n<li style='margin-bottom: 5px;'><strong>Pan:<\/strong> 360\u00b0<\/li>\n<li style='margin-bottom: 5px;'><strong>Tilt:<\/strong> -10\u00b0 a 90\u00b0<\/li>\n<li style='margin-bottom: 5px;'><strong>Preset \/ Patrol \/ Pattern:<\/strong> 300 \/ 8 \/ 4<\/li>\n<li style='margin-bottom: 5px;'><strong>Tareas calendarizadas<\/strong><\/li>\n<li style='margin-bottom: 5px;'><strong>Main Stream:<\/strong> 60fps (1920 \u00d7 1080&comma; 1280 \u00d7 960&comma; 1280 \u00d7 720)<\/li>\n<li style='margin-bottom: 5px;'><strong>Sub Stream:<\/strong> 30fps (704 \u00d7 480&comma; 640 \u00d7 480&comma; 352 \u00d7 240)<\/li>\n<li style='margin-bottom: 5px;'><strong>Tercer Stream:<\/strong> 30fps (1920 \u00d7 1080&comma; 1280 \u00d7 960&comma; 1280 \u00d7 720&comma; 704 \u00d7 480&comma; 640 \u00d7 480&comma; 352 \u00d7 240)<\/li>\n<li style='margin-bottom: 5px;'><strong>Usuarios simult\u00e1neos:<\/strong> Hasta 20<\/li>\n<\/ul>\n<h4 style='font-size: 18px; margin-top: 20px; margin-bottom: 10px; color: inherit; opacity: 0.8;'>Entradas y Salidas de Audio \/ Alarmas \/ Almacenamiento \/ Red<\/h4>\n<ul style='padding-left: 20px; font-size: 15px; color: inherit;'>\n<li style='margin-bottom: 5px;'><strong>Entradas de alarma:<\/strong> 7<\/li>\n<li style='margin-bottom: 5px;'><strong>Salidas de alarma:<\/strong> 2<\/li>\n<li style='margin-bottom: 5px;'><strong>Entradas de audio:<\/strong> 1<\/li>\n<li style='margin-bottom: 5px;'><strong>Salidas de audio:<\/strong> 1<\/li>\n<li style='margin-bottom: 5px;'><strong>Puerto de red:<\/strong> 1 (10 \/ 100 Mbps)<\/li>\n<li style='margin-bottom: 5px;'><strong>Almacenamiento:<\/strong> Micro SD de hasta 256 GB \/ ANR (Automatic Network Recovery)<\/li>\n<li style='margin-bottom: 5px;'><strong>Compatibilidad:<\/strong> Soporta Onvif \/ ISAPI \/ CGI<\/li>\n<\/ul><\/div>\n<\/p><\/div>\n<p> <!-- Banner Final --> <\/p>\n<div style='margin: 30px 0;'> <img style='width: 100%; height: auto; border: 1px solid rgba(150&comma;150&comma;150&comma;0.3); border-radius: 8px;' src='https:\/\/ftp3.syscom.mx\/usuarios\/jsosa\/HIKVISION\/imagenes\/banners\/solution%20complete.png' alt='Banner Final'> <\/div>\n<\/p><\/div>\n","protected":false},"excerpt":{"rendered":"<p>PTZ IP 2 Megapixel \/ Punta de Poste \/ 36X Zoom \/ 150 mts IR \/ Exterior IP66 \/ EIS \/ WDR 120 dB \/ 24 VCA \/ MicroSD<\/p>\n","protected":false},"featured_media":105906,"comment_status":"open","ping_status":"closed","template":"","meta":[],"product_brand":[],"product_cat":[1224],"product_tag":[122,54,1225],"class_list":{"0":"post-105907","1":"product","2":"type-product","3":"status-publish","4":"has-post-thumbnail","6":"product_cat-ptz","7":"product_tag-camaras-ip-y-nvrs","8":"product_tag-hikvision","9":"product_tag-ptz","11":"first","12":"outofstock","13":"sale","14":"shipping-taxable","15":"purchasable","16":"product-type-simple"},"_links":{"self":[{"href":"https:\/\/soydeaqui.ddns.net\/pachuca\/index.php\/wp-json\/wp\/v2\/product\/105907","targetHints":{"allow":["GET"]}}],"collection":[{"href":"https:\/\/soydeaqui.ddns.net\/pachuca\/index.php\/wp-json\/wp\/v2\/product"}],"about":[{"href":"https:\/\/soydeaqui.ddns.net\/pachuca\/index.php\/wp-json\/wp\/v2\/types\/product"}],"replies":[{"embeddable":true,"href":"https:\/\/soydeaqui.ddns.net\/pachuca\/index.php\/wp-json\/wp\/v2\/comments?post=105907"}],"wp:featuredmedia":[{"embeddable":true,"href":"https:\/\/soydeaqui.ddns.net\/pachuca\/index.php\/wp-json\/wp\/v2\/media\/105906"}],"wp:attachment":[{"href":"https:\/\/soydeaqui.ddns.net\/pachuca\/index.php\/wp-json\/wp\/v2\/media?parent=105907"}],"wp:term":[{"taxonomy":"product_brand","embeddable":true,"href":"https:\/\/soydeaqui.ddns.net\/pachuca\/index.php\/wp-json\/wp\/v2\/product_brand?post=105907"},{"taxonomy":"product_cat","embeddable":true,"href":"https:\/\/soydeaqui.ddns.net\/pachuca\/index.php\/wp-json\/wp\/v2\/product_cat?post=105907"},{"taxonomy":"product_tag","embeddable":true,"href":"https:\/\/soydeaqui.ddns.net\/pachuca\/index.php\/wp-json\/wp\/v2\/product_tag?post=105907"}],"curies":[{"name":"wp","href":"https:\/\/api.w.org\/{rel}","templated":true}]}}