{"id":105897,"date":"2026-03-20T15:48:09","date_gmt":"2026-03-20T15:48:09","guid":{"rendered":"https:\/\/soydeaqui.ddns.net\/pachuca\/index.php\/producto\/dvr-movil-multiplataforma-4-canales-ahd-2-megapixel-almacenamiento-en-memoria-sd-h-265-chip-ia-embebido-soporta-4g-wifi-gps\/"},"modified":"2026-03-20T15:48:23","modified_gmt":"2026-03-20T15:48:23","slug":"dvr-movil-multiplataforma-4-canales-ahd-2-megapixel-almacenamiento-en-memoria-sd-h-265-chip-ia-embebido-soporta-4g-wifi-gps","status":"publish","type":"product","link":"https:\/\/soydeaqui.ddns.net\/pachuca\/index.php\/producto\/dvr-movil-multiplataforma-4-canales-ahd-2-megapixel-almacenamiento-en-memoria-sd-h-265-chip-ia-embebido-soporta-4g-wifi-gps\/","title":{"rendered":"DVR M\u00f3vil \/ Multiplataforma \/ 4 Canales AHD 2 Megapixel \/ Almacenamiento en Memoria SD \/ H.265 \/ Chip IA Embebido \/ Soporta 4G \/ WiFi \/ GPS"},"content":{"rendered":"<div style='width: 100%; max-width: 1200px; margin: 0 auto; font-family: sans-serif; line-height: 1.6; color: inherit; background-color: transparent;'>\n<p style='margin: 0 0 20px 0;'><a href='https:\/\/soporte.syscom.mx\/es\/collections\/2973654-epcom-xmr-videovigilancia-movil' style='color: inherit; text-decoration: none; display: block;'> <img style='width: 100%; height: auto; border: 1px solid rgba(150&comma;150&comma;150&comma;0.3); border-radius: 8px;' src='https:\/\/ftp3.syscom.mx\/usuarios\/aberumen\/Banners\/clic%20manuales.jpg' alt='Manual'> <\/a><\/p>\n<h3 style='font-size: 24px; margin: 20px 0; color: inherit;'> <img style='width: 100%; height: auto; border: 1px solid rgba(150&comma;150&comma;150&comma;0.3); border-radius: 8px;' src='https:\/\/ftp3.syscom.mx\/usuarios\/aberumen\/Banners\/Banner%20inteligencia-artificial.jpg' alt='Inteligencia Artificial'> <\/h3>\n<p style='font-size: 14pt; color: #7e8c8d; margin: 20px 0;'> <strong>La seguridad en el transporte p\u00fablico&comma; traslado de mercanc\u00eda&comma; taxis&comma;etc.&comma; es un motivo de preocupaci\u00f3n en caso de accidentes de tr\u00e1nsito o la protecci\u00f3n contra posibles asaltos; los medios de transporte hacen necesaria la existencia de un sistema de gesti\u00f3n central que brinde protecci\u00f3n contra actividades delictivas como hurtos&comma; arrebatos&comma; entre otros.<\/strong> <\/p>\n<div style='display: flex; flex-wrap: wrap; gap: 30px; margin: 30px 0;'>\n<div style='flex: 1 1 300px; min-width: 280px;'>\n<div style='border: 1px solid rgba(150&comma;150&comma;150&comma;0.4); border-radius: 8px; overflow: hidden; display: flex; flex-direction: column; height: 100%;'> <img style='width: 100%; height: auto;' src='https:\/\/ftp3.syscom.mx\/usuarios\/aberumen\/Imagenes\/MDVR%20Hibrido.png' alt='MDVR Hibrido'> <\/p>\n<div style='padding: 15px; border-top: 5px solid #080808;'>\n<h4 style='font-size: 20px; margin-top: 0; margin-bottom: 15px; color: inherit;'>Descripci\u00f3n general.<\/h4>\n<p style='margin: 10px 0;'>Una alternativa avanzada para la gestion de flotillas. Dispositivo dise\u00f1ado para revolucionar la administraci\u00f3n de veh\u00edculos.<\/p>\n<p style='margin: 10px 0;'>El MDVR con un dise\u00f1o de hardware de vanguardia son soluciones altamente competitivas en el mercado&comma; ofreciendo un rendimiento excepcional&comma; resistencia y funcionalidad para satisfacer las variadas necesidades de la industria que buscan soluciones para la administraci\u00f3n de flotillas de veh\u00edculos.<\/p>\n<\/p><\/div>\n<\/p><\/div>\n<\/p><\/div>\n<div style='flex: 1 1 300px; min-width: 280px;'>\n<div style='border: 1px solid rgba(150&comma;150&comma;150&comma;0.4); border-radius: 8px; overflow: hidden; display: flex; flex-direction: column; height: 100%;'> <img style='width: 100%; height: auto;' src='https:\/\/ftp3.syscom.mx\/usuarios\/aberumen\/Banners\/IAlogodriver.jpg' alt='IA ADAS y DSM'> <\/p>\n<div style='padding: 15px; border-top: 5px solid #080808;'>\n<h4 style='font-size: 20px; margin-top: 0; margin-bottom: 15px; color: inherit;'>IA ADAS y DSM enbebido.<\/h4>\n<p style='margin: 10px 0;'>El MDVR XMR401NAHDS equipado con un avanzado chip interno impulsado por tecnolog\u00eda de inteligencia artificial (IA) que proporciona un rendimiento excepcional para respaldar y analizar la tecnolog\u00eda ADAS y DSM.<\/p>\n<p style='margin: 10px 0;'>Compatible con sensor <strong style='color: inherit;'>ADAS<\/strong> modelo <a href='https:\/\/www.syscom.mx\/producto\/XMRADASSENSOR-EPCOM-197958.html' style='color: inherit; text-decoration: underline;'>XMRADASSENSOR<\/a> y sensor <strong style='color: inherit;'>DSM<\/strong> modelo <a href='https:\/\/www.syscom.mx\/producto\/XMRDSMSENSOR-EPCOM-197307.html' style='color: inherit; text-decoration: underline;'>XMRDSMSENSOR<\/a>.<\/p>\n<\/p><\/div>\n<\/p><\/div>\n<\/p><\/div>\n<div style='flex: 1 1 300px; min-width: 280px;'>\n<div style='border: 1px solid rgba(150&comma;150&comma;150&comma;0.4); border-radius: 8px; overflow: hidden; display: flex; flex-direction: column; height: 100%;'> <img style='width: 100%; height: auto;' src='https:\/\/ftp3.syscom.mx\/usuarios\/aberumen\/Banners\/imagecheck.png' alt='Caracter\u00edsticas destacadas'> <\/p>\n<div style='padding: 15px; border-top: 5px solid #080808;'>\n<h4 style='font-size: 20px; margin-top: 0; margin-bottom: 15px; color: inherit;'>Caracter\u00edsticas destacadas<\/h4>\n<ul style='padding-left: 20px; margin: 0; font-size: 14px; list-style-type: disc; color: inherit;'>\n<li style='margin-bottom: 5px;'>Soporta 4 canales an\u00e1logos <strong style='color: inherit;'>AHD<\/strong> hasta <strong style='color: inherit;'>2MP<\/strong> + 1 canal <strong style='color: inherit;'>IP<\/strong> hasta <strong style='color: inherit;'>2MP<\/strong><\/li>\n<li style='margin-bottom: 5px;'>Almacenamiento en memoria <strong style='color: inherit;'>SD<\/strong> hasta <strong style='color: inherit;'>256GB<\/strong>.<\/li>\n<\/ul><\/div>\n<\/p><\/div>\n<\/p><\/div>\n<\/p><\/div>\n<div style='border: 1px solid rgba(150&comma;150&comma;150&comma;0.4); border-radius: 8px; overflow: hidden; margin: 30px 0;'>\n<div style='background: #808080; border-bottom: 1px solid #a80000; padding: 15px;'> <span style='background: #808080; color: inherit; font-weight: bold; font-size: 16px;'>Caracter\u00edsticas generales:<\/span> <\/div>\n<div style='padding: 15px;'>\n<ul style='padding-left: 20px; margin: 0; font-size: 14px; list-style-type: disc; color: inherit;'>\n<li style='margin-bottom: 5px;'>Incluye m\u00f3dulos 4G&comma; GPS y WIFI.<\/li>\n<li style='margin-bottom: 5px;'>Voltaje de entrada 8~36 Vcc.<\/li>\n<li style='margin-bottom: 5px;'>Rango de temperatura -40 a 70\u00b0c<\/li>\n<li style='margin-bottom: 5px;'>G-sensor incluido.<\/li>\n<\/ul><\/div>\n<\/p><\/div>\n<h3 style='font-size: 24px; margin: 30px 0; color: inherit;'> <img style='width: 100%; height: auto; border: 1px solid rgba(150&comma;150&comma;150&comma;0.3); border-radius: 8px;' src='https:\/\/ftp3.syscom.mx\/usuarios\/aberumen\/Banners\/LOGOS-MOVILES.png' alt='LOGOS-MOVILES'> <\/h3>\n<div style='display: flex; flex-wrap: wrap; gap: 30px; margin: 30px 0;'>\n<div style='flex: 1 1 400px; min-width: 300px;'>\n<div style='position: relative; padding-bottom: 56.25%; height: 0; overflow: hidden; margin-bottom: 30px;'>   <\/div>\n<\/p><\/div>\n<div style='flex: 1 1 400px; min-width: 300px;'>\n<div style='position: relative; padding-bottom: 56.25%; height: 0; overflow: hidden; margin-bottom: 30px;'>   <\/div>\n<\/p><\/div>\n<\/p><\/div>\n<\/p><\/div>\n","protected":false},"excerpt":{"rendered":"<p>DVR M\u00f3vil \/ Multiplataforma \/ 4 Canales AHD 2 Megapixel \/ Almacenamiento en Memoria SD \/ H.265 \/ Chip IA Embebido \/ Soporta 4G \/ WiFi \/ GPS<\/p>\n","protected":false},"featured_media":105896,"comment_status":"open","ping_status":"closed","template":"","meta":[],"product_brand":[],"product_cat":[1343],"product_tag":[1474,1345,1344],"class_list":{"0":"post-105897","1":"product","2":"type-product","3":"status-publish","4":"has-post-thumbnail","6":"product_cat-videograbadoras-moviles","7":"product_tag-streamax","8":"product_tag-videograbadoras-moviles","9":"product_tag-videograbadoras-moviles-y-portatiles","11":"first","12":"outofstock","13":"sale","14":"shipping-taxable","15":"purchasable","16":"product-type-simple"},"_links":{"self":[{"href":"https:\/\/soydeaqui.ddns.net\/pachuca\/index.php\/wp-json\/wp\/v2\/product\/105897","targetHints":{"allow":["GET"]}}],"collection":[{"href":"https:\/\/soydeaqui.ddns.net\/pachuca\/index.php\/wp-json\/wp\/v2\/product"}],"about":[{"href":"https:\/\/soydeaqui.ddns.net\/pachuca\/index.php\/wp-json\/wp\/v2\/types\/product"}],"replies":[{"embeddable":true,"href":"https:\/\/soydeaqui.ddns.net\/pachuca\/index.php\/wp-json\/wp\/v2\/comments?post=105897"}],"wp:featuredmedia":[{"embeddable":true,"href":"https:\/\/soydeaqui.ddns.net\/pachuca\/index.php\/wp-json\/wp\/v2\/media\/105896"}],"wp:attachment":[{"href":"https:\/\/soydeaqui.ddns.net\/pachuca\/index.php\/wp-json\/wp\/v2\/media?parent=105897"}],"wp:term":[{"taxonomy":"product_brand","embeddable":true,"href":"https:\/\/soydeaqui.ddns.net\/pachuca\/index.php\/wp-json\/wp\/v2\/product_brand?post=105897"},{"taxonomy":"product_cat","embeddable":true,"href":"https:\/\/soydeaqui.ddns.net\/pachuca\/index.php\/wp-json\/wp\/v2\/product_cat?post=105897"},{"taxonomy":"product_tag","embeddable":true,"href":"https:\/\/soydeaqui.ddns.net\/pachuca\/index.php\/wp-json\/wp\/v2\/product_tag?post=105897"}],"curies":[{"name":"wp","href":"https:\/\/api.w.org\/{rel}","templated":true}]}}