{"id":105889,"date":"2026-03-20T15:47:44","date_gmt":"2026-03-20T15:47:44","guid":{"rendered":"https:\/\/soydeaqui.ddns.net\/pachuca\/index.php\/producto\/bala-turbohd-3k-5-mp-lente-3-6-mm-microfono-integrado-imagen-a-color-24-7-luz-blanca-40-mts-exterior-ip67-dwdr-4-tecnologias\/"},"modified":"2026-03-20T15:47:53","modified_gmt":"2026-03-20T15:47:53","slug":"bala-turbohd-3k-5-mp-lente-3-6-mm-microfono-integrado-imagen-a-color-24-7-luz-blanca-40-mts-exterior-ip67-dwdr-4-tecnologias","status":"publish","type":"product","link":"https:\/\/soydeaqui.ddns.net\/pachuca\/index.php\/producto\/bala-turbohd-3k-5-mp-lente-3-6-mm-microfono-integrado-imagen-a-color-24-7-luz-blanca-40-mts-exterior-ip67-dwdr-4-tecnologias\/","title":{"rendered":"Bala TURBOHD 3K (5 MP) \/ Lente 3.6 mm \/ Micr\u00f3fono Integrado \/ Imagen a Color 24\/7 \/ Luz Blanca 40 mts \/ Exterior IP67 \/ dWDR \/ 4 Tecnolog\u00edas"},"content":{"rendered":"<div style='width: 100%; max-width: 1200px; margin: 0 auto; font-family: sans-serif; line-height: 1.6; color: inherit; background-color: transparent;'> <!-- Imagen principal --> <\/p>\n<div style='margin-bottom: 30px;'> <img style='width: 100%; height: auto; border: 1px solid rgba(150&comma;150&comma;150&comma;0.3); border-radius: 8px;' src='https:\/\/ftp3.syscom.mx\/usuarios\/xguereque\/Imagenes\/hikvision\/colorvu-2.jpg' alt=''> <\/div>\n<p> <!-- Audio&comma; Video y Datos --> <\/p>\n<div style='text-align: center; margin-bottom: 30px;'> <strong style='font-size: 14px; color: inherit; opacity: 0.8; display: block; margin-bottom: 10px;'>Audio&comma; Video y Datos por el Mismo Cable<\/strong> <img style='width: 100%; height: auto; border: 1px solid rgba(150&comma;150&comma;150&comma;0.3); border-radius: 8px;' src='https:\/\/ftp3.syscom.mx\/usuarios\/jsosa\/HIKVISION\/imagenes\/coaxitron\/coaxitron.jpg' alt=''> <\/div>\n<p> <!-- Comparaci\u00f3n 3K vs 5MP --> <\/p>\n<div style='margin-bottom: 30px;'>\n<h2 style='font-size: 22px; border-bottom: 2px solid currentColor; padding-bottom: 8px; margin: 0 0 20px; color: inherit; opacity: 0.8; text-align: center;'>Las c\u00e1maras <strong style='color: inherit;'>3K<\/strong> Permiten tener una mejor imagen con un aspecto (16:9) <br \/><strong style='color: #e74c3c;'>VS<\/strong> Una c\u00e1mara tradicional de <strong style='color: inherit;'>5 MP<\/strong> (4:3)<\/h2>\n<div style='display: flex; flex-wrap: wrap; gap: 20px; justify-content: center;'> <img style='width: 100%; max-width: 500px; height: auto; border: 1px solid rgba(150&comma;150&comma;150&comma;0.3); border-radius: 8px;' src='http:\/\/ftp3.syscom.mx\/usuarios\/nicolas.jimenez\/3K.png' alt=''> <img style='width: 100%; max-width: 500px; height: auto; border: 1px solid rgba(150&comma;150&comma;150&comma;0.3); border-radius: 8px;' src='http:\/\/ftp3.syscom.mx\/usuarios\/nicolas.jimenez\/5MP.png' alt=''> <\/div>\n<\/p><\/div>\n<p> <!-- V\u00eddeo Comparaci\u00f3n --> <\/p>\n<div style='margin-bottom: 30px;'>\n<h2 style='font-size: 22px; border-bottom: 2px solid currentColor; padding-bottom: 8px; margin: 0 0 20px; color: inherit; opacity: 0.8; text-align: center;'>V\u00eddeo Comparaci\u00f3n <strong style='color: inherit;'>3K<\/strong> (16:9) <br \/><strong style='color: #e74c3c;'>VS<\/strong> <strong style='color: inherit;'>5 MP<\/strong> (4:3)<\/h2>\n<div style='display: flex; flex-wrap: wrap; gap: 20px; justify-content: center;'>\n<div style='position: relative; padding-bottom: 56.25%; height: 0; overflow: hidden; flex: 1 1 400px;'> <video style='position: absolute; top: 0; left: 0; width: 100%; height: 100%; border: none; border-radius: 8px;' src='https:\/\/ftp3.syscom.mx\/usuarios\/nicolas.jimenez\/Video%203K.mp4' loop controls><\/video> <\/div>\n<div style='position: relative; padding-bottom: 56.25%; height: 0; overflow: hidden; flex: 1 1 400px;'> <video style='position: absolute; top: 0; left: 0; width: 100%; height: 100%; border: none; border-radius: 8px;' src='https:\/\/ftp3.syscom.mx\/usuarios\/nicolas.jimenez\/Video%205MP.mp4' loop controls><\/video> <\/div>\n<\/p><\/div>\n<\/p><\/div>\n<p> <!-- Galer\u00eda de im\u00e1genes --> <\/p>\n<div style='margin-bottom: 30px;'>\n<div style='display: flex; flex-wrap: wrap; gap: 20px;'>\n<div style='flex: 1 1 300px; min-width: 250px;'> <a href='https:\/\/ftp3.syscom.mx\/usuarios\/jsosa\/HIKVISION\/imagenes\/colorvu\/1.png' target='_blank'> <img style='width: 100%; height: auto; border: 1px solid rgba(150&comma;150&comma;150&comma;0.3); border-radius: 8px;' src='https:\/\/ftp3.syscom.mx\/usuarios\/jsosa\/HIKVISION\/imagenes\/colorvu\/1.png' alt=''> <\/a> <\/div>\n<div style='flex: 1 1 300px; min-width: 250px;'> <a href='https:\/\/ftp3.syscom.mx\/usuarios\/jsosa\/HIKVISION\/imagenes\/colorvu\/4.png' target='_blank'> <img style='width: 100%; height: auto; border: 1px solid rgba(150&comma;150&comma;150&comma;0.3); border-radius: 8px;' src='https:\/\/ftp3.syscom.mx\/usuarios\/jsosa\/HIKVISION\/imagenes\/colorvu\/4.png' alt=''> <\/a> <\/div>\n<div style='flex: 1 1 300px; min-width: 250px;'> <a href='https:\/\/ftp3.syscom.mx\/usuarios\/jsosa\/HIKVISION\/imagenes\/colorvu\/3.png' target='_blank'> <img style='width: 100%; height: auto; border: 1px solid rgba(150&comma;150&comma;150&comma;0.3); border-radius: 8px;' src='https:\/\/ftp3.syscom.mx\/usuarios\/jsosa\/HIKVISION\/imagenes\/colorvu\/3.png' alt=''> <\/a> <\/div>\n<div style='flex: 1 1 300px; min-width: 250px;'> <a href='https:\/\/ftp3.syscom.mx\/usuarios\/jsosa\/HIKVISION\/imagenes\/colorvu\/2.png' target='_blank'> <img style='width: 100%; height: auto; border: 1px solid rgba(150&comma;150&comma;150&comma;0.3); border-radius: 8px;' src='https:\/\/ftp3.syscom.mx\/usuarios\/jsosa\/HIKVISION\/imagenes\/colorvu\/2.png' alt=''> <\/a> <\/div>\n<div style='flex: 1 1 300px; min-width: 250px;'> <a href='https:\/\/ftp3.syscom.mx\/usuarios\/jsosa\/HIKVISION\/imagenes\/colorvu\/5.png' target='_blank'> <img style='width: 100%; height: auto; border: 1px solid rgba(150&comma;150&comma;150&comma;0.3); border-radius: 8px;' src='https:\/\/ftp3.syscom.mx\/usuarios\/jsosa\/HIKVISION\/imagenes\/colorvu\/5.png' alt=''> <\/a> <\/div>\n<div style='flex: 1 1 300px; min-width: 250px;'> <a href='https:\/\/ftp3.syscom.mx\/usuarios\/jsosa\/HIKVISION\/imagenes\/colorvu\/6.png' target='_blank'> <img style='width: 100%; height: auto; border: 1px solid rgba(150&comma;150&comma;150&comma;0.3); border-radius: 8px;' src='https:\/\/ftp3.syscom.mx\/usuarios\/jsosa\/HIKVISION\/imagenes\/colorvu\/6.png' alt=''> <\/a> <\/div>\n<\/p><\/div>\n<\/p><\/div>\n<p> <!-- Secci\u00f3n de especificaciones --> <\/p>\n<div style='margin-bottom: 30px;'>\n<div style='display: flex; flex-wrap: wrap; gap: 20px;'> <!-- Caracter\u00edsticas principales --> <\/p>\n<div style='flex: 1 1 300px; min-width: 250px;'>\n<div style='border: 1px solid rgba(150&comma;150&comma;150&comma;0.4); border-radius: 8px; overflow: hidden; display: flex; flex-direction: column; height: 100%;'>\n<div style='padding: 15px; border-bottom: 1px solid rgba(150&comma;150&comma;150&comma;0.2); font-weight: bold; font-size: 18px; color: inherit; background: rgba(0&comma; 145&comma; 255&comma; 0.05);'>Caracter\u00edsticas principales<\/div>\n<div style='padding: 15px; color: inherit; flex: 1;'>\n<ul style='padding-left: 20px; margin: 0; font-size: 14px; list-style-type: disc;'>\n<li style='margin-bottom: 5px;'>Resoluci\u00f3n M\u00e1xima: 3K (5 Megapixel) (2960 x 1665)<\/li>\n<li style='margin-bottom: 5px;'>Iluminaci\u00f3n m\u00ednima: 0.001 Lux @ (F1.0&comma; AGC ON)<\/li>\n<li style='margin-bottom: 5px;'>Lente fijo: 3.6mm (\u00c1ngulo de apertura 80\u00b0)<\/li>\n<li style='margin-bottom: 5px;'>40 Metros de luz blanca (Ayuda a iluminar el sitio para mantener la imagen siempre a color)<\/li>\n<li style='margin-bottom: 5px;'>Soporta 4 Tecnolog\u00edas&comma; seleccionable en el mazo de cables (HD-TVI&comma; HD-CVI&comma; AHD&comma; CVBS Anal\u00f3gico 1200TVL\u00b4s)<\/li>\n<li style='margin-bottom: 5px;'>dWDR<\/li>\n<li style='margin-bottom: 5px; font-weight: bold;'>Micr\u00f3fono Integrado<\/li>\n<\/ul><\/div>\n<\/p><\/div>\n<\/p><\/div>\n<p> <!-- Caracter\u00edsticas F\u00edsicas y El\u00e9ctricas --> <\/p>\n<div style='flex: 1 1 300px; min-width: 250px;'>\n<div style='border: 1px solid rgba(150&comma;150&comma;150&comma;0.4); border-radius: 8px; overflow: hidden; display: flex; flex-direction: column; height: 100%;'>\n<div style='padding: 15px; border-bottom: 1px solid rgba(150&comma;150&comma;150&comma;0.2); font-weight: bold; font-size: 18px; color: inherit; background: rgba(0&comma; 145&comma; 255&comma; 0.05);'>Caracter\u00edsticas F\u00edsicas y El\u00e9ctricas<\/div>\n<div style='padding: 15px; color: inherit; flex: 1;'>\n<ul style='padding-left: 20px; margin: 0; font-size: 14px; list-style-type: disc;'>\n<li style='margin-bottom: 5px;'>Temperatura de Operaci\u00f3n: -40\u00b0C a 60\u00b0C<\/li>\n<li style='margin-bottom: 5px;'>Alimentaci\u00f3n: 12Vcc \/ 3.5 Watts<\/li>\n<li style='margin-bottom: 5px;'>Protecci\u00f3n: Interior \/ Exterior IP67<\/li>\n<li style='margin-bottom: 5px;'>Fabricado en material de metal<\/li>\n<li style='margin-bottom: 5px;'>Dimensiones: 194.2 x 78 x 74.5 mm<\/li>\n<li style='margin-bottom: 5px;'>Peso: 522 gramos<\/li>\n<\/ul><\/div>\n<\/p><\/div>\n<\/p><\/div>\n<p> <!-- Caracter\u00edsticas Destacadas --> <\/p>\n<div style='flex: 1 1 300px; min-width: 250px;'>\n<div style='border: 1px solid rgba(150&comma;150&comma;150&comma;0.4); border-radius: 8px; overflow: hidden; display: flex; flex-direction: column; height: 100%;'>\n<div style='padding: 15px; border-bottom: 1px solid rgba(150&comma;150&comma;150&comma;0.2); font-weight: bold; font-size: 18px; color: inherit; background: rgba(0&comma; 145&comma; 255&comma; 0.05);'>Caracter\u00edsticas Destacadas<\/div>\n<div style='padding: 15px; color: inherit; flex: 1;'>\n<p style='margin-top: 0;'>Las c\u00e1maras ColorVu cuentan con F stop ajustado a 1.0&comma; lo que le permite una mayor captaci\u00f3n y aprovechamiento de la luz&comma; su luz blanca permite iluminar los ambientes muy oscuros para brindar una imagen a color 24\/7&comma; es por ello que ColorVu se encuentra entre las m\u00e1s seleccionadas por los clientes en ambientes como bares&comma; tiendas&comma; hogar&comma; oficina&comma; hospitales&comma; perimetrales&comma; Evidencias con m\u00e1s informaci\u00f3n&comma; son evidencias m\u00e1s utiles&comma; el color es una de ellas.<\/p>\n<\/p><\/div>\n<\/p><\/div>\n<\/p><\/div>\n<\/p><\/div>\n<\/p><\/div>\n<p> <!-- Consideraciones y compatibilidad --> <\/p>\n<div style='margin-bottom: 30px;'>\n<div style='border: 1px solid rgba(150&comma;150&comma;150&comma;0.4); border-radius: 8px; overflow: hidden;'>\n<div style='padding: 15px; border-bottom: 1px solid rgba(150&comma;150&comma;150&comma;0.2); font-weight: bold; font-size: 18px; color: inherit; background: rgba(0&comma; 145&comma; 255&comma; 0.05);'>Consideraciones y Compatibilidad<\/div>\n<div style='padding: 15px; color: inherit;'>\n<h3 style='font-size: 16px; margin-top: 0; color: inherit; opacity: 0.8;'>Consideraciones:<\/h3>\n<ul style='padding-left: 20px; margin: 0 0 20px 20px; font-size: 14px; list-style-type: disc;'>\n<li style='margin-bottom: 5px;'>El audio por coaxitron se env\u00eda \u00fanicamente por tecnolog\u00eda TVI.<\/li>\n<li style='margin-bottom: 5px;'>El cambio de tecnolog\u00eda (TVI-AHD-CVBS-CVI) se puede realizar \u00fanicamente cuando la c\u00e1mara est\u00e1 en su resoluci\u00f3n m\u00e1xima&comma; no se puede cambiar la tecnolog\u00eda si la c\u00e1mara no esta en su resoluci\u00f3n m\u00e1xima.<\/li>\n<\/ul>\n<h3 style='font-size: 16px; margin-top: 0; color: inherit; opacity: 0.8;'>Grabadores compatibles:<\/h3>\n<p style='margin: 0 0 10px 0; font-size: 14px;'>Los grabadores compatibles a 3k lite con versi\u00f3n de firmware 4.71.001 son:<\/p>\n<ul style='padding-left: 20px; margin: 0 0 20px 20px; font-size: 14px; list-style-type: disc;'>\n<li style='margin-bottom: 5px; font-weight: bold;'>IDS7204HQHIM1\/S(C)<\/li>\n<li style='margin-bottom: 5px; font-weight: bold;'>IDS7208HQHIM1\/S(C)<\/li>\n<li style='margin-bottom: 5px; font-weight: bold;'>IDS7216HQHIM1\/S(C)<\/li>\n<\/ul>\n<p style='margin: 0 0 10px 0; font-size: 14px;'>Los grabadores compatibles a 3k reales son:<\/p>\n<ul style='padding-left: 20px; margin: 0 0 20px 20px; font-size: 14px; list-style-type: disc;'>\n<li style='margin-bottom: 5px; font-weight: bold;'>iDS-7204HUHI-M1\/S\/A(C)<\/li>\n<li style='margin-bottom: 5px; font-weight: bold;'>iDS-7208HUHI-M2\/S\/A<\/li>\n<li style='margin-bottom: 5px; font-weight: bold;'>iDS-7216HUHI-M2\/S(C)<\/li>\n<li style='margin-bottom: 5px; font-weight: bold;'>IDS-7216HUHI-M2\/S\/A(C)<\/li>\n<li style='margin-bottom: 5px; font-weight: bold;'>iDS-7204HUHI-M1\/S(C)<\/li>\n<\/ul>\n<p style='margin: 0; font-size: 14px; color: #e74c3c;'>Modelos epcom&comma; \u00fanicamente compatibles aquellos que se adquirieron como nuevos despu\u00e9s del 25\/10\/2021<\/p>\n<ul style='padding-left: 20px; margin: 0 0 10px 20px; font-size: 14px; list-style-type: disc;'>\n<li style='margin-bottom: 5px; font-weight: bold;'>EV-8008TURBO-D<\/li>\n<li style='margin-bottom: 5px; font-weight: bold;'>EV-8016TURBO-D<\/li>\n<\/ul><\/div>\n<\/p><\/div>\n<\/p><\/div>\n<p> <!-- Imagen final --> <\/p>\n<div style='margin-bottom: 30px;'> <img style='width: 100%; height: auto; border: 1px solid rgba(150&comma;150&comma;150&comma;0.3); border-radius: 8px;' src='https:\/\/ftp3.syscom.mx\/usuarios\/gmagos\/HIK\/TURBO\/imagenes%20\/3k.1.png' alt=''> <\/div>\n<\/p><\/div>\n","protected":false},"excerpt":{"rendered":"<p>Bala TURBOHD 3K (5 MP) \/ Lente 3.6 mm \/ Micr\u00f3fono Integrado \/ Imagen a Color 24\/7 \/ Luz Blanca 40 mts \/ Exterior IP67 \/ dWDR \/ 4 Tecnolog\u00edas<\/p>\n","protected":false},"featured_media":105888,"comment_status":"open","ping_status":"closed","template":"","meta":[],"product_brand":[],"product_cat":[2268],"product_tag":[439,2255,2257],"class_list":{"0":"post-105889","1":"product","2":"type-product","3":"status-publish","4":"has-post-thumbnail","6":"product_cat-bala-camaras-y-dvrs-hd-turbohd-ahd-hd-tvi","7":"product_tag-bala","8":"product_tag-camaras-y-dvrs-hd-turbohd-ahd-hd-tvi","9":"product_tag-epcom-professional","11":"first","12":"outofstock","13":"sale","14":"shipping-taxable","15":"purchasable","16":"product-type-simple"},"_links":{"self":[{"href":"https:\/\/soydeaqui.ddns.net\/pachuca\/index.php\/wp-json\/wp\/v2\/product\/105889","targetHints":{"allow":["GET"]}}],"collection":[{"href":"https:\/\/soydeaqui.ddns.net\/pachuca\/index.php\/wp-json\/wp\/v2\/product"}],"about":[{"href":"https:\/\/soydeaqui.ddns.net\/pachuca\/index.php\/wp-json\/wp\/v2\/types\/product"}],"replies":[{"embeddable":true,"href":"https:\/\/soydeaqui.ddns.net\/pachuca\/index.php\/wp-json\/wp\/v2\/comments?post=105889"}],"wp:featuredmedia":[{"embeddable":true,"href":"https:\/\/soydeaqui.ddns.net\/pachuca\/index.php\/wp-json\/wp\/v2\/media\/105888"}],"wp:attachment":[{"href":"https:\/\/soydeaqui.ddns.net\/pachuca\/index.php\/wp-json\/wp\/v2\/media?parent=105889"}],"wp:term":[{"taxonomy":"product_brand","embeddable":true,"href":"https:\/\/soydeaqui.ddns.net\/pachuca\/index.php\/wp-json\/wp\/v2\/product_brand?post=105889"},{"taxonomy":"product_cat","embeddable":true,"href":"https:\/\/soydeaqui.ddns.net\/pachuca\/index.php\/wp-json\/wp\/v2\/product_cat?post=105889"},{"taxonomy":"product_tag","embeddable":true,"href":"https:\/\/soydeaqui.ddns.net\/pachuca\/index.php\/wp-json\/wp\/v2\/product_tag?post=105889"}],"curies":[{"name":"wp","href":"https:\/\/api.w.org\/{rel}","templated":true}]}}