{"id":105859,"date":"2026-03-20T15:46:16","date_gmt":"2026-03-20T15:46:16","guid":{"rendered":"https:\/\/soydeaqui.ddns.net\/pachuca\/index.php\/producto\/video-intercomunicador-ip-2-lineas-sip-2-relevadores-con-boton-para-llamada-onvif-anti-vandalico-poe-ip65-e-ik10-poe-2\/"},"modified":"2026-03-20T15:46:42","modified_gmt":"2026-03-20T15:46:42","slug":"video-intercomunicador-ip-2-lineas-sip-2-relevadores-con-boton-para-llamada-onvif-anti-vandalico-poe-ip65-e-ik10-poe-2","status":"publish","type":"product","link":"https:\/\/soydeaqui.ddns.net\/pachuca\/index.php\/producto\/video-intercomunicador-ip-2-lineas-sip-2-relevadores-con-boton-para-llamada-onvif-anti-vandalico-poe-ip65-e-ik10-poe-2\/","title":{"rendered":"Video Intercomunicador IP, 2 l\u00edneas SIP, 2 relevadores con bot\u00f3n para llamada, Onvif, anti-vand\u00e1lico, PoE, IP65 e IK10, PoE"},"content":{"rendered":"<div style='width: 100%; max-width: 1200px; margin: 0 auto; font-family: sans-serif; line-height: 1.6; color: inherit; background-color: transparent;'> <!-- Encabezado rojo con t\u00edtulo --> <\/p>\n<div style='background-color: #cb3234; color: white; text-align: center; padding: 30px 15px;'>\n<h1 style='margin: 0; font-size: 32px; color: inherit;'>Videoportero SIP Fanvil i16SV<\/h1>\n<p style='margin: 0; font-size: 18px; color: inherit;'>1080P | IP65\/IK10 | -40\u00b0C a 70\u00b0C | 2 l\u00edneas SIP | PoE<\/p>\n<\/p><\/div>\n<p> <!-- Contenedor principal --> <\/p>\n<div style='max-width: 1100px; margin: auto; padding: 20px; font-family: Arial&comma; sans-serif; color: inherit; background-color: transparent;'> <!-- Descripci\u00f3n general --> <\/p>\n<section>\n<p style='font-size: 18pt; text-align: justify; color: inherit;'> El <strong>i16SV<\/strong> Video Intercomunicador SIP est\u00e1 dise\u00f1ado para implementaci\u00f3n al aire libre con alta confiabilidad&comma; HD Audio\/Video y grado de protecci\u00f3n IP65\/IK10. Combina la seguridad&comma; el intercomunicador de audio\/video y las funciones de transmisi\u00f3n&comma; ofreciendo la mejor soluci\u00f3n de comunicaci\u00f3n para los usuarios. <\/p>\n<\/section>\n<p> <!-- Caracter\u00edsticas --> <\/p>\n<div style='display: flex; flex-wrap: wrap; gap: 30px; margin-top: 40px; justify-content: space-between;'> <!-- Caracter\u00edsticas principales --> <\/p>\n<div style='flex: 1 1 30%; min-width: 280px; border-left: 5px solid #cb3234; border-radius: 5px; padding: 15px; box-shadow: 2px 2px 10px rgba(216&comma; 216&comma; 216&comma; 0.4); background-color: rgba(255&comma; 255&comma; 255&comma; 0.9);'>\n<h3 style='color: #cb3234; font-size: 18px; margin-top: 0; margin-bottom: 15px;'>Caracter\u00edsticas principales:<\/h3>\n<ul style='padding-left: 20px; font-size: 14px; color: inherit;'>\n<li style='margin-bottom: 8px;'>2 l\u00edneas SIP<\/li>\n<li style='margin-bottom: 8px;'>C\u00e1mara HD 1080P con visi\u00f3n nocturna por infrarrojos (c\u00f3dec H.264)<\/li>\n<li style='margin-bottom: 8px;'>Soporta ONVIF<\/li>\n<li style='margin-bottom: 8px;'>Cancelador de eco ac\u00fastico (AEC)<\/li>\n<li style='margin-bottom: 8px;'>Protecci\u00f3n IP65 contra agua y polvo<\/li>\n<li style='margin-bottom: 8px;'>Anticolisi\u00f3n IK10 con marco de fundici\u00f3n de aluminio<\/li>\n<li style='margin-bottom: 8px;'>Alarma anti-manipulaci\u00f3n con reporte al centro de control<\/li>\n<li style='margin-bottom: 8px;'>Temperatura operativa: -40\u00b0C a 70\u00b0C<\/li>\n<li style='margin-bottom: 8px;'>Compatible con Asterisk&comma; Broadsoft&comma; 3CX&comma; Metaswitch&comma; Elastix&comma; Avaya<\/li>\n<li style='margin-bottom: 8px;'><strong>Garant\u00eda: 1 a\u00f1o<\/strong><\/li>\n<\/ul><\/div>\n<p> <!-- Caracter\u00edsticas f\u00edsicas y el\u00e9ctricas --> <\/p>\n<div style='flex: 1 1 30%; min-width: 280px; border-left: 5px solid #cb3234; border-radius: 5px; padding: 15px; box-shadow: 2px 2px 10px rgba(216&comma; 216&comma; 216&comma; 0.4); background-color: rgba(255&comma; 255&comma; 255&comma; 0.9);'>\n<h3 style='color: #cb3234; font-size: 18px; margin-top: 0; margin-bottom: 15px;'>Caracter\u00edsticas F\u00edsicas y El\u00e9ctricas:<\/h3>\n<ul style='padding-left: 20px; font-size: 14px; color: inherit;'>\n<li style='margin-bottom: 8px;'>Alimentaci\u00f3n: PoE 802.3af o 12Vcc 1.0A (fuente no incluida)<\/li>\n<li style='margin-bottom: 8px;'>Montaje en pared<\/li>\n<li style='margin-bottom: 8px;'>Protecci\u00f3n: IP65 \/ IK10<\/li>\n<li style='margin-bottom: 8px;'>Material: Aleaci\u00f3n de aluminio<\/li>\n<li style='margin-bottom: 8px;'>Temperatura operaci\u00f3n: -40\u00b0C ~ 70\u00b0C (-40\u00b0F ~ 158\u00b0F)<\/li>\n<li style='margin-bottom: 8px;'>Dimensiones: 260 \u00d7 165 \u00d7 62 mm<\/li>\n<li style='margin-bottom: 8px;'>1 puerto RJ45<\/li>\n<li style='margin-bottom: 8px;'>Peso: 1&comma;015g<\/li>\n<\/ul><\/div>\n<p> <!-- Caracter\u00edsticas de video y red --> <\/p>\n<div style='flex: 1 1 30%; min-width: 280px; border-left: 5px solid #cb3234; border-radius: 5px; padding: 15px; box-shadow: 2px 2px 10px rgba(216&comma; 216&comma; 216&comma; 0.4); background-color: rgba(255&comma; 255&comma; 255&comma; 0.9);'>\n<h3 style='color: #cb3234; font-size: 18px; margin-top: 0; margin-bottom: 15px;'>Caracter\u00edsticas de Video y Red:<\/h3>\n<ul style='padding-left: 20px; font-size: 14px; color: inherit;'>\n<li style='margin-bottom: 8px;'>C\u00e1mara de 2 Megap\u00edxeles<\/li>\n<li style='margin-bottom: 8px;'>C\u00f3dec de video: H.264<\/li>\n<li style='margin-bottom: 8px;'>Resoluci\u00f3n: 1080P<\/li>\n<li style='margin-bottom: 8px;'>\u00c1ngulo: 112\u00b0 (H) \u00d7 84\u00b0 (V)<\/li>\n<li style='margin-bottom: 8px;'>Puerto 10\/100Mbps<\/li>\n<li style='margin-bottom: 8px;'>VPN: L2TP\/OpenVPN<\/li>\n<li style='margin-bottom: 8px;'>VLAN<\/li>\n<li style='margin-bottom: 8px;'>QoS<\/li>\n<\/ul><\/div>\n<\/p><\/div>\n<p> <!-- Aplicaciones --> <\/p>\n<section style='margin-top: 40px;'>\n<h2 style='color: #cb3234; font-size: 24px; text-align: center; margin-bottom: 30px;'>Aplicaciones<\/h2>\n<div style='margin-top: 30px;'>\n<h3 style='color: inherit; font-size: 20px; text-align: center; margin-bottom: 15px;'>Con IP-PBX<\/h3>\n<p> <img style='width: 100%; height: auto; border: 1px solid rgba(150&comma;150&comma;150&comma;0.3); border-radius: 8px;' src='https:\/\/ftp3.syscom.mx\/usuarios\/esanchez\/FANVIL\/i16V\/Captura%20de%20pantalla%202019-07-21%20a%20la%28s%29%2021.59.44.png' alt='Diagrama de aplicaci\u00f3n con IP-PBX'> <\/div>\n<div style='margin-top: 40px;'>\n<h3 style='color: inherit; font-size: 20px; text-align: center; margin-bottom: 15px;'>Peer to Peer (sin IP-PBX)<\/h3>\n<p> <img style='width: 100%; height: auto; border: 1px solid rgba(150&comma;150&comma;150&comma;0.3); border-radius: 8px;' src='https:\/\/ftp3.syscom.mx\/usuarios\/esanchez\/FANVIL\/i16V\/Captura%20de%20pantalla%202019-07-21%20a%20la%28s%29%2022.03.03.png' alt='Diagrama de aplicaci\u00f3n peer to peer'> <\/div>\n<div style='margin-top: 40px;'>\n<h3 style='color: inherit; font-size: 20px; text-align: center; margin-bottom: 15px;'>Topolog\u00eda de bot\u00f3n de p\u00e1nico<\/h3>\n<p> <img style='width: 100%; height: auto; border: 1px solid rgba(150&comma;150&comma;150&comma;0.3); border-radius: 8px;' src='https:\/\/ftp3.syscom.mx\/usuarios\/esanchez\/FANVIL\/I12\/Captura%20de%20pantalla%202019-11-01%20a%20la%28s%29%2013.51.37.png' alt='Diagrama de conexi\u00f3n para bot\u00f3n de p\u00e1nico'> <\/p>\n<p style='text-align: center; font-size: 14px; color: inherit; margin-top: 10px; opacity: 0.7;'>* Se puede utilizar sin conmutador IP o con conmutador IP para funciones especiales (grupo de timbrado&comma; contestar desde celular v\u00eda softphone&comma; etc.)<\/p>\n<\/p><\/div>\n<\/section><\/div>\n<\/p><\/div>\n","protected":false},"excerpt":{"rendered":"<p>Video Intercomunicador IP, 2 l\u00edneas SIP, 2 relevadores con bot\u00f3n para llamada, Onvif, anti-vand\u00e1lico, PoE, IP65 e IK10, PoE<\/p>\n","protected":false},"featured_media":105858,"comment_status":"open","ping_status":"closed","template":"","meta":[],"product_brand":[],"product_cat":[856],"product_tag":[859,557,857],"class_list":{"0":"post-105859","1":"product","2":"type-product","3":"status-publish","4":"has-post-thumbnail","6":"product_cat-videoporteros-ip","7":"product_tag-fanvil","8":"product_tag-videoporteros-e-interfonos","9":"product_tag-videoporteros-ip","11":"first","12":"instock","13":"sale","14":"shipping-taxable","15":"purchasable","16":"product-type-simple"},"_links":{"self":[{"href":"https:\/\/soydeaqui.ddns.net\/pachuca\/index.php\/wp-json\/wp\/v2\/product\/105859","targetHints":{"allow":["GET"]}}],"collection":[{"href":"https:\/\/soydeaqui.ddns.net\/pachuca\/index.php\/wp-json\/wp\/v2\/product"}],"about":[{"href":"https:\/\/soydeaqui.ddns.net\/pachuca\/index.php\/wp-json\/wp\/v2\/types\/product"}],"replies":[{"embeddable":true,"href":"https:\/\/soydeaqui.ddns.net\/pachuca\/index.php\/wp-json\/wp\/v2\/comments?post=105859"}],"wp:featuredmedia":[{"embeddable":true,"href":"https:\/\/soydeaqui.ddns.net\/pachuca\/index.php\/wp-json\/wp\/v2\/media\/105858"}],"wp:attachment":[{"href":"https:\/\/soydeaqui.ddns.net\/pachuca\/index.php\/wp-json\/wp\/v2\/media?parent=105859"}],"wp:term":[{"taxonomy":"product_brand","embeddable":true,"href":"https:\/\/soydeaqui.ddns.net\/pachuca\/index.php\/wp-json\/wp\/v2\/product_brand?post=105859"},{"taxonomy":"product_cat","embeddable":true,"href":"https:\/\/soydeaqui.ddns.net\/pachuca\/index.php\/wp-json\/wp\/v2\/product_cat?post=105859"},{"taxonomy":"product_tag","embeddable":true,"href":"https:\/\/soydeaqui.ddns.net\/pachuca\/index.php\/wp-json\/wp\/v2\/product_tag?post=105859"}],"curies":[{"name":"wp","href":"https:\/\/api.w.org\/{rel}","templated":true}]}}