{"id":105853,"date":"2026-03-20T15:45:59","date_gmt":"2026-03-20T15:45:59","guid":{"rendered":"https:\/\/soydeaqui.ddns.net\/pachuca\/index.php\/producto\/domo-turbohd-5-megapixel-lente-motorizado-2-7-13-5-mm-ir-exir-40-mts-tvi-ahd-cvi-cvbs-ik10-ip67-dwdr-12-vcc-24-vca\/"},"modified":"2026-03-20T15:46:13","modified_gmt":"2026-03-20T15:46:13","slug":"domo-turbohd-5-megapixel-lente-motorizado-2-7-13-5-mm-ir-exir-40-mts-tvi-ahd-cvi-cvbs-ik10-ip67-dwdr-12-vcc-24-vca","status":"publish","type":"product","link":"https:\/\/soydeaqui.ddns.net\/pachuca\/index.php\/producto\/domo-turbohd-5-megapixel-lente-motorizado-2-7-13-5-mm-ir-exir-40-mts-tvi-ahd-cvi-cvbs-ik10-ip67-dwdr-12-vcc-24-vca\/","title":{"rendered":"Domo TURBOHD 5 Megapixel \/ Lente Motorizado 2.7 &#8211; 13.5 mm \/ IR EXIR 40 mts \/ TVI-AHD-CVI-CVBS \/ IK10 \/ IP67 \/ dWDR \/ 12 Vcc \/ 24 VCA"},"content":{"rendered":"<div style='width: 100%; max-width: 1200px; margin: 0 auto; font-family: sans-serif; line-height: 1.6; color: inherit; background-color: transparent;'> <!-- Logo HIKVISION --> <\/p>\n<div style='text-align: center; margin-bottom: 30px;'> <img style='width: 45%; max-width: 500px; height: auto; border: 1px solid rgba(150&comma;150&comma;150&comma;0.3); border-radius: 8px;' src='http:\/\/ftp3.syscom.mx\/usuarios\/jdelafuente\/HIKVISION\/hikvision%20logo%20complete.png' alt='Logo HIKVISION'> <\/div>\n<p> <!-- Secci\u00f3n principal de caracter\u00edsticas --> <\/p>\n<div style='display: flex; flex-wrap: wrap; gap: 30px; margin-bottom: 30px;'> <!-- Caracter\u00edsticas principales --> <\/p>\n<div style='flex: 1 1 300px; min-width: 280px;'>\n<div style='border-left: 5px solid #ff0000; border-radius: 5px; padding: 5px; box-shadow: 2px 2px 10px rgba(216&comma;216&comma;216&comma;0.5);'>\n<h3 style='font-size: 22px; border-bottom: 2px solid currentColor; padding-bottom: 5px; margin-top: 0; color: inherit; opacity: 0.8; font-family: inherit;'>Caracter\u00edsticas principales:<\/h3>\n<ul style='padding-left: 20px; font-size: 15px; color: inherit; list-style-type: disc;'>\n<li style='margin-bottom: 5px;'><span style='font-family: helvetica&comma; arial&comma; sans-serif;'>Resoluci\u00f3n m\u00e1xima: 2560 x 1944 (5 Megapixel).<\/span><\/li>\n<li style='margin-bottom: 5px;'><span style='font-family: helvetica&comma; arial&comma; sans-serif;'>Smart IR EXIR 40 metros.<\/span><\/li>\n<li style='margin-bottom: 5px;'><span style='font-family: helvetica&comma; arial&comma; sans-serif;'>Lente motorizado: 2.7 mm &#8211; 13.5 mm (95.7\u00b0 &#8211; 29.1\u00b0).<\/span><\/li>\n<li style='margin-bottom: 5px;'><span style='font-family: helvetica&comma; arial&comma; sans-serif;'>Soporta 4 tecnolog\u00edas (TVI \/ AHD \/ CVI \/ CVBS).<\/span><\/li>\n<li style='margin-bottom: 5px;'>\n<p style='margin: 0; font-family: OpenSans&comma; 'Microsoft YaHei'&comma; 'Helvetica Neue'&comma; 'PingFang SC'&comma; 'Hiragino Sans GB'&comma; 'WenQuanYi Micro Hei'&comma; sans-serif; font-size: 16px; background-color: transparent;'>TVI: 5 Megapixel \/ 4 Megapixel \/ 2 Megapixel.<\/p>\n<\/li>\n<li style='margin-bottom: 5px;'>\n<p style='margin: 0; font-family: OpenSans&comma; 'Microsoft YaHei'&comma; 'Helvetica Neue'&comma; 'PingFang SC'&comma; 'Hiragino Sans GB'&comma; 'WenQuanYi Micro Hei'&comma; sans-serif; font-size: 16px; background-color: transparent;'>AHD: 5 Megapixel \/ 4 Megapixel \/ 2 Megapixel.<\/p>\n<\/li>\n<li style='margin-bottom: 5px;'>\n<p style='margin: 0; font-family: OpenSans&comma; 'Microsoft YaHei'&comma; 'Helvetica Neue'&comma; 'PingFang SC'&comma; 'Hiragino Sans GB'&comma; 'WenQuanYi Micro Hei'&comma; sans-serif; font-size: 16px; background-color: transparent;'>CVI: 4 Megapixel \/ 2 Megapixel.<\/p>\n<\/li>\n<li style='margin-bottom: 5px;'>\n<p style='margin: 0; font-family: OpenSans&comma; 'Microsoft YaHei'&comma; 'Helvetica Neue'&comma; 'PingFang SC'&comma; 'Hiragino Sans GB'&comma; 'WenQuanYi Micro Hei'&comma; sans-serif; font-size: 16px; background-color: transparent;'><span style='font-family: helvetica&comma; arial&comma; sans-serif;'>CVBS: 1200TVL\u00b4s.<\/span><\/p>\n<\/li>\n<li style='margin-bottom: 5px;'><span style='font-family: helvetica&comma; arial&comma; sans-serif;'>Permite seleccionar la resolucion entre 5 Megapixel \/ 4 Megapixel \/ 2 Megapixel.<\/span><\/li>\n<li style='margin-bottom: 5px;'><span style='font-family: helvetica&comma; arial&comma; sans-serif;'>Funciones: dWDR \/ BLC \/ DNR \/ Mirror.<\/span><\/li>\n<li style='margin-bottom: 5px;'><span style='font-family: helvetica&comma; arial&comma; sans-serif;'>El cambio de tecnolog\u00eda (TVI-AHD-CVBS-CVI) se puede realizar \u00fanicamente cuando la c\u00e1mara est\u00e1 en su resoluci\u00f3n m\u00e1xima&comma; no se puede cambiar la tecnolog\u00eda si la c\u00e1mara no est\u00e1 en su resoluci\u00f3n m\u00e1xima.<\/span><\/li>\n<\/ul>\n<p> <!-- Accesorios --> <\/p>\n<div style='margin-top: 25px;'>\n<h4 style='font-size: 18px; margin-top: 20px; margin-bottom: 10px; color: inherit; font-family: inherit;'><strong>Accesorios:<\/strong><\/h4>\n<ul style='padding-left: 20px; font-size: 15px; color: inherit; list-style-type: disc;'>\n<li style='margin-bottom: 5px;'><strong>Caja de conexiones&comma; modelo: <\/strong><a href='https:\/\/www.syscom.mx\/producto\/DS-1280ZJ-XS-HIKVISION-84491.html' style='color: inherit; text-decoration: underline;'>DS-1281ZJ-DM45<\/a><\/li>\n<li style='margin-bottom: 5px;'><strong>Montaje de poste vertical&comma; modelo: <\/strong><a href='https:\/\/www.syscom.mx\/producto\/DS-1275ZJ-SUS-HIKVISION-156172.html' style='color: inherit; text-decoration: underline;'>DS-1275ZJ-SUS<\/a><\/li>\n<li style='margin-bottom: 5px;'><strong>Montaje de esquina&comma; modelo: <\/strong><a href='https:\/\/www.syscom.mx\/producto\/DS-1276ZJ-SUS-HIKVISION-156173.html' style='color: inherit; text-decoration: underline;'>DS-1276ZJ-SUS<\/a><\/li>\n<li style='margin-bottom: 5px;'><strong>Montaje vertical&comma; modelo: <\/strong><a href='https:\/\/ftp3.syscom.mx\/usuarios\/ftp\/2021\/08\/06\/b3057\/Especificaci%C3%B3nes%20T%C3%A9cnicas%20-%20DS-2CE5AH0T-AVPIT3ZF(C).pdf' style='color: inherit; text-decoration: underline;'>DS-1271ZJ-140-DM45<\/a><\/li>\n<li style='margin-bottom: 5px;'><strong>Montaje de pared&comma; modelo: <\/strong><a href='https:\/\/www.syscom.mx\/producto\/DS-1273ZJ-140-DM45-HIKVISION-162828.html' style='color: inherit; text-decoration: underline;'>DS-1273ZJ-140-DM45<\/a><\/li>\n<li style='margin-bottom: 5px;'><strong>Caja de conexiones&comma; modelo: <\/strong><a href='https:\/\/www.syscom.mx\/producto\/DS-1280ZJ-DM45-HIKVISION-162831.html' style='color: inherit; text-decoration: underline;'>DS-1280ZJ-DM45<\/a><\/li>\n<\/ul><\/div>\n<\/p><\/div>\n<\/p><\/div>\n<p> <!-- Caracter\u00edsticas F\u00edsicas y El\u00e9ctricas --> <\/p>\n<div style='flex: 1 1 300px; min-width: 280px;'>\n<div style='border-left: 5px solid #ff0000; border-radius: 5px; padding: 5px; box-shadow: 2px 2px 10px rgba(216&comma;216&comma;216&comma;0.5);'>\n<h3 style='font-size: 22px; border-bottom: 2px solid currentColor; padding-bottom: 5px; margin-top: 0; color: inherit; opacity: 0.8; font-family: inherit;'>Caracter\u00edsticas F\u00edsicas y El\u00e9ctricas:<\/h3>\n<ul style='padding-left: 20px; font-size: 15px; color: inherit; list-style-type: disc;'>\n<li style='margin-bottom: 5px;'><span style='font-family: helvetica&comma; arial&comma; sans-serif;'>Temperatura de operaci\u00f3n: -40\u00baC a 60\u00baC.<\/span><\/li>\n<li style='margin-bottom: 5px;'><span style='font-family: helvetica&comma; arial&comma; sans-serif;'>Alimentaci\u00f3n: 12 Vcc \/ 24Vca \/ 5.9 Watts.<\/span><\/li>\n<li style='margin-bottom: 5px;'><span style='font-family: helvetica&comma; arial&comma; sans-serif;'>Protecci\u00f3n: Exterior IP67 \/ Antivandalica IK10.<\/span><\/li>\n<li style='margin-bottom: 5px;'><span style='font-family: helvetica&comma; arial&comma; sans-serif;'>Fabricado en metal.<\/span><\/li>\n<li style='margin-bottom: 5px;'><span style='font-family: helvetica&comma; arial&comma; sans-serif;'>Dimensiones: 145 x 111.3 mm.<\/span><\/li>\n<li style='margin-bottom: 5px;'><span style='font-family: helvetica&comma; arial&comma; sans-serif;'>Peso: 837 grs.<\/span><\/li>\n<\/ul><\/div>\n<\/p><\/div>\n<\/p><\/div>\n<p> <!-- Consideraciones --> <\/p>\n<div style='margin-bottom: 30px;'>\n<div style='border-left: 5px solid #ff0000; border-radius: 5px; padding: 5px; box-shadow: 2px 2px 10px rgba(216&comma;216&comma;216&comma;0.5);'>\n<h3 style='font-size: 22px; border-bottom: 2px solid currentColor; padding-bottom: 5px; margin-top: 0; color: inherit; opacity: 0.8; font-family: inherit;'>Consideraciones:<\/h3>\n<ul style='padding-left: 20px; font-size: 15px; color: inherit; list-style-type: disc;'>\n<li style='margin-bottom: 5px;'><\/li>\n<\/ul><\/div>\n<\/p><\/div>\n<p> <!-- Banner soluci\u00f3n completa --> <\/p>\n<div style='margin-bottom: 30px;'> <img style='width: 100%; height: auto; border: 1px solid rgba(150&comma;150&comma;150&comma;0.3); border-radius: 8px;' src='https:\/\/ftp3.syscom.mx\/usuarios\/jsosa\/HIKVISION\/imagenes\/banners\/solution%20complete.png' alt='Soluci\u00f3n completa HIKVISION'> <\/div>\n<p> <!-- Separador final --> <\/p>\n<hr style='border: 0; border-top: 1px solid rgba(150&comma; 150&comma; 150&comma; 0.3); margin: 30px 0;'> <\/div>\n","protected":false},"excerpt":{"rendered":"<p>Domo TURBOHD 5 Megapixel \/ Lente Motorizado 2.7 &#8211; 13.5 mm \/ IR EXIR 40 mts \/ TVI-AHD-CVI-CVBS \/ IK10 \/ IP67 \/ dWDR \/ 12 Vcc \/ 24 VCA<\/p>\n","protected":false},"featured_media":105852,"comment_status":"open","ping_status":"closed","template":"","meta":[],"product_brand":[],"product_cat":[2269],"product_tag":[2255,2057,54],"class_list":{"0":"post-105853","1":"product","2":"type-product","3":"status-publish","4":"has-post-thumbnail","6":"product_cat-domo-eyeball-turret-camaras-y-dvrs-hd-turbohd-ahd-hd-tvi","7":"product_tag-camaras-y-dvrs-hd-turbohd-ahd-hd-tvi","8":"product_tag-domo-eyeball-turret","9":"product_tag-hikvision","11":"first","12":"instock","13":"sale","14":"shipping-taxable","15":"purchasable","16":"product-type-simple"},"_links":{"self":[{"href":"https:\/\/soydeaqui.ddns.net\/pachuca\/index.php\/wp-json\/wp\/v2\/product\/105853","targetHints":{"allow":["GET"]}}],"collection":[{"href":"https:\/\/soydeaqui.ddns.net\/pachuca\/index.php\/wp-json\/wp\/v2\/product"}],"about":[{"href":"https:\/\/soydeaqui.ddns.net\/pachuca\/index.php\/wp-json\/wp\/v2\/types\/product"}],"replies":[{"embeddable":true,"href":"https:\/\/soydeaqui.ddns.net\/pachuca\/index.php\/wp-json\/wp\/v2\/comments?post=105853"}],"wp:featuredmedia":[{"embeddable":true,"href":"https:\/\/soydeaqui.ddns.net\/pachuca\/index.php\/wp-json\/wp\/v2\/media\/105852"}],"wp:attachment":[{"href":"https:\/\/soydeaqui.ddns.net\/pachuca\/index.php\/wp-json\/wp\/v2\/media?parent=105853"}],"wp:term":[{"taxonomy":"product_brand","embeddable":true,"href":"https:\/\/soydeaqui.ddns.net\/pachuca\/index.php\/wp-json\/wp\/v2\/product_brand?post=105853"},{"taxonomy":"product_cat","embeddable":true,"href":"https:\/\/soydeaqui.ddns.net\/pachuca\/index.php\/wp-json\/wp\/v2\/product_cat?post=105853"},{"taxonomy":"product_tag","embeddable":true,"href":"https:\/\/soydeaqui.ddns.net\/pachuca\/index.php\/wp-json\/wp\/v2\/product_tag?post=105853"}],"curies":[{"name":"wp","href":"https:\/\/api.w.org\/{rel}","templated":true}]}}