{"id":105845,"date":"2026-03-20T15:45:36","date_gmt":"2026-03-20T15:45:36","guid":{"rendered":"https:\/\/soydeaqui.ddns.net\/pachuca\/index.php\/producto\/bala-turbohd-5-megapixel-lente-mot-2-7-a-13-5-mm-40-mts-ir-exir-dwdr-tvi-ahd-cvi-cvbs-exterior-ip67-12-vcc-24-vca\/"},"modified":"2026-03-20T15:45:49","modified_gmt":"2026-03-20T15:45:49","slug":"bala-turbohd-5-megapixel-lente-mot-2-7-a-13-5-mm-40-mts-ir-exir-dwdr-tvi-ahd-cvi-cvbs-exterior-ip67-12-vcc-24-vca","status":"publish","type":"product","link":"https:\/\/soydeaqui.ddns.net\/pachuca\/index.php\/producto\/bala-turbohd-5-megapixel-lente-mot-2-7-a-13-5-mm-40-mts-ir-exir-dwdr-tvi-ahd-cvi-cvbs-exterior-ip67-12-vcc-24-vca\/","title":{"rendered":"Bala TURBOHD 5 Megapixel \/ Lente Mot. 2.7 a 13.5 mm \/ 40 mts IR EXIR \/ dWDR \/ TVI-AHD-CVI-CVBS \/ Exterior IP67  \/ 12 Vcc \/ 24 VCA"},"content":{"rendered":"<div style='width: 100%; max-width: 1200px; margin: 0 auto; font-family: sans-serif; line-height: 1.6; color: inherit; background-color: transparent;'>\n<p style='text-align: center;'><img style='width: 100%; max-width: 500px; height: auto; border: 1px solid rgba(150&comma;150&comma;150&comma;0.3); border-radius: 8px;' src='https:\/\/ftp3.syscom.mx\/usuarios\/jsosa\/HIKVISION\/imagenes\/logo\/hikvision%20see%20far.png' alt='Logo Hikvision'><\/p>\n<div style='display: flex; flex-wrap: wrap; gap: 30px; margin: 30px 0;'>\n<div style='flex: 1 1 300px; min-width: 280px;'>\n<h3 style='font-size: 22px; border-bottom: 2px solid currentColor; padding-bottom: 5px; margin-top: 0; color: inherit; opacity: 0.8;'>Caracter\u00edsticas principales<\/h3>\n<ul style='padding-left: 20px; font-size: 15px; color: inherit;'>\n<li style='margin-bottom: 5px;'>Resoluci\u00f3n m\u00e1xima: <strong>2560 x 1944 (5 Megapixel)<\/strong><\/li>\n<li style='margin-bottom: 5px;'>Permite seleccionar la resoluci\u00f3n entre <strong>5 Megapixel \/ 4 Megapixel \/ 2 Megapixel<\/strong><\/li>\n<li style='margin-bottom: 5px;'>Iluminaci\u00f3n m\u00ednima: <strong>0.01 Lux @ (F1.2&comma; AGC ON&comma; 0 Lux con IR)<\/strong><\/li>\n<li style='margin-bottom: 5px;'>Lente motorizado: <strong>2.7 a 13.5 mm \/ 5X Zoom<\/strong> \/ \u00c1ngulo de visi\u00f3n <strong>29.1 a 95.7\u00ba<\/strong><\/li>\n<li style='margin-bottom: 5px;'>40 mts IR EXIR (visi\u00f3n nocturna)<\/li>\n<li style='margin-bottom: 5px;'>Soporta 4 tecnolog\u00edas seleccionables: <strong>TVI \/ AHD \/ CVI \/ CVBS<\/strong><\/li>\n<li style='margin-bottom: 5px;'>Resoluciones por tecnolog\u00eda:\n<ul style='padding-left: 25px; margin: 10px 0;'>\n<li style='margin-bottom: 5px;'><strong>TVI:<\/strong> 5 Megapixel \/ 4 Megapixel \/ 2 Megapixel<\/li>\n<li style='margin-bottom: 5px;'><strong>AHD:<\/strong> 5 Megapixel \/ 4 Megapixel \/ 2 Megapixel<\/li>\n<li style='margin-bottom: 5px;'><strong>CVI:<\/strong> 4 Megapixel \/ 2 Megapixel<\/li>\n<li style='margin-bottom: 5px;'><strong>CVBS:<\/strong> 1200TVL&#8217;s<\/li>\n<\/ul>\n<\/li>\n<li style='margin-bottom: 5px;'>Funciones: <strong>dWDR \/ BLC \/ 3D-DNR<\/strong><\/li>\n<li style='margin-bottom: 5px;'>El cambio de tecnolog\u00eda (TVI-AHD-CVBS-CVI) se puede realizar \u00fanicamente cuando la c\u00e1mara est\u00e1 en su resoluci\u00f3n m\u00e1xima<\/li>\n<\/ul><\/div>\n<div style='flex: 1 1 300px; min-width: 280px;'>\n<h3 style='font-size: 22px; border-bottom: 2px solid currentColor; padding-bottom: 5px; margin-top: 0; color: inherit; opacity: 0.8;'>Caracter\u00edsticas F\u00edsicas y El\u00e9ctricas<\/h3>\n<ul style='padding-left: 20px; font-size: 15px; color: inherit;'>\n<li style='margin-bottom: 5px;'>Temperatura de operaci\u00f3n: <strong>-40\u00baC a 60\u00baC<\/strong><\/li>\n<li style='margin-bottom: 5px;'>Alimentaci\u00f3n: <strong>12 Vcc \/ 24Vca \/ 8.8 Watts<\/strong><\/li>\n<li style='margin-bottom: 5px;'>Protecci\u00f3n: <strong>Interior \/ Exterior IP67<\/strong><\/li>\n<li style='margin-bottom: 5px;'>Material: <strong>Metal y pl\u00e1stico<\/strong><\/li>\n<li style='margin-bottom: 5px;'>Dimensiones: <strong>84.5 x 92 x 255.1 mm<\/strong><\/li>\n<li style='margin-bottom: 5px;'>Peso: <strong>682 grs<\/strong><\/li>\n<\/ul>\n<h4 style='font-size: 18px; margin-top: 25px; margin-bottom: 15px; color: inherit; opacity: 0.8;'>Accesorios<\/h4>\n<ul style='padding-left: 20px; font-size: 15px; color: inherit;'>\n<li style='margin-bottom: 5px;'><a href='https:\/\/www.syscom.mx\/producto\/DS-1280ZJ-XS-HIKVISION-84491.html' target='_blank' rel='noopener' style='color: inherit; text-decoration: underline; opacity: 0.8;'>Caja de conexiones&comma; modelo: DS-1280ZJ-S<\/a><\/li>\n<li style='margin-bottom: 5px;'><a href='https:\/\/www.syscom.mx\/producto\/DS-1276ZJ-SUS-HIKVISION-156173.html' target='_blank' rel='noopener' style='color: inherit; text-decoration: underline; opacity: 0.8;'>Montaje de esquina&comma; modelo: DS-1276ZJ-SUS<\/a><\/li>\n<li style='margin-bottom: 5px;'><a href='https:\/\/www.syscom.mx\/producto\/DS-1275ZJ-SUS-HIKVISION-156172.html' target='_blank' rel='noopener' style='color: inherit; text-decoration: underline; opacity: 0.8;'>Montaje de poste vertical&comma; modelo: DS-1275ZJ-SUS<\/a><\/li>\n<\/ul><\/div>\n<\/p><\/div>\n<div style='margin: 30px 0;'>\n<h3 style='font-size: 22px; border-bottom: 2px solid currentColor; padding-bottom: 5px; margin-top: 0; color: inherit; opacity: 0.8;'>Consideraciones<\/h3>\n<ul style='padding-left: 20px; font-size: 15px; color: inherit;'>\n<li style='margin-bottom: 5px;'>La c\u00e1mara debe estar en su resoluci\u00f3n m\u00e1xima para poder cambiar entre tecnolog\u00edas (TVI-AHD-CVBS-CVI)<\/li>\n<\/ul><\/div>\n<hr style='border: 0; border-top: 1px solid rgba(150&comma;150&comma;150&comma;0.3); margin: 30px 0;'> <img style='width: 100%; max-width: 1200px; height: auto; border: 1px solid rgba(150&comma;150&comma;150&comma;0.3); border-radius: 8px;' src='https:\/\/ftp3.syscom.mx\/usuarios\/jsosa\/HIKVISION\/imagenes\/banners\/solution%20complete.png' alt='Soluci\u00f3n completa'> <\/div>\n","protected":false},"excerpt":{"rendered":"<p>Bala TURBOHD 5 Megapixel \/ Lente Mot. 2.7 a 13.5 mm \/ 40 mts IR EXIR \/ dWDR \/ TVI-AHD-CVI-CVBS \/ Exterior IP67  \/ 12 Vcc \/ 24 VCA<\/p>\n","protected":false},"featured_media":105844,"comment_status":"open","ping_status":"closed","template":"","meta":[],"product_brand":[],"product_cat":[2268],"product_tag":[439,2255,54],"class_list":{"0":"post-105845","1":"product","2":"type-product","3":"status-publish","4":"has-post-thumbnail","6":"product_cat-bala-camaras-y-dvrs-hd-turbohd-ahd-hd-tvi","7":"product_tag-bala","8":"product_tag-camaras-y-dvrs-hd-turbohd-ahd-hd-tvi","9":"product_tag-hikvision","11":"first","12":"instock","13":"sale","14":"shipping-taxable","15":"purchasable","16":"product-type-simple"},"_links":{"self":[{"href":"https:\/\/soydeaqui.ddns.net\/pachuca\/index.php\/wp-json\/wp\/v2\/product\/105845","targetHints":{"allow":["GET"]}}],"collection":[{"href":"https:\/\/soydeaqui.ddns.net\/pachuca\/index.php\/wp-json\/wp\/v2\/product"}],"about":[{"href":"https:\/\/soydeaqui.ddns.net\/pachuca\/index.php\/wp-json\/wp\/v2\/types\/product"}],"replies":[{"embeddable":true,"href":"https:\/\/soydeaqui.ddns.net\/pachuca\/index.php\/wp-json\/wp\/v2\/comments?post=105845"}],"wp:featuredmedia":[{"embeddable":true,"href":"https:\/\/soydeaqui.ddns.net\/pachuca\/index.php\/wp-json\/wp\/v2\/media\/105844"}],"wp:attachment":[{"href":"https:\/\/soydeaqui.ddns.net\/pachuca\/index.php\/wp-json\/wp\/v2\/media?parent=105845"}],"wp:term":[{"taxonomy":"product_brand","embeddable":true,"href":"https:\/\/soydeaqui.ddns.net\/pachuca\/index.php\/wp-json\/wp\/v2\/product_brand?post=105845"},{"taxonomy":"product_cat","embeddable":true,"href":"https:\/\/soydeaqui.ddns.net\/pachuca\/index.php\/wp-json\/wp\/v2\/product_cat?post=105845"},{"taxonomy":"product_tag","embeddable":true,"href":"https:\/\/soydeaqui.ddns.net\/pachuca\/index.php\/wp-json\/wp\/v2\/product_tag?post=105845"}],"curies":[{"name":"wp","href":"https:\/\/api.w.org\/{rel}","templated":true}]}}