{"id":105823,"date":"2026-03-20T15:44:26","date_gmt":"2026-03-20T15:44:26","guid":{"rendered":"https:\/\/soydeaqui.ddns.net\/pachuca\/index.php\/producto\/domo-ip-4-megapixel-lente-2-8-mm-30-mts-ir-wdr-120-db-exterior-ip67-hik-connect-p2p-h-265-poe-onvif\/"},"modified":"2026-03-20T15:44:37","modified_gmt":"2026-03-20T15:44:37","slug":"domo-ip-4-megapixel-lente-2-8-mm-30-mts-ir-wdr-120-db-exterior-ip67-hik-connect-p2p-h-265-poe-onvif","status":"publish","type":"product","link":"https:\/\/soydeaqui.ddns.net\/pachuca\/index.php\/producto\/domo-ip-4-megapixel-lente-2-8-mm-30-mts-ir-wdr-120-db-exterior-ip67-hik-connect-p2p-h-265-poe-onvif\/","title":{"rendered":"Domo IP 4 Megapixel \/ Lente 2.8 mm \/ 30 mts IR \/ WDR 120 dB \/ Exterior IP67 \/ Hik-Connect P2P \/ H.265+ \/ PoE \/ ONVIF"},"content":{"rendered":"<div style='width: 100%; max-width: 1200px; margin: 0 auto; font-family: sans-serif; line-height: 1.6; color: inherit; background-color: transparent;'> <!-- Imagen inicial --> <\/p>\n<div style='text-align: center; margin: 20px 0;'> <img style='width: 45%; height: auto; border: 1px solid rgba(150&comma;150&comma;150&comma;0.3); border-radius: 8px;' src='https:\/\/ftp3.syscom.mx\/usuarios\/jsosa\/HIKVISION\/imagenes\/logo\/hikvision%20see%20far.png' alt='Logo Hikvision'> <\/div>\n<p> <!-- Contenido principal --> <\/p>\n<div style='display: flex; flex-wrap: wrap; gap: 30px; margin-top: 30px;'> <!-- Columna izquierda --> <\/p>\n<div style='flex: 1 1 400px;'> <!-- Caracter\u00edsticas Principales --> <\/p>\n<div style='border: 1px solid rgba(150&comma; 150&comma; 150&comma; 0.4); border-radius: 8px; overflow: hidden; margin-bottom: 20px;'>\n<div style='padding: 15px; border-bottom: 1px solid rgba(150&comma; 150&comma; 150&comma; 0.2); font-weight: bold; font-size: 18px; color: inherit; background-color: #df001e;'>Caracter\u00edsticas Principales<\/div>\n<div style='padding: 15px; color: inherit;'>\n<ul style='padding-left: 20px; margin: 0; font-size: 14px; list-style-type: disc;'>\n<li style='margin-bottom: 5px;'>Resoluci\u00f3n m\u00e1xima: 4 Megapixel (2560 x 1440)<\/li>\n<li style='margin-bottom: 5px;'>Iluminaci\u00f3n m\u00ednima: color 0.01 Lux @ (F2.0&comma; AGC ON)<\/li>\n<li style='margin-bottom: 5px;'>Iluminaci\u00f3n m\u00ednima: B\/N 0 Lux con IR<\/li>\n<li style='margin-bottom: 5px;'>D\u00eda \/ Noche Real (filtro ICR)<\/li>\n<li style='margin-bottom: 5px;'>Distancia focal: 2.8 mm (\u00e1ngulo de visi\u00f3n 98\u00b0)<\/li>\n<li style='margin-bottom: 5px;'>Distancia de infrarrojo: 30 mts Smart IR<\/li>\n<li style='margin-bottom: 5px;'>Funciones normales: WDR 120dB \/ D3 DNR \/ BLC<\/li>\n<li style='margin-bottom: 5px;'>Compresi\u00f3n: H.265+ \/ H.265 \/ H.264+ \/ H.264<\/li>\n<li style='margin-bottom: 5px;'>Compatible con la plataforma de Hik-Connect (<a href='https:\/\/appstore.hikvision.com\/' target='_blank' rel='noopener' style='color: inherit; text-decoration: underline;'>https:\/\/appstore.hikvision.com\/<\/a>)<\/li>\n<\/ul><\/div>\n<\/p><\/div>\n<p> <!-- Entradas y Salidas --> <\/p>\n<div style='border: 1px solid rgba(150&comma; 150&comma; 150&comma; 0.4); border-radius: 8px; overflow: hidden; margin-bottom: 20px;'>\n<div style='padding: 15px; border-bottom: 1px solid rgba(150&comma; 150&comma; 150&comma; 0.2); font-weight: bold; font-size: 18px; color: inherit; background-color: #df001e;'>Entradas y Salidas de Audio \/ Alarmas \/ Red<\/div>\n<div style='padding: 15px; color: inherit;'>\n<ul style='padding-left: 20px; margin: 0; font-size: 14px; list-style-type: disc;'>\n<li style='margin-bottom: 5px;'>Entradas de alarma: N\/A<\/li>\n<li style='margin-bottom: 5px;'>Salidas de alarma: N\/A<\/li>\n<li style='margin-bottom: 5px;'>Entradas de audio: N\/A<\/li>\n<li style='margin-bottom: 5px;'>Salidas de audio: N\/A<\/li>\n<li style='margin-bottom: 5px;'>Puerto de red: 1 (10 \/ 100 Mbps \/ PoE 802.3af )<\/li>\n<li style='margin-bottom: 5px;'>Soporta ONVIF (PROFILE S) \/ ISAPI<\/li>\n<\/ul><\/div>\n<\/p><\/div>\n<\/p><\/div>\n<p> <!-- Columna derecha --> <\/p>\n<div style='flex: 1 1 400px;'> <!-- Caracter\u00edsticas F\u00edsicas --> <\/p>\n<div style='border: 1px solid rgba(150&comma; 150&comma; 150&comma; 0.4); border-radius: 8px; overflow: hidden; margin-bottom: 20px;'>\n<div style='padding: 15px; border-bottom: 1px solid rgba(150&comma; 150&comma; 150&comma; 0.2); font-weight: bold; font-size: 18px; color: inherit; background-color: #df001e;'>Caracter\u00edsticas F\u00edsicas y El\u00e9ctricas<\/div>\n<div style='padding: 15px; color: inherit;'>\n<ul style='padding-left: 20px; margin: 0; font-size: 14px; list-style-type: disc;'>\n<li style='margin-bottom: 5px;'>Alimentaci\u00f3n: 12 VDC \u00b1 25% \/ PoE 802.3af (6.5 W)<\/li>\n<li style='margin-bottom: 5px;'>Temperatura de operaci\u00f3n: -30\u00b0C a 60\u00b0C \/ Humedad al 95% m\u00e1ximo<\/li>\n<li style='margin-bottom: 5px;'>Uso en exterior IP67<\/li>\n<li style='margin-bottom: 5px;'>Antivand\u00e1lica IK10<\/li>\n<li style='margin-bottom: 5px;'>Protecci\u00f3n contra sobre tensiones y voltajes transitorios<\/li>\n<li style='margin-bottom: 5px;'>Dimensiones: \u00d8111 mm \u00d7 82.4 mm<\/li>\n<li style='margin-bottom: 5px;'>Peso: 360 grs<\/li>\n<\/ul><\/div>\n<\/p><\/div>\n<p> <!-- Accesorios Compatibles --> <\/p>\n<div style='border: 1px solid rgba(150&comma; 150&comma; 150&comma; 0.4); border-radius: 8px; overflow: hidden; margin-bottom: 20px;'>\n<div style='padding: 15px; border-bottom: 1px solid rgba(150&comma; 150&comma; 150&comma; 0.2); font-weight: bold; font-size: 18px; color: inherit; background-color: #df001e;'>Accesorios Compatibles<\/div>\n<div style='padding: 15px; color: inherit;'>\n<ul style='padding-left: 20px; margin: 0; font-size: 14px; list-style-type: disc;'>\n<li style='margin-bottom: 5px;'>Consulte la ficha t\u00e9cnica para validar los accesorios compatibles&comma; de clic <a href='https:\/\/ftp3.syscom.mx\/usuarios\/emendoza\/elesbanmch\/HIKVISON\/EDICIONES\/DS-2CD1143G0-I%2B%28C%29_Datasheet_20240530.pdf?_gl=1*1x6qkbs*_gcl_au*NTA4MzI1MjQ1LjE3NTMxMjEwMDI.' target='_blank' rel='noopener' style='color: inherit; text-decoration: underline;'>Aqu\u00ed<\/a><\/li>\n<\/ul><\/div>\n<\/p><\/div>\n<\/p><\/div>\n<\/p><\/div>\n<p> <!-- Consideraciones --> <\/p>\n<div style='border: 1px solid rgba(150&comma; 150&comma; 150&comma; 0.4); border-radius: 8px; overflow: hidden; margin: 30px 0;'>\n<div style='padding: 15px; border-bottom: 1px solid rgba(150&comma; 150&comma; 150&comma; 0.2); font-weight: bold; font-size: 18px; color: inherit; background-color: #df001e;'>Consideraciones<\/div>\n<div style='padding: 15px; color: inherit;'>\n<ul style='padding-left: 20px; margin: 0; font-size: 14px; list-style-type: disc;'>\n<li style='margin-bottom: 5px;'>La c\u00e1mara es 2-Axis<\/li>\n<\/ul><\/div>\n<\/p><\/div>\n<p> <!-- Imagen final --> <\/p>\n<div style='text-align: center; margin: 30px 0;'> <img style='width: 100%; height: auto; border: 1px solid rgba(150&comma;150&comma;150&comma;0.3); border-radius: 8px;' src='https:\/\/ftp3.syscom.mx\/usuarios\/jsosa\/HIKVISION\/imagenes\/banners\/solution%20complete.png' alt='Soluci\u00f3n completa'> <\/div>\n<\/p><\/div>\n","protected":false},"excerpt":{"rendered":"<p>Domo IP 4 Megapixel \/ Lente 2.8 mm \/ 30 mts IR \/ WDR 120 dB \/ Exterior IP67 \/ Hik-Connect P2P \/ H.265+ \/ PoE \/ ONVIF<\/p>\n","protected":false},"featured_media":105822,"comment_status":"open","ping_status":"closed","template":"","meta":[],"product_brand":[],"product_cat":[2056],"product_tag":[122,2057,54],"class_list":{"0":"post-105823","1":"product","2":"type-product","3":"status-publish","4":"has-post-thumbnail","6":"product_cat-domo-eyeball-turret","7":"product_tag-camaras-ip-y-nvrs","8":"product_tag-domo-eyeball-turret","9":"product_tag-hikvision","11":"first","12":"instock","13":"sale","14":"shipping-taxable","15":"purchasable","16":"product-type-simple"},"_links":{"self":[{"href":"https:\/\/soydeaqui.ddns.net\/pachuca\/index.php\/wp-json\/wp\/v2\/product\/105823","targetHints":{"allow":["GET"]}}],"collection":[{"href":"https:\/\/soydeaqui.ddns.net\/pachuca\/index.php\/wp-json\/wp\/v2\/product"}],"about":[{"href":"https:\/\/soydeaqui.ddns.net\/pachuca\/index.php\/wp-json\/wp\/v2\/types\/product"}],"replies":[{"embeddable":true,"href":"https:\/\/soydeaqui.ddns.net\/pachuca\/index.php\/wp-json\/wp\/v2\/comments?post=105823"}],"wp:featuredmedia":[{"embeddable":true,"href":"https:\/\/soydeaqui.ddns.net\/pachuca\/index.php\/wp-json\/wp\/v2\/media\/105822"}],"wp:attachment":[{"href":"https:\/\/soydeaqui.ddns.net\/pachuca\/index.php\/wp-json\/wp\/v2\/media?parent=105823"}],"wp:term":[{"taxonomy":"product_brand","embeddable":true,"href":"https:\/\/soydeaqui.ddns.net\/pachuca\/index.php\/wp-json\/wp\/v2\/product_brand?post=105823"},{"taxonomy":"product_cat","embeddable":true,"href":"https:\/\/soydeaqui.ddns.net\/pachuca\/index.php\/wp-json\/wp\/v2\/product_cat?post=105823"},{"taxonomy":"product_tag","embeddable":true,"href":"https:\/\/soydeaqui.ddns.net\/pachuca\/index.php\/wp-json\/wp\/v2\/product_tag?post=105823"}],"curies":[{"name":"wp","href":"https:\/\/api.w.org\/{rel}","templated":true}]}}