{"id":105802,"date":"2026-03-20T15:43:24","date_gmt":"2026-03-20T15:43:24","guid":{"rendered":"https:\/\/soydeaqui.ddns.net\/pachuca\/index.php\/producto\/mini-video-intercomunicador-para-hoteleria-y-hospitales-con-diseno-elegante-poe-camara-1mpx-1-boton-1-relevador-integrado-de-salida-y-entrada\/"},"modified":"2026-03-20T15:43:32","modified_gmt":"2026-03-20T15:43:32","slug":"mini-video-intercomunicador-para-hoteleria-y-hospitales-con-diseno-elegante-poe-camara-1mpx-1-boton-1-relevador-integrado-de-salida-y-entrada","status":"publish","type":"product","link":"https:\/\/soydeaqui.ddns.net\/pachuca\/index.php\/producto\/mini-video-intercomunicador-para-hoteleria-y-hospitales-con-diseno-elegante-poe-camara-1mpx-1-boton-1-relevador-integrado-de-salida-y-entrada\/","title":{"rendered":"Mini video Intercomunicador para hoteler\u00eda y hospitales, con dise\u00f1o elegante, PoE, c\u00e1mara 1Mpx, 1 bot\u00f3n, 1 relevador integrado de salida y entrada."},"content":{"rendered":"<div style='width: 100%; max-width: 1200px; margin: 0 auto; font-family: sans-serif; line-height: 1.6; color: inherit; background-color: transparent;'>\n<p style='font-size: 15px; margin-bottom: 20px; color: inherit;'>El mini intercomunicador SIP i10S \/ i10SV est\u00e1 dise\u00f1ado para espacios en interior con protecci\u00f3n IP54 resistente al agua y al polvo. Admite la instalaci\u00f3n de montaje en pared. Combina seguridad&comma; audio \/ video&comma; funcionalidades de intercomunicaci\u00f3n ofreciendo una soluci\u00f3n de comunicaci\u00f3n cualificada para usuarios. Se puede instalar en ba\u00f1os de hoteles&comma; escuelas&comma; entradas de oficinas&comma; entradas en apartamentos&comma; supermercados&comma; etc. A su vez&comma; permite la configuraci\u00f3n con m\u00faltiples plataformas de IP-PBX y funciona sin necesidad de IP-PBX por configuraci\u00f3n Peer to Peer.<\/p>\n<div style='display: flex; flex-wrap: wrap; gap: 30px; margin-bottom: 30px;'>\n<div style='flex: 1 1 300px; min-width: 280px;'>\n<div style='border-left: 5px solid #FF0800; border-radius: 5px; padding: 5px; box-shadow: 2px 2px 10px rgba(216&comma;216&comma;216&comma;0.4);'> <strong style='font-size: 18px; color: inherit; display: block; margin-bottom: 10px;'>Caracter\u00edsticas principales:<\/strong> <\/p>\n<ul style='padding-left: 20px; font-size: 14px; color: inherit; margin: 0;'>\n<li style='margin-bottom: 5px;'>2 L\u00edneas SIP.<\/li>\n<li style='margin-bottom: 5px;'>Con 1 relevador y un puerto de entrada para conexi\u00f3n de lectoras&comma; sensores&comma; botones&comma; etc.<\/li>\n<li style='margin-bottom: 5px;'>C\u00e1mara HD incorporada.<\/li>\n<li style='margin-bottom: 5px;'>Audio HD.<\/li>\n<li style='margin-bottom: 5px;'>Altavoz incorporado de 1W y cancelador de eco ac\u00fastico (AEC).<\/li>\n<li style='margin-bottom: 5px;'>Interfaz de entrada \/ salida de circuito corto incorporada.<\/li>\n<li style='margin-bottom: 5px;'>Compatible con las principales plataformas: Grandstream UCM62XX&comma; UCM63XX&comma; Asterisk&comma; Broadsoft&comma; 3CX&comma; Elastix&comma; Avaya etc.<\/li>\n<li style='margin-bottom: 5px;'>Garant\u00eda: 1 a\u00f1o.<\/li>\n<\/ul><\/div>\n<\/p><\/div>\n<div style='flex: 1 1 300px; min-width: 280px;'>\n<div style='border-left: 5px solid #FF0800; border-radius: 5px; padding: 5px; box-shadow: 2px 2px 10px rgba(216&comma;216&comma;216&comma;0.4);'> <strong style='font-size: 18px; color: inherit; display: block; margin-bottom: 10px;'>Caracter\u00edsticas F\u00edsicas y El\u00e9ctricas:<\/strong> <\/p>\n<ul style='padding-left: 20px; font-size: 14px; color: inherit; margin: 0;'>\n<li style='margin-bottom: 5px;'>Alimentaci\u00f3n v\u00eda PoE 802.3af o 12Vcc&comma; 1.0A (fuente no incluida).<\/li>\n<li style='margin-bottom: 5px;'>Montaje en pared.<\/li>\n<li style='margin-bottom: 5px;'>Nivel de protecci\u00f3n: IP54.<\/li>\n<li style='margin-bottom: 5px;'>Material: ABS.<\/li>\n<li style='margin-bottom: 5px;'>Temperatura de operaci\u00f3n: -20\u00ba ~ 50\u00ba C.<\/li>\n<li style='margin-bottom: 5px;'>Dimensiones: 88 \u00d7 88 \u00d7 31 mm.<\/li>\n<li style='margin-bottom: 5px;'>1 puerto RJ45.<\/li>\n<\/ul><\/div>\n<\/p><\/div>\n<div style='flex: 1 1 300px; min-width: 280px;'>\n<div style='border-left: 5px solid #FF0800; border-radius: 5px; padding: 5px; box-shadow: 2px 2px 10px rgba(216&comma;216&comma;216&comma;0.4);'> <strong style='font-size: 18px; color: inherit; display: block; margin-bottom: 10px;'>Caracter\u00edsticas de Video y Red:<\/strong> <\/p>\n<ul style='padding-left: 20px; font-size: 14px; color: inherit; margin: 0;'>\n<li style='margin-bottom: 5px;'>Puerto Ethernet 10\/100 Mbps.<\/li>\n<li style='margin-bottom: 5px;'>Configuraci\u00f3n IP: Est\u00e1tico \/ DHCP\/ PPPoE.<\/li>\n<li style='margin-bottom: 5px;'>VPN: L2TP \/ OpenVPN.<\/li>\n<li style='margin-bottom: 5px;'>VLAN.<\/li>\n<li style='margin-bottom: 5px;'>QoS.<\/li>\n<li style='margin-bottom: 5px;'>RTP\/RTCP\/SRTP.<\/li>\n<li style='margin-bottom: 5px;'>P\u00edxeles: 2 Mega.<\/li>\n<li style='margin-bottom: 5px;'>Resoluci\u00f3n: 720P&comma; 1080P.<\/li>\n<li style='margin-bottom: 5px;'>Sensor: 1\/5\u201d color CMOS.<\/li>\n<li style='margin-bottom: 5px;'>C\u00f3dec video H.264.<\/li>\n<\/ul><\/div>\n<\/p><\/div>\n<\/p><\/div>\n<div style='margin: 30px 0;'>\n<h2 style='font-size: 20px; margin-bottom: 15px; color: inherit;'>Aplicaci\u00f3n de intercomunicaci\u00f3n del i10 en Hoteles y Hospitales.<\/h2>\n<p> <img style='width: 100%; height: auto; border: 1px solid rgba(150&comma;150&comma;150&comma;0.3); border-radius: 8px;' src='https:\/\/ftp3.syscom.mx\/usuarios\/esanchez\/FANVIL\/I10\/Captura%20de%20pantalla%202019-11-01%20a%20la%28s%29%2014.09.02.png' alt=''> <\/div>\n<div style='margin: 30px 0;'>\n<h2 style='font-size: 20px; margin-bottom: 15px; color: inherit;'>Aplicaci\u00f3n de intercomunicaci\u00f3n del i10 en Hoteles y Hospitales sin IP-PBX.<\/h2>\n<p> <img style='width: 100%; height: auto; border: 1px solid rgba(150&comma;150&comma;150&comma;0.3); border-radius: 8px;' src='https:\/\/ftp3.syscom.mx\/usuarios\/esanchez\/FANVIL\/I10\/Captura%20de%20pantalla%202019-11-01%20a%20la%28s%29%2014.38.23.png' alt=''> <\/div>\n<\/p><\/div>\n","protected":false},"excerpt":{"rendered":"<p>Mini video Intercomunicador para hoteler\u00eda y hospitales, con dise\u00f1o elegante, PoE, c\u00e1mara 1Mpx, 1 bot\u00f3n, 1 relevador integrado de salida y entrada.<\/p>\n","protected":false},"featured_media":105801,"comment_status":"open","ping_status":"closed","template":"","meta":[],"product_brand":[],"product_cat":[856],"product_tag":[859,557,857],"class_list":{"0":"post-105802","1":"product","2":"type-product","3":"status-publish","4":"has-post-thumbnail","6":"product_cat-videoporteros-ip","7":"product_tag-fanvil","8":"product_tag-videoporteros-e-interfonos","9":"product_tag-videoporteros-ip","11":"first","12":"instock","13":"sale","14":"shipping-taxable","15":"purchasable","16":"product-type-simple"},"_links":{"self":[{"href":"https:\/\/soydeaqui.ddns.net\/pachuca\/index.php\/wp-json\/wp\/v2\/product\/105802","targetHints":{"allow":["GET"]}}],"collection":[{"href":"https:\/\/soydeaqui.ddns.net\/pachuca\/index.php\/wp-json\/wp\/v2\/product"}],"about":[{"href":"https:\/\/soydeaqui.ddns.net\/pachuca\/index.php\/wp-json\/wp\/v2\/types\/product"}],"replies":[{"embeddable":true,"href":"https:\/\/soydeaqui.ddns.net\/pachuca\/index.php\/wp-json\/wp\/v2\/comments?post=105802"}],"wp:featuredmedia":[{"embeddable":true,"href":"https:\/\/soydeaqui.ddns.net\/pachuca\/index.php\/wp-json\/wp\/v2\/media\/105801"}],"wp:attachment":[{"href":"https:\/\/soydeaqui.ddns.net\/pachuca\/index.php\/wp-json\/wp\/v2\/media?parent=105802"}],"wp:term":[{"taxonomy":"product_brand","embeddable":true,"href":"https:\/\/soydeaqui.ddns.net\/pachuca\/index.php\/wp-json\/wp\/v2\/product_brand?post=105802"},{"taxonomy":"product_cat","embeddable":true,"href":"https:\/\/soydeaqui.ddns.net\/pachuca\/index.php\/wp-json\/wp\/v2\/product_cat?post=105802"},{"taxonomy":"product_tag","embeddable":true,"href":"https:\/\/soydeaqui.ddns.net\/pachuca\/index.php\/wp-json\/wp\/v2\/product_tag?post=105802"}],"curies":[{"name":"wp","href":"https:\/\/api.w.org\/{rel}","templated":true}]}}