{"id":10574,"date":"2026-03-18T07:38:00","date_gmt":"2026-03-18T07:38:00","guid":{"rendered":"https:\/\/soydeaqui.ddns.net\/pachuca\/index.php\/producto\/conector-de-fibra-ptica-pre-pulido-lightbow-sc-upc-simplex-monomodo-os1-os2-re-terminable-color-azul\/"},"modified":"2026-03-18T07:38:04","modified_gmt":"2026-03-18T07:38:04","slug":"conector-de-fibra-ptica-pre-pulido-lightbow-sc-upc-simplex-monomodo-os1-os2-re-terminable-color-azul","status":"publish","type":"product","link":"https:\/\/soydeaqui.ddns.net\/pachuca\/index.php\/producto\/conector-de-fibra-ptica-pre-pulido-lightbow-sc-upc-simplex-monomodo-os1-os2-re-terminable-color-azul\/","title":{"rendered":"Conector de Fibra ?ptica Pre-Pulido LightBow SC\/UPC Simplex, Monomodo OS1\/OS2, Re-Terminable, Color Azul"},"content":{"rendered":"<div style='width: 100%; max-width: 1200px; margin: 0 auto; font-family: sans-serif; line-height: 1.6; color: inherit; background-color: transparent;'>\n<div style='width: 100%;'> <img style='width: 100%; height: auto; border: 1px solid rgba(150&comma;150&comma;150&comma;0.3); border-radius: 8px;' src='https:\/\/ftp3.syscom.mx\/usuarios\/fotos\/FC1LBSCU9BL\/143658-siemonarriba.jpg' alt=''> <\/div>\n<div style='margin: 30px 0;'>\n<p>En combinaci\u00f3n con la exclusiva herramienta de terminaci\u00f3n con patente de Siemon&comma; los conectores pre-pulidos LightBow se pueden implementar con gran velocidad de terminaci\u00f3n y con capacidad de ajustar o re-terminar. Disponibles en configuraciones LC y SC&comma; soportan versiones monomodo y multimodo de soluciones XGLO y LightSystem de Siemon.<\/p>\n<p>Parte de LightHouse\u2122 la soluci\u00f3n de fibra avanzada de Siemon&comma; LightBow\u2122 es el sistema de terminaci\u00f3n de Fibra \u00d3ptica con patente pendiente en su herramienta de terminaci\u00f3n y conectores pre-pulidos de empalme mec\u00e1nico&comma; reduce significativamente el tiempo de terminaci\u00f3n&comma; evita la contaminaci\u00f3n de la superficie de contacto&comma; elimina espacios de aire&comma; habilita una f\u00e1cil verificaci\u00f3n de las terminaciones a trav\u00e9s de una ventana VFL (Localizador Visual de Fallas) y ofrece la posibilidad de re-terminar el conector.<\/p>\n<p>La l\u00ednea de productos LightBow\u2122 es la sustituci\u00f3n de la l\u00ednea de productos XLR8\u2122.<\/p>\n<\/p><\/div>\n<div style='display: flex; flex-wrap: wrap; gap: 30px; margin-bottom: 30px;'>\n<div style='flex: 1 1 300px; min-width: 280px;'>\n<h3 style='font-size: 22px; border-bottom: 2px solid currentColor; padding-bottom: 5px; margin-top: 0; color: inherit; opacity: 0.8;'>Rendimiento \u00f3ptico<\/h3>\n<ul style='padding-left: 20px; font-size: 15px; color: inherit;'>\n<li style='margin-bottom: 5px;'><strong>P\u00e9rdida de inserci\u00f3n (t\u00edpico):<\/strong><\/li>\n<li style='margin-bottom: 5px;'>MM: 0.20dB<\/li>\n<li style='margin-bottom: 5px;'>SM: UPC 0.20dB<\/li>\n<li style='margin-bottom: 5px;'>SM: APC 0.30dB<\/li>\n<\/ul><\/div>\n<div style='flex: 1 1 300px; min-width: 280px;'>\n<h3 style='font-size: 22px; border-bottom: 2px solid currentColor; padding-bottom: 5px; margin-top: 0; color: inherit; opacity: 0.8;'>&nbsp;<\/h3>\n<ul style='padding-left: 20px; font-size: 15px; color: inherit;'>\n<li style='margin-bottom: 5px;'><strong>P\u00e9rdida de retorno (t\u00edpico):<\/strong><\/li>\n<li style='margin-bottom: 5px;'>MM: -37 dB<\/li>\n<li style='margin-bottom: 5px;'>SM: UPC -55dB<\/li>\n<li style='margin-bottom: 5px;'>SM: APC\n<ul style='padding-left: 20px; margin-top: 5px; margin-bottom: 5px;'>\n<li style='margin-bottom: 5px;'>60 DB para 1310 nm<\/li>\n<li style='margin-bottom: 5px;'>65dB Para 1550 nm<\/li>\n<\/ul>\n<\/li>\n<\/ul><\/div>\n<\/p><\/div>\n<div style='width: 100%; margin: 30px 0;'> <img style='width: 100%; height: auto; border: 1px solid rgba(150&comma;150&comma;150&comma;0.3); border-radius: 8px;' src='https:\/\/ftp3.syscom.mx\/usuarios\/fotos\/FC1LBSCU9BL\/143658-sc_conector_siemon.png' alt=''> <\/div>\n<div style='text-align: center; margin: 30px 0;'>\n<div style='font-weight: bold; font-size: 18px; margin-bottom: 15px; color: inherit;'>Terminaci\u00f3n de Conectores Lightbow<\/div>\n<div style='position: relative; padding-bottom: 56.25%; height: 0; overflow: hidden; margin: 0 auto;'>   <\/div>\n<\/p><\/div>\n<div style='width: 100%; margin: 30px 0;'> <img style='width: 100%; height: auto; border: 1px solid rgba(150&comma;150&comma;150&comma;0.3); border-radius: 8px;' src='https:\/\/ftp3.syscom.mx\/usuarios\/fotos\/FC1LBSCU9BL\/143658-siemonabajo.png' alt=''> <\/div>\n<\/p><\/div>\n","protected":false},"excerpt":{"rendered":"<p>Conector de Fibra ?ptica Pre-Pulido LightBow SC\/UPC Simplex, Monomodo OS1\/OS2, Re-Terminable, Color Azul<\/p>\n","protected":false},"featured_media":10573,"comment_status":"open","ping_status":"closed","template":"","meta":[],"product_brand":[],"product_cat":[615],"product_tag":[616,611,600],"class_list":{"0":"post-10574","1":"product","2":"type-product","3":"status-publish","4":"has-post-thumbnail","6":"product_cat-conectores","7":"product_tag-conectores","8":"product_tag-fibra-optica","9":"product_tag-siemon","11":"first","12":"instock","13":"sale","14":"shipping-taxable","15":"purchasable","16":"product-type-simple"},"_links":{"self":[{"href":"https:\/\/soydeaqui.ddns.net\/pachuca\/index.php\/wp-json\/wp\/v2\/product\/10574","targetHints":{"allow":["GET"]}}],"collection":[{"href":"https:\/\/soydeaqui.ddns.net\/pachuca\/index.php\/wp-json\/wp\/v2\/product"}],"about":[{"href":"https:\/\/soydeaqui.ddns.net\/pachuca\/index.php\/wp-json\/wp\/v2\/types\/product"}],"replies":[{"embeddable":true,"href":"https:\/\/soydeaqui.ddns.net\/pachuca\/index.php\/wp-json\/wp\/v2\/comments?post=10574"}],"wp:featuredmedia":[{"embeddable":true,"href":"https:\/\/soydeaqui.ddns.net\/pachuca\/index.php\/wp-json\/wp\/v2\/media\/10573"}],"wp:attachment":[{"href":"https:\/\/soydeaqui.ddns.net\/pachuca\/index.php\/wp-json\/wp\/v2\/media?parent=10574"}],"wp:term":[{"taxonomy":"product_brand","embeddable":true,"href":"https:\/\/soydeaqui.ddns.net\/pachuca\/index.php\/wp-json\/wp\/v2\/product_brand?post=10574"},{"taxonomy":"product_cat","embeddable":true,"href":"https:\/\/soydeaqui.ddns.net\/pachuca\/index.php\/wp-json\/wp\/v2\/product_cat?post=10574"},{"taxonomy":"product_tag","embeddable":true,"href":"https:\/\/soydeaqui.ddns.net\/pachuca\/index.php\/wp-json\/wp\/v2\/product_tag?post=10574"}],"curies":[{"name":"wp","href":"https:\/\/api.w.org\/{rel}","templated":true}]}}