{"id":105663,"date":"2026-03-20T15:35:55","date_gmt":"2026-03-20T15:35:55","guid":{"rendered":"https:\/\/soydeaqui.ddns.net\/pachuca\/index.php\/producto\/bala-ip-2-megapixel-80-mts-ir-lente-mot-2-8-12-mm-anticorrosivo-ultra-low-light-wdr-120-db-exterior-ip67-onvif-c5-m-nema-4x-wiper\/"},"modified":"2026-03-20T15:35:57","modified_gmt":"2026-03-20T15:35:57","slug":"bala-ip-2-megapixel-80-mts-ir-lente-mot-2-8-12-mm-anticorrosivo-ultra-low-light-wdr-120-db-exterior-ip67-onvif-c5-m-nema-4x-wiper","status":"publish","type":"product","link":"https:\/\/soydeaqui.ddns.net\/pachuca\/index.php\/producto\/bala-ip-2-megapixel-80-mts-ir-lente-mot-2-8-12-mm-anticorrosivo-ultra-low-light-wdr-120-db-exterior-ip67-onvif-c5-m-nema-4x-wiper\/","title":{"rendered":"Bala IP 2 Megapixel \/ 80 mts IR \/ Lente Mot. 2.8 &#8211; 12 mm \/ Anticorrosivo \/ Ultra Low Light \/ WDR 120 dB \/ Exterior IP67 \/ ONVIF \/ C5-M \/ NEMA 4X \/ Wiper"},"content":{"rendered":"<div style='width: 100%; max-width: 1200px; margin: 0 auto; font-family: sans-serif; line-height: 1.6; color: inherit; background-color: transparent;'> <!-- Logo --> <\/p>\n<div style='text-align: center; margin-bottom: 30px;'> <img style='width: 50%; max-width: 300px; height: auto; border: 1px solid rgba(150&comma;150&comma;150&comma;0.3); border-radius: 8px;' src='http:\/\/ftp3.syscom.mx\/usuarios\/jdelafuente\/HIKVISION\/hikvision%20logo%20complete.png' alt='Logo Hikvision'> <\/div>\n<p> <!-- Videos --> <\/p>\n<div style='display: flex; flex-wrap: wrap; gap: 30px; margin-bottom: 30px;'>\n<div style='flex: 1 1 300px; min-width: 280px;'>\n<div style='position: relative; padding-bottom: 56.25%; height: 0; overflow: hidden; margin-bottom: 30px;'>   <\/div>\n<\/p><\/div>\n<div style='flex: 1 1 300px; min-width: 280px;'>\n<div style='position: relative; padding-bottom: 56.25%; height: 0; overflow: hidden; margin-bottom: 30px;'>   <\/div>\n<\/p><\/div>\n<\/p><\/div>\n<p> <!-- Secci\u00f3n de caracter\u00edsticas --> <\/p>\n<div style='display: flex; flex-wrap: wrap; gap: 30px; margin-bottom: 30px;'>\n<div style='flex: 1 1 300px; min-width: 280px;'>\n<h3 style='font-size: 22px; border-bottom: 2px solid currentColor; padding-bottom: 5px; margin-top: 0; color: inherit; opacity: 0.8;'>Caracter\u00edsticas principales<\/h3>\n<ul style='padding-left: 20px; font-size: 15px; color: inherit;'>\n<li style='margin-bottom: 5px;'>Sensor de imagen: 1\/1.8&#8242; CMOS Scan Progresivo.<\/li>\n<li style='margin-bottom: 5px;'>Iluminaci\u00f3n m\u00ednima: Color: 0.002 Lux @ (F1.2&comma; AGC ON).<\/li>\n<li style='margin-bottom: 5px;'>Velocidad del sutther: 1 s a 1\/100&comma;000 s.<\/li>\n<li style='margin-bottom: 5px;'>Dia \/ Noche real con filtro ICR.<\/li>\n<li style='margin-bottom: 5px;'>Lente Varifocal: 2.8 a 12 mm (\u00c1ngulo de visi\u00f3n: 94.2- 38.1\u00b0).<\/li>\n<li style='margin-bottom: 5px;'>Distancia de IR: 80 m con Smart IR.<\/li>\n<li style='margin-bottom: 5px;'>Funciones: WDR real 120 dB \/ 3D-DNR \/ HLC \/ BLC \/ Defog EIS \/ ROI<\/li>\n<li style='margin-bottom: 5px;'>Cruce de l\u00ednea \/ Intrusi\u00f3n de \u00e1rea \/ Detecci\u00f3n de rostros \/ Detecci\u00f3n de entrada\/salida de \u00e1rea \/ Objeto removido \/ Objeto olvidado.<\/li>\n<\/ul><\/div>\n<div style='flex: 1 1 300px; min-width: 280px;'>\n<h3 style='font-size: 22px; border-bottom: 2px solid currentColor; padding-bottom: 5px; margin-top: 0; color: inherit; opacity: 0.8;'>Caracter\u00edsticas F\u00edsicas y El\u00e9ctricas<\/h3>\n<ul style='padding-left: 20px; font-size: 15px; color: inherit;'>\n<li style='margin-bottom: 5px;'>Temperatura de operaci\u00f3n: -40 a 60 \u00b0C (-22 \u00b0F \u2013 140 \u00b0F)&comma; humedad 95%.<\/li>\n<li style='margin-bottom: 5px;'>Alimentaci\u00f3n: 24 VCA \/ 23.5 W. PoE 802.3at \/ 24 W.<\/li>\n<li style='margin-bottom: 5px;'>Aplicaci\u00f3n: Interior \/ Exterior<\/li>\n<li style='margin-bottom: 5px;'>Protecci\u00f3n: IP67&comma; Certificaci\u00f3n NEMA 4X&comma; C5-M.<\/li>\n<li style='margin-bottom: 5px;'>Dise\u00f1ada para ambientes h\u00famedos y con salitre (Costas&comma; plantas de agua&comma; plantas qu\u00edmicas&comma; barcos&comma; islas o todo ambiente que requiera un alto nivel anticorrosivo).<\/li>\n<li style='margin-bottom: 5px;'>Dimensiones: 179.9 x 203.2 x 468 mm (18.6&#8242; \u00d7 7.1&#8242; \u00d7 7.5&#8242;)<\/li>\n<li style='margin-bottom: 5px;'>Peso: 9.75 kg.<\/li>\n<\/ul><\/div>\n<div style='flex: 1 1 300px; min-width: 280px;'>\n<h3 style='font-size: 22px; border-bottom: 2px solid currentColor; padding-bottom: 5px; margin-top: 0; color: inherit; opacity: 0.8;'>Caracter\u00edsticas Destacadas<\/h3>\n<ul style='padding-left: 20px; font-size: 15px; color: inherit;'>\n<li style='margin-bottom: 5px;'>Soporta NAS: (NFS&comma; SMB\/CIFS) \/ ANR.<\/li>\n<li style='margin-bottom: 5px;'>Protocolos: ONVIF (PROFILE S \/ PROFILE G) \/ PSIA \/ CGI \/ ISAPI.<\/li>\n<li style='margin-bottom: 5px;'>Audio: 1 entrada y 1 salida.<\/li>\n<li style='margin-bottom: 5px;'>Red: 1 puerto RJ45 10 \/ 100 \/ 1000 Mbps.<\/li>\n<li style='margin-bottom: 5px;'>Alarma: 1 entrada y 1 salida.<\/li>\n<\/ul><\/div>\n<\/p><\/div>\n<p> <!-- Consideraciones --> <\/p>\n<div style='margin-bottom: 30px;'>\n<h3 style='font-size: 22px; border-bottom: 2px solid currentColor; padding-bottom: 5px; margin-top: 0; color: inherit; opacity: 0.8;'>Consideraciones<\/h3>\n<ul style='padding-left: 20px; font-size: 15px; color: inherit;'>\n<li style='margin-bottom: 5px;'><\/li>\n<\/ul><\/div>\n<p> <!-- Imagen final --> <\/p>\n<div style='margin-bottom: 30px;'> <img style='width: 100%; height: auto; border: 1px solid rgba(150&comma;150&comma;150&comma;0.3); border-radius: 8px;' src='http:\/\/ftp3.syscom.mx\/usuarios\/jdelafuente\/HIKVISION\/hikvision-solution%20banner.jpg' alt='Banner Hikvision'> <\/div>\n<p> <!-- Separador final --> <\/p>\n<hr style='border: 0; border-top: 1px solid rgba(150&comma; 150&comma; 150&comma; 0.3); margin: 30px 0;'> <\/div>\n","protected":false},"excerpt":{"rendered":"<p>Bala IP 2 Megapixel \/ 80 mts IR \/ Lente Mot. 2.8 &#8211; 12 mm \/ Anticorrosivo \/ Ultra Low Light \/ WDR 120 dB \/ Exterior IP67 \/ ONVIF \/ C5-M \/ NEMA 4X \/ Wiper<\/p>\n","protected":false},"featured_media":105662,"comment_status":"open","ping_status":"closed","template":"","meta":[],"product_brand":[],"product_cat":[2289],"product_tag":[2290,122,54],"class_list":{"0":"post-105663","1":"product","2":"type-product","3":"status-publish","4":"has-post-thumbnail","6":"product_cat-ambientes-salinos-anticorrosion","7":"product_tag-ambientes-salinos-anticorrosion","8":"product_tag-camaras-ip-y-nvrs","9":"product_tag-hikvision","11":"first","12":"outofstock","13":"sale","14":"shipping-taxable","15":"purchasable","16":"product-type-simple"},"_links":{"self":[{"href":"https:\/\/soydeaqui.ddns.net\/pachuca\/index.php\/wp-json\/wp\/v2\/product\/105663","targetHints":{"allow":["GET"]}}],"collection":[{"href":"https:\/\/soydeaqui.ddns.net\/pachuca\/index.php\/wp-json\/wp\/v2\/product"}],"about":[{"href":"https:\/\/soydeaqui.ddns.net\/pachuca\/index.php\/wp-json\/wp\/v2\/types\/product"}],"replies":[{"embeddable":true,"href":"https:\/\/soydeaqui.ddns.net\/pachuca\/index.php\/wp-json\/wp\/v2\/comments?post=105663"}],"wp:featuredmedia":[{"embeddable":true,"href":"https:\/\/soydeaqui.ddns.net\/pachuca\/index.php\/wp-json\/wp\/v2\/media\/105662"}],"wp:attachment":[{"href":"https:\/\/soydeaqui.ddns.net\/pachuca\/index.php\/wp-json\/wp\/v2\/media?parent=105663"}],"wp:term":[{"taxonomy":"product_brand","embeddable":true,"href":"https:\/\/soydeaqui.ddns.net\/pachuca\/index.php\/wp-json\/wp\/v2\/product_brand?post=105663"},{"taxonomy":"product_cat","embeddable":true,"href":"https:\/\/soydeaqui.ddns.net\/pachuca\/index.php\/wp-json\/wp\/v2\/product_cat?post=105663"},{"taxonomy":"product_tag","embeddable":true,"href":"https:\/\/soydeaqui.ddns.net\/pachuca\/index.php\/wp-json\/wp\/v2\/product_tag?post=105663"}],"curies":[{"name":"wp","href":"https:\/\/api.w.org\/{rel}","templated":true}]}}