{"id":105661,"date":"2026-03-20T15:35:50","date_gmt":"2026-03-20T15:35:50","guid":{"rendered":"https:\/\/soydeaqui.ddns.net\/pachuca\/index.php\/producto\/placa-para-receptaculo-sencillo-20-y-30-a-de-media-vuelta-1-6-40-mm-acero-inoxidable\/"},"modified":"2026-03-20T15:35:51","modified_gmt":"2026-03-20T15:35:51","slug":"placa-para-receptaculo-sencillo-20-y-30-a-de-media-vuelta-1-6-40-mm-acero-inoxidable","status":"publish","type":"product","link":"https:\/\/soydeaqui.ddns.net\/pachuca\/index.php\/producto\/placa-para-receptaculo-sencillo-20-y-30-a-de-media-vuelta-1-6-40-mm-acero-inoxidable\/","title":{"rendered":"Placa para Receptaculo Sencillo 20 y 30 A de Media Vuelta\/ 1.6&#8243; (40 mm) \/ Acero Inoxidable."},"content":{"rendered":"<div style='width: 100%; max-width: 1200px; margin: 0 auto; font-family: sans-serif; line-height: 1.6; color: inherit; background-color: transparent;'> <!-- Descripci\u00f3n principal --> <\/p>\n<div style='margin-bottom: 30px;'>\n<p style='font-size: 15px; margin: 0; color: inherit;'> Dispositivos Twist-Lock\u00ae&comma; placa de pared&comma; 1 unidad&comma; accesorio para dispositivos de 20 y 30 amperios de 3&comma; 4 y 5 cables&comma; acero inoxidable 302\/304&comma; .035 pulg. (0.9)&comma; acabado cepillado horizontal comercial. <\/p>\n<\/p><\/div>\n<p> <!-- Secci\u00f3n de caracter\u00edsticas --> <\/p>\n<div style='display: flex; flex-wrap: wrap; gap: 30px; margin-bottom: 30px;'>\n<div style='flex: 1 1 300px; min-width: 280px;'>\n<h3 style='font-size: 22px; border-bottom: 2px solid currentColor; padding-bottom: 5px; margin-top: 0; color: inherit; opacity: 0.8;'>Caracter\u00edsticas<\/h3>\n<ul style='padding-left: 20px; font-size: 15px; color: inherit;'>\n<li style='margin-bottom: 5px;'>Ideal para medioambientes altamente corrosivos<\/li>\n<li style='margin-bottom: 5px;'>No magn\u00e9tica<\/li>\n<li style='margin-bottom: 5px;'>La Pel\u00edcula protectora de pl\u00e1stico ayuda a prevenir rayaduras y da\u00f1os<\/li>\n<\/ul><\/div>\n<\/p><\/div>\n<p> <!-- Secci\u00f3n de especificaciones --> <\/p>\n<div style='display: flex; flex-wrap: wrap; gap: 20px; margin-bottom: 30px;'>\n<div style='flex: 1 1 250px; border: 1px solid rgba(150&comma; 150&comma; 150&comma; 0.4); border-radius: 8px; overflow: hidden; display: flex; flex-direction: column;'>\n<div style='padding: 15px; border-bottom: 1px solid rgba(150&comma; 150&comma; 150&comma; 0.2); font-weight: bold; font-size: 18px; color: inherit;'>Especificaciones<\/div>\n<div style='padding: 15px; color: inherit;'>\n<ul style='padding-left: 20px; margin: 0; font-size: 14px; list-style-type: disc;'>\n<li style='margin-bottom: 5px;'><strong>Material:<\/strong> Acero inoxidable 302\/304<\/li>\n<li style='margin-bottom: 5px;'><strong>Tipo:<\/strong> Placa<\/li>\n<li style='margin-bottom: 5px;'><strong>Aberturas:<\/strong> 1 Simple de 1.6&#8242; (40.6 mm)<\/li>\n<li style='margin-bottom: 5px;'><strong>Montaje:<\/strong> Pared&comma; tornillos<\/li>\n<li style='margin-bottom: 5px;'><strong>Tornillos de montaje:<\/strong> Acero inoxidable 302\/304&comma; cabeza ranurada<\/li>\n<li style='margin-bottom: 5px;'><strong>Acabado:<\/strong> Apariencia de cepillado horizontal comercial<\/li>\n<\/ul><\/div>\n<\/p><\/div>\n<\/p><\/div>\n<p> <!-- Separador --> <\/p>\n<hr style='border: 0; border-top: 1px solid rgba(150&comma; 150&comma; 150&comma; 0.3); margin: 30px 0;'> <\/div>\n","protected":false},"excerpt":{"rendered":"<p>Placa para Receptaculo Sencillo 20 y 30 A de Media Vuelta\/ 1.6&#8243; (40 mm) \/ Acero Inoxidable.<\/p>\n","protected":false},"featured_media":105660,"comment_status":"open","ping_status":"closed","template":"","meta":[],"product_brand":[],"product_cat":[655],"product_tag":[572,699,656],"class_list":{"0":"post-105661","1":"product","2":"type-product","3":"status-publish","4":"has-post-thumbnail","6":"product_cat-tuberia-metalica-conduit-accesorios","7":"product_tag-canalizacion","8":"product_tag-raco","9":"product_tag-tuberia-metalica-conduit-accesorios","11":"first","12":"instock","13":"sale","14":"shipping-taxable","15":"purchasable","16":"product-type-simple"},"_links":{"self":[{"href":"https:\/\/soydeaqui.ddns.net\/pachuca\/index.php\/wp-json\/wp\/v2\/product\/105661","targetHints":{"allow":["GET"]}}],"collection":[{"href":"https:\/\/soydeaqui.ddns.net\/pachuca\/index.php\/wp-json\/wp\/v2\/product"}],"about":[{"href":"https:\/\/soydeaqui.ddns.net\/pachuca\/index.php\/wp-json\/wp\/v2\/types\/product"}],"replies":[{"embeddable":true,"href":"https:\/\/soydeaqui.ddns.net\/pachuca\/index.php\/wp-json\/wp\/v2\/comments?post=105661"}],"wp:featuredmedia":[{"embeddable":true,"href":"https:\/\/soydeaqui.ddns.net\/pachuca\/index.php\/wp-json\/wp\/v2\/media\/105660"}],"wp:attachment":[{"href":"https:\/\/soydeaqui.ddns.net\/pachuca\/index.php\/wp-json\/wp\/v2\/media?parent=105661"}],"wp:term":[{"taxonomy":"product_brand","embeddable":true,"href":"https:\/\/soydeaqui.ddns.net\/pachuca\/index.php\/wp-json\/wp\/v2\/product_brand?post=105661"},{"taxonomy":"product_cat","embeddable":true,"href":"https:\/\/soydeaqui.ddns.net\/pachuca\/index.php\/wp-json\/wp\/v2\/product_cat?post=105661"},{"taxonomy":"product_tag","embeddable":true,"href":"https:\/\/soydeaqui.ddns.net\/pachuca\/index.php\/wp-json\/wp\/v2\/product_tag?post=105661"}],"curies":[{"name":"wp","href":"https:\/\/api.w.org\/{rel}","templated":true}]}}