{"id":105641,"date":"2026-03-20T15:34:48","date_gmt":"2026-03-20T15:34:48","guid":{"rendered":"https:\/\/soydeaqui.ddns.net\/pachuca\/index.php\/producto\/pantalla-interactiva-touch-de-75-con-lapiz-tactil-conectividad-wifi-usb-rj45-rs232-hdmi-salida-touch-tizen-so-compatible-con-vesa\/"},"modified":"2026-03-20T15:35:12","modified_gmt":"2026-03-20T15:35:12","slug":"pantalla-interactiva-touch-de-75-con-lapiz-tactil-conectividad-wifi-usb-rj45-rs232-hdmi-salida-touch-tizen-so-compatible-con-vesa","status":"publish","type":"product","link":"https:\/\/soydeaqui.ddns.net\/pachuca\/index.php\/producto\/pantalla-interactiva-touch-de-75-con-lapiz-tactil-conectividad-wifi-usb-rj45-rs232-hdmi-salida-touch-tizen-so-compatible-con-vesa\/","title":{"rendered":"Pantalla Interactiva Touch de 75&#8243; con L\u00e1piz T\u00e1ctil \/ conectividad Wifi \/ USB \/ RJ45 \/ RS232 \/ HDMI \/ Salida Touch \/ Tizen SO \/ compatible con VESA"},"content":{"rendered":"<div style='width: 100%; max-width: 1200px; margin: 0 auto; font-family: sans-serif; line-height: 1.6; color: inherit; background-color: transparent;'>\n<div style='display: flex; flex-wrap: wrap; gap: 30px; margin-bottom: 30px;'>\n<div style='flex: 1 1 300px; min-width: 280px;'>\n<h3 style='font-size: 22px; border-bottom: 2px solid currentColor; padding-bottom: 5px; margin-top: 0; color: inherit; opacity: 0.8;'>Caracter\u00edsticas principales<\/h3>\n<ul style='padding-left: 20px; font-size: 15px; color: inherit;'>\n<li style='margin-bottom: 5px;'>Tiempo de respuesta <strong>6ms<\/strong><\/li>\n<li style='margin-bottom: 5px;'>Nitidez <strong>350 cd\/m2<\/strong><\/li>\n<li style='margin-bottom: 5px;'>\u00c1ngulo de visi\u00f3n <strong>178:178<\/strong><\/li>\n<li style='margin-bottom: 5px;'>Bocinas integradas <strong>2 x 10W<\/strong><\/li>\n<li style='margin-bottom: 5px;'>Tiempo de respuesta t\u00e1ctil <strong>7 mseg<\/strong><\/li>\n<\/ul>\n<h3 style='font-size: 22px; border-bottom: 2px solid currentColor; padding-bottom: 5px; margin-top: 20px; color: inherit; opacity: 0.8;'>Incluye<\/h3>\n<ul style='padding-left: 20px; font-size: 15px; color: inherit;'>\n<li style='margin-bottom: 5px;'>Gu\u00eda de configuraci\u00f3n<\/li>\n<li style='margin-bottom: 5px;'>Cable de alimentaci\u00f3n<\/li>\n<li style='margin-bottom: 5px;'>L\u00e1p\u00edz t\u00e1ctil<\/li>\n<\/ul><\/div>\n<div style='flex: 1 1 300px; min-width: 280px;'>\n<h3 style='font-size: 22px; border-bottom: 2px solid currentColor; padding-bottom: 5px; margin-top: 0; color: inherit; opacity: 0.8;'>Funciones<\/h3>\n<ul style='padding-left: 20px; font-size: 15px; color: inherit;'>\n<li style='margin-bottom: 5px;'>Importar: Visualice la pantalla de un dispositivo m\u00f3vil o port\u00e1til v\u00eda red de datos o USB<\/li>\n<li style='margin-bottom: 5px;'>Exportar: Compartir sus creaciones v\u00eda USB&comma; email&comma; red de datos<\/li>\n<li style='margin-bottom: 5px;'>Dibujar\/Resaltar\/Borrar&comma; cambio de grosor y del color del l\u00e1piz t\u00e1ctil<\/li>\n<li style='margin-bottom: 5px;'>Multidibujos o creaciones por medio de multi listas<\/li>\n<li style='margin-bottom: 5px;'>Permite conexiones inal\u00e1mbricas WiFi<\/li>\n<li style='margin-bottom: 5px;'>Puede existir sincronizaci\u00f3n con software Smart View o Screen Mirroring<\/li>\n<li style='margin-bottom: 5px;'>Impresi\u00f3n de las creaciones a las impresoras disponibles en red<\/li>\n<\/ul><\/div>\n<div style='flex: 1 1 300px; min-width: 280px;'>\n<h3 style='font-size: 22px; border-bottom: 2px solid currentColor; padding-bottom: 5px; margin-top: 0; color: inherit; opacity: 0.8;'>Caracter\u00edsticas f\u00edsicas y el\u00e9ctricas<\/h3>\n<ul style='padding-left: 20px; font-size: 15px; color: inherit;'>\n<li style='margin-bottom: 5px;'>Dimensiones: <strong>1721 x 1019.3 x 75.2 mm<\/strong><\/li>\n<li style='margin-bottom: 5px;'>Orientaci\u00f3n horizontal&comma; vidrio de protecci\u00f3n<\/li>\n<li style='margin-bottom: 5px;'>Montaje VESA <strong>400 x 400 mm<\/strong> (no incluye montaje ni torniller\u00eda)<\/li>\n<li style='margin-bottom: 5px;'>Color del display: <strong>Negro<\/strong><\/li>\n<li style='margin-bottom: 5px;'>Alimentaci\u00f3n: <strong>100-240Vca 50\/60Hz<\/strong>&comma; consumo <strong>275 W<\/strong><\/li>\n<li style='margin-bottom: 5px;'>Temperatura de operaci\u00f3n: <strong>0\u00ba a 40\u00baC<\/strong><\/li>\n<li style='margin-bottom: 5px;'>Peso: <strong>58.3 Kg<\/strong><\/li>\n<\/ul><\/div>\n<\/p><\/div>\n<div style='width: 100%; margin: 30px 0;'> <img style='width: 100%; height: auto; border: 1px solid rgba(150&comma;150&comma;150&comma;0.3); border-radius: 8px;' src='https:\/\/ftp3.syscom.mx\/usuarios\/fotos\/WM75A\/203991-pc_flip_wm75a_10_4.jpeg' alt='Pantalla Interactiva Touch Samsung WM75A'> <\/div>\n<\/p><\/div>\n","protected":false},"excerpt":{"rendered":"<p>Pantalla Interactiva Touch de 75&#8243; con L\u00e1piz T\u00e1ctil \/ conectividad Wifi \/ USB \/ RJ45 \/ RS232 \/ HDMI \/ Salida Touch \/ Tizen SO \/ compatible con VESA<\/p>\n","protected":false},"featured_media":105640,"comment_status":"open","ping_status":"closed","template":"","meta":[],"product_brand":[],"product_cat":[2048],"product_tag":[2049,2193,2004],"class_list":{"0":"post-105641","1":"product","2":"type-product","3":"status-publish","4":"has-post-thumbnail","6":"product_cat-audio-video-conferencia","7":"product_tag-audio-video-conferencia","8":"product_tag-samsung-electronics","9":"product_tag-voip-telefonia-ip-videoconferencia","11":"first","12":"outofstock","13":"sale","14":"shipping-taxable","15":"purchasable","16":"product-type-simple"},"_links":{"self":[{"href":"https:\/\/soydeaqui.ddns.net\/pachuca\/index.php\/wp-json\/wp\/v2\/product\/105641","targetHints":{"allow":["GET"]}}],"collection":[{"href":"https:\/\/soydeaqui.ddns.net\/pachuca\/index.php\/wp-json\/wp\/v2\/product"}],"about":[{"href":"https:\/\/soydeaqui.ddns.net\/pachuca\/index.php\/wp-json\/wp\/v2\/types\/product"}],"replies":[{"embeddable":true,"href":"https:\/\/soydeaqui.ddns.net\/pachuca\/index.php\/wp-json\/wp\/v2\/comments?post=105641"}],"wp:featuredmedia":[{"embeddable":true,"href":"https:\/\/soydeaqui.ddns.net\/pachuca\/index.php\/wp-json\/wp\/v2\/media\/105640"}],"wp:attachment":[{"href":"https:\/\/soydeaqui.ddns.net\/pachuca\/index.php\/wp-json\/wp\/v2\/media?parent=105641"}],"wp:term":[{"taxonomy":"product_brand","embeddable":true,"href":"https:\/\/soydeaqui.ddns.net\/pachuca\/index.php\/wp-json\/wp\/v2\/product_brand?post=105641"},{"taxonomy":"product_cat","embeddable":true,"href":"https:\/\/soydeaqui.ddns.net\/pachuca\/index.php\/wp-json\/wp\/v2\/product_cat?post=105641"},{"taxonomy":"product_tag","embeddable":true,"href":"https:\/\/soydeaqui.ddns.net\/pachuca\/index.php\/wp-json\/wp\/v2\/product_tag?post=105641"}],"curies":[{"name":"wp","href":"https:\/\/api.w.org\/{rel}","templated":true}]}}