{"id":10564,"date":"2026-03-18T07:37:52","date_gmt":"2026-03-18T07:37:52","guid":{"rendered":"https:\/\/soydeaqui.ddns.net\/pachuca\/index.php\/producto\/cable-de-parcheo-utp-cruzado-cat6-0-4-metros-1-31-pies-gris\/"},"modified":"2026-03-18T07:37:53","modified_gmt":"2026-03-18T07:37:53","slug":"cable-de-parcheo-utp-cruzado-cat6-0-4-metros-1-31-pies-gris","status":"publish","type":"product","link":"https:\/\/soydeaqui.ddns.net\/pachuca\/index.php\/producto\/cable-de-parcheo-utp-cruzado-cat6-0-4-metros-1-31-pies-gris\/","title":{"rendered":"Cable de Parcheo UTP Cruzado Cat6 0.4 Metros (1.31 Pies) &#8211; Gris"},"content":{"rendered":"<div style='width: 100%; max-width: 1200px; margin: 0 auto; font-family: sans-serif; line-height: 1.6; color: inherit; background-color: transparent;'>\n<div style='display: flex; flex-wrap: wrap; gap: 30px; margin-bottom: 30px;'>\n<div style='flex: 1 1 300px; min-width: 280px;'>\n<h3 style='font-size: 22px; border-bottom: 2px solid currentColor; padding-bottom: 5px; margin-top: 0; color: inherit; opacity: 0.8;'>Descripci\u00f3n general<\/h3>\n<p style='font-size: 15px; color: inherit; margin-bottom: 15px;'>El cable UTP&comma;FTP LinkedPro Cat5e y Cat6 permite flexibilidad en instalaci\u00f3n&comma; capacidad de crecimiento y facilidad de administraci\u00f3n. Es un cable de alto rendimiento y completa toda la soluci\u00f3n de LinkedPro.<\/p>\n<h3 style='font-size: 22px; border-bottom: 2px solid currentColor; padding-bottom: 5px; margin-top: 25px; margin-bottom: 15px; color: inherit; opacity: 0.8;'>Caracter\u00edsticas t\u00e9cnicas<\/h3>\n<ul style='padding-left: 20px; font-size: 15px; color: inherit;'>\n<li style='margin-bottom: 5px;'><strong>Tipo:<\/strong> Cable de parcheo de cobre cruzado<\/li>\n<li style='margin-bottom: 5px;'><strong>Color:<\/strong> Gris<\/li>\n<li style='margin-bottom: 5px;'><strong>Nivel de rendimiento:<\/strong> Cat6\/Clase D<\/li>\n<li style='margin-bottom: 5px;'><strong>Longitud:<\/strong> 0.4m<\/li>\n<li style='margin-bottom: 5px;'><strong>Tipo de conector:<\/strong> RJ45 8(8)<\/li>\n<li style='margin-bottom: 5px;'><strong>Terminaci\u00f3n extremo 1:<\/strong> Plug modular<\/li>\n<li style='margin-bottom: 5px;'><strong>Terminaci\u00f3n extremo 2:<\/strong> Plug modular<\/li>\n<li style='margin-bottom: 5px;'><strong>Tipo de cable:<\/strong> Sin blindaje<\/li>\n<\/ul><\/div>\n<div style='flex: 1 1 300px; min-width: 280px;'>\n<h3 style='font-size: 22px; border-bottom: 2px solid currentColor; padding-bottom: 5px; margin-top: 0; color: inherit; opacity: 0.8;'>Especificaciones<\/h3>\n<ul style='padding-left: 20px; font-size: 15px; color: inherit;'>\n<li style='margin-bottom: 10px;'><strong>CABLE DE PAR TRENZADO NO APANTALLADO (UTP&comma; Unshielded Twisted Pair):<\/strong> Cable de pares trenzados m\u00e1s simple y empleado&comma; sin ning\u00fan tipo de pantalla adicional y con una impedancia caracter\u00edstica de 100 Ohms.<\/li>\n<li style='margin-bottom: 10px;'><strong>Cat6:<\/strong> Su objetivo es la interfaz f\u00edsica para conectar los puntos del cuarto de telecomunicaciones hasta el \u00e1rea de trabajo&comma; adecu\u00e1ndose a las especificaciones de la norma IEEE 802.3i\/3u en redes LAN con transmisi\u00f3n de datos 10\/100Base T\/Tx con un rendimiento que supera los 110 Mbps.<\/li>\n<\/ul><\/div>\n<\/p><\/div>\n<hr style='border: 0; border-top: 1px solid rgba(150&comma; 150&comma; 150&comma; 0.3); margin: 30px 0;'> <\/div>\n","protected":false},"excerpt":{"rendered":"<p>Cable de Parcheo UTP Cruzado Cat6 0.4 Metros (1.31 Pies) &#8211; Gris<\/p>\n","protected":false},"featured_media":10563,"comment_status":"open","ping_status":"closed","template":"","meta":[],"product_brand":[],"product_cat":[598],"product_tag":[586,435,599],"class_list":{"0":"post-10564","1":"product","2":"type-product","3":"status-publish","4":"has-post-thumbnail","6":"product_cat-patch-cords","7":"product_tag-cableado-de-cobre","8":"product_tag-linkedpro-by-epcom","9":"product_tag-patch-cords","11":"first","12":"instock","13":"sale","14":"shipping-taxable","15":"purchasable","16":"product-type-simple"},"_links":{"self":[{"href":"https:\/\/soydeaqui.ddns.net\/pachuca\/index.php\/wp-json\/wp\/v2\/product\/10564","targetHints":{"allow":["GET"]}}],"collection":[{"href":"https:\/\/soydeaqui.ddns.net\/pachuca\/index.php\/wp-json\/wp\/v2\/product"}],"about":[{"href":"https:\/\/soydeaqui.ddns.net\/pachuca\/index.php\/wp-json\/wp\/v2\/types\/product"}],"replies":[{"embeddable":true,"href":"https:\/\/soydeaqui.ddns.net\/pachuca\/index.php\/wp-json\/wp\/v2\/comments?post=10564"}],"wp:featuredmedia":[{"embeddable":true,"href":"https:\/\/soydeaqui.ddns.net\/pachuca\/index.php\/wp-json\/wp\/v2\/media\/10563"}],"wp:attachment":[{"href":"https:\/\/soydeaqui.ddns.net\/pachuca\/index.php\/wp-json\/wp\/v2\/media?parent=10564"}],"wp:term":[{"taxonomy":"product_brand","embeddable":true,"href":"https:\/\/soydeaqui.ddns.net\/pachuca\/index.php\/wp-json\/wp\/v2\/product_brand?post=10564"},{"taxonomy":"product_cat","embeddable":true,"href":"https:\/\/soydeaqui.ddns.net\/pachuca\/index.php\/wp-json\/wp\/v2\/product_cat?post=10564"},{"taxonomy":"product_tag","embeddable":true,"href":"https:\/\/soydeaqui.ddns.net\/pachuca\/index.php\/wp-json\/wp\/v2\/product_tag?post=10564"}],"curies":[{"name":"wp","href":"https:\/\/api.w.org\/{rel}","templated":true}]}}