{"id":105615,"date":"2026-03-20T15:33:29","date_gmt":"2026-03-20T15:33:29","guid":{"rendered":"https:\/\/soydeaqui.ddns.net\/pachuca\/index.php\/producto\/camara-bala-ip-termica-y-optica-biespectral-analisis-de-video-vca-para-proteccion-perimetral-medicion-de-temperatura-20c-a-150c-teleobjetivo-termico-9-7mm-termica-256-x-192-o\/"},"modified":"2026-03-20T15:33:30","modified_gmt":"2026-03-20T15:33:30","slug":"camara-bala-ip-termica-y-optica-biespectral-analisis-de-video-vca-para-proteccion-perimetral-medicion-de-temperatura-20c-a-150c-teleobjetivo-termico-9-7mm-termica-256-x-192-o","status":"publish","type":"product","link":"https:\/\/soydeaqui.ddns.net\/pachuca\/index.php\/producto\/camara-bala-ip-termica-y-optica-biespectral-analisis-de-video-vca-para-proteccion-perimetral-medicion-de-temperatura-20c-a-150c-teleobjetivo-termico-9-7mm-termica-256-x-192-o\/","title":{"rendered":"C\u00e1mara Bala IP T\u00e9rmica y \u00d3ptica Biespectral \/ An\u00e1lisis de Video (VCA) para Protecci\u00f3n Perimetral \/ Medici\u00f3n de Temperatura -20\u00b0C a 150\u00b0C \/ Teleobjetivo T\u00e9rmico 9.7mm \/ T\u00e9rmica 256 x 192 \/ &#038;Oa"},"content":{"rendered":"<div style=\"width: 100%; max-width: 1200px; margin: 0 auto; font-family: sans-serif; line-height: 1.6; color: inherit; background-color: transparent;\"><!-- Logo --><\/p>\n<div style=\"text-align: center; margin: 20px 0;\"><img decoding=\"async\" style=\"width: 45%; height: auto; border: 1px solid rgba(150&comma; 150&comma; 150&comma; 0.3); border-radius: 8px;\" src=\"https:\/\/ftp3.syscom.mx\/usuarios\/jsosa\/HIKVISION\/imagenes\/logo\/hikvision%20see%20far.png\" alt=\"Logo Hikvision\" class=\"fr-fic fr-dii\"><\/div>\n<p><!-- Imagen principal --><\/p>\n<div style=\"text-align: center; margin: 20px 0;\"><img decoding=\"async\" style=\"width: 100%; max-width: 800px; height: auto; border: 1px solid rgba(150&comma; 150&comma; 150&comma; 0.3); border-radius: 8px;\" src=\"https:\/\/ftp3.syscom.mx\/usuarios\/roberto.espino\/FOTOSTERMICAS\/DS2TD262810QA.png\" alt=\"DS2TD262810QA\" class=\"fr-fic fr-dii\"><\/div>\n<p><!-- Video principal --><\/p>\n<div style=\"position: relative; padding-bottom: 56.25%; height: 0; overflow: hidden; margin: 30px 0;\"> <\/div>\n<p><!-- Videos secundarios --><\/p>\n<div style=\"display: flex; flex-wrap: wrap; gap: 30px; margin: 30px 0;\">\n<div style=\"flex: 1 1 45%; min-width: 300px;\">\n<div style=\"position: relative; padding-bottom: 56.25%; height: 0; overflow: hidden;\"> <\/div>\n<\/div>\n<div style=\"flex: 1 1 45%; min-width: 300px;\">\n<div style=\"position: relative; padding-bottom: 56.25%; height: 0; overflow: hidden;\"> <\/div>\n<\/div>\n<\/div>\n<p><!-- Secci\u00f3n de caracter\u00edsticas --><\/p>\n<div style=\"display: flex; flex-wrap: wrap; gap: 30px; margin: 30px 0;\"><!-- Caracter\u00edsticas t\u00e9rmicas --><\/p>\n<div style=\"flex: 1 1 300px; min-width: 280px;\">\n<div style=\"border-left: 5px solid #ff0000; border-radius: 8px; padding: 15px; box-shadow: 0 2px 8px rgba(150&comma;150&comma;150&comma;0.2);\">\n<h3 style=\"font-size: 18px; margin-top: 0; color: inherit; font-family: sans-serif;\"><strong>Caracter&iacute;sticas principales de la c&aacute;mara t&eacute;rmica:<\/strong><\/h3>\n<ul style=\"padding-left: 20px; font-size: 14px; color: inherit; list-style-type: disc;\">\n<li style=\"margin-bottom: 5px;\"><span style=\"font-family: sans-serif;\">Lente fijo: 9.7 mm.<\/span><\/li>\n<li style=\"margin-bottom: 5px;\"><span style=\"font-family: sans-serif;\">Resoluci&oacute;n: 256 &times; 192.<\/span><\/li>\n<li style=\"margin-bottom: 5px;\"><span style=\"font-family: sans-serif;\">Sensor de imagen: oxido de vanadio&comma; detector de plano focal no refrigerado.<\/span><\/li>\n<\/ul>\n<h3 style=\"font-size: 18px; margin-top: 20px; color: inherit; font-family: sans-serif;\"><strong>Caracter&iacute;sticas principales de la c&aacute;mara &oacute;ptica:<\/strong><\/h3>\n<ul style=\"padding-left: 20px; font-size: 14px; color: inherit; list-style-type: disc;\">\n<li style=\"margin-bottom: 5px;\"><span style=\"font-family: sans-serif;\">Lente fijo: 8 mm (39.4&ordm; de apertura).<\/span><\/li>\n<li style=\"margin-bottom: 5px;\"><span style=\"font-family: sans-serif;\">Resoluci&oacute;n: 4 Megapixel (2688 x 1520).<\/span><\/li>\n<li style=\"margin-bottom: 5px;\"><span style=\"font-family: sans-serif;\">Sensor de imagen: 1\/2.7&#39; CMOS Scan Progresivo.<\/span><\/li>\n<li style=\"margin-bottom: 5px;\"><span style=\"font-family: sans-serif;\">Iluminaci&oacute;n m&iacute;nima: Color: 0.0089 Lux @ (F1.6&comma; AGC ON).<\/span><\/li>\n<li style=\"margin-bottom: 5px;\"><span style=\"font-family: sans-serif;\">WDR 120dB \/ Cruce de l&iacute;nea \/ Entrada y salida de regi&oacute;n<\/span><\/li>\n<li style=\"margin-bottom: 5px;\"><span style=\"font-family: sans-serif;\">30 mts IR (visi&oacute;n nocturna).<\/span><\/li>\n<\/ul>\n<\/div>\n<\/div>\n<p><!-- Alimentaci\u00f3n y consumo --><\/p>\n<div style=\"flex: 1 1 300px; min-width: 280px;\">\n<div style=\"border-left: 5px solid #ff0000; border-radius: 8px; padding: 15px; box-shadow: 0 2px 8px rgba(150&comma;150&comma;150&comma;0.2);\">\n<h3 style=\"font-size: 18px; margin-top: 0; color: inherit; font-family: sans-serif;\"><strong>Alimentaci&oacute;n y consumo:<\/strong><\/h3>\n<ul style=\"padding-left: 20px; font-size: 14px; color: inherit; list-style-type: disc;\">\n<li style=\"margin-bottom: 5px;\"><span style=\"font-family: sans-serif;\">Alimentaci&oacute;n: 12 Vcc \/ PoE (802.3 af) \/ 6 watts.<\/span><\/li>\n<li style=\"margin-bottom: 5px;\"><span style=\"font-family: sans-serif;\">Temperatura de operaci&oacute;n: -40&ordm;C a 65&ordm;C.<\/span><\/li>\n<li style=\"margin-bottom: 5px;\"><span style=\"font-family: sans-serif;\">Protecci&oacute;n: IP66<\/span><\/li>\n<li style=\"margin-bottom: 5px;\"><span style=\"font-family: sans-serif;\">Dimensiones: 321.3 x 106.1 x 107 mm.<\/span><\/li>\n<li style=\"margin-bottom: 5px;\"><span style=\"font-family: sans-serif;\">Peso: 1.55 Kg.<\/span><\/li>\n<\/ul>\n<h3 style=\"font-size: 18px; margin-top: 20px; color: inherit; font-family: sans-serif;\"><strong>Integraci&oacute;n:<\/strong><\/h3>\n<ul style=\"padding-left: 20px; font-size: 14px; color: inherit; list-style-type: disc;\">\n<li style=\"margin-bottom: 5px;\"><span style=\"font-family: sans-serif;\">2 entradas de alarma (0 &#8211; 5 Vcc).<\/span><\/li>\n<li style=\"margin-bottom: 5px;\"><span style=\"font-family: sans-serif;\">2 salidas de alarma.<\/span><\/li>\n<li style=\"margin-bottom: 5px;\"><span style=\"font-family: sans-serif;\">1 entrada de audio.<\/span><\/li>\n<li style=\"margin-bottom: 5px;\"><span style=\"font-family: sans-serif;\">1 salidas de audio.<\/span><\/li>\n<li style=\"margin-bottom: 5px;\"><span style=\"font-family: sans-serif;\">1 puerto de red (10 \/ 100 Mbps).<\/span><\/li>\n<li style=\"margin-bottom: 5px;\"><span style=\"font-family: sans-serif;\">Memoria micro SD hasta 256 Gb.<\/span><\/li>\n<li style=\"margin-bottom: 5px;\"><span style=\"font-family: sans-serif;\">Soporta salida de video anal&oacute;gica \/ 75 &Omega;.<\/span><\/li>\n<\/ul>\n<\/div>\n<\/div>\n<p><!-- Funciones avanzadas --><\/p>\n<div style=\"flex: 1 1 300px; min-width: 280px;\">\n<div style=\"border-left: 5px solid #ff0000; border-radius: 8px; padding: 15px; box-shadow: 0 2px 8px rgba(150&comma;150&comma;150&comma;0.2);\">\n<h3 style=\"font-size: 18px; margin-top: 0; color: inherit; font-family: sans-serif;\"><strong>Funciones avanzadas:<\/strong><\/h3>\n<ul style=\"padding-left: 20px; font-size: 14px; color: inherit; list-style-type: disc;\">\n<li style=\"margin-bottom: 5px;\"><span style=\"font-family: sans-serif;\">4 Videoanal&iacute;ticos integrados (Cruce de l&iacute;nea \/ Intrusi&oacute;n de &aacute;rea \/ Regi&oacute;n de entrada \/ Regi&oacute;n de salida).<\/span><\/li>\n<li style=\"margin-bottom: 5px;\"><span style=\"font-family: sans-serif;\">Rango de temperatura: -20&ordm;C a 150&ordm;C (-4&ordm;F a 302&ordm;F).<\/span><\/li>\n<li style=\"margin-bottom: 5px;\"><span style=\"font-family: sans-serif;\">Eficiencia de rango: 8&ordm;C.<\/span><\/li>\n<li style=\"margin-bottom: 5px;\"><span style=\"font-family: sans-serif;\">Muestra la temperatura del escenario a visualizar.<\/span><\/li>\n<li style=\"margin-bottom: 5px;\"><span style=\"font-family: sans-serif;\">Luz intermitente y alerta de audio.<\/span><\/li>\n<\/ul>\n<\/div>\n<\/div>\n<\/div>\n<p><!-- Separador --><\/p>\n<hr style=\"border: 0; border-top: 1px solid rgba(150&comma;150&comma;150&comma;0.3); margin: 30px 0;\"><!-- Imagen adicional --><\/p>\n<div style=\"text-align: center; margin: 20px 0;\"><img decoding=\"async\" style=\"width: 100%; max-width: 800px; height: auto; border: 1px solid rgba(150&comma; 150&comma; 150&comma; 0.3); border-radius: 8px;\" src=\"https:\/\/ftp3.syscom.mx\/usuarios\/fotos\/DS2TD26176\/PA\/188756-captura_de_pantalla_2021-05-15_a_la(s)_12.09.10.png\" alt=\"Captura de pantalla\" class=\"fr-fic fr-dii\"><\/div>\n<\/div>\n","protected":false},"excerpt":{"rendered":"<p>C\u00e1mara Bala IP T\u00e9rmica y \u00d3ptica Biespectral \/ An\u00e1lisis de Video (VCA) para Protecci\u00f3n Perimetral \/ Medici\u00f3n de Temperatura -20\u00b0C a 150\u00b0C \/ Teleobjetivo T\u00e9rmico 9.7mm \/ T\u00e9rmica 256 x 192 \/ &#038;Oa<\/p>\n","protected":false},"featured_media":105614,"comment_status":"open","ping_status":"closed","template":"","meta":[],"product_brand":[],"product_cat":[1049],"product_tag":[122,54,1050],"class_list":{"0":"post-105615","1":"product","2":"type-product","3":"status-publish","4":"has-post-thumbnail","6":"product_cat-termicas","7":"product_tag-camaras-ip-y-nvrs","8":"product_tag-hikvision","9":"product_tag-termicas","11":"first","12":"instock","13":"sale","14":"shipping-taxable","15":"purchasable","16":"product-type-simple"},"_links":{"self":[{"href":"https:\/\/soydeaqui.ddns.net\/pachuca\/index.php\/wp-json\/wp\/v2\/product\/105615","targetHints":{"allow":["GET"]}}],"collection":[{"href":"https:\/\/soydeaqui.ddns.net\/pachuca\/index.php\/wp-json\/wp\/v2\/product"}],"about":[{"href":"https:\/\/soydeaqui.ddns.net\/pachuca\/index.php\/wp-json\/wp\/v2\/types\/product"}],"replies":[{"embeddable":true,"href":"https:\/\/soydeaqui.ddns.net\/pachuca\/index.php\/wp-json\/wp\/v2\/comments?post=105615"}],"wp:featuredmedia":[{"embeddable":true,"href":"https:\/\/soydeaqui.ddns.net\/pachuca\/index.php\/wp-json\/wp\/v2\/media\/105614"}],"wp:attachment":[{"href":"https:\/\/soydeaqui.ddns.net\/pachuca\/index.php\/wp-json\/wp\/v2\/media?parent=105615"}],"wp:term":[{"taxonomy":"product_brand","embeddable":true,"href":"https:\/\/soydeaqui.ddns.net\/pachuca\/index.php\/wp-json\/wp\/v2\/product_brand?post=105615"},{"taxonomy":"product_cat","embeddable":true,"href":"https:\/\/soydeaqui.ddns.net\/pachuca\/index.php\/wp-json\/wp\/v2\/product_cat?post=105615"},{"taxonomy":"product_tag","embeddable":true,"href":"https:\/\/soydeaqui.ddns.net\/pachuca\/index.php\/wp-json\/wp\/v2\/product_tag?post=105615"}],"curies":[{"name":"wp","href":"https:\/\/api.w.org\/{rel}","templated":true}]}}