{"id":105585,"date":"2026-03-20T15:31:54","date_gmt":"2026-03-20T15:31:54","guid":{"rendered":"https:\/\/soydeaqui.ddns.net\/pachuca\/index.php\/producto\/nvr-32-megapixel-8k-32-canales-ip-soporta-8-discos-duros-h-265-wisestream-wisenet-p2p-onvif-compatible-con-camaras-ia-salida-hdmi-en-4k-soporta-raid-5-6-2\/"},"modified":"2026-03-20T15:32:02","modified_gmt":"2026-03-20T15:32:02","slug":"nvr-32-megapixel-8k-32-canales-ip-soporta-8-discos-duros-h-265-wisestream-wisenet-p2p-onvif-compatible-con-camaras-ia-salida-hdmi-en-4k-soporta-raid-5-6-2","status":"publish","type":"product","link":"https:\/\/soydeaqui.ddns.net\/pachuca\/index.php\/producto\/nvr-32-megapixel-8k-32-canales-ip-soporta-8-discos-duros-h-265-wisestream-wisenet-p2p-onvif-compatible-con-camaras-ia-salida-hdmi-en-4k-soporta-raid-5-6-2\/","title":{"rendered":"NVR 32 Megapixel (8K) \/ 32 Canales IP \/ Soporta 8 Discos Duros \/ H.265 &#038; Wisestream \/ Wisenet P2P \/ ONVIF \/ Compatible con C\u00e1maras IA \/ Salida HDMI en 4K \/ Soporta RAID 5\/6"},"content":{"rendered":"<div style='width: 100%; max-width: 1200px; margin: 0 auto; font-family: sans-serif; line-height: 1.6; color: inherit; background-color: transparent;'> <!-- Imagen principal --> <\/p>\n<div style='text-align: center; margin: 30px 0;'> <a href='https:\/\/www.syscom.mx\/principal\/consultarproductosazul?global_search=HTANVR&#038;ordenar=Relevancia&#038;pag=1' target='_blank' rel='noopener'> <img style='width: 100%; max-width: 560px; height: auto; border: 1px solid rgba(150&comma;150&comma;150&comma;0.3); border-radius: 8px;' src='https:\/\/ftp3.syscom.mx\/usuarios\/gmagos\/Hanwha\/fotos\/Wisenet%20NVR.png' alt=''> <\/a> <\/div>\n<p> <!-- Video y contenido P2P --> <\/p>\n<div style='display: flex; flex-wrap: wrap; gap: 30px; margin-bottom: 40px;'>\n<div style='flex: 1 1 400px;'>\n<div style='position: relative; padding-bottom: 56.25%; height: 0; overflow: hidden;'>   <\/div>\n<\/p><\/div>\n<div style='flex: 1 1 400px;'>\n<h2 style='font-size: 24px; margin-top: 0; color: inherit;'>Wisenet <span style='color: #f37934;'>P2P<\/span><\/h2>\n<p style='text-align: justify; font-size: 14px; color: inherit;'>Mediante el servicio de Wisenet P2P&comma; agregue sus dispositivos a su app m\u00f3vil en menos de 2 minutos:<\/p>\n<ol style='padding-left: 20px; font-size: 14px; color: inherit;'>\n<li style='margin-bottom: 8px; text-align: justify;'><span style='color: inherit;'>Abra la aplicaci\u00f3n <strong>Wisenet Mobile<\/strong>.<\/span><\/li>\n<li style='margin-bottom: 8px; text-align: justify;'><span style='color: inherit;'>Escanee el c\u00f3digo QR que viene en la etiqueta del NVR.<\/span><\/li>\n<li style='margin-bottom: 8px; text-align: justify;'><span style='color: inherit;'>Ingrese Usuario y Contrase\u00f1a del NVR.<\/span><\/li>\n<li style='margin-bottom: 8px; text-align: justify;'><span style='color: inherit;'>Visualice sus equipos de manera remota.<\/span><\/li>\n<\/ol>\n<div style='margin-top: 20px; padding: 15px; background-color: rgba(200&comma; 200&comma; 200&comma; 0.1); border-left: 4px solid #f37934; color: inherit;'> <strong style='font-size: 14px; color: inherit;'>NOTA:<\/strong> <span style='font-size: 13px; color: inherit;'>(El P2P es unicamente compatible con dispositivos moviles a travez de la aplicacion Wisenet mobile&comma; no es compatible con Smart Viewer&comma; SSM o Wisenet Wave).<\/span> <\/div>\n<\/p><\/div>\n<\/p><\/div>\n<hr style='border: 0; border-top: 1px solid rgba(150&comma;150&comma;150&comma;0.3); margin: 40px 0;'> <!-- Secci\u00f3n ARB --> <\/p>\n<div style='display: flex; flex-wrap: wrap; gap: 30px; margin-bottom: 40px;'>\n<div style='flex: 1 1 400px;'>\n<h2 style='font-size: 24px; margin-top: 0; color: inherit;'>Auto Recovery <span style='color: #f37934;'>Backup<\/span> (ARB)<\/h2>\n<p style='font-size: 14px; color: inherit;'>Recupere la grabaci\u00f3n perdida cuando una o varias c\u00e1maras IP se desconecten de su grabador.<\/p>\n<p style='font-size: 14px; color: inherit;'>Cuando se detecte el corte de comunicaci\u00f3n entre c\u00e1mara IP &#8211; NVR&comma; la c\u00e1mara empezar\u00e1 a grabar por su tarjeta SD. Cuando regrese la comunicaci\u00f3n con el NVR&comma; la c\u00e1mara enviar\u00e1 toda la grabaci\u00f3n que hubo en el periodo de tiempo donde se perdi\u00f3 la conexi\u00f3n. Las c\u00e1maras compatibles con esta funci\u00f3n son todas las de la serie Q&comma; X y P.<\/p>\n<p style='margin-top: 20px;'> <a href='https:\/\/www.syscom.mx\/principal\/consultarproductosazul?global_search=arb&#038;ordenar=Relevancia&#038;stock=true&#038;pag=1' target='_blank' rel='noopener noreferrer' style='color: #f37934; text-decoration: none;'>C\u00e1maras compatibles en stock con ARB aqu\u00ed.<\/a> <\/p>\n<\/p><\/div>\n<div style='flex: 1 1 400px;'> <img style='width: 100%; height: auto; border: 1px solid rgba(150&comma;150&comma;150&comma;0.3); border-radius: 8px;' src='https:\/\/ftp3.syscom.mx\/usuarios\/fotos\/XRN3010A\/169720-arb.png' alt=''> <\/div>\n<\/p><\/div>\n<hr style='border: 0; border-top: 1px solid rgba(150&comma;150&comma;150&comma;0.3); margin: 40px 0;'> <!-- Secci\u00f3n SPC-2000 --> <\/p>\n<div style='display: flex; flex-wrap: wrap; gap: 30px; margin-bottom: 40px;'>\n<div style='flex: 1 1 400px;'>\n<div style='position: relative; padding-bottom: 56.25%; height: 0; overflow: hidden;'>   <\/div>\n<\/p><\/div>\n<div style='flex: 1 1 400px;'>\n<h2 style='font-size: 24px; margin-top: 0; color: inherit;'>Controlador <span style='color: #f37934;'>SPC-2000<\/span><\/h2>\n<p style='font-size: 14px; color: inherit;'>Utilice el controlador SPC-2000 para controlar su NVR. La conexi\u00f3n del accesorio es <strong>Plug &#038; Play<\/strong>&comma; solamente conecte por USB su joystick y comience a controlar su grabador&comma; no es necesario alguna configuraci\u00f3n adicional. Puede mandar llamar distintas cuadr\u00edculas&comma; ingresar al men\u00fa del grabador&comma; ver grabaci\u00f3n de video&comma; etc.<\/p>\n<p style='font-size: 14px; color: inherit;'>Adicional&comma; puede controlar el movimiento de sus PTZ&#8217;s agregadas al grabador as\u00ed como sus Presets \/ Patrols \/ Patterns.<\/p>\n<p style='font-size: 11px; color: inherit; margin-top: 15px;'>(Revise el video para mayor informaci\u00f3n).<\/p>\n<\/p><\/div>\n<\/p><\/div>\n<hr style='border: 0; border-top: 1px solid rgba(150&comma;150&comma;150&comma;0.3); margin: 40px 0;'> <!-- Especificaciones t\u00e9cnicas --> <\/p>\n<h2 style='text-align: center; font-size: 20px; margin-bottom: 30px; color: inherit;'>Especificaciones t\u00e9cnicas<\/h2>\n<div style='display: flex; flex-wrap: wrap; gap: 20px; justify-content: center;'> <!-- Caracter\u00edsticas generales --> <\/p>\n<div style='flex: 1 1 300px; min-width: 280px;'>\n<div style='border: 1px solid rgba(150&comma;150&comma;150&comma;0.3); border-radius: 8px; overflow: hidden;'>\n<div style='padding: 15px; border-bottom: 1px solid rgba(150&comma;150&comma;150&comma;0.2); font-weight: bold; font-size: 18px; color: inherit;'>Caracter\u00edsticas generales<\/div>\n<div style='padding: 15px; color: inherit;'>\n<ul style='padding-left: 20px; margin: 0; font-size: 14px; list-style-type: disc; color: inherit;'>\n<li style='margin-bottom: 8px;'>Soporta 32 c\u00e1maras de hasta m\u00e1ximo 32MP<\/li>\n<li style='margin-bottom: 8px;'>Compresi\u00f3n de video: <strong>H.265 &#038; WiseStream<\/strong>&comma; H264&comma; MJPEG<\/li>\n<li style='margin-bottom: 8px;'>Soporta mouse USB para operar (incluido)<\/li>\n<li style='margin-bottom: 8px;'>Soporta 8 HDD de hasta 10TB (<strong>80TB<\/strong>). No incluye Disco Duro<\/li>\n<li style='margin-bottom: 8px;'>Soporta Hanwha security DDNS<\/li>\n<li style='margin-bottom: 8px;'>Soporta conexi\u00f3n por c\u00f3digo QR&comma; <strong>Wisenet P2P<\/strong><\/li>\n<li style='margin-bottom: 8px;'>Acceso por dispositivo m\u00f3vil: Android&comma; iOS<\/li>\n<li style='margin-bottom: 8px;'>Protocolos: Samsung&comma; <strong>ONVIF Perfil G y S<\/strong><\/li>\n<li style='margin-bottom: 8px;'>Soporte Raid 5\/6<\/li>\n<\/ul><\/div>\n<\/p><\/div>\n<\/p><\/div>\n<p> <!-- Caracter\u00edsticas de red --> <\/p>\n<div style='flex: 1 1 300px; min-width: 280px;'>\n<div style='border: 1px solid rgba(150&comma;150&comma;150&comma;0.3); border-radius: 8px; overflow: hidden;'>\n<div style='padding: 15px; border-bottom: 1px solid rgba(150&comma;150&comma;150&comma;0.2); font-weight: bold; font-size: 18px; color: inherit;'>Caracter\u00edsticas de red<\/div>\n<div style='padding: 15px; color: inherit;'>\n<ul style='padding-left: 20px; margin: 0; font-size: 14px; list-style-type: disc; color: inherit;'>\n<li style='margin-bottom: 8px;'>Throughput de grabaci\u00f3n: 400 Mbps<\/li>\n<li style='margin-bottom: 8px;'>Throughput de salida: 400 Mbps<\/li>\n<li style='margin-bottom: 8px;'>Usuarios remotos: Hasta 10<\/li>\n<li style='margin-bottom: 8px;'>3 Puertos de red<\/li>\n<\/ul><\/div>\n<\/p><\/div>\n<div style='margin-top: 20px; border: 1px solid rgba(150&comma;150&comma;150&comma;0.3); border-radius: 8px; overflow: hidden;'>\n<div style='padding: 15px; border-bottom: 1px solid rgba(150&comma;150&comma;150&comma;0.2); font-weight: bold; font-size: 18px; color: inherit;'>Interfaces<\/div>\n<div style='padding: 15px; color: inherit;'>\n<ul style='padding-left: 20px; margin: 0; font-size: 14px; list-style-type: disc; color: inherit;'>\n<li style='margin-bottom: 8px;'><strong>Salida HDMI en 4K<\/strong><\/li>\n<li style='margin-bottom: 8px;'>Salida HDMI 1080P<\/li>\n<li style='margin-bottom: 8px;'>Alarma: 8 Entradas \/ 4 Salidas<\/li>\n<li style='margin-bottom: 8px;'>USB: 2 Puertos<\/li>\n<\/ul><\/div>\n<\/p><\/div>\n<\/p><\/div>\n<p> <!-- Caracter\u00edsticas f\u00edsicas y el\u00e9ctricas --> <\/p>\n<div style='flex: 1 1 300px; min-width: 280px;'>\n<div style='border: 1px solid rgba(150&comma;150&comma;150&comma;0.3); border-radius: 8px; overflow: hidden;'>\n<div style='padding: 15px; border-bottom: 1px solid rgba(150&comma;150&comma;150&comma;0.2); font-weight: bold; font-size: 18px; color: inherit;'>Caracter\u00edsticas F\u00edsicas y El\u00e9ctricas<\/div>\n<div style='padding: 15px; color: inherit;'>\n<ul style='padding-left: 20px; margin: 0; font-size: 14px; list-style-type: disc; color: inherit;'>\n<li style='margin-bottom: 8px;'>Temperatura de Operaci\u00f3n: 0 a 40\u00b0C<\/li>\n<li style='margin-bottom: 8px;'>Alimentaci\u00f3n: 100 &#8211; 240 VCA Max.<\/li>\n<li style='margin-bottom: 8px;'>Consumo: Max. 400W<\/li>\n<li style='margin-bottom: 8px;'>Dimensiones: \u00d8 438.0 x 86.0 x 434.9 mm<\/li>\n<li style='margin-bottom: 8px;'>Peso: 9.1 Kg<\/li>\n<\/ul><\/div>\n<\/p><\/div>\n<div style='margin-top: 20px; padding: 15px; background-color: rgba(200&comma; 200&comma; 200&comma; 0.1); border-left: 4px solid #f37934;'>\n<p style='margin: 0; font-size: 14px; color: inherit;'> <strong>Para m\u00e1s informaci\u00f3n sobre caracter\u00edsticas t\u00e9cnicas&comma; ingrese <\/strong> <a href='https:\/\/ftp3.syscom.mx\/usuarios\/ftp\/2017\/09\/28\/48dc8\/Hoja%20de%20Especificaciones%20XRN-2010.pdf' target='_blank' rel='noopener noreferrer' style='color: #f37934; text-decoration: none;'>aqu\u00ed<\/a> <\/p>\n<\/p><\/div>\n<\/p><\/div>\n<\/p><\/div>\n<hr style='border: 0; border-top: 1px solid rgba(150&comma;150&comma;150&comma;0.3); margin: 40px 0;'> <!-- Imagen final --> <\/p>\n<div style='text-align: center; margin: 30px 0;'> <a href='https:\/\/syscom.mx\/principal\/listadoproductosazul\/cctv-cuartos-de-control-pantallas---monitores-65971.html?ordenar=Precio_de_Menor_a_Mayor&#038;marca=-hanwha%20techwin%20wisenet&#038;pag=1' target='_blank' rel='noopener'> <img style='width: 100%; max-width: 560px; height: auto; border: 1px solid rgba(150&comma;150&comma;150&comma;0.3); border-radius: 8px;' src='https:\/\/ftp3.syscom.mx\/usuarios\/gmagos\/Hanwha\/fotos\/Monitores%20247.png' alt=''> <\/a> <\/div>\n<\/p><\/div>\n","protected":false},"excerpt":{"rendered":"<p>NVR 32 Megapixel (8K) \/ 32 Canales IP \/ Soporta 8 Discos Duros \/ H.265 &#038; Wisestream \/ Wisenet P2P \/ ONVIF \/ Compatible con C\u00e1maras IA \/ Salida HDMI en 4K \/ Soporta RAID 5\/6<\/p>\n","protected":false},"featured_media":105584,"comment_status":"open","ping_status":"closed","template":"","meta":[],"product_brand":[],"product_cat":[2234],"product_tag":[122,1055,2235],"class_list":{"0":"post-105585","1":"product","2":"type-product","3":"status-publish","4":"has-post-thumbnail","6":"product_cat-nvrs-network-video-recorders","7":"product_tag-camaras-ip-y-nvrs","8":"product_tag-hanwha-vision","9":"product_tag-nvrs-network-video-recorders","11":"first","12":"outofstock","13":"sale","14":"shipping-taxable","15":"purchasable","16":"product-type-simple"},"_links":{"self":[{"href":"https:\/\/soydeaqui.ddns.net\/pachuca\/index.php\/wp-json\/wp\/v2\/product\/105585","targetHints":{"allow":["GET"]}}],"collection":[{"href":"https:\/\/soydeaqui.ddns.net\/pachuca\/index.php\/wp-json\/wp\/v2\/product"}],"about":[{"href":"https:\/\/soydeaqui.ddns.net\/pachuca\/index.php\/wp-json\/wp\/v2\/types\/product"}],"replies":[{"embeddable":true,"href":"https:\/\/soydeaqui.ddns.net\/pachuca\/index.php\/wp-json\/wp\/v2\/comments?post=105585"}],"wp:featuredmedia":[{"embeddable":true,"href":"https:\/\/soydeaqui.ddns.net\/pachuca\/index.php\/wp-json\/wp\/v2\/media\/105584"}],"wp:attachment":[{"href":"https:\/\/soydeaqui.ddns.net\/pachuca\/index.php\/wp-json\/wp\/v2\/media?parent=105585"}],"wp:term":[{"taxonomy":"product_brand","embeddable":true,"href":"https:\/\/soydeaqui.ddns.net\/pachuca\/index.php\/wp-json\/wp\/v2\/product_brand?post=105585"},{"taxonomy":"product_cat","embeddable":true,"href":"https:\/\/soydeaqui.ddns.net\/pachuca\/index.php\/wp-json\/wp\/v2\/product_cat?post=105585"},{"taxonomy":"product_tag","embeddable":true,"href":"https:\/\/soydeaqui.ddns.net\/pachuca\/index.php\/wp-json\/wp\/v2\/product_tag?post=105585"}],"curies":[{"name":"wp","href":"https:\/\/api.w.org\/{rel}","templated":true}]}}