{"id":105549,"date":"2026-03-20T15:30:02","date_gmt":"2026-03-20T15:30:02","guid":{"rendered":"https:\/\/soydeaqui.ddns.net\/pachuca\/index.php\/producto\/kit-turbohd-5-megapixel-dvr-4-canales-4-camaras-de-5-megapixel-con-microfono-integrado-4-cables-18-metros-fuente-de-poder-profesional\/"},"modified":"2026-03-20T15:30:12","modified_gmt":"2026-03-20T15:30:12","slug":"kit-turbohd-5-megapixel-dvr-4-canales-4-camaras-de-5-megapixel-con-microfono-integrado-4-cables-18-metros-fuente-de-poder-profesional","status":"publish","type":"product","link":"https:\/\/soydeaqui.ddns.net\/pachuca\/index.php\/producto\/kit-turbohd-5-megapixel-dvr-4-canales-4-camaras-de-5-megapixel-con-microfono-integrado-4-cables-18-metros-fuente-de-poder-profesional\/","title":{"rendered":"Kit TURBOHD 5 Megapixel \/ DVR 4 Canales \/ 4 C\u00e1maras de 5 Megapixel con Micr\u00f3fono Integrado \/ 4 Cables 18 Metros \/ Fuente de Poder Profesional"},"content":{"rendered":"<div style='width: 100%; max-width: 1200px; margin: 0 auto; font-family: sans-serif; line-height: 1.6; color: inherit; background-color: transparent;'> <!-- Logo --> <\/p>\n<div style='width: 100%; margin-bottom: 20px;'> <img style='width: 100%; height: auto; border: 1px solid rgba(150&comma;150&comma;150&comma;0.3); border-radius: 8px;' src='http:\/\/ftp3.syscom.mx\/usuarios\/emendoza\/elesbanmch\/HIKVISON\/IMAGENES\/epcom.png' alt='Logo'> <\/div>\n<p> <!-- Video tutorial --> <\/p>\n<div style='position: relative; padding-bottom: 56.25%; height: 0; overflow: hidden; margin-bottom: 30px;'>   <\/div>\n<p> <!-- Informaci\u00f3n del kit --> <\/p>\n<div style='display: flex; flex-wrap: wrap; gap: 30px; margin-bottom: 30px;'>\n<div style='flex: 1 1 300px; min-width: 280px;'>\n<h3 style='font-size: 22px; border-bottom: 2px solid currentColor; padding-bottom: 5px; margin-top: 0; color: inherit; opacity: 0.8;'>Contenido del Kit<\/h3>\n<ul style='padding-left: 20px; font-size: 15px; color: inherit;'>\n<li style='margin-bottom: 5px;'>1 x EV-8004TURBO-D(C)<\/li>\n<li style='margin-bottom: 5px;'>4 x B50-TURBO-G2\/A<\/li>\n<li style='margin-bottom: 5px;'>1 x Fuente de poder para las 4 c\u00e1maras<\/li>\n<li style='margin-bottom: 5px;'>4 x Cables siames para v\u00eddeo y alimentaci\u00f3n (18 metros de longitud)<\/li>\n<\/ul><\/div>\n<\/p><\/div>\n<p> <!-- Productos del kit --> <\/p>\n<div style='display: flex; flex-wrap: wrap; gap: 20px; margin-bottom: 30px;'>\n<div style='flex: 1 1 300px; min-width: 280px; border: 1px solid rgba(150&comma; 150&comma; 150&comma; 0.4); border-radius: 8px; overflow: hidden; display: flex; flex-direction: column;'>\n<div style='padding: 15px; border-bottom: 1px solid rgba(150&comma; 150&comma; 150&comma; 0.2); font-weight: bold; font-size: 18px; color: inherit;'>1 x EV-8004TURBO-D(C)<\/div>\n<div style='padding: 15px; color: inherit;'> <img style='width: 100%; height: auto; border: 1px solid rgba(150&comma;150&comma;150&comma;0.3); border-radius: 8px; margin-bottom: 15px;' src='https:\/\/ftp3.syscom.mx\/usuarios\/fotos\/BancoFotografiasSyscom\/EPCOM\/EV8008TURBOD(C)\/EV8008TURBOD(C)-p.PNG' alt='EV-8004TURBO-D(C)'> <\/p>\n<h4 style='font-size: 16px; margin-top: 0; color: inherit; opacity: 0.8;'>Caracter\u00edsticas:<\/h4>\n<ul style='padding-left: 20px; margin: 0; font-size: 14px; list-style-type: disc;'>\n<li style='margin-bottom: 5px;'>DVR 4 canales de v\u00eddeo en 8MP (la visualizaci\u00f3n ser\u00e1 8MP reales&comma; la grabaci\u00f3n ser\u00e1 8MP Lite)<\/li>\n<li style='margin-bottom: 5px;'>Soporta 4 canales de v\u00eddeo anal\u00f3gicos + 2 canal IP = 6 canales en total.<\/li>\n<li style='margin-bottom: 5px;'>Soporta las 5 tecnolog\u00edas del mercado (TVI \/ AHD \/ CVI \/ CVBS \/ IP).<\/li>\n<li style='margin-bottom: 5px;'>Soporta 1 HDD de hasta 10 TB (no incluido).<\/li>\n<li style='margin-bottom: 5px;'>Soporta audio en todos sus canales por coaxitron utilizando c\u00e1maras con audio integrado.<\/li>\n<li style='margin-bottom: 5px;'>Salida de v\u00eddeo en Full HD (VGA y HDMI&comma; salida simultanea).<\/li>\n<li style='margin-bottom: 5px;'>Alimentaci\u00f3n y consumo: 12 Vcc \/ 10 watts.<\/li>\n<li style='margin-bottom: 5px;'>Compatible con Hik-Connect P2P&comma; descarguelo desde appstore.hikvision.com<\/li>\n<li style='margin-bottom: 5px;'>Dimensiones: 380 x 320 x 48 mm.<\/li>\n<li style='margin-bottom: 5px;'>Peso: 1.16 kg.<\/li>\n<\/ul><\/div>\n<\/p><\/div>\n<div style='flex: 1 1 300px; min-width: 280px; border: 1px solid rgba(150&comma; 150&comma; 150&comma; 0.4); border-radius: 8px; overflow: hidden; display: flex; flex-direction: column;'>\n<div style='padding: 15px; border-bottom: 1px solid rgba(150&comma; 150&comma; 150&comma; 0.2); font-weight: bold; font-size: 18px; color: inherit;'>4 x B50-TURBO-G2\/A<\/div>\n<div style='padding: 15px; color: inherit;'> <img style='width: 100%; height: auto; border: 1px solid rgba(150&comma;150&comma;150&comma;0.3); border-radius: 8px; margin-bottom: 15px;' src='https:\/\/ftp3.syscom.mx\/usuarios\/fotos\/BancoFotografiasSyscom\/EPCOM\/B50TURBOG2_A\/B50TURBOG2_A-p.PNG' alt='B50-TURBO-G2\/A'> <\/p>\n<h4 style='font-size: 16px; margin-top: 0; color: inherit; opacity: 0.8;'>Caracter\u00edsticas:<\/h4>\n<ul style='padding-left: 20px; margin: 0; font-size: 14px; list-style-type: disc;'>\n<li style='margin-bottom: 5px;'>Resoluci\u00f3n M\u00e1xima 5 Megapixel (2560 x 1944).<\/li>\n<li style='margin-bottom: 5px;'>Lente fijo: 2.8 mm (Angulo de apertura 85.5\u00b0).<\/li>\n<li style='margin-bottom: 5px;'>30 Metros de IR con visi\u00f3n nocturna.<\/li>\n<li style='margin-bottom: 5px;'>Soporta 4 tecnolog\u00edas&comma; seleccionable en el mazo de cables (HD-TVI&comma; HD-CVI&comma; AHD&comma; CVBS Analogico 1200TVL\u00b4s).<\/li>\n<li style='margin-bottom: 5px;'>dWDR \/ BLC \/ HLC \/ 2D DNR.<\/li>\n<li style='margin-bottom: 5px;'>Cuenta con microfono integrado&comma; compatible con grabadores con audio por coaxitron en TVI<\/li>\n<li style='margin-bottom: 5px;'>Caja de conexi\u00f3n opcional (no incluido): <a style='color: inherit; text-decoration: none; font-weight: bold;' href='https:\/\/www.syscom.mx\/principal\/searchcont?route=DS-1280ZJ-XS-HIKVISION-84491&#038;autodetect=DS-1280ZJ-XS' target='_blank'>DS-1280ZJ-XS<\/a> <\/li>\n<\/ul><\/div>\n<\/p><\/div>\n<\/p><\/div>\n<p> <!-- Separador final --> <\/p>\n<hr style='border: 0; border-top: 1px solid rgba(150&comma; 150&comma; 150&comma; 0.3); margin: 30px 0;'> <\/div>\n","protected":false},"excerpt":{"rendered":"<p>Kit TURBOHD 5 Megapixel \/ DVR 4 Canales \/ 4 C\u00e1maras de 5 Megapixel con Micr\u00f3fono Integrado \/ 4 Cables 18 Metros \/ Fuente de Poder Profesional<\/p>\n","protected":false},"featured_media":105548,"comment_status":"open","ping_status":"closed","template":"","meta":[],"product_brand":[],"product_cat":[2287],"product_tag":[2257,2232,2288],"class_list":{"0":"post-105549","1":"product","2":"type-product","3":"status-publish","4":"has-post-thumbnail","6":"product_cat-turbohd-de-4-canales","7":"product_tag-epcom-professional","8":"product_tag-kits-sistemas-completos","9":"product_tag-turbohd-de-4-canales","11":"first","12":"instock","13":"sale","14":"shipping-taxable","15":"purchasable","16":"product-type-simple"},"_links":{"self":[{"href":"https:\/\/soydeaqui.ddns.net\/pachuca\/index.php\/wp-json\/wp\/v2\/product\/105549","targetHints":{"allow":["GET"]}}],"collection":[{"href":"https:\/\/soydeaqui.ddns.net\/pachuca\/index.php\/wp-json\/wp\/v2\/product"}],"about":[{"href":"https:\/\/soydeaqui.ddns.net\/pachuca\/index.php\/wp-json\/wp\/v2\/types\/product"}],"replies":[{"embeddable":true,"href":"https:\/\/soydeaqui.ddns.net\/pachuca\/index.php\/wp-json\/wp\/v2\/comments?post=105549"}],"wp:featuredmedia":[{"embeddable":true,"href":"https:\/\/soydeaqui.ddns.net\/pachuca\/index.php\/wp-json\/wp\/v2\/media\/105548"}],"wp:attachment":[{"href":"https:\/\/soydeaqui.ddns.net\/pachuca\/index.php\/wp-json\/wp\/v2\/media?parent=105549"}],"wp:term":[{"taxonomy":"product_brand","embeddable":true,"href":"https:\/\/soydeaqui.ddns.net\/pachuca\/index.php\/wp-json\/wp\/v2\/product_brand?post=105549"},{"taxonomy":"product_cat","embeddable":true,"href":"https:\/\/soydeaqui.ddns.net\/pachuca\/index.php\/wp-json\/wp\/v2\/product_cat?post=105549"},{"taxonomy":"product_tag","embeddable":true,"href":"https:\/\/soydeaqui.ddns.net\/pachuca\/index.php\/wp-json\/wp\/v2\/product_tag?post=105549"}],"curies":[{"name":"wp","href":"https:\/\/api.w.org\/{rel}","templated":true}]}}