{"id":105545,"date":"2026-03-20T15:29:47","date_gmt":"2026-03-20T15:29:47","guid":{"rendered":"https:\/\/soydeaqui.ddns.net\/pachuca\/index.php\/producto\/monitor-led-4k-de-50-entrada-hdmi-vga-compatible-con-montaje-vesa-200-x-200-bocinas-integradas-uso-24-7\/"},"modified":"2026-03-20T15:29:56","modified_gmt":"2026-03-20T15:29:56","slug":"monitor-led-4k-de-50-entrada-hdmi-vga-compatible-con-montaje-vesa-200-x-200-bocinas-integradas-uso-24-7","status":"publish","type":"product","link":"https:\/\/soydeaqui.ddns.net\/pachuca\/index.php\/producto\/monitor-led-4k-de-50-entrada-hdmi-vga-compatible-con-montaje-vesa-200-x-200-bocinas-integradas-uso-24-7\/","title":{"rendered":"Monitor LED 4K de 50&#8243; \/ Entrada HDMI-VGA \/ Compatible con Montaje VESA (200 X 200) \/ Bocinas Integradas \/ Uso 24\/7"},"content":{"rendered":"<div style='width: 100%; max-width: 1200px; margin: 0 auto; font-family: sans-serif; line-height: 1.6; color: inherit; background-color: transparent;'> <!-- Imagen principal --> <\/p>\n<div style='text-align: center; margin-bottom: 30px;'> <img style='width: 100%; max-width: 600px; height: auto; border: 1px solid rgba(150&comma;150&comma;150&comma;0.3); border-radius: 8px;' src='https:\/\/ftp3.syscom.mx\/usuarios\/nortega\/hikvision\/HPD.png' alt=''> <\/div>\n<p> <!-- Secciones principales --> <\/p>\n<div style='display: flex; flex-wrap: wrap; gap: 30px; margin-bottom: 30px;'> <!-- Caracter\u00edsticas principales --> <\/p>\n<div style='flex: 1 1 300px; min-width: 280px;'>\n<h3 style='font-size: 22px; border-bottom: 2px solid currentColor; padding-bottom: 5px; margin-top: 0; color: inherit; opacity: 0.8;'>Caracter\u00edsticas principales<\/h3>\n<ul style='padding-left: 20px; font-size: 15px; color: inherit;'>\n<li style='margin-bottom: 5px;'>Monitor 50&#8242; 4K (3840 x 2160)<\/li>\n<li style='margin-bottom: 5px;'>Entrada de v\u00eddeo en HDMI (x2) y VGA<\/li>\n<ul style='padding-left: 25px; margin-top: 5px; margin-bottom: 10px; color: inherit;'>\n<li style='margin-bottom: 5px;'>Incluye cable HDMI<\/li>\n<\/ul>\n<li style='margin-bottom: 5px;'>Entrada USB<\/li>\n<li style='margin-bottom: 5px;'>Compatible con montajes VESA (DS-DM4255W)<\/li>\n<\/ul><\/div>\n<p> <!-- Caracter\u00edsticas F\u00edsicas y El\u00e9ctricas --> <\/p>\n<div style='flex: 1 1 300px; min-width: 280px;'>\n<h3 style='font-size: 22px; border-bottom: 2px solid currentColor; padding-bottom: 5px; margin-top: 0; color: inherit; opacity: 0.8;'>Caracter\u00edsticas F\u00edsicas y El\u00e9ctricas<\/h3>\n<ul style='padding-left: 20px; font-size: 15px; color: inherit;'>\n<li style='margin-bottom: 5px;'>Alimentaci\u00f3n \/ Consumo: 100 a 240 VCA \/ 117 Watts<\/li>\n<li style='margin-bottom: 5px;'>Color negro<\/li>\n<li style='margin-bottom: 5px;'>Dimensiones con soportes de mesa: 1116.32 x 710.53 x 247.88 mm<\/li>\n<li style='margin-bottom: 5px;'>Dimensiones sin soportes de mesa: 1116.32 x 648 x 87.2 mm<\/li>\n<li style='margin-bottom: 5px;'>Peso: 13.5 Kg<\/li>\n<\/ul><\/div>\n<p> <!-- Caracter\u00edsticas Destacadas --> <\/p>\n<div style='flex: 1 1 300px; min-width: 280px;'>\n<h3 style='font-size: 22px; border-bottom: 2px solid currentColor; padding-bottom: 5px; margin-top: 0; color: inherit; opacity: 0.8;'>Caracter\u00edsticas Destacadas<\/h3>\n<ul style='padding-left: 20px; font-size: 15px; color: inherit;'>\n<li style='margin-bottom: 5px;'>Componentes de alta confiabilidad y estabilidad<\/li>\n<li style='margin-bottom: 5px;'>Aspecto est\u00e9tico&comma; bisel ultra estrecho<\/li>\n<li style='margin-bottom: 5px;'>La resoluci\u00f3n 4K es 4 veces 1080P puede tener una vista m\u00e1s amplia y detalles m\u00e1s abundantes<\/li>\n<li style='margin-bottom: 5px;'>Altavoz incorporado<\/li>\n<li style='margin-bottom: 5px;'>Incluye control remoto<\/li>\n<li style='margin-bottom: 5px;'>Incluye cable HDMI<\/li>\n<li style='margin-bottom: 5px; font-weight: bold;'>Incluye bases para escritorio<\/li>\n<li style='margin-bottom: 5px; font-weight: bold;'>Reproduce contenido directo de USB<\/li>\n<\/ul><\/div>\n<\/p><\/div>\n<p> <!-- Im\u00e1genes adicionales --> <\/p>\n<div style='display: flex; flex-wrap: wrap; gap: 15px; margin-top: 30px;'>\n<div style='flex: 1 1 300px; min-width: 280px;'> <img style='width: 100%; height: auto; border: 1px solid rgba(150&comma;150&comma;150&comma;0.3); border-radius: 8px;' src='https:\/\/ftp3.syscom.mx\/usuarios\/nortega\/hikvision\/monitores\/DSD5050UCC\/2.png' alt=''> <\/div>\n<div style='flex: 1 1 300px; min-width: 280px;'> <img style='width: 100%; height: auto; border: 1px solid rgba(150&comma;150&comma;150&comma;0.3); border-radius: 8px;' src='https:\/\/ftp3.syscom.mx\/usuarios\/nortega\/hikvision\/monitores\/DSD5050UCC\/1.png' alt=''> <\/div>\n<div style='flex: 1 1 300px; min-width: 280px;'> <img style='width: 100%; height: auto; border: 1px solid rgba(150&comma;150&comma;150&comma;0.3); border-radius: 8px;' src='https:\/\/ftp3.syscom.mx\/usuarios\/nortega\/hikvision\/imagenes\/HIKVISION-VW-DS.png' alt=''> <\/div>\n<\/p><\/div>\n<p> <!-- Separador final --> <\/p>\n<hr style='border: 0; border-top: 1px solid rgba(150&comma; 150&comma; 150&comma; 0.3); margin: 30px 0;'> <\/div>\n","protected":false},"excerpt":{"rendered":"<p>Monitor LED 4K de 50&#8243; \/ Entrada HDMI-VGA \/ Compatible con Montaje VESA (200 X 200) \/ Bocinas Integradas \/ Uso 24\/7<\/p>\n","protected":false},"featured_media":105544,"comment_status":"open","ping_status":"closed","template":"","meta":[],"product_brand":[],"product_cat":[2191],"product_tag":[54,2089,2192],"class_list":{"0":"post-105545","1":"product","2":"type-product","3":"status-publish","4":"has-post-thumbnail","6":"product_cat-pantallas-monitores-monitores-pantallas-y-mobiliario","7":"product_tag-hikvision","8":"product_tag-monitores-pantallas-y-mobiliario","9":"product_tag-pantallas-monitores-2","11":"first","12":"outofstock","13":"sale","14":"shipping-taxable","15":"purchasable","16":"product-type-simple"},"_links":{"self":[{"href":"https:\/\/soydeaqui.ddns.net\/pachuca\/index.php\/wp-json\/wp\/v2\/product\/105545","targetHints":{"allow":["GET"]}}],"collection":[{"href":"https:\/\/soydeaqui.ddns.net\/pachuca\/index.php\/wp-json\/wp\/v2\/product"}],"about":[{"href":"https:\/\/soydeaqui.ddns.net\/pachuca\/index.php\/wp-json\/wp\/v2\/types\/product"}],"replies":[{"embeddable":true,"href":"https:\/\/soydeaqui.ddns.net\/pachuca\/index.php\/wp-json\/wp\/v2\/comments?post=105545"}],"wp:featuredmedia":[{"embeddable":true,"href":"https:\/\/soydeaqui.ddns.net\/pachuca\/index.php\/wp-json\/wp\/v2\/media\/105544"}],"wp:attachment":[{"href":"https:\/\/soydeaqui.ddns.net\/pachuca\/index.php\/wp-json\/wp\/v2\/media?parent=105545"}],"wp:term":[{"taxonomy":"product_brand","embeddable":true,"href":"https:\/\/soydeaqui.ddns.net\/pachuca\/index.php\/wp-json\/wp\/v2\/product_brand?post=105545"},{"taxonomy":"product_cat","embeddable":true,"href":"https:\/\/soydeaqui.ddns.net\/pachuca\/index.php\/wp-json\/wp\/v2\/product_cat?post=105545"},{"taxonomy":"product_tag","embeddable":true,"href":"https:\/\/soydeaqui.ddns.net\/pachuca\/index.php\/wp-json\/wp\/v2\/product_tag?post=105545"}],"curies":[{"name":"wp","href":"https:\/\/api.w.org\/{rel}","templated":true}]}}