{"id":105532,"date":"2026-03-20T15:29:12","date_gmt":"2026-03-20T15:29:12","guid":{"rendered":"https:\/\/soydeaqui.ddns.net\/pachuca\/index.php\/producto\/bala-ip-4-megapixel-lente-mot-8-a-32-mm-wdr-140-db-anticorrosion-darkfighter-ip67-ik10-100-mts-ir-exir-deteccion-facial-busqueda-por-atributos-proteccion-perimetral-micro-sd\/"},"modified":"2026-03-20T15:29:14","modified_gmt":"2026-03-20T15:29:14","slug":"bala-ip-4-megapixel-lente-mot-8-a-32-mm-wdr-140-db-anticorrosion-darkfighter-ip67-ik10-100-mts-ir-exir-deteccion-facial-busqueda-por-atributos-proteccion-perimetral-micro-sd","status":"publish","type":"product","link":"https:\/\/soydeaqui.ddns.net\/pachuca\/index.php\/producto\/bala-ip-4-megapixel-lente-mot-8-a-32-mm-wdr-140-db-anticorrosion-darkfighter-ip67-ik10-100-mts-ir-exir-deteccion-facial-busqueda-por-atributos-proteccion-perimetral-micro-sd\/","title":{"rendered":"Bala IP 4 Megapixel \/ Lente Mot. 8 a 32 mm \/ WDR 140 dB \/ Anticorrosi\u00f3n \/ DARKFIGHTER \/ IP67 \/ IK10 \/ 100 mts IR EXIR \/ Detecci\u00f3n Facial \/ B\u00fasqueda por Atributos \/ Protecci\u00f3n Perimetral \/ Micro SD"},"content":{"rendered":"<div style='width: 100%; max-width: 1200px; margin: 0 auto; font-family: sans-serif; line-height: 1.6; color: inherit; background-color: transparent;'>\n<div style='display: flex; flex-wrap: wrap; gap: 30px; margin-bottom: 30px;'>\n<div style='flex: 1 1 300px; min-width: 280px;'>\n<h3 style='font-size: 22px; border-bottom: 2px solid currentColor; padding-bottom: 5px; margin-top: 0; color: inherit; opacity: 0.8;'>Caracter\u00edsticas principales<\/h3>\n<ul style='padding-left: 20px; font-size: 15px; color: inherit;'>\n<li style='margin-bottom: 5px;'><strong>Compresi\u00f3n de video:<\/strong> H.265+ \/ H.265 \/ H.264+ \/ H.264<\/li>\n<li style='margin-bottom: 5px;'><strong>Lente Motorizado:<\/strong> 8 a 32 mm<\/li>\n<li style='margin-bottom: 5px;'><strong>Velocidad del shutter:<\/strong> 1 s a 100.000 s&comma; soporta Slow Shutter<\/li>\n<li style='margin-bottom: 5px;'><strong>Iluminaci\u00f3n m\u00ednima DARKFIGHTER:<\/strong> 0.001 Lux @(F1.2&comma;AGC ON)<\/li>\n<li style='margin-bottom: 5px;'><strong>Distancia de IR:<\/strong> 100 mts IR EXIR<\/li>\n<li style='margin-bottom: 5px;'><strong>Puerto de red:<\/strong> 10 \/ 100 \/ 1000 Mbps<\/li>\n<li style='margin-bottom: 5px;'><strong>Soporte micro SD:<\/strong> Hasta 1 TB (no incluida)<\/li>\n<li style='margin-bottom: 5px;'><strong>Resoluci\u00f3n m\u00e1xima:<\/strong> 60Hz: 30fps (2560 \u00d7 1440&comma; 1920 \u00d7 1080&comma; 1280 \u00d7 720)<\/li>\n<li style='margin-bottom: 5px;'><strong>Funciones:<\/strong> WDR real 140 dB \/ BLC \/ HLC \/ 3D DNR \/ Defog \/ EIS<\/li>\n<li style='margin-bottom: 5px;'><strong>Protocolos:<\/strong> ONVIF (PROFILE S&comma; PROFILE G&comma; PROFILE T) \/ ISAPI \/ SDK \/ ISUP<\/li>\n<\/ul><\/div>\n<div style='flex: 1 1 300px; min-width: 280px;'>\n<h3 style='font-size: 22px; border-bottom: 2px solid currentColor; padding-bottom: 5px; margin-top: 0; color: inherit; opacity: 0.8;'>Caracter\u00edsticas F\u00edsicas y El\u00e9ctricas<\/h3>\n<ul style='padding-left: 20px; font-size: 15px; color: inherit;'>\n<li style='margin-bottom: 5px;'><strong>Dimensiones:<\/strong> 144 \u00d7 347 mm<\/li>\n<li style='margin-bottom: 5px;'><strong>Consumo \/ alimentaci\u00f3n:<\/strong> 12 Vcc \/ PoE (802.3 at) \/ 18 Watts<\/li>\n<li style='margin-bottom: 5px;'><strong>Protecci\u00f3n:<\/strong> IP67 (Interior \/ Exterior)<\/li>\n<li style='margin-bottom: 5px;'><strong>Antivand\u00e1lico:<\/strong> IK10<\/li>\n<li style='margin-bottom: 5px;'><strong>Peso:<\/strong> 1920 gramos<\/li>\n<\/ul>\n<h3 style='font-size: 22px; border-bottom: 2px solid currentColor; padding-bottom: 5px; margin-top: 20px; margin-bottom: 15px; color: inherit; opacity: 0.8;'>Accesorios<\/h3>\n<ul style='padding-left: 20px; font-size: 15px; color: inherit;'>\n<li style='margin-bottom: 5px;'><strong>Montaje Vertical para Poste \/ Material de Acero Inoxidable:<\/strong> <a href='https:\/\/www.syscom.mx\/producto\/DS-1475ZJ-Y-HIKVISION-167603.html' target='_blank' rel='noopener' style='color: inherit; text-decoration: underline;'>DS-1475ZJ-Y<\/a><\/li>\n<li style='margin-bottom: 5px;'><strong>Montaje de Esquina en Pared \/ Material de Acero Inoxidable:<\/strong> <a href='https:\/\/www.syscom.mx\/producto\/DS-1476ZJ-Y-HIKVISION-167604.html' target='_blank' rel='noopener' style='color: inherit; text-decoration: underline;'>DS-1476ZJ-Y<\/a><\/li>\n<\/ul><\/div>\n<div style='flex: 1 1 300px; min-width: 280px;'>\n<h3 style='font-size: 22px; border-bottom: 2px solid currentColor; padding-bottom: 5px; margin-top: 0; color: inherit; opacity: 0.8;'>Caracter\u00edsticas Destacadas<\/h3>\n<ul style='padding-left: 20px; font-size: 15px; color: inherit;'>\n<li style='margin-bottom: 5px;'>Face Counting (Conteo por rostro)&comma; permite contar las personas que ingresan y\/o salen de un \u00e1rea<\/li>\n<li style='margin-bottom: 5px;'>Soporta 3 librer\u00edas con 30&comma;000 fotos<\/li>\n<li style='margin-bottom: 5px;'>Almacena hasta por 24 horas el rostro de una persona no registra para en caso de que vuelva a ingresar contarlo como duplicado<\/li>\n<\/ul><\/div>\n<\/p><\/div>\n<hr style='border: 0; border-top: 1px solid rgba(150&comma; 150&comma; 150&comma; 0.3); margin: 30px 0;'>\n<div style='text-align: center; margin-bottom: 30px;'>\n<h2 style='font-size: 24px; margin: 0; color: inherit;'>\u00bfQU\u00c9 ES DEEPINVIEW?<\/h2>\n<\/p><\/div>\n<div style='display: flex; flex-wrap: wrap; gap: 30px; margin-bottom: 30px;'>\n<div style='flex: 1 1 300px; min-width: 280px;'> <img style='width: 100%; height: auto; border: 1px solid rgba(150&comma;150&comma;150&comma;0.3); border-radius: 8px;' src='https:\/\/ftp3.syscom.mx\/usuarios\/jsosa\/HIKVISION\/videos\/ids\/facial recognition.gif' alt='Reconocimiento Facial'> <\/div>\n<div style='flex: 1 1 300px; min-width: 280px;'>\n<h3 style='font-size: 22px; margin-top: 0; color: inherit;'>RECONOCIMIENTO DE ROSTROS<\/h3>\n<ul style='padding-left: 20px; font-size: 15px; color: inherit;'>\n<li style='margin-bottom: 5px;'>Las c\u00e1maras de reconocimiento facial Hikvision admiten la detecci\u00f3n&comma; captura&comma; reconocimiento y an\u00e1lisis de caracter\u00edsticas de rostros humanos al mismo tiempo<\/li>\n<li style='margin-bottom: 5px;'>Lista de alarmas en funci\u00f3n del resultado de la comparaci\u00f3n<\/li>\n<li style='margin-bottom: 5px;'>3 bibliotecas de caras con 90&comma;000 caras en total<\/li>\n<\/ul>\n<h3 style='font-size: 20px; margin-top: 20px; margin-bottom: 10px; color: inherit;'>Aplicaciones:<\/h3>\n<ul style='padding-left: 20px; font-size: 15px; color: inherit;'>\n<li style='margin-bottom: 5px;'>Hoteles&comma; tiendas&comma; etc.<\/li>\n<li style='margin-bottom: 5px;'>Mejorar la calidad del servicio a trav\u00e9s del reconocimiento VIP del cliente<\/li>\n<li style='margin-bottom: 5px;'>Bancos&comma; parques industriales&comma; escuelas&comma; ciudad segura&comma; etc.<\/li>\n<li style='margin-bottom: 5px;'>Mejora la seguridad de las \u00e1reas p\u00fablicas a trav\u00e9s de la lista de alarmas<\/li>\n<\/ul><\/div>\n<\/p><\/div>\n<div style='display: flex; flex-wrap: wrap; gap: 30px; margin-bottom: 30px;'>\n<div style='flex: 1 1 300px; min-width: 280px;'>\n<h3 style='font-size: 22px; margin-top: 0; color: inherit;'>CONTEO POR ROSTRO<\/h3>\n<ul style='padding-left: 20px; font-size: 15px; color: inherit;'>\n<li style='margin-bottom: 5px;'>Contando el n\u00famero de personas que entran y salen<\/li>\n<li style='margin-bottom: 5px;'>La repetici\u00f3n se agregar\u00e1 si la persona que ingresa es un empleado o un cliente habitual (las bibliotecas de im\u00e1genes de la cara del empleado y el tiempo de duplicaci\u00f3n deben establecerse)<\/li>\n<li style='margin-bottom: 5px;'>El tiempo m\u00e1ximo de duplicaci\u00f3n de conteo de personas se puede establecer de 0s a 23h59min59s. (Para clientes habituales)<\/li>\n<\/ul><\/div>\n<div style='flex: 1 1 300px; min-width: 280px;'> <img style='width: 100%; height: auto; border: 1px solid rgba(150&comma;150&comma;150&comma;0.3); border-radius: 8px;' src='https:\/\/ftp3.syscom.mx\/usuarios\/jsosa\/HIKVISION\/videos\/ids\/04.gif' alt='Conteo por Rostro'> <\/div>\n<\/p><\/div>\n<div style='display: flex; flex-wrap: wrap; gap: 30px; margin-bottom: 30px;'>\n<div style='flex: 1 1 300px; min-width: 280px;'> <img style='width: 100%; height: auto; border: 1px solid rgba(150&comma;150&comma;150&comma;0.3); border-radius: 8px;' src='https:\/\/ftp3.syscom.mx\/usuarios\/jsosa\/HIKVISION\/imagenes\/ids2cd\/camara ids 5.png' alt='An\u00e1lisis Vehicular'> <\/div>\n<div style='flex: 1 1 300px; min-width: 280px;'>\n<h3 style='font-size: 22px; margin-top: 0; color: inherit;'>AN\u00c1LISIS VEHICULAR<\/h3>\n<ul style='padding-left: 20px; font-size: 15px; color: inherit;'>\n<li style='margin-bottom: 5px;'>Modo Dual: Para capturar y reconocer matr\u00edculas con precisi\u00f3n en diferentes escenas<\/li>\n<li style='margin-bottom: 5px;'>Alto rendimiento: Para reducir la tasa de falta efectivamente<\/li>\n<li style='margin-bottom: 5px;'>An\u00e1lisis de atributos del veh\u00edculo: Para apoyar el an\u00e1lisis de veh\u00edculos en el punto de control de calles de la ciudad<\/li>\n<\/ul><\/div>\n<\/p><\/div>\n<div style='display: flex; flex-wrap: wrap; gap: 30px; margin-bottom: 30px;'>\n<div style='flex: 1 1 300px; min-width: 280px;'>\n<h3 style='font-size: 22px; margin-top: 0; color: inherit;'>DARKFIGHTER<\/h3>\n<ul style='padding-left: 20px; font-size: 15px; color: inherit;'>\n<li style='margin-bottom: 5px;'>Imagen a color con muy poca iluminaci\u00f3n<\/li>\n<li style='margin-bottom: 5px;'>Con la iluminaci\u00f3n natural o con el poco almbrado p\u00fablico logra mostrar mayor detalle en la imagen<\/li>\n<\/ul><\/div>\n<div style='flex: 1 1 300px; min-width: 280px;'> <img style='width: 100%; height: auto; border: 1px solid rgba(150&comma;150&comma;150&comma;0.3); border-radius: 8px;' src='https:\/\/ftp3.syscom.mx\/usuarios\/jsosa\/HIKVISION\/videos\/ids\/4 MP DarkFighter Performance Test.gif' alt='DarkFighter'> <\/div>\n<\/p><\/div>\n<div style='display: flex; flex-wrap: wrap; gap: 30px; margin-bottom: 30px;'>\n<div style='flex: 1 1 300px; min-width: 280px;'> <img style='width: 100%; height: auto; border: 1px solid rgba(150&comma;150&comma;150&comma;0.3); border-radius: 8px;' src='https:\/\/ftp3.syscom.mx\/usuarios\/jsosa\/HIKVISION\/videos\/ids\/2MP LightFighter.gif' alt='LightFighter'> <\/div>\n<div style='flex: 1 1 300px; min-width: 280px;'>\n<h3 style='font-size: 22px; margin-top: 0; color: inherit;'>LIGHTFIGHTER<\/h3>\n<ul style='padding-left: 20px; font-size: 15px; color: inherit;'>\n<li style='margin-bottom: 5px;'>Evita la saturaci\u00f3n de la luz que no permite la visualizaci\u00f3n de detalles<\/li>\n<li style='margin-bottom: 5px;'>Permite visualizar correctamente el pimer y segundo plano de la imagen<\/li>\n<\/ul><\/div>\n<\/p><\/div>\n<p> <img style='width: 100%; height: auto; border: 1px solid rgba(150&comma;150&comma;150&comma;0.3); border-radius: 8px; margin-bottom: 30px;' src='http:\/\/ftp3.syscom.mx\/usuarios\/jdelafuente\/HIKVISION\/hikvision logo complete.png' alt='Logo Hikvision'> <\/div>\n","protected":false},"excerpt":{"rendered":"<p>Bala IP 4 Megapixel \/ Lente Mot. 8 a 32 mm \/ WDR 140 dB \/ Anticorrosi\u00f3n \/ DARKFIGHTER \/ IP67 \/ IK10 \/ 100 mts IR EXIR \/ Detecci\u00f3n Facial \/ B\u00fasqueda por Atributos \/ Protecci\u00f3n Perimetral \/ Micro SD<\/p>\n","protected":false},"featured_media":105531,"comment_status":"open","ping_status":"closed","template":"","meta":[],"product_brand":[],"product_cat":[438],"product_tag":[439,122,54],"class_list":{"0":"post-105532","1":"product","2":"type-product","3":"status-publish","4":"has-post-thumbnail","6":"product_cat-bala","7":"product_tag-bala","8":"product_tag-camaras-ip-y-nvrs","9":"product_tag-hikvision","11":"first","12":"outofstock","13":"sale","14":"shipping-taxable","15":"purchasable","16":"product-type-simple"},"_links":{"self":[{"href":"https:\/\/soydeaqui.ddns.net\/pachuca\/index.php\/wp-json\/wp\/v2\/product\/105532","targetHints":{"allow":["GET"]}}],"collection":[{"href":"https:\/\/soydeaqui.ddns.net\/pachuca\/index.php\/wp-json\/wp\/v2\/product"}],"about":[{"href":"https:\/\/soydeaqui.ddns.net\/pachuca\/index.php\/wp-json\/wp\/v2\/types\/product"}],"replies":[{"embeddable":true,"href":"https:\/\/soydeaqui.ddns.net\/pachuca\/index.php\/wp-json\/wp\/v2\/comments?post=105532"}],"wp:featuredmedia":[{"embeddable":true,"href":"https:\/\/soydeaqui.ddns.net\/pachuca\/index.php\/wp-json\/wp\/v2\/media\/105531"}],"wp:attachment":[{"href":"https:\/\/soydeaqui.ddns.net\/pachuca\/index.php\/wp-json\/wp\/v2\/media?parent=105532"}],"wp:term":[{"taxonomy":"product_brand","embeddable":true,"href":"https:\/\/soydeaqui.ddns.net\/pachuca\/index.php\/wp-json\/wp\/v2\/product_brand?post=105532"},{"taxonomy":"product_cat","embeddable":true,"href":"https:\/\/soydeaqui.ddns.net\/pachuca\/index.php\/wp-json\/wp\/v2\/product_cat?post=105532"},{"taxonomy":"product_tag","embeddable":true,"href":"https:\/\/soydeaqui.ddns.net\/pachuca\/index.php\/wp-json\/wp\/v2\/product_tag?post=105532"}],"curies":[{"name":"wp","href":"https:\/\/api.w.org\/{rel}","templated":true}]}}