{"id":105523,"date":"2026-03-20T15:28:41","date_gmt":"2026-03-20T15:28:41","guid":{"rendered":"https:\/\/soydeaqui.ddns.net\/pachuca\/index.php\/producto\/kit-extensor-inalambrico-de-hdmi-cero-cables-soporta-4k-a-30-metros-de-distancia-cero-latencia-60-g-libre-de-interferencias-y-seguridad-estable-multiples-usos\/"},"modified":"2026-03-20T15:29:05","modified_gmt":"2026-03-20T15:29:05","slug":"kit-extensor-inalambrico-de-hdmi-cero-cables-soporta-4k-a-30-metros-de-distancia-cero-latencia-60-g-libre-de-interferencias-y-seguridad-estable-multiples-usos","status":"publish","type":"product","link":"https:\/\/soydeaqui.ddns.net\/pachuca\/index.php\/producto\/kit-extensor-inalambrico-de-hdmi-cero-cables-soporta-4k-a-30-metros-de-distancia-cero-latencia-60-g-libre-de-interferencias-y-seguridad-estable-multiples-usos\/","title":{"rendered":"Kit Extensor Inalambrico de HDMI (Cero Cables) \/ Soporta 4K a 30 Metros de Distancia \/ Cero Latencia \/ 60 G \/ Libre de Interferencias y Seguridad Estable \/ Multiples Usos"},"content":{"rendered":"<div style='width: 100%; max-width: 1200px; margin: 0 auto; font-family: sans-serif; line-height: 1.6; color: inherit; background-color: transparent;'>\n<div style='width: 100%; text-align: center; margin-bottom: 30px;'>\n<h1 style='font-size: 28px; color: inherit; margin: 0 0 10px 0;'><strong>TT-688-L<\/strong><\/h1>\n<h3 style='font-size: 18px; color: inherit; margin: 0 0 20px 0;'>Kit EXTENSOR INAL\u00c1MBRICO HDMI 4K a 30 metros&comma; CERO LATENCIA&comma; 60G&comma; libre de interferencias y seguridad estable<\/h3>\n<p style='font-size: 15px; color: inherit; margin: 0 70px; text-align: center;'>El TT688-L resuelve principalmente los problemas de cableado complicado y distancia de extensi\u00f3n limitada&comma; cumple con los requisitos de presentaci\u00f3n de ultra alta definici\u00f3n y mejora la eficiencia del trabajo&comma; funciona a una frecuencia de 60 GHz&comma; por lo que la transmisi\u00f3n de la se\u00f1al se produce pr\u00e1cticamente sin demora con una resoluci\u00f3n de video m\u00e1xima de 4K. Tambi\u00e9n puede instalar un segundo transmisor y usar el bot\u00f3n de interruptor en el receptor para seleccionar el video del primer o segundo transmisor (Tx no disponible por el momento para su venta individual)&#8230;.<\/p>\n<\/p><\/div>\n<div style='display: flex; flex-wrap: wrap; gap: 30px; margin-bottom: 30px;'>\n<div style='flex: 1 1 300px; min-width: 280px;'>\n<div style='width: 100%; border: 1px solid rgba(150&comma; 150&comma; 150&comma; 0.3); border-radius: 8px; overflow: hidden;'>\n<div style='background-color: rgba(200&comma; 200&comma; 200&comma; 0.2); padding: 15px; border-bottom: 1px solid rgba(150&comma; 150&comma; 150&comma; 0.3);'> <img style='width: 100%; height: auto; border: none; border-radius: 0;' src='http:\/\/ftp3.syscom.mx\/usuarios\/hallende\/EPCOM%20Titanium\/TT-688L\/TT688L-1.png' alt=''> <\/div>\n<div style='padding: 20px; background-color: rgba(240&comma; 240&comma; 240&comma; 0.1);'>\n<h3 style='font-size: 20px; border-bottom: 2px solid currentColor; padding-bottom: 5px; margin-top: 0; margin-bottom: 15px; color: inherit; opacity: 0.8;'>Caracter\u00edsticas Principales:<\/h3>\n<ul style='padding-left: 20px; font-size: 15px; color: inherit;'>\n<li style='margin-bottom: 8px;'><strong>Extiende la se\u00f1al HDMI de forma inal\u00e1mbrica hasta 30m.<\/strong><\/li>\n<li style='margin-bottom: 8px;'><strong>Soporta resoluciones de hasta 4KX2K @ 30Hz.<\/strong><\/li>\n<li style='margin-bottom: 8px;'>Tecnolog\u00eda de transmisi\u00f3n inal\u00e1mbrica 60G integrada.<\/li>\n<li style='margin-bottom: 8px;'>Cero latencia<\/li>\n<li style='margin-bottom: 8px;'>Antiinterferencia y seguridad estables<\/li>\n<li style='margin-bottom: 8px;'>Plug and play sin software y sin necesidad de instalaci\u00f3n.<\/li>\n<\/ul><\/div>\n<\/p><\/div>\n<\/p><\/div>\n<div style='flex: 1 1 300px; min-width: 280px;'>\n<div style='width: 100%; border: 1px solid rgba(150&comma; 150&comma; 150&comma; 0.3); border-radius: 8px; overflow: hidden;'>\n<div style='background-color: rgba(200&comma; 200&comma; 200&comma; 0.2); padding: 15px; border-bottom: 1px solid rgba(150&comma; 150&comma; 150&comma; 0.3);'> <img style='width: 100%; height: auto; border: none; border-radius: 0;' src='http:\/\/ftp3.syscom.mx\/usuarios\/hallende\/EPCOM%20Titanium\/TT-688L\/TT688L-2.png' alt=''> <\/div>\n<div style='padding: 20px; background-color: rgba(240&comma; 240&comma; 240&comma; 0.1);'>\n<h3 style='font-size: 20px; border-bottom: 2px solid currentColor; padding-bottom: 5px; margin-top: 0; margin-bottom: 15px; color: inherit; opacity: 0.8;'>Caracter\u00edsticas F\u00edsicas y El\u00e9ctricas:<\/h3>\n<ul style='padding-left: 20px; font-size: 15px; color: inherit;'>\n<li style='margin-bottom: 8px;'><strong>Alimentaci\u00f3n incluida de 5 Vcc&comma; 1 A<\/strong><\/li>\n<li style='margin-bottom: 8px;'>Soporta alimentaci\u00f3n a trav\u00e9s de USB 5V\/1A (No incluida)<\/li>\n<li style='margin-bottom: 8px;'>Potencia de consumo: &lt;2.5W TX&comma; &lt;2.5W RX<\/li>\n<li style='margin-bottom: 8px;'>Dimensiones Tx;RX 78.9 L x 45.7 W x 54.0 mm H<\/li>\n<li style='margin-bottom: 8px;'>Peso neto Tx;RX 120g<\/li>\n<li style='margin-bottom: 8px;'>Temperatura de operaci\u00f3n: 0~60\u00b0C.<\/li>\n<li style='margin-bottom: 8px;'>Humedad Relativa: 0~95% (sin condensaci\u00f3n).<\/li>\n<li style='margin-bottom: 8px;'><strong>Garant\u00eda contra defecto de f\u00e1brica de 1 a\u00f1o<\/strong><\/li>\n<\/ul><\/div>\n<\/p><\/div>\n<\/p><\/div>\n<div style='flex: 1 1 300px; min-width: 280px;'>\n<div style='width: 100%; border: 1px solid rgba(150&comma; 150&comma; 150&comma; 0.3); border-radius: 8px; overflow: hidden;'>\n<div style='background-color: rgba(200&comma; 200&comma; 200&comma; 0.2); padding: 15px; border-bottom: 1px solid rgba(150&comma; 150&comma; 150&comma; 0.3);'> <img style='width: 100%; height: auto; border: none; border-radius: 0;' src='http:\/\/ftp3.syscom.mx\/usuarios\/hallende\/EPCOM%20Titanium\/TT-688L\/TT688L-3.png' alt=''> <\/div>\n<div style='padding: 20px; background-color: rgba(240&comma; 240&comma; 240&comma; 0.1);'>\n<h3 style='font-size: 20px; border-bottom: 2px solid currentColor; padding-bottom: 5px; margin-top: 0; margin-bottom: 15px; color: inherit; opacity: 0.8;'>Caracter\u00edsticas Destacadas:<\/h3>\n<ul style='padding-left: 20px; font-size: 15px; color: inherit;'>\n<li style='margin-bottom: 8px;'><strong>Compatibilidad con el formato de audio LPCM 7.1CH&comma; Dolby TrueHD y DTS-HD.<\/strong><\/li>\n<li style='margin-bottom: 8px;'>Compatible con HDMI 1.4\/2.0<\/li>\n<li style='margin-bottom: 8px;'>Compatible con HDCP 1.4\/2.2<\/li>\n<li style='margin-bottom: 8px;'>Entrada HDMI compatible con HDMI2.0 y HDMI 2.2<\/li>\n<li style='margin-bottom: 8px;'>Tasa de transferencia 10.2G<\/li>\n<li style='margin-bottom: 8px;'>Soporta 3D<\/li>\n<li style='margin-bottom: 8px;'>Cuerpo de metal estable y duradero.<\/li>\n<\/ul><\/div>\n<\/p><\/div>\n<\/p><\/div>\n<\/p><\/div>\n<div style='width: 100%; margin: 30px 0;'> <img style='width: 100%; height: auto; border: 1px solid rgba(150&comma;150&comma;150&comma;0.3); border-radius: 8px;' src='http:\/\/ftp3.syscom.mx\/usuarios\/hallende\/EPCOM%20Titanium\/TT-688L\/TT688L%20Esp..jpg' alt=''> <\/div>\n<div style='position: relative; padding-bottom: 56.25%; height: 0; overflow: hidden; margin-bottom: 30px;'>   <\/div>\n<\/p><\/div>\n","protected":false},"excerpt":{"rendered":"<p>Kit Extensor Inalambrico de HDMI (Cero Cables) \/ Soporta 4K a 30 Metros de Distancia \/ Cero Latencia \/ 60 G \/ Libre de Interferencias y Seguridad Estable \/ Multiples Usos<\/p>\n","protected":false},"featured_media":105522,"comment_status":"open","ping_status":"closed","template":"","meta":[],"product_brand":[],"product_cat":[2073,2074,2077,2075,2072,2076],"product_tag":[417,2079,2080,2083,507,2081,2078,2082],"class_list":{"0":"post-105523","1":"product","2":"type-product","3":"status-publish","4":"has-post-thumbnail","6":"product_cat-convertidores","7":"product_cat-divisores","8":"product_cat-dvi","9":"product_cat-hdmi","10":"product_cat-kits-extensores","11":"product_cat-vga","12":"product_tag-accesorios-generales","13":"product_tag-convertidores","14":"product_tag-divisores","15":"product_tag-dvi","16":"product_tag-epcom-titanium","17":"product_tag-hdmi","18":"product_tag-kits-extensores","19":"product_tag-vga","21":"first","22":"outofstock","23":"sale","24":"shipping-taxable","25":"purchasable","26":"product-type-simple"},"_links":{"self":[{"href":"https:\/\/soydeaqui.ddns.net\/pachuca\/index.php\/wp-json\/wp\/v2\/product\/105523","targetHints":{"allow":["GET"]}}],"collection":[{"href":"https:\/\/soydeaqui.ddns.net\/pachuca\/index.php\/wp-json\/wp\/v2\/product"}],"about":[{"href":"https:\/\/soydeaqui.ddns.net\/pachuca\/index.php\/wp-json\/wp\/v2\/types\/product"}],"replies":[{"embeddable":true,"href":"https:\/\/soydeaqui.ddns.net\/pachuca\/index.php\/wp-json\/wp\/v2\/comments?post=105523"}],"wp:featuredmedia":[{"embeddable":true,"href":"https:\/\/soydeaqui.ddns.net\/pachuca\/index.php\/wp-json\/wp\/v2\/media\/105522"}],"wp:attachment":[{"href":"https:\/\/soydeaqui.ddns.net\/pachuca\/index.php\/wp-json\/wp\/v2\/media?parent=105523"}],"wp:term":[{"taxonomy":"product_brand","embeddable":true,"href":"https:\/\/soydeaqui.ddns.net\/pachuca\/index.php\/wp-json\/wp\/v2\/product_brand?post=105523"},{"taxonomy":"product_cat","embeddable":true,"href":"https:\/\/soydeaqui.ddns.net\/pachuca\/index.php\/wp-json\/wp\/v2\/product_cat?post=105523"},{"taxonomy":"product_tag","embeddable":true,"href":"https:\/\/soydeaqui.ddns.net\/pachuca\/index.php\/wp-json\/wp\/v2\/product_tag?post=105523"}],"curies":[{"name":"wp","href":"https:\/\/api.w.org\/{rel}","templated":true}]}}